{"id":211,"date":"2022-07-04T11:30:26","date_gmt":"2022-07-04T10:30:26","guid":{"rendered":"http:\/\/dontacceptrape.com\/gratis-sexting-webbplatser-for-singlar\/"},"modified":"2022-07-04T11:30:26","modified_gmt":"2022-07-04T10:30:26","slug":"gratis-sexting-webbplatser-for-singlar","status":"publish","type":"page","link":"https:\/\/dontacceptrape.com\/sv\/gratis-sexting-webbplatser-for-singlar\/","title":{"rendered":"Gratis Sexting Webbplatser F\u00f6r Singlar"},"content":{"rendered":"<p>De b\u00e4sta gratis sexingsajterna \u00e4r h\u00e4r f\u00f6r att ge lite l\u00e4ttnad n\u00e4r du vill bli stygg med n\u00e5gon online som vill f\u00e5 det med din kropp. Dessa webbplatser och appar l\u00e5ter dig ha n\u00e5gra sexiga, sextchattar med andra som s\u00f6ker lite kul med dig. V\u00e5r topp 4-lista har allt f\u00f6r att hj\u00e4lpa dig att bli freaky med ord!<\/p>\n<h2>Vuxen v\u00e4n Finder<\/h2>\n<p>AFF designades f\u00f6r att vara en rolig plats att tr\u00e4ffa likasinnade <a href=\"https:\/\/dontacceptrape.com\/sv\/lokala-dejtingklubbar-for-vuxna\/\">vuxna som letar efter k\u00e4rlek<\/a>. Du kan ocks\u00e5 chatta med andra anv\u00e4ndare om allt under solen, inklusive politik, religion, sex, sport eller bara allm\u00e4nna livs\u00e4mnen. Om du \u00e4r intresserad av att tr\u00e4ffa n\u00e5gon speciell kan du ordna att g\u00e5 ut och fika eller dricka.<\/p>\n<h2>Jerkmate<\/h2>\n<p>Jerkmate \u00e4r en webbkamerasajt f\u00f6r vuxna som l\u00e5ter dig titta p\u00e5 erotiska videor med riktiga amat\u00f6rflickor och pojkar. Du kan ocks\u00e5 interagera med dem via textmeddelanden, ljudsamtal och videochatt. Om du vill se nakna kroppar \u00e4r det h\u00e4r platsen som s\u00f6ker \u00e4r att g\u00e5! a Det finns en webbplats som tusentals anslutningar av rika sexiga m\u00e4n modeller som letar fr\u00e5n f\u00f6r alla unga runt tjejer till v\u00e4rlden, hyra och dem d\u00e4r ute \u00e4r f\u00f6r n\u00e5got sex. f\u00f6r det \u00e4r alla. a Oavsett om mycket du popul\u00e4r f\u00f6redrar val solo bland visar de eller som hardcore vill ha action, att du g\u00e5r kommer bortom att hitta bara det avslappnade alla flings. r\u00e4tt Om h\u00e4r. du chattar inte \u00e4r i mycket s\u00e5 enkelt slag och snabbt. sak, Du d\u00e4r kan v\u00e4lja mycket att se andra profiler, alternativ skicka tillg\u00e4ngliga. meddelanden, Vissa och webbplatser fr\u00e5gar \u00e4r fr\u00e5gor gratis om medan allt annat relaterat kr\u00e4ver att registrera avgifterna.<\/p>\n<h2>Ashley Madison<\/h2>\n<p>Ashley Madison (AM) \u00e4r en av de b\u00e4sta gratis dejtingsapparna som finns tillg\u00e4ngliga online idag. Om du letar efter en diskret aff\u00e4r med en gift kvinna eller man \u00e4r AM f\u00f6rmodligen platsen f\u00f6r dig. Som en app utformad speciellt f\u00f6r att fuska makar erbjuder den m\u00e5nga f\u00f6rdelar j\u00e4mf\u00f6rt med sina konkurrenter. Till skillnad fr\u00e5n andra dejtingsappar kr\u00e4ver AM inte att anv\u00e4ndare delar personlig information, vilket g\u00f6r det till ett av de s\u00e4krare alternativen d\u00e4r ute. Du kan flirta med andra anv\u00e4ndare utan att dela din verkliga identitet och plats, samtidigt som du kan ansluta till andra via webbkamera. Det finns till och med ett avsnitt p\u00e5 webbplatsen som \u00e4r dedikerat till att hj\u00e4lpa dig att fuska s\u00e4kert.<\/p>\n<h2>S\u00f6ker<\/h2>\n<p>Seeking \u00e4r en dejtingsajt som till\u00e5ter anv\u00e4ndare att f\u00e5 kontakt med andra individer som letar efter diskreta relationer. Du kan v\u00e4lja om du vill skapa ett konto gratis, eller om du f\u00f6redrar att betala med kryptovaluta f\u00f6r att f\u00e5 tillg\u00e5ng till premiumfunktioner. Om du menar allvar med att hitta k\u00e4rlek online kan Seeking vara precis vad du beh\u00f6ver.<\/p>\n<h2>Ska du komma ig\u00e5ng med sexting?<\/h2>\n<p>Du beh\u00f6ver aldrig oroa dig f\u00f6r att din partner ska f\u00e5 reda p\u00e5 vad du g\u00f6r bakom st\u00e4ngda d\u00f6rrar. Din partner kommer att vara helt s\u00e4ker eftersom de kommer att bli nakna f\u00f6r dig i realtid, precis framf\u00f6r dina \u00f6gon! Du kommer ocks\u00e5 att kunna se allt din partner g\u00f6r med sin kropp, inklusive att leka med sina br\u00f6st, fingra sig sj\u00e4lva, onanera och till och med cumming.<\/p>\n","protected":false},"excerpt":{"rendered":"<p>De b\u00e4sta gratis sexingsajterna \u00e4r h\u00e4r f\u00f6r att ge lite l\u00e4ttnad n\u00e4r du vill bli stygg med n\u00e5gon online som vill f\u00e5 det med din kropp. Dessa webbplatser och appar l\u00e5ter dig ha n\u00e5gra sexiga, sextchattar med andra som s\u00f6ker&#8230;<\/p>\n","protected":false},"author":1,"featured_media":95,"parent":0,"menu_order":0,"comment_status":"closed","ping_status":"closed","template":"","meta":[],"yoast_head":"<!-- This site is optimized with the Yoast SEO plugin v19.2 - https:\/\/yoast.com\/wordpress\/plugins\/seo\/ -->\n<title>Gratis Sexting Webbplatser F\u00f6r Singlar - Acceptera inte<\/title>\n<meta name=\"robots\" content=\"index, follow, max-snippet:-1, max-image-preview:large, max-video-preview:-1\" \/>\n<link rel=\"canonical\" href=\"https:\/\/dontacceptrape.com\/sv\/gratis-sexting-webbplatser-for-singlar\/\" \/>\n<meta property=\"og:locale\" content=\"sv_SE\" \/>\n<meta property=\"og:type\" content=\"article\" \/>\n<meta property=\"og:title\" content=\"Gratis Sexting Webbplatser F\u00f6r Singlar - Acceptera inte\" \/>\n<meta property=\"og:description\" content=\"De b\u00e4sta gratis sexingsajterna \u00e4r h\u00e4r f\u00f6r att ge lite l\u00e4ttnad n\u00e4r du vill bli stygg med n\u00e5gon online som vill f\u00e5 det med din kropp. Dessa webbplatser och appar l\u00e5ter dig ha n\u00e5gra sexiga, sextchattar med andra som s\u00f6ker...\" \/>\n<meta property=\"og:url\" content=\"https:\/\/dontacceptrape.com\/sv\/gratis-sexting-webbplatser-for-singlar\/\" \/>\n<meta property=\"og:site_name\" content=\"Acceptera inte\" \/>\n<meta property=\"og:image\" content=\"https:\/\/dontacceptrape.com\/wp-content\/uploads\/2022\/07\/local-dating.jpeg\" \/>\n\t<meta property=\"og:image:width\" content=\"500\" \/>\n\t<meta property=\"og:image:height\" content=\"750\" \/>\n\t<meta property=\"og:image:type\" content=\"image\/jpeg\" \/>\n<meta name=\"author\" content=\"Don&#039;t Accept Rape\" \/>\n<meta name=\"twitter:card\" content=\"summary_large_image\" \/>\n<meta name=\"twitter:label1\" content=\"Ber\u00e4knad l\u00e4stid\" \/>\n\t<meta name=\"twitter:data1\" content=\"3 minuter\" \/>\n<script type=\"application\/ld+json\" class=\"yoast-schema-graph\">{\"@context\":\"https:\/\/schema.org\",\"@graph\":[{\"@type\":\"WebSite\",\"@id\":\"https:\/\/dontacceptrape.com\/nl\/#website\",\"url\":\"https:\/\/dontacceptrape.com\/nl\/\",\"name\":\"Acceptera inte\",\"description\":\"Riktig anslutningschatt\",\"potentialAction\":[{\"@type\":\"SearchAction\",\"target\":{\"@type\":\"EntryPoint\",\"urlTemplate\":\"https:\/\/dontacceptrape.com\/nl\/?s={search_term_string}\"},\"query-input\":\"required name=search_term_string\"}],\"inLanguage\":\"sv-SE\"},{\"@type\":\"ImageObject\",\"inLanguage\":\"sv-SE\",\"@id\":\"https:\/\/dontacceptrape.com\/sv\/gratis-sexting-webbplatser-for-singlar\/#primaryimage\",\"url\":\"https:\/\/dontacceptrape.com\/wp-content\/uploads\/2022\/07\/local-dating.jpeg\",\"contentUrl\":\"https:\/\/dontacceptrape.com\/wp-content\/uploads\/2022\/07\/local-dating.jpeg\",\"width\":500,\"height\":750},{\"@type\":\"WebPage\",\"@id\":\"https:\/\/dontacceptrape.com\/sv\/gratis-sexting-webbplatser-for-singlar\/#webpage\",\"url\":\"https:\/\/dontacceptrape.com\/sv\/gratis-sexting-webbplatser-for-singlar\/\",\"name\":\"Gratis Sexting Webbplatser F\u00f6r Singlar - Acceptera inte\",\"isPartOf\":{\"@id\":\"https:\/\/dontacceptrape.com\/nl\/#website\"},\"primaryImageOfPage\":{\"@id\":\"https:\/\/dontacceptrape.com\/sv\/gratis-sexting-webbplatser-for-singlar\/#primaryimage\"},\"datePublished\":\"2022-07-04T10:30:26+00:00\",\"dateModified\":\"2022-07-04T10:30:26+00:00\",\"breadcrumb\":{\"@id\":\"https:\/\/dontacceptrape.com\/sv\/gratis-sexting-webbplatser-for-singlar\/#breadcrumb\"},\"inLanguage\":\"sv-SE\",\"potentialAction\":[{\"@type\":\"ReadAction\",\"target\":[\"https:\/\/dontacceptrape.com\/sv\/gratis-sexting-webbplatser-for-singlar\/\"]}]},{\"@type\":\"BreadcrumbList\",\"@id\":\"https:\/\/dontacceptrape.com\/sv\/gratis-sexting-webbplatser-for-singlar\/#breadcrumb\",\"itemListElement\":[{\"@type\":\"ListItem\",\"position\":1,\"name\":\"Hem\",\"item\":\"http:\/\/dontacceptrape.com\/sv\/\"},{\"@type\":\"ListItem\",\"position\":2,\"name\":\"Gratis Sexting Webbplatser F\u00f6r Singlar\"}]}]}<\/script>\n<!-- \/ Yoast SEO plugin. -->","yoast_head_json":{"title":"Gratis Sexting Webbplatser F\u00f6r Singlar - Acceptera inte","robots":{"index":"index","follow":"follow","max-snippet":"max-snippet:-1","max-image-preview":"max-image-preview:large","max-video-preview":"max-video-preview:-1"},"canonical":"https:\/\/dontacceptrape.com\/sv\/gratis-sexting-webbplatser-for-singlar\/","og_locale":"sv_SE","og_type":"article","og_title":"Gratis Sexting Webbplatser F\u00f6r Singlar - Acceptera inte","og_description":"De b\u00e4sta gratis sexingsajterna \u00e4r h\u00e4r f\u00f6r att ge lite l\u00e4ttnad n\u00e4r du vill bli stygg med n\u00e5gon online som vill f\u00e5 det med din kropp. Dessa webbplatser och appar l\u00e5ter dig ha n\u00e5gra sexiga, sextchattar med andra som s\u00f6ker...","og_url":"https:\/\/dontacceptrape.com\/sv\/gratis-sexting-webbplatser-for-singlar\/","og_site_name":"Acceptera inte","og_image":[{"width":500,"height":750,"url":"https:\/\/dontacceptrape.com\/wp-content\/uploads\/2022\/07\/local-dating.jpeg","type":"image\/jpeg"}],"author":"Don't Accept Rape","twitter_card":"summary_large_image","twitter_misc":{"Ber\u00e4knad l\u00e4stid":"3 minuter"},"schema":{"@context":"https:\/\/schema.org","@graph":[{"@type":"WebSite","@id":"https:\/\/dontacceptrape.com\/nl\/#website","url":"https:\/\/dontacceptrape.com\/nl\/","name":"Acceptera inte","description":"Riktig anslutningschatt","potentialAction":[{"@type":"SearchAction","target":{"@type":"EntryPoint","urlTemplate":"https:\/\/dontacceptrape.com\/nl\/?s={search_term_string}"},"query-input":"required name=search_term_string"}],"inLanguage":"sv-SE"},{"@type":"ImageObject","inLanguage":"sv-SE","@id":"https:\/\/dontacceptrape.com\/sv\/gratis-sexting-webbplatser-for-singlar\/#primaryimage","url":"https:\/\/dontacceptrape.com\/wp-content\/uploads\/2022\/07\/local-dating.jpeg","contentUrl":"https:\/\/dontacceptrape.com\/wp-content\/uploads\/2022\/07\/local-dating.jpeg","width":500,"height":750},{"@type":"WebPage","@id":"https:\/\/dontacceptrape.com\/sv\/gratis-sexting-webbplatser-for-singlar\/#webpage","url":"https:\/\/dontacceptrape.com\/sv\/gratis-sexting-webbplatser-for-singlar\/","name":"Gratis Sexting Webbplatser F\u00f6r Singlar - Acceptera inte","isPartOf":{"@id":"https:\/\/dontacceptrape.com\/nl\/#website"},"primaryImageOfPage":{"@id":"https:\/\/dontacceptrape.com\/sv\/gratis-sexting-webbplatser-for-singlar\/#primaryimage"},"datePublished":"2022-07-04T10:30:26+00:00","dateModified":"2022-07-04T10:30:26+00:00","breadcrumb":{"@id":"https:\/\/dontacceptrape.com\/sv\/gratis-sexting-webbplatser-for-singlar\/#breadcrumb"},"inLanguage":"sv-SE","potentialAction":[{"@type":"ReadAction","target":["https:\/\/dontacceptrape.com\/sv\/gratis-sexting-webbplatser-for-singlar\/"]}]},{"@type":"BreadcrumbList","@id":"https:\/\/dontacceptrape.com\/sv\/gratis-sexting-webbplatser-for-singlar\/#breadcrumb","itemListElement":[{"@type":"ListItem","position":1,"name":"Hem","item":"http:\/\/dontacceptrape.com\/sv\/"},{"@type":"ListItem","position":2,"name":"Gratis Sexting Webbplatser F\u00f6r Singlar"}]}]}},"_links":{"self":[{"href":"https:\/\/dontacceptrape.com\/sv\/wp-json\/wp\/v2\/pages\/211"}],"collection":[{"href":"https:\/\/dontacceptrape.com\/sv\/wp-json\/wp\/v2\/pages"}],"about":[{"href":"https:\/\/dontacceptrape.com\/sv\/wp-json\/wp\/v2\/types\/page"}],"author":[{"embeddable":true,"href":"https:\/\/dontacceptrape.com\/sv\/wp-json\/wp\/v2\/users\/1"}],"replies":[{"embeddable":true,"href":"https:\/\/dontacceptrape.com\/sv\/wp-json\/wp\/v2\/comments?post=211"}],"version-history":[{"count":0,"href":"https:\/\/dontacceptrape.com\/sv\/wp-json\/wp\/v2\/pages\/211\/revisions"}],"wp:featuredmedia":[{"embeddable":true,"href":"https:\/\/dontacceptrape.com\/sv\/wp-json\/wp\/v2\/media\/95"}],"wp:attachment":[{"href":"https:\/\/dontacceptrape.com\/sv\/wp-json\/wp\/v2\/media?parent=211"}],"curies":[{"name":"wp","href":"https:\/\/api.w.org\/{rel}","templated":true}]}}