{"id":202,"date":"2022-07-04T11:33:15","date_gmt":"2022-07-04T10:33:15","guid":{"rendered":"http:\/\/dontacceptrape.com\/hitta-inga-strangar-kopplade-sex-ikvall\/"},"modified":"2022-07-04T11:33:15","modified_gmt":"2022-07-04T10:33:15","slug":"hitta-inga-strangar-kopplade-sex-ikvall","status":"publish","type":"page","link":"https:\/\/dontacceptrape.com\/sv\/hitta-inga-strangar-kopplade-sex-ikvall\/","title":{"rendered":"Hitta inga str\u00e4ngar kopplade sex ikv\u00e4ll?"},"content":{"rendered":"<p>NSA \u00e4r en dejtingsajt f\u00f6r vuxna som erbjuder m\u00e5nga <a href=\"http:\/\/dontacceptrape.com\/sv\/gratis-sexting-webbplatser-for-singlar\/\">olika s\u00e4tt att f\u00e5 kontakt<\/a> med andra och dela intima stunder med dem. Du kan chatta, utbyta foton och videor och till och med titta p\u00e5 varandra medan du onanerar. Det finns ocks\u00e5 live cam-sessioner tillg\u00e4ngliga f\u00f6r dem som letar efter n\u00e5got extra speciellt.<\/p>\n<h2>F\u00f6rdelar \/ nackdelar med NSA-anslutningar<\/h2>\n<p>Det finns m\u00e5nga f\u00f6rdelar med att anv\u00e4nda NSAs webbplats. En f\u00f6rdel \u00e4r att det finns m\u00e5nga olika m\u00e4nniskor att tr\u00e4ffa. Du kommer aldrig att f\u00e5 slut p\u00e5 m\u00e4nniskor att prata med eftersom det alltid finns nya m\u00e4nniskor som g\u00e5r med varje minut. En annan f\u00f6rdel \u00e4r att webbplatsen \u00e4r mycket l\u00e4tt att navigera. Du kommer inte att ha n\u00e5gra problem att hitta det du beh\u00f6ver.<\/p>\n<p>Det finns ocks\u00e5 nackdelar med att anv\u00e4nda NSAs webbplats. En nackdel \u00e4r att det inte \u00e4r gratis. Om du vill anv\u00e4nda webbplatsen m\u00e5ste du betala en m\u00e5natlig prenumerationsavgift. En annan nackdel \u00e4r att webbplatsen inte \u00e4r tillg\u00e4nglig i alla l\u00e4nder. S\u00e5 om du bor i ett land som inte till\u00e5ter webbplatser f\u00f6r vuxna kan du inte komma \u00e5t NSAs webbplats. Och slutligen \u00e4r en nackdel att webbplatsen inte \u00e4r helt anonym. \u00c4ven om din information h\u00e5lls privat kan andra anv\u00e4ndare fortfarande se din profilbild.<\/p>\n<p>Till exempel, ist\u00e4llet f\u00f6r att s\u00e4ga &#8221;du borde l\u00e4ra dig om avslappnad dejting&#8221;, s\u00e4g &#8221;den h\u00e4r personen borde l\u00e4ra sig om avslappnad dejting&#8221;. P\u00e5 s\u00e5 s\u00e4tt h\u00e4nvisar du till en specifik person. Om du letar efter gratis dejtingsappar har du kommit till r\u00e4tt st\u00e4lle. H\u00e4r \u00e4r n\u00e5gra av de mest popul\u00e4ra:<\/p>\n<ul>\n<li>Tinder &#8211; Den h\u00e4r appen \u00e4r utm\u00e4rkt f\u00f6r att tr\u00e4ffa m\u00e4nniskor som delar liknande intressen. Id\u00e9n \u00e4r enkel: svep \u00e5t v\u00e4nster f\u00f6r att passera, svep \u00e5t h\u00f6ger f\u00f6r att gilla.<\/li>\n<li>Bumble &#8211; Den h\u00e4r appen \u00e4r utformad speciellt f\u00f6r kvinnor. Kvinnor initierar samtal, m\u00e4n svarar.<\/li>\n<li>Happn &#8211; I likhet med Tinder till\u00e5ter den h\u00e4r appen anv\u00e4ndare att hitta m\u00e4nniskor baserat p\u00e5 gemensamma v\u00e4nner.<\/li>\n<li>OkCupid &#8211; Denna webbplats \u00e4r inriktad p\u00e5 l\u00e5ngsiktiga relationer. Anv\u00e4ndare skapar profiler och s\u00f6ker efter matchningar baserat p\u00e5 gemensamma intressen, plats, \u00e5lder och andra kriterier.<\/li>\n<li>PlentyOfFish &#8211; Den h\u00e4r appen \u00e4r inriktad p\u00e5 avslappnade anslutningar. Anv\u00e4ndare kan bl\u00e4ddra igenom tusentals medlemmars foton och skicka meddelanden till alla som \u00e4r intresserade av att chatta.<\/li>\n<li>Zoosk &#8211; Den h\u00e4r appen \u00e4r inriktad p\u00e5 seri\u00f6sa relationer. Anv\u00e4ndare skapar profiler, laddar upp bilder och s\u00f6ker efter kompatibla partner.<\/li>\n<li>Match &#8211; Den h\u00e4r appen \u00e4r anpassad f\u00f6r dem som s\u00f6ker l\u00e5ngsiktiga relationer. Medlemmar skapar profiler, laddar upp bilder och s\u00f6ker efter kompatibla partners baserat p\u00e5 gemensamma intressen, \u00e5lder, religion och andra kriterier.<\/li>\n<\/ul>\n<p>Anslutningar \u00e4r bra eftersom de \u00e4r gratis, snabba och anonyma. De \u00e4r ocks\u00e5 mycket popul\u00e4ra bland h\u00f6gskolestudenter och unga vuxna.<\/p>\n<p>Det finns dock n\u00e5gra nackdelar med online-anslutningar. F\u00f6r det f\u00f6rsta kr\u00e4ver de flesta anslutningswebbplatser att anv\u00e4ndare skapar konton och delar personlig information. Det betyder att du m\u00e5ste vara f\u00f6rsiktig med vem du tr\u00e4ffar p\u00e5 dessa webbplatser.<\/p>\n","protected":false},"excerpt":{"rendered":"<p>NSA \u00e4r en dejtingsajt f\u00f6r vuxna som erbjuder m\u00e5nga olika s\u00e4tt att f\u00e5 kontakt med andra och dela intima stunder med dem. Du kan chatta, utbyta foton och videor och till och med titta p\u00e5 varandra medan du onanerar. Det&#8230;<\/p>\n","protected":false},"author":1,"featured_media":75,"parent":0,"menu_order":0,"comment_status":"closed","ping_status":"closed","template":"","meta":[],"yoast_head":"<!-- This site is optimized with the Yoast SEO plugin v19.2 - https:\/\/yoast.com\/wordpress\/plugins\/seo\/ -->\n<title>Hitta inga str\u00e4ngar kopplade sex ikv\u00e4ll? - Acceptera inte<\/title>\n<meta name=\"robots\" content=\"index, follow, max-snippet:-1, max-image-preview:large, max-video-preview:-1\" \/>\n<link rel=\"canonical\" href=\"https:\/\/dontacceptrape.com\/sv\/hitta-inga-strangar-kopplade-sex-ikvall\/\" \/>\n<meta property=\"og:locale\" content=\"sv_SE\" \/>\n<meta property=\"og:type\" content=\"article\" \/>\n<meta property=\"og:title\" content=\"Hitta inga str\u00e4ngar kopplade sex ikv\u00e4ll? - Acceptera inte\" \/>\n<meta property=\"og:description\" content=\"NSA \u00e4r en dejtingsajt f\u00f6r vuxna som erbjuder m\u00e5nga olika s\u00e4tt att f\u00e5 kontakt med andra och dela intima stunder med dem. Du kan chatta, utbyta foton och videor och till och med titta p\u00e5 varandra medan du onanerar. Det...\" \/>\n<meta property=\"og:url\" content=\"https:\/\/dontacceptrape.com\/sv\/hitta-inga-strangar-kopplade-sex-ikvall\/\" \/>\n<meta property=\"og:site_name\" content=\"Acceptera inte\" \/>\n<meta property=\"og:image\" content=\"http:\/\/dontacceptrape.com\/wp-content\/uploads\/2022\/07\/datng-websites.jpeg\" \/>\n\t<meta property=\"og:image:width\" content=\"1125\" \/>\n\t<meta property=\"og:image:height\" content=\"750\" \/>\n\t<meta property=\"og:image:type\" content=\"image\/jpeg\" \/>\n<meta name=\"author\" content=\"Don&#039;t Accept Rape\" \/>\n<meta name=\"twitter:card\" content=\"summary_large_image\" \/>\n<meta name=\"twitter:label1\" content=\"Ber\u00e4knad l\u00e4stid\" \/>\n\t<meta name=\"twitter:data1\" content=\"3 minuter\" \/>\n<script type=\"application\/ld+json\" class=\"yoast-schema-graph\">{\"@context\":\"https:\/\/schema.org\",\"@graph\":[{\"@type\":\"WebSite\",\"@id\":\"http:\/\/dontacceptrape.com\/es\/#website\",\"url\":\"http:\/\/dontacceptrape.com\/es\/\",\"name\":\"Acceptera inte\",\"description\":\"Riktig anslutningschatt\",\"potentialAction\":[{\"@type\":\"SearchAction\",\"target\":{\"@type\":\"EntryPoint\",\"urlTemplate\":\"http:\/\/dontacceptrape.com\/es\/?s={search_term_string}\"},\"query-input\":\"required name=search_term_string\"}],\"inLanguage\":\"sv-SE\"},{\"@type\":\"ImageObject\",\"inLanguage\":\"sv-SE\",\"@id\":\"https:\/\/dontacceptrape.com\/sv\/hitta-inga-strangar-kopplade-sex-ikvall\/#primaryimage\",\"url\":\"https:\/\/dontacceptrape.com\/wp-content\/uploads\/2022\/07\/datng-websites.jpeg\",\"contentUrl\":\"https:\/\/dontacceptrape.com\/wp-content\/uploads\/2022\/07\/datng-websites.jpeg\",\"width\":1125,\"height\":750},{\"@type\":\"WebPage\",\"@id\":\"https:\/\/dontacceptrape.com\/sv\/hitta-inga-strangar-kopplade-sex-ikvall\/#webpage\",\"url\":\"https:\/\/dontacceptrape.com\/sv\/hitta-inga-strangar-kopplade-sex-ikvall\/\",\"name\":\"Hitta inga str\u00e4ngar kopplade sex ikv\u00e4ll? - Acceptera inte\",\"isPartOf\":{\"@id\":\"http:\/\/dontacceptrape.com\/es\/#website\"},\"primaryImageOfPage\":{\"@id\":\"https:\/\/dontacceptrape.com\/sv\/hitta-inga-strangar-kopplade-sex-ikvall\/#primaryimage\"},\"datePublished\":\"2022-07-04T10:33:15+00:00\",\"dateModified\":\"2022-07-04T10:33:15+00:00\",\"breadcrumb\":{\"@id\":\"https:\/\/dontacceptrape.com\/sv\/hitta-inga-strangar-kopplade-sex-ikvall\/#breadcrumb\"},\"inLanguage\":\"sv-SE\",\"potentialAction\":[{\"@type\":\"ReadAction\",\"target\":[\"https:\/\/dontacceptrape.com\/sv\/hitta-inga-strangar-kopplade-sex-ikvall\/\"]}]},{\"@type\":\"BreadcrumbList\",\"@id\":\"https:\/\/dontacceptrape.com\/sv\/hitta-inga-strangar-kopplade-sex-ikvall\/#breadcrumb\",\"itemListElement\":[{\"@type\":\"ListItem\",\"position\":1,\"name\":\"Hem\",\"item\":\"http:\/\/dontacceptrape.com\/sv\/\"},{\"@type\":\"ListItem\",\"position\":2,\"name\":\"Hitta inga str\u00e4ngar kopplade sex ikv\u00e4ll?\"}]}]}<\/script>\n<!-- \/ Yoast SEO plugin. -->","yoast_head_json":{"title":"Hitta inga str\u00e4ngar kopplade sex ikv\u00e4ll? - Acceptera inte","robots":{"index":"index","follow":"follow","max-snippet":"max-snippet:-1","max-image-preview":"max-image-preview:large","max-video-preview":"max-video-preview:-1"},"canonical":"https:\/\/dontacceptrape.com\/sv\/hitta-inga-strangar-kopplade-sex-ikvall\/","og_locale":"sv_SE","og_type":"article","og_title":"Hitta inga str\u00e4ngar kopplade sex ikv\u00e4ll? - Acceptera inte","og_description":"NSA \u00e4r en dejtingsajt f\u00f6r vuxna som erbjuder m\u00e5nga olika s\u00e4tt att f\u00e5 kontakt med andra och dela intima stunder med dem. Du kan chatta, utbyta foton och videor och till och med titta p\u00e5 varandra medan du onanerar. Det...","og_url":"https:\/\/dontacceptrape.com\/sv\/hitta-inga-strangar-kopplade-sex-ikvall\/","og_site_name":"Acceptera inte","og_image":[{"width":1125,"height":750,"url":"http:\/\/dontacceptrape.com\/wp-content\/uploads\/2022\/07\/datng-websites.jpeg","type":"image\/jpeg"}],"author":"Don't Accept Rape","twitter_card":"summary_large_image","twitter_misc":{"Ber\u00e4knad l\u00e4stid":"3 minuter"},"schema":{"@context":"https:\/\/schema.org","@graph":[{"@type":"WebSite","@id":"http:\/\/dontacceptrape.com\/es\/#website","url":"http:\/\/dontacceptrape.com\/es\/","name":"Acceptera inte","description":"Riktig anslutningschatt","potentialAction":[{"@type":"SearchAction","target":{"@type":"EntryPoint","urlTemplate":"http:\/\/dontacceptrape.com\/es\/?s={search_term_string}"},"query-input":"required name=search_term_string"}],"inLanguage":"sv-SE"},{"@type":"ImageObject","inLanguage":"sv-SE","@id":"https:\/\/dontacceptrape.com\/sv\/hitta-inga-strangar-kopplade-sex-ikvall\/#primaryimage","url":"https:\/\/dontacceptrape.com\/wp-content\/uploads\/2022\/07\/datng-websites.jpeg","contentUrl":"https:\/\/dontacceptrape.com\/wp-content\/uploads\/2022\/07\/datng-websites.jpeg","width":1125,"height":750},{"@type":"WebPage","@id":"https:\/\/dontacceptrape.com\/sv\/hitta-inga-strangar-kopplade-sex-ikvall\/#webpage","url":"https:\/\/dontacceptrape.com\/sv\/hitta-inga-strangar-kopplade-sex-ikvall\/","name":"Hitta inga str\u00e4ngar kopplade sex ikv\u00e4ll? - Acceptera inte","isPartOf":{"@id":"http:\/\/dontacceptrape.com\/es\/#website"},"primaryImageOfPage":{"@id":"https:\/\/dontacceptrape.com\/sv\/hitta-inga-strangar-kopplade-sex-ikvall\/#primaryimage"},"datePublished":"2022-07-04T10:33:15+00:00","dateModified":"2022-07-04T10:33:15+00:00","breadcrumb":{"@id":"https:\/\/dontacceptrape.com\/sv\/hitta-inga-strangar-kopplade-sex-ikvall\/#breadcrumb"},"inLanguage":"sv-SE","potentialAction":[{"@type":"ReadAction","target":["https:\/\/dontacceptrape.com\/sv\/hitta-inga-strangar-kopplade-sex-ikvall\/"]}]},{"@type":"BreadcrumbList","@id":"https:\/\/dontacceptrape.com\/sv\/hitta-inga-strangar-kopplade-sex-ikvall\/#breadcrumb","itemListElement":[{"@type":"ListItem","position":1,"name":"Hem","item":"http:\/\/dontacceptrape.com\/sv\/"},{"@type":"ListItem","position":2,"name":"Hitta inga str\u00e4ngar kopplade sex ikv\u00e4ll?"}]}]}},"_links":{"self":[{"href":"https:\/\/dontacceptrape.com\/sv\/wp-json\/wp\/v2\/pages\/202"}],"collection":[{"href":"https:\/\/dontacceptrape.com\/sv\/wp-json\/wp\/v2\/pages"}],"about":[{"href":"https:\/\/dontacceptrape.com\/sv\/wp-json\/wp\/v2\/types\/page"}],"author":[{"embeddable":true,"href":"https:\/\/dontacceptrape.com\/sv\/wp-json\/wp\/v2\/users\/1"}],"replies":[{"embeddable":true,"href":"https:\/\/dontacceptrape.com\/sv\/wp-json\/wp\/v2\/comments?post=202"}],"version-history":[{"count":0,"href":"https:\/\/dontacceptrape.com\/sv\/wp-json\/wp\/v2\/pages\/202\/revisions"}],"wp:featuredmedia":[{"embeddable":true,"href":"https:\/\/dontacceptrape.com\/sv\/wp-json\/wp\/v2\/media\/75"}],"wp:attachment":[{"href":"https:\/\/dontacceptrape.com\/sv\/wp-json\/wp\/v2\/media?parent=202"}],"curies":[{"name":"wp","href":"https:\/\/api.w.org\/{rel}","templated":true}]}}