{"id":193,"date":"2022-07-04T11:35:30","date_gmt":"2022-07-04T10:35:30","guid":{"rendered":"http:\/\/dontacceptrape.com\/lokala-dejtingklubbar-for-vuxna\/"},"modified":"2022-07-20T19:01:10","modified_gmt":"2022-07-20T18:01:10","slug":"lokala-dejtingklubbar-for-vuxna","status":"publish","type":"page","link":"https:\/\/dontacceptrape.com\/sv\/lokala-dejtingklubbar-for-vuxna\/","title":{"rendered":"Lokala dejtingklubbar f\u00f6r vuxna"},"content":{"rendered":"<p>Anslutningar \u00e4r bra eftersom de \u00e4r snabba, praktiska och anonyma. Men det finns en nackdel: De \u00e4r inte s\u00e4rskilt s\u00e4kra. Anslutningar g\u00f6rs vanligtvis via online dating webbplatser, d\u00e4r anv\u00e4ndare tr\u00e4ffar varandra baserat p\u00e5 \u00f6msesidiga intressen. Men dessa webbplatser regleras inte av n\u00e5gon myndighet, s\u00e5 de kan anv\u00e4ndas f\u00f6r att ordna sexuella <a href=\"https:\/\/adultxxxdate.net\/da\/xxx-spil-til-iphone\/\">sexspil<\/a> m\u00f6ten mellan fr\u00e4mlingar. Och eftersom de flesta anslutningar sker utanf\u00f6r den fysiska v\u00e4rlden involverar de ofta olagliga aktiviteter som prostitution och m\u00e4nniskohandel.<\/p>\n<p>Om du letar efter ett s\u00e4krare s\u00e4tt att hitta avslappnade sexpartners, \u00f6verv\u00e4g att g\u00e5 med i en lokal vuxenklubb. Vuxenklubbar \u00e4r sociala platser d\u00e4r medlemmar kan tr\u00e4ffa andra som delar liknande intressen. Vuxenklubbar drivs vanligtvis av privata organisationer, s\u00e5 de \u00e4r inte f\u00f6rem\u00e5l f\u00f6r samma regler som online-datingwebbplatser. Dessutom erbjuder de en mer intim milj\u00f6 \u00e4n offentliga parker eller barer, vilket g\u00f6r dem till en b\u00e4ttre plats att tr\u00e4ffa m\u00e4nniskor.<\/p>\n<h2>Varf\u00f6r n\u00e4tdejting kan vara v\u00e4gen fram\u00e5t<\/h2>\n<p>Medan vuxna klubbar kan verka som ett s\u00e4krare alternativ \u00e4n online dating, b\u00e4r de fortfarande risker. Medlemmar m\u00e5ste vara 18 \u00e5r eller \u00e4ldre, och de m\u00e5ste anv\u00e4nda kondomer under sexuell aktivitet. S\u00e5 om du \u00e4r orolig f\u00f6r s\u00e4kerheten, prova en vuxenklubb ist\u00e4llet f\u00f6r online-dating. Casual dating \u00e4r en typ av relation d\u00e4r tv\u00e5 personer som inte \u00e4r <a href=\"https:\/\/www.nsa-hookup.net\/is\/okeypis-stefnumotasidur-engin-falin-gjold\/\">stefnum\u00f3tas\u00ed\u00f0ur<\/a> romantiskt involverade best\u00e4mmer sig f\u00f6r att tr\u00e4ffa varandra avslappnat.<\/p>\n<p>Detta skiljer sig fr\u00e5n ett traditionellt romantiskt f\u00f6rh\u00e5llande eftersom det inte finns n\u00e5got engagemang, bara en avslappnad fling. Casual dating kan vara mycket roligt, men det \u00e4r inte t\u00e4nkt att vara f\u00f6r evigt. Det finns m\u00e5nga typer av avslappnade relationer, inklusive v\u00e4nner med f\u00f6rm\u00e5ner, v\u00e4nner med f\u00f6rm\u00e5ner, v\u00e4nner gemensamt, v\u00e4nner med f\u00f6rm\u00e5ner och v\u00e4nner med f\u00f6rm\u00e5ner.<\/p>\n<p>Om du \u00e4r intresserad av avslappnad dejting b\u00f6r du l\u00e4ra dig om de olika typerna av avslappnade relationer. D\u00e5 kan du ta reda p\u00e5 vilken som skulle fungera b\u00e4st f\u00f6r dig. Som sagt, anslutningar \u00e4r fortfarande ett bekv\u00e4mt s\u00e4tt att hitta avslappnade sexpartners. S\u00e5 om du letar efter ett diskret s\u00e4tt att tr\u00e4ffa m\u00e4nniskor \u00e4r anslutningar v\u00e4rda <a href=\"https:\/\/wank.io\/da\/ingen-kreditkort-sex-apps\/\">sexfinder<\/a> att kolla in.<\/p>\n<h2>M\u00f6t f\u00f6r en anslutning<\/h2>\n<p>Om du best\u00e4mmer dig f\u00f6r att <a href=\"http:\/\/dontacceptrape.com\/sv\/gratis-sex-kontaktyrer\/\">prova anslutningar<\/a>, h\u00e4r \u00e4r n\u00e5gra tips som hj\u00e4lper dig att undvika att bli lurad eller skadad.<\/p>\n<p>N\u00e4r du g\u00e5r med i dessa typer av webbplatser hittar du andra som \u00e4r precis som du &#8211; m\u00e4nniskor som letar efter avslappnad dejting.<\/p>\n<p>N\u00e4r du har hittat en grupp m\u00e4nniskor som delar ditt intresse f\u00f6r avslappnad dejting kan du anv\u00e4nda dem som referenser n\u00e4r du g\u00e5r ut p\u00e5 datum. De kan ber\u00e4tta vad som fungerar och inte fungerar i avslappnad dejting, och de kan hj\u00e4lpa dig att undvika vanliga misstag.<\/p>\n<p>En av de viktigaste sakerna att komma ih\u00e5g n\u00e4r man g\u00e5r p\u00e5 avslappnade datum \u00e4r att h\u00e5lla saker l\u00e4ttsamma. Ta inte dig sj\u00e4lv p\u00e5 f\u00f6r stort allvar. Var dig sj\u00e4lv och l\u00e5t din personlighet lysa igenom.<\/p>\n<p>Kom ih\u00e5g att avslappnad dejting inte \u00e4r allvarlig. Det \u00e4r t\u00e4nkt att vara roligt, inte stressigt. S\u00e5 slappna av och ha kul!<\/p>\n","protected":false},"excerpt":{"rendered":"<p>Anslutningar \u00e4r bra eftersom de \u00e4r snabba, praktiska och anonyma. Men det finns en nackdel: De \u00e4r inte s\u00e4rskilt s\u00e4kra. Anslutningar g\u00f6rs vanligtvis via online dating webbplatser, d\u00e4r anv\u00e4ndare tr\u00e4ffar varandra baserat p\u00e5 \u00f6msesidiga intressen. Men dessa webbplatser regleras inte&#8230;<\/p>\n","protected":false},"author":1,"featured_media":105,"parent":0,"menu_order":0,"comment_status":"closed","ping_status":"closed","template":"","meta":[],"yoast_head":"<!-- This site is optimized with the Yoast SEO plugin v19.2 - https:\/\/yoast.com\/wordpress\/plugins\/seo\/ -->\n<title>Lokala dejtingklubbar f\u00f6r vuxna - Acceptera inte<\/title>\n<meta name=\"robots\" content=\"index, follow, max-snippet:-1, max-image-preview:large, max-video-preview:-1\" \/>\n<link rel=\"canonical\" href=\"https:\/\/dontacceptrape.com\/sv\/lokala-dejtingklubbar-for-vuxna\/\" \/>\n<meta property=\"og:locale\" content=\"sv_SE\" \/>\n<meta property=\"og:type\" content=\"article\" \/>\n<meta property=\"og:title\" content=\"Lokala dejtingklubbar f\u00f6r vuxna - Acceptera inte\" \/>\n<meta property=\"og:description\" content=\"Anslutningar \u00e4r bra eftersom de \u00e4r snabba, praktiska och anonyma. Men det finns en nackdel: De \u00e4r inte s\u00e4rskilt s\u00e4kra. Anslutningar g\u00f6rs vanligtvis via online dating webbplatser, d\u00e4r anv\u00e4ndare tr\u00e4ffar varandra baserat p\u00e5 \u00f6msesidiga intressen. Men dessa webbplatser regleras inte...\" \/>\n<meta property=\"og:url\" content=\"https:\/\/dontacceptrape.com\/sv\/lokala-dejtingklubbar-for-vuxna\/\" \/>\n<meta property=\"og:site_name\" content=\"Acceptera inte\" \/>\n<meta property=\"article:modified_time\" content=\"2022-07-20T18:01:10+00:00\" \/>\n<meta property=\"og:image\" content=\"https:\/\/dontacceptrape.com\/wp-content\/uploads\/2022\/07\/online-date.jpeg\" \/>\n\t<meta property=\"og:image:width\" content=\"1260\" \/>\n\t<meta property=\"og:image:height\" content=\"709\" \/>\n\t<meta property=\"og:image:type\" content=\"image\/jpeg\" \/>\n<meta name=\"author\" content=\"Don&#039;t Accept Rape\" \/>\n<meta name=\"twitter:card\" content=\"summary_large_image\" \/>\n<meta name=\"twitter:label1\" content=\"Ber\u00e4knad l\u00e4stid\" \/>\n\t<meta name=\"twitter:data1\" content=\"3 minuter\" \/>\n<script type=\"application\/ld+json\" class=\"yoast-schema-graph\">{\"@context\":\"https:\/\/schema.org\",\"@graph\":[{\"@type\":\"WebSite\",\"@id\":\"http:\/\/dontacceptrape.com\/es\/#website\",\"url\":\"http:\/\/dontacceptrape.com\/es\/\",\"name\":\"Acceptera inte\",\"description\":\"Riktig anslutningschatt\",\"potentialAction\":[{\"@type\":\"SearchAction\",\"target\":{\"@type\":\"EntryPoint\",\"urlTemplate\":\"http:\/\/dontacceptrape.com\/es\/?s={search_term_string}\"},\"query-input\":\"required name=search_term_string\"}],\"inLanguage\":\"sv-SE\"},{\"@type\":\"ImageObject\",\"inLanguage\":\"sv-SE\",\"@id\":\"https:\/\/dontacceptrape.com\/sv\/lokala-dejtingklubbar-for-vuxna\/#primaryimage\",\"url\":\"https:\/\/dontacceptrape.com\/wp-content\/uploads\/2022\/07\/online-date.jpeg\",\"contentUrl\":\"https:\/\/dontacceptrape.com\/wp-content\/uploads\/2022\/07\/online-date.jpeg\",\"width\":1260,\"height\":709},{\"@type\":\"WebPage\",\"@id\":\"https:\/\/dontacceptrape.com\/sv\/lokala-dejtingklubbar-for-vuxna\/#webpage\",\"url\":\"https:\/\/dontacceptrape.com\/sv\/lokala-dejtingklubbar-for-vuxna\/\",\"name\":\"Lokala dejtingklubbar f\u00f6r vuxna - Acceptera inte\",\"isPartOf\":{\"@id\":\"http:\/\/dontacceptrape.com\/es\/#website\"},\"primaryImageOfPage\":{\"@id\":\"https:\/\/dontacceptrape.com\/sv\/lokala-dejtingklubbar-for-vuxna\/#primaryimage\"},\"datePublished\":\"2022-07-04T10:35:30+00:00\",\"dateModified\":\"2022-07-20T18:01:10+00:00\",\"breadcrumb\":{\"@id\":\"https:\/\/dontacceptrape.com\/sv\/lokala-dejtingklubbar-for-vuxna\/#breadcrumb\"},\"inLanguage\":\"sv-SE\",\"potentialAction\":[{\"@type\":\"ReadAction\",\"target\":[\"https:\/\/dontacceptrape.com\/sv\/lokala-dejtingklubbar-for-vuxna\/\"]}]},{\"@type\":\"BreadcrumbList\",\"@id\":\"https:\/\/dontacceptrape.com\/sv\/lokala-dejtingklubbar-for-vuxna\/#breadcrumb\",\"itemListElement\":[{\"@type\":\"ListItem\",\"position\":1,\"name\":\"Hem\",\"item\":\"http:\/\/dontacceptrape.com\/sv\/\"},{\"@type\":\"ListItem\",\"position\":2,\"name\":\"Lokala dejtingklubbar f\u00f6r vuxna\"}]}]}<\/script>\n<!-- \/ Yoast SEO plugin. -->","yoast_head_json":{"title":"Lokala dejtingklubbar f\u00f6r vuxna - Acceptera inte","robots":{"index":"index","follow":"follow","max-snippet":"max-snippet:-1","max-image-preview":"max-image-preview:large","max-video-preview":"max-video-preview:-1"},"canonical":"https:\/\/dontacceptrape.com\/sv\/lokala-dejtingklubbar-for-vuxna\/","og_locale":"sv_SE","og_type":"article","og_title":"Lokala dejtingklubbar f\u00f6r vuxna - Acceptera inte","og_description":"Anslutningar \u00e4r bra eftersom de \u00e4r snabba, praktiska och anonyma. Men det finns en nackdel: De \u00e4r inte s\u00e4rskilt s\u00e4kra. Anslutningar g\u00f6rs vanligtvis via online dating webbplatser, d\u00e4r anv\u00e4ndare tr\u00e4ffar varandra baserat p\u00e5 \u00f6msesidiga intressen. Men dessa webbplatser regleras inte...","og_url":"https:\/\/dontacceptrape.com\/sv\/lokala-dejtingklubbar-for-vuxna\/","og_site_name":"Acceptera inte","article_modified_time":"2022-07-20T18:01:10+00:00","og_image":[{"width":1260,"height":709,"url":"https:\/\/dontacceptrape.com\/wp-content\/uploads\/2022\/07\/online-date.jpeg","type":"image\/jpeg"}],"author":"Don't Accept Rape","twitter_card":"summary_large_image","twitter_misc":{"Ber\u00e4knad l\u00e4stid":"3 minuter"},"schema":{"@context":"https:\/\/schema.org","@graph":[{"@type":"WebSite","@id":"http:\/\/dontacceptrape.com\/es\/#website","url":"http:\/\/dontacceptrape.com\/es\/","name":"Acceptera inte","description":"Riktig anslutningschatt","potentialAction":[{"@type":"SearchAction","target":{"@type":"EntryPoint","urlTemplate":"http:\/\/dontacceptrape.com\/es\/?s={search_term_string}"},"query-input":"required name=search_term_string"}],"inLanguage":"sv-SE"},{"@type":"ImageObject","inLanguage":"sv-SE","@id":"https:\/\/dontacceptrape.com\/sv\/lokala-dejtingklubbar-for-vuxna\/#primaryimage","url":"https:\/\/dontacceptrape.com\/wp-content\/uploads\/2022\/07\/online-date.jpeg","contentUrl":"https:\/\/dontacceptrape.com\/wp-content\/uploads\/2022\/07\/online-date.jpeg","width":1260,"height":709},{"@type":"WebPage","@id":"https:\/\/dontacceptrape.com\/sv\/lokala-dejtingklubbar-for-vuxna\/#webpage","url":"https:\/\/dontacceptrape.com\/sv\/lokala-dejtingklubbar-for-vuxna\/","name":"Lokala dejtingklubbar f\u00f6r vuxna - Acceptera inte","isPartOf":{"@id":"http:\/\/dontacceptrape.com\/es\/#website"},"primaryImageOfPage":{"@id":"https:\/\/dontacceptrape.com\/sv\/lokala-dejtingklubbar-for-vuxna\/#primaryimage"},"datePublished":"2022-07-04T10:35:30+00:00","dateModified":"2022-07-20T18:01:10+00:00","breadcrumb":{"@id":"https:\/\/dontacceptrape.com\/sv\/lokala-dejtingklubbar-for-vuxna\/#breadcrumb"},"inLanguage":"sv-SE","potentialAction":[{"@type":"ReadAction","target":["https:\/\/dontacceptrape.com\/sv\/lokala-dejtingklubbar-for-vuxna\/"]}]},{"@type":"BreadcrumbList","@id":"https:\/\/dontacceptrape.com\/sv\/lokala-dejtingklubbar-for-vuxna\/#breadcrumb","itemListElement":[{"@type":"ListItem","position":1,"name":"Hem","item":"http:\/\/dontacceptrape.com\/sv\/"},{"@type":"ListItem","position":2,"name":"Lokala dejtingklubbar f\u00f6r vuxna"}]}]}},"_links":{"self":[{"href":"https:\/\/dontacceptrape.com\/sv\/wp-json\/wp\/v2\/pages\/193"}],"collection":[{"href":"https:\/\/dontacceptrape.com\/sv\/wp-json\/wp\/v2\/pages"}],"about":[{"href":"https:\/\/dontacceptrape.com\/sv\/wp-json\/wp\/v2\/types\/page"}],"author":[{"embeddable":true,"href":"https:\/\/dontacceptrape.com\/sv\/wp-json\/wp\/v2\/users\/1"}],"replies":[{"embeddable":true,"href":"https:\/\/dontacceptrape.com\/sv\/wp-json\/wp\/v2\/comments?post=193"}],"version-history":[{"count":2,"href":"https:\/\/dontacceptrape.com\/sv\/wp-json\/wp\/v2\/pages\/193\/revisions"}],"predecessor-version":[{"id":272,"href":"https:\/\/dontacceptrape.com\/sv\/wp-json\/wp\/v2\/pages\/193\/revisions\/272"}],"wp:featuredmedia":[{"embeddable":true,"href":"https:\/\/dontacceptrape.com\/sv\/wp-json\/wp\/v2\/media\/105"}],"wp:attachment":[{"href":"https:\/\/dontacceptrape.com\/sv\/wp-json\/wp\/v2\/media?parent=193"}],"curies":[{"name":"wp","href":"https:\/\/api.w.org\/{rel}","templated":true}]}}