{"id":184,"date":"2022-07-04T11:38:48","date_gmt":"2022-07-04T10:38:48","guid":{"rendered":"http:\/\/dontacceptrape.com\/gratis-sex-kontaktyrer\/"},"modified":"2022-07-20T19:01:48","modified_gmt":"2022-07-20T18:01:48","slug":"gratis-sex-kontaktyrer","status":"publish","type":"page","link":"https:\/\/dontacceptrape.com\/sv\/gratis-sex-kontaktyrer\/","title":{"rendered":"Gratis Sex Kontaktyrer"},"content":{"rendered":"<p>Anslutningar \u00e4r ett bra s\u00e4tt att tr\u00e4ffa kvinnor online, men de \u00e4r inte f\u00f6r alla. S\u00e5 om du letar efter ett l\u00e5ngsiktigt f\u00f6rh\u00e5llande kan du vara b\u00e4ttre att tr\u00e4ffa kvinnor offline.<\/p>\n<p>Men om du bara vill prova lite avslappnad dejting finns det <a href=\"https:\/\/dontacceptrape.com\/sv\/vad-du-ska-se-upp-for-med-anslutningsappar\/\">gott om webbplatser<\/a> d\u00e4r du kan hitta kvinnor som letar efter m\u00e4n. Dessa webbplatser inkluderar OkCupid, Match.com, PlentyOfFish och Tinder.<\/p>\n<p>OkCupid \u00e4r gratis, men du m\u00e5ste betala <a href=\"http:\/\/wank.io\/sv\/aldre-man-soker-yngre-kvinnor\/\">\u00e4ldre m\u00e4n yngre kvinnor<\/a> f\u00f6r att skicka meddelanden. Match.com m\u00e5nadsavgifter, men du kan anv\u00e4nda den gratis tills du hittar en matchning. PlentyofFish \u00e4r gratis, men du kan bara s\u00f6ka efter lokala matchningar. Tinder \u00e4r gratis, men du m\u00e5ste betala f\u00f6r att skicka meddelanden och visa profiler.<\/p>\n<p><img loading=\"lazy\" class=\"aligncenter size-large wp-image-106\" src=\"http:\/\/dontacceptrape.com\/wp-content\/uploads\/2022\/07\/online-dating-1024x683.jpeg\" alt=\"\" width=\"640\" height=\"427\" srcset=\"https:\/\/dontacceptrape.com\/wp-content\/uploads\/2022\/07\/online-dating-1024x683.jpeg 1024w, https:\/\/dontacceptrape.com\/wp-content\/uploads\/2022\/07\/online-dating-300x200.jpeg 300w, https:\/\/dontacceptrape.com\/wp-content\/uploads\/2022\/07\/online-dating-768x512.jpeg 768w, https:\/\/dontacceptrape.com\/wp-content\/uploads\/2022\/07\/online-dating.jpeg 1125w\" sizes=\"(max-width: 640px) 100vw, 640px\" \/><\/p>\n<h2>Topp 3 appar att prova ist\u00e4llet f\u00f6r kontaktyer<\/h2>\n<p>Om du letar efter ett seri\u00f6st f\u00f6rh\u00e5llande \u00e4r dessa webbplatser inte f\u00f6r dig. Men om du bara letar efter n\u00e5gra avslappnade datum \u00e4r de precis vad du beh\u00f6ver &#8230;<\/p>\n<h3>Fn\u00f6ske<\/h3>\n<p>Tinder \u00e4r inte ett <a href=\"https:\/\/dontacceptrape.com\/sv\/hitta-inga-strangar-kopplade-sex-ikvall\/\">bra alternativ f\u00f6r kontaktpersonligheterna<\/a>. Det finns m\u00e5nga anledningar till varf\u00f6r. En av dem \u00e4r det faktum att de erbjuder v\u00e4ldigt f\u00e5 aktiviteter. Dating handlar mest om att hitta n\u00e5gon hittills, vilket inneb\u00e4r att du m\u00e5ste s\u00f6ka igenom profiler och meddelanden f\u00f6r n\u00e5gon som \u00e4r intresserad av dig. Om du letar efter en aktivitet b\u00f6r du prova Adult Friend Finder eller kanske till och med Ashley Madison. Dessa tv\u00e5 webbplatser \u00e4r speciellt utformade f\u00f6r vuxna som s\u00f6ker sexuella m\u00f6ten. Du kommer ocks\u00e5 att m\u00e4rka att du kommer att <a href=\"http:\/\/www.singles-sites.com\/sv\/aldre-kvinnor-som-letar-efter-yngre-man-for-sex\/\">sex \u00e4ldre kvinnor yngre m\u00e4n<\/a> se mycket fler annonser p\u00e5 Ashley Madison-webbplatsen \u00e4n du kommer att g\u00f6ra p\u00e5 Craigslist Personals. Om du vill tr\u00e4ffa n\u00e5gon f\u00f6r ett avslappnat m\u00f6te, b\u00f6r du definitivt kolla in dessa tv\u00e5 webbplatser.<\/p>\n<h3>Kasual<\/h3>\n<p>Kasual \u00e4r en mobilapp som till\u00e5ter anv\u00e4ndare att s\u00f6ka efter likasinnade individer i sitt omr\u00e5de.<\/p>\n<p>Det h\u00e4r \u00e4r inte den b\u00e4sta appen f\u00f6r dem som letar efter ett seri\u00f6st f\u00f6rh\u00e5llande. Ist\u00e4llet v\u00e4nder sig appen till anslutningsmassan, avslappnade daters som bara beh\u00f6ver n\u00e5got riktigt n\u00e4r som helst. Om du \u00e4r i ditt livs skede n\u00e4r du inte har tid att engagera dig, \u00e4r Kasual en perfekt l\u00f6sning f\u00f6r dina dejtingbehov. Du f\u00e5r tillg\u00e5ng till en enorm pool av anv\u00e4ndare, vilket g\u00f6r det l\u00e4ttare att tr\u00e4ffa nya m\u00e4nniskor. Och om du inte \u00e4r redo f\u00f6r ett seri\u00f6st f\u00f6rh\u00e5llande kan du fortfarande njuta av f\u00f6rdelarna med att tr\u00e4ffa n\u00e5gon ny.<\/p>\n<h3>Vuxen v\u00e4n Finder<\/h3>\n<p>AFF \u00e4r ett bra st\u00e4lle att tr\u00e4ffa kvinnor som <a href=\"http:\/\/www.free-sex-games-no-credit-card.com\/cs\/\">porno hry zdarma<\/a> letar efter avslappnad sex. Du kan s\u00f6ka efter specifika typer av partners som pumor, MILFs, BBWs, etc. Det finns ocks\u00e5 grupper som du kan g\u00e5 med i f\u00f6r att f\u00e5 kontakt med andra medlemmar. Om du inte \u00e4r intresserad av att tr\u00e4ffa n\u00e5gon direkt kan du bl\u00e4ddra bland profiler och skicka meddelanden till potentiella datum. N\u00e4r du har hittat en matchning kan du chatta med dem via videosamtal. Du kan till och med fr\u00e5ga din dejt p\u00e5 en f\u00f6rsta dejt om du vill!<\/p>\n","protected":false},"excerpt":{"rendered":"<p>Anslutningar \u00e4r ett bra s\u00e4tt att tr\u00e4ffa kvinnor online, men de \u00e4r inte f\u00f6r alla. S\u00e5 om du letar efter ett l\u00e5ngsiktigt f\u00f6rh\u00e5llande kan du vara b\u00e4ttre att tr\u00e4ffa kvinnor offline. Men om du bara vill prova lite avslappnad dejting&#8230;<\/p>\n","protected":false},"author":1,"featured_media":0,"parent":0,"menu_order":0,"comment_status":"closed","ping_status":"closed","template":"","meta":[],"yoast_head":"<!-- This site is optimized with the Yoast SEO plugin v19.2 - https:\/\/yoast.com\/wordpress\/plugins\/seo\/ -->\n<title>Gratis Sex Kontaktyrer - Acceptera inte<\/title>\n<meta name=\"robots\" content=\"index, follow, max-snippet:-1, max-image-preview:large, max-video-preview:-1\" \/>\n<link rel=\"canonical\" href=\"https:\/\/dontacceptrape.com\/sv\/gratis-sex-kontaktyrer\/\" \/>\n<meta property=\"og:locale\" content=\"sv_SE\" \/>\n<meta property=\"og:type\" content=\"article\" \/>\n<meta property=\"og:title\" content=\"Gratis Sex Kontaktyrer - Acceptera inte\" \/>\n<meta property=\"og:description\" content=\"Anslutningar \u00e4r ett bra s\u00e4tt att tr\u00e4ffa kvinnor online, men de \u00e4r inte f\u00f6r alla. S\u00e5 om du letar efter ett l\u00e5ngsiktigt f\u00f6rh\u00e5llande kan du vara b\u00e4ttre att tr\u00e4ffa kvinnor offline. Men om du bara vill prova lite avslappnad dejting...\" \/>\n<meta property=\"og:url\" content=\"https:\/\/dontacceptrape.com\/sv\/gratis-sex-kontaktyrer\/\" \/>\n<meta property=\"og:site_name\" content=\"Acceptera inte\" \/>\n<meta property=\"article:modified_time\" content=\"2022-07-20T18:01:48+00:00\" \/>\n<meta property=\"og:image\" content=\"http:\/\/dontacceptrape.com\/wp-content\/uploads\/2022\/07\/online-dating-1024x683.jpeg\" \/>\n<meta name=\"author\" content=\"Don&#039;t Accept Rape\" \/>\n<meta name=\"twitter:card\" content=\"summary_large_image\" \/>\n<meta name=\"twitter:label1\" content=\"Ber\u00e4knad l\u00e4stid\" \/>\n\t<meta name=\"twitter:data1\" content=\"3 minuter\" \/>\n<script type=\"application\/ld+json\" class=\"yoast-schema-graph\">{\"@context\":\"https:\/\/schema.org\",\"@graph\":[{\"@type\":\"WebSite\",\"@id\":\"https:\/\/dontacceptrape.com\/#website\",\"url\":\"https:\/\/dontacceptrape.com\/\",\"name\":\"Acceptera inte\",\"description\":\"Riktig anslutningschatt\",\"potentialAction\":[{\"@type\":\"SearchAction\",\"target\":{\"@type\":\"EntryPoint\",\"urlTemplate\":\"https:\/\/dontacceptrape.com\/?s={search_term_string}\"},\"query-input\":\"required name=search_term_string\"}],\"inLanguage\":\"sv-SE\"},{\"@type\":\"ImageObject\",\"inLanguage\":\"sv-SE\",\"@id\":\"https:\/\/dontacceptrape.com\/sv\/gratis-sex-kontaktyrer\/#primaryimage\",\"url\":\"https:\/\/dontacceptrape.com\/wp-content\/uploads\/2022\/07\/online-dating.jpeg\",\"contentUrl\":\"https:\/\/dontacceptrape.com\/wp-content\/uploads\/2022\/07\/online-dating.jpeg\",\"width\":1125,\"height\":750},{\"@type\":\"WebPage\",\"@id\":\"https:\/\/dontacceptrape.com\/sv\/gratis-sex-kontaktyrer\/#webpage\",\"url\":\"https:\/\/dontacceptrape.com\/sv\/gratis-sex-kontaktyrer\/\",\"name\":\"Gratis Sex Kontaktyrer - Acceptera inte\",\"isPartOf\":{\"@id\":\"https:\/\/dontacceptrape.com\/#website\"},\"primaryImageOfPage\":{\"@id\":\"https:\/\/dontacceptrape.com\/sv\/gratis-sex-kontaktyrer\/#primaryimage\"},\"datePublished\":\"2022-07-04T10:38:48+00:00\",\"dateModified\":\"2022-07-20T18:01:48+00:00\",\"breadcrumb\":{\"@id\":\"https:\/\/dontacceptrape.com\/sv\/gratis-sex-kontaktyrer\/#breadcrumb\"},\"inLanguage\":\"sv-SE\",\"potentialAction\":[{\"@type\":\"ReadAction\",\"target\":[\"https:\/\/dontacceptrape.com\/sv\/gratis-sex-kontaktyrer\/\"]}]},{\"@type\":\"BreadcrumbList\",\"@id\":\"https:\/\/dontacceptrape.com\/sv\/gratis-sex-kontaktyrer\/#breadcrumb\",\"itemListElement\":[{\"@type\":\"ListItem\",\"position\":1,\"name\":\"Hem\",\"item\":\"http:\/\/dontacceptrape.com\/sv\/\"},{\"@type\":\"ListItem\",\"position\":2,\"name\":\"Gratis Sex Kontaktyrer\"}]}]}<\/script>\n<!-- \/ Yoast SEO plugin. -->","yoast_head_json":{"title":"Gratis Sex Kontaktyrer - Acceptera inte","robots":{"index":"index","follow":"follow","max-snippet":"max-snippet:-1","max-image-preview":"max-image-preview:large","max-video-preview":"max-video-preview:-1"},"canonical":"https:\/\/dontacceptrape.com\/sv\/gratis-sex-kontaktyrer\/","og_locale":"sv_SE","og_type":"article","og_title":"Gratis Sex Kontaktyrer - Acceptera inte","og_description":"Anslutningar \u00e4r ett bra s\u00e4tt att tr\u00e4ffa kvinnor online, men de \u00e4r inte f\u00f6r alla. S\u00e5 om du letar efter ett l\u00e5ngsiktigt f\u00f6rh\u00e5llande kan du vara b\u00e4ttre att tr\u00e4ffa kvinnor offline. Men om du bara vill prova lite avslappnad dejting...","og_url":"https:\/\/dontacceptrape.com\/sv\/gratis-sex-kontaktyrer\/","og_site_name":"Acceptera inte","article_modified_time":"2022-07-20T18:01:48+00:00","og_image":[{"url":"http:\/\/dontacceptrape.com\/wp-content\/uploads\/2022\/07\/online-dating-1024x683.jpeg"}],"author":"Don't Accept Rape","twitter_card":"summary_large_image","twitter_misc":{"Ber\u00e4knad l\u00e4stid":"3 minuter"},"schema":{"@context":"https:\/\/schema.org","@graph":[{"@type":"WebSite","@id":"https:\/\/dontacceptrape.com\/#website","url":"https:\/\/dontacceptrape.com\/","name":"Acceptera inte","description":"Riktig anslutningschatt","potentialAction":[{"@type":"SearchAction","target":{"@type":"EntryPoint","urlTemplate":"https:\/\/dontacceptrape.com\/?s={search_term_string}"},"query-input":"required name=search_term_string"}],"inLanguage":"sv-SE"},{"@type":"ImageObject","inLanguage":"sv-SE","@id":"https:\/\/dontacceptrape.com\/sv\/gratis-sex-kontaktyrer\/#primaryimage","url":"https:\/\/dontacceptrape.com\/wp-content\/uploads\/2022\/07\/online-dating.jpeg","contentUrl":"https:\/\/dontacceptrape.com\/wp-content\/uploads\/2022\/07\/online-dating.jpeg","width":1125,"height":750},{"@type":"WebPage","@id":"https:\/\/dontacceptrape.com\/sv\/gratis-sex-kontaktyrer\/#webpage","url":"https:\/\/dontacceptrape.com\/sv\/gratis-sex-kontaktyrer\/","name":"Gratis Sex Kontaktyrer - Acceptera inte","isPartOf":{"@id":"https:\/\/dontacceptrape.com\/#website"},"primaryImageOfPage":{"@id":"https:\/\/dontacceptrape.com\/sv\/gratis-sex-kontaktyrer\/#primaryimage"},"datePublished":"2022-07-04T10:38:48+00:00","dateModified":"2022-07-20T18:01:48+00:00","breadcrumb":{"@id":"https:\/\/dontacceptrape.com\/sv\/gratis-sex-kontaktyrer\/#breadcrumb"},"inLanguage":"sv-SE","potentialAction":[{"@type":"ReadAction","target":["https:\/\/dontacceptrape.com\/sv\/gratis-sex-kontaktyrer\/"]}]},{"@type":"BreadcrumbList","@id":"https:\/\/dontacceptrape.com\/sv\/gratis-sex-kontaktyrer\/#breadcrumb","itemListElement":[{"@type":"ListItem","position":1,"name":"Hem","item":"http:\/\/dontacceptrape.com\/sv\/"},{"@type":"ListItem","position":2,"name":"Gratis Sex Kontaktyrer"}]}]}},"_links":{"self":[{"href":"https:\/\/dontacceptrape.com\/sv\/wp-json\/wp\/v2\/pages\/184"}],"collection":[{"href":"https:\/\/dontacceptrape.com\/sv\/wp-json\/wp\/v2\/pages"}],"about":[{"href":"https:\/\/dontacceptrape.com\/sv\/wp-json\/wp\/v2\/types\/page"}],"author":[{"embeddable":true,"href":"https:\/\/dontacceptrape.com\/sv\/wp-json\/wp\/v2\/users\/1"}],"replies":[{"embeddable":true,"href":"https:\/\/dontacceptrape.com\/sv\/wp-json\/wp\/v2\/comments?post=184"}],"version-history":[{"count":1,"href":"https:\/\/dontacceptrape.com\/sv\/wp-json\/wp\/v2\/pages\/184\/revisions"}],"predecessor-version":[{"id":273,"href":"https:\/\/dontacceptrape.com\/sv\/wp-json\/wp\/v2\/pages\/184\/revisions\/273"}],"wp:attachment":[{"href":"https:\/\/dontacceptrape.com\/sv\/wp-json\/wp\/v2\/media?parent=184"}],"curies":[{"name":"wp","href":"https:\/\/api.w.org\/{rel}","templated":true}]}}