{"id":172,"date":"2022-07-04T11:47:29","date_gmt":"2022-07-04T10:47:29","guid":{"rendered":"http:\/\/dontacceptrape.com\/vad-du-ska-se-upp-for-med-anslutningsappar\/"},"modified":"2022-07-20T19:00:37","modified_gmt":"2022-07-20T18:00:37","slug":"vad-du-ska-se-upp-for-med-anslutningsappar","status":"publish","type":"page","link":"https:\/\/dontacceptrape.com\/sv\/vad-du-ska-se-upp-for-med-anslutningsappar\/","title":{"rendered":"Vad du ska se upp f\u00f6r med anslutningsappar"},"content":{"rendered":"<p>N\u00e4r du g\u00e5r med i dessa typer av webbplatser hittar du andra som \u00e4r precis som du &#8211; m\u00e4nniskor som letar efter avslappnad dejting.<\/p>\n<p>N\u00e4r du har hittat en grupp m\u00e4nniskor som delar ditt intresse f\u00f6r <a href=\"http:\/\/dontacceptrape.com\/sv\/hitta-inga-strangar-kopplade-sex-ikvall\/\">avslappnad dejting<\/a> kan du anv\u00e4nda dem som referenser n\u00e4r du g\u00e5r ut p\u00e5 datum. De kan ber\u00e4tta vad som fungerar och inte fungerar i avslappnad dejting, och de kan hj\u00e4lpa dig att undvika vanliga misstag. En av de viktigaste sakerna att komma ih\u00e5g n\u00e4r man g\u00e5r p\u00e5 avslappnade datum \u00e4r att h\u00e5lla saker l\u00e4ttsamma. Ta inte dig sj\u00e4lv p\u00e5 f\u00f6r stort allvar. Var dig sj\u00e4lv och l\u00e5t din personlighet lysa igenom.<\/p>\n<p>Kom ih\u00e5g att avslappnad dejting inte \u00e4r allvarlig. Det \u00e4r t\u00e4nkt att vara roligt, inte stressigt. S\u00e5 slappna av och ha kul! Om du letar efter gratis dejtingsappar finns det m\u00e5nga alternativ tillg\u00e4ngliga. Men inte alla \u00e4r skapade lika. Vissa \u00e4r bara gimmicks, medan andra \u00e4r legitima verktyg f\u00f6r att hitta datum.<\/p>\n<p><img loading=\"lazy\" class=\"size-large wp-image-56 aligncenter\" src=\"http:\/\/dontacceptrape.com\/wp-content\/uploads\/2022\/07\/casual-hookup-1024x683.jpeg\" alt=\"\" width=\"640\" height=\"427\" srcset=\"https:\/\/dontacceptrape.com\/wp-content\/uploads\/2022\/07\/casual-hookup-1024x683.jpeg 1024w, https:\/\/dontacceptrape.com\/wp-content\/uploads\/2022\/07\/casual-hookup-300x200.jpeg 300w, https:\/\/dontacceptrape.com\/wp-content\/uploads\/2022\/07\/casual-hookup-768x512.jpeg 768w, https:\/\/dontacceptrape.com\/wp-content\/uploads\/2022\/07\/casual-hookup.jpeg 1125w\" sizes=\"(max-width: 640px) 100vw, 640px\" \/><\/p>\n<h2>Vad ska man se upp f\u00f6r?<\/h2>\n<p>F\u00f6r att hj\u00e4lpa dig att best\u00e4mma vilka som \u00e4r v\u00e4rda din tid <a href=\"https:\/\/adultxxxdate.net\/sv\/gratis-sex-nara-mig\/\">gratis sexsajt<\/a>, h\u00e4r \u00e4r n\u00e5gra tips f\u00f6r att utv\u00e4rdera gratis dejtingsappar:<\/p>\n<h3>Titta p\u00e5 appens betyg.<\/h3>\n<p>Gratis dejtingsappar kommer vanligtvis med ett stj\u00e4rnklassificeringssystem, d\u00e4r anv\u00e4ndare betygs\u00e4tter appen baserat p\u00e5 dess funktioner och funktionalitet. Ju h\u00f6gre betyg, desto b\u00e4ttre app.<\/p>\n<h3>Kolla in recensioner<\/h3>\n<p>Recensioner publiceras ofta online, antingen av utvecklaren <a href=\"https:\/\/www.singles-in-my-area.com\/sv\/\">k\u00e5ta kvinnor<\/a> eller av anv\u00e4ndare som redan har anv\u00e4nt appen. Recensioner ger dig insikt i om appen fungerar bra och ger v\u00e4rde till sina anv\u00e4ndare.<\/p>\n<h3>L\u00e4s anv\u00e4ndarkommentarer<\/h3>\n<p>Anv\u00e4ndarkommentarer \u00e4r ett annat s\u00e4tt att l\u00e4ra sig mer om appen. De kan inneh\u00e5lla anv\u00e4ndbar information, till exempel tips om hur du anv\u00e4nder appen, f\u00f6rslag p\u00e5 f\u00f6rb\u00e4ttringar eller klagom\u00e5l om buggar.<\/p>\n<h3>T\u00e4nk p\u00e5 kostnaden<\/h3>\n<p>Vissa gratis dejtingsappar \u00e4r helt gratis, medan andra kr\u00e4ver betalning. Gratis dejtingsappar tenderar att vara enklare \u00e4n betalda appar, s\u00e5 de \u00e4r perfekta f\u00f6r dem som inte \u00e4r redo att beg\u00e5 \u00e4nnu. Betalda appar erbjuder vanligtvis fler funktioner och funktioner, vilket g\u00f6r dem idealiska f\u00f6r m\u00e4nniskor som vill hitta k\u00e4rleken snabbt.<\/p>\n<h2>Hittar du din fling?<\/h2>\n<p>De flesta anslutningswebbplatser erbjuder medlemskap <a href=\"http:\/\/wank.io\/da\/bedste-bdsm-websteder\/\">gratis sex dating<\/a> som inkluderar tillg\u00e5ng till specialfunktioner, till exempel live webbkameror, privata meddelanden och videochattrum.<\/p>\n<p>Om du letar efter en snabb fling kan anslutningswebbplatser vara perfekta f\u00f6r dig. Men om du letar efter ett l\u00e5ngvarigt f\u00f6rh\u00e5llande \u00e4r anslutningswebbplatser inte platsen att hitta den.<\/p>\n<p>Prova ist\u00e4llet dejtingsajter eller appar som \u00e4r utformade speciellt f\u00f6r att hitta l\u00e5ngsiktiga relationer.<\/p>\n<p>Att ansluta online \u00e4r ett utm\u00e4rkt s\u00e4tt att hitta avslappnade sexpartners. Men det finns m\u00e5nga olika typer av webbplatser d\u00e4r ute, var och en catering till en viss typ av person. Det finns ocks\u00e5 webbplatser som tillgodoser m\u00e4nniskor som letar efter v\u00e4nner med f\u00f6rm\u00e5ner, eller bara v\u00e4nner med f\u00f6rm\u00e5ner. Dessa webbplatser \u00e4r vanligtvis inriktade p\u00e5 \u00e4ldre vuxna, men yngre m\u00e4nniskor v\u00e4nder sig alltmer till dem ocks\u00e5.<\/p>\n","protected":false},"excerpt":{"rendered":"<p>N\u00e4r du g\u00e5r med i dessa typer av webbplatser hittar du andra som \u00e4r precis som du &#8211; m\u00e4nniskor som letar efter avslappnad dejting. N\u00e4r du har hittat en grupp m\u00e4nniskor som delar ditt intresse f\u00f6r avslappnad dejting kan du&#8230;<\/p>\n","protected":false},"author":1,"featured_media":0,"parent":0,"menu_order":0,"comment_status":"closed","ping_status":"closed","template":"","meta":[],"yoast_head":"<!-- This site is optimized with the Yoast SEO plugin v19.2 - https:\/\/yoast.com\/wordpress\/plugins\/seo\/ -->\n<title>Vad du ska se upp f\u00f6r med anslutningsappar - Acceptera inte<\/title>\n<meta name=\"robots\" content=\"index, follow, max-snippet:-1, max-image-preview:large, max-video-preview:-1\" \/>\n<link rel=\"canonical\" href=\"https:\/\/dontacceptrape.com\/sv\/vad-du-ska-se-upp-for-med-anslutningsappar\/\" \/>\n<meta property=\"og:locale\" content=\"sv_SE\" \/>\n<meta property=\"og:type\" content=\"article\" \/>\n<meta property=\"og:title\" content=\"Vad du ska se upp f\u00f6r med anslutningsappar - Acceptera inte\" \/>\n<meta property=\"og:description\" content=\"N\u00e4r du g\u00e5r med i dessa typer av webbplatser hittar du andra som \u00e4r precis som du &#8211; m\u00e4nniskor som letar efter avslappnad dejting. N\u00e4r du har hittat en grupp m\u00e4nniskor som delar ditt intresse f\u00f6r avslappnad dejting kan du...\" \/>\n<meta property=\"og:url\" content=\"https:\/\/dontacceptrape.com\/sv\/vad-du-ska-se-upp-for-med-anslutningsappar\/\" \/>\n<meta property=\"og:site_name\" content=\"Acceptera inte\" \/>\n<meta property=\"article:modified_time\" content=\"2022-07-20T18:00:37+00:00\" \/>\n<meta property=\"og:image\" content=\"http:\/\/dontacceptrape.com\/wp-content\/uploads\/2022\/07\/casual-hookup-1024x683.jpeg\" \/>\n<meta name=\"author\" content=\"Don&#039;t Accept Rape\" \/>\n<meta name=\"twitter:card\" content=\"summary_large_image\" \/>\n<meta name=\"twitter:label1\" content=\"Ber\u00e4knad l\u00e4stid\" \/>\n\t<meta name=\"twitter:data1\" content=\"3 minuter\" \/>\n<script type=\"application\/ld+json\" class=\"yoast-schema-graph\">{\"@context\":\"https:\/\/schema.org\",\"@graph\":[{\"@type\":\"WebSite\",\"@id\":\"http:\/\/dontacceptrape.com\/es\/#website\",\"url\":\"http:\/\/dontacceptrape.com\/es\/\",\"name\":\"Acceptera inte\",\"description\":\"Riktig anslutningschatt\",\"potentialAction\":[{\"@type\":\"SearchAction\",\"target\":{\"@type\":\"EntryPoint\",\"urlTemplate\":\"http:\/\/dontacceptrape.com\/es\/?s={search_term_string}\"},\"query-input\":\"required name=search_term_string\"}],\"inLanguage\":\"sv-SE\"},{\"@type\":\"ImageObject\",\"inLanguage\":\"sv-SE\",\"@id\":\"https:\/\/dontacceptrape.com\/sv\/vad-du-ska-se-upp-for-med-anslutningsappar\/#primaryimage\",\"url\":\"https:\/\/dontacceptrape.com\/wp-content\/uploads\/2022\/07\/casual-hookup.jpeg\",\"contentUrl\":\"https:\/\/dontacceptrape.com\/wp-content\/uploads\/2022\/07\/casual-hookup.jpeg\",\"width\":1125,\"height\":750},{\"@type\":\"WebPage\",\"@id\":\"https:\/\/dontacceptrape.com\/sv\/vad-du-ska-se-upp-for-med-anslutningsappar\/#webpage\",\"url\":\"https:\/\/dontacceptrape.com\/sv\/vad-du-ska-se-upp-for-med-anslutningsappar\/\",\"name\":\"Vad du ska se upp f\u00f6r med anslutningsappar - Acceptera inte\",\"isPartOf\":{\"@id\":\"http:\/\/dontacceptrape.com\/es\/#website\"},\"primaryImageOfPage\":{\"@id\":\"https:\/\/dontacceptrape.com\/sv\/vad-du-ska-se-upp-for-med-anslutningsappar\/#primaryimage\"},\"datePublished\":\"2022-07-04T10:47:29+00:00\",\"dateModified\":\"2022-07-20T18:00:37+00:00\",\"breadcrumb\":{\"@id\":\"https:\/\/dontacceptrape.com\/sv\/vad-du-ska-se-upp-for-med-anslutningsappar\/#breadcrumb\"},\"inLanguage\":\"sv-SE\",\"potentialAction\":[{\"@type\":\"ReadAction\",\"target\":[\"https:\/\/dontacceptrape.com\/sv\/vad-du-ska-se-upp-for-med-anslutningsappar\/\"]}]},{\"@type\":\"BreadcrumbList\",\"@id\":\"https:\/\/dontacceptrape.com\/sv\/vad-du-ska-se-upp-for-med-anslutningsappar\/#breadcrumb\",\"itemListElement\":[{\"@type\":\"ListItem\",\"position\":1,\"name\":\"Hem\",\"item\":\"http:\/\/dontacceptrape.com\/sv\/\"},{\"@type\":\"ListItem\",\"position\":2,\"name\":\"Vad du ska se upp f\u00f6r med anslutningsappar\"}]}]}<\/script>\n<!-- \/ Yoast SEO plugin. -->","yoast_head_json":{"title":"Vad du ska se upp f\u00f6r med anslutningsappar - Acceptera inte","robots":{"index":"index","follow":"follow","max-snippet":"max-snippet:-1","max-image-preview":"max-image-preview:large","max-video-preview":"max-video-preview:-1"},"canonical":"https:\/\/dontacceptrape.com\/sv\/vad-du-ska-se-upp-for-med-anslutningsappar\/","og_locale":"sv_SE","og_type":"article","og_title":"Vad du ska se upp f\u00f6r med anslutningsappar - Acceptera inte","og_description":"N\u00e4r du g\u00e5r med i dessa typer av webbplatser hittar du andra som \u00e4r precis som du &#8211; m\u00e4nniskor som letar efter avslappnad dejting. N\u00e4r du har hittat en grupp m\u00e4nniskor som delar ditt intresse f\u00f6r avslappnad dejting kan du...","og_url":"https:\/\/dontacceptrape.com\/sv\/vad-du-ska-se-upp-for-med-anslutningsappar\/","og_site_name":"Acceptera inte","article_modified_time":"2022-07-20T18:00:37+00:00","og_image":[{"url":"http:\/\/dontacceptrape.com\/wp-content\/uploads\/2022\/07\/casual-hookup-1024x683.jpeg"}],"author":"Don't Accept Rape","twitter_card":"summary_large_image","twitter_misc":{"Ber\u00e4knad l\u00e4stid":"3 minuter"},"schema":{"@context":"https:\/\/schema.org","@graph":[{"@type":"WebSite","@id":"http:\/\/dontacceptrape.com\/es\/#website","url":"http:\/\/dontacceptrape.com\/es\/","name":"Acceptera inte","description":"Riktig anslutningschatt","potentialAction":[{"@type":"SearchAction","target":{"@type":"EntryPoint","urlTemplate":"http:\/\/dontacceptrape.com\/es\/?s={search_term_string}"},"query-input":"required name=search_term_string"}],"inLanguage":"sv-SE"},{"@type":"ImageObject","inLanguage":"sv-SE","@id":"https:\/\/dontacceptrape.com\/sv\/vad-du-ska-se-upp-for-med-anslutningsappar\/#primaryimage","url":"https:\/\/dontacceptrape.com\/wp-content\/uploads\/2022\/07\/casual-hookup.jpeg","contentUrl":"https:\/\/dontacceptrape.com\/wp-content\/uploads\/2022\/07\/casual-hookup.jpeg","width":1125,"height":750},{"@type":"WebPage","@id":"https:\/\/dontacceptrape.com\/sv\/vad-du-ska-se-upp-for-med-anslutningsappar\/#webpage","url":"https:\/\/dontacceptrape.com\/sv\/vad-du-ska-se-upp-for-med-anslutningsappar\/","name":"Vad du ska se upp f\u00f6r med anslutningsappar - Acceptera inte","isPartOf":{"@id":"http:\/\/dontacceptrape.com\/es\/#website"},"primaryImageOfPage":{"@id":"https:\/\/dontacceptrape.com\/sv\/vad-du-ska-se-upp-for-med-anslutningsappar\/#primaryimage"},"datePublished":"2022-07-04T10:47:29+00:00","dateModified":"2022-07-20T18:00:37+00:00","breadcrumb":{"@id":"https:\/\/dontacceptrape.com\/sv\/vad-du-ska-se-upp-for-med-anslutningsappar\/#breadcrumb"},"inLanguage":"sv-SE","potentialAction":[{"@type":"ReadAction","target":["https:\/\/dontacceptrape.com\/sv\/vad-du-ska-se-upp-for-med-anslutningsappar\/"]}]},{"@type":"BreadcrumbList","@id":"https:\/\/dontacceptrape.com\/sv\/vad-du-ska-se-upp-for-med-anslutningsappar\/#breadcrumb","itemListElement":[{"@type":"ListItem","position":1,"name":"Hem","item":"http:\/\/dontacceptrape.com\/sv\/"},{"@type":"ListItem","position":2,"name":"Vad du ska se upp f\u00f6r med anslutningsappar"}]}]}},"_links":{"self":[{"href":"https:\/\/dontacceptrape.com\/sv\/wp-json\/wp\/v2\/pages\/172"}],"collection":[{"href":"https:\/\/dontacceptrape.com\/sv\/wp-json\/wp\/v2\/pages"}],"about":[{"href":"https:\/\/dontacceptrape.com\/sv\/wp-json\/wp\/v2\/types\/page"}],"author":[{"embeddable":true,"href":"https:\/\/dontacceptrape.com\/sv\/wp-json\/wp\/v2\/users\/1"}],"replies":[{"embeddable":true,"href":"https:\/\/dontacceptrape.com\/sv\/wp-json\/wp\/v2\/comments?post=172"}],"version-history":[{"count":1,"href":"https:\/\/dontacceptrape.com\/sv\/wp-json\/wp\/v2\/pages\/172\/revisions"}],"predecessor-version":[{"id":270,"href":"https:\/\/dontacceptrape.com\/sv\/wp-json\/wp\/v2\/pages\/172\/revisions\/270"}],"wp:attachment":[{"href":"https:\/\/dontacceptrape.com\/sv\/wp-json\/wp\/v2\/media?parent=172"}],"curies":[{"name":"wp","href":"https:\/\/api.w.org\/{rel}","templated":true}]}}