{"id":210,"date":"2022-07-04T11:30:26","date_gmt":"2022-07-04T10:30:26","guid":{"rendered":"http:\/\/dontacceptrape.com\/sites-de-sexting-gratuitos-para-solteiros\/"},"modified":"2022-07-07T15:36:34","modified_gmt":"2022-07-07T14:36:34","slug":"sites-de-sexting-gratuitos-para-solteiros","status":"publish","type":"page","link":"https:\/\/dontacceptrape.com\/pt-pt\/sites-de-sexting-gratuitos-para-solteiros\/","title":{"rendered":"Sites de sexting gratuitos para solteiros"},"content":{"rendered":"<p>Os melhores sites de sexo gratuito est\u00e3o aqui para proporcionar algum al\u00edvio quando voc\u00ea procura ser malcriado com algu\u00e9m on-line que quer faz\u00ea-lo com o seu corpo. Estes sites e aplicativos permitir-lhe-\u00e3o ter algumas conversas sexy e sext com outros que est\u00e3o procurando alguma divers\u00e3o com voc\u00ea. A nossa lista dos 4 melhores tem tudo para te ajudar a assustar-te <a href=\"https:\/\/www.sites-de-namoro.com\">Sites-de-Namoro.com<\/a> com as palavras!<\/p>\n<h2>Descobridor de amigo adulto<\/h2>\n<p>AFF foi projetado para ser um lugar divertido para conhecer <a href=\"https:\/\/dontacceptrape.com\/pt-pt\/clubes-locais-de-namoro-para-adultos\/\">adultos que procuram o amor<\/a>. Voc\u00ea tamb\u00e9m pode conversar com outros utilizadores sobre qualquer coisa sob o sol, incluindo pol\u00edtica, religi\u00e3o, sexo, esportes ou apenas t\u00f3picos da vida geral. Se estiver interessado em conhecer algu\u00e9m especial, pode sair para tomar um caf\u00e9 ou bebidas.<\/p>\n<h2>Jerkmate<\/h2>\n<p>Jerkmate \u00e9 um site de webcam adulto que permite ver v\u00eddeos er\u00f3ticos com meninas <a href=\"http:\/\/www.encontros-para-sexo.com\/procuro-namorada-assunto-serio\/\">procuro namorada<\/a> e meninos amadores reais. Tamb\u00e9m pode interagir com eles atrav\u00e9s de mensagens de texto, chamadas \u00e1udio e chat de v\u00eddeo. Se queres ver corpos nus, ent\u00e3o este \u00e9 o s\u00edtio onde quer ir! um site existe que milhares de modelos de homens sexy ricos que procuram para todas as jovens em torno de meninas do mundo, alugar e eles l\u00e1 fora \u00e9 para algo sexo. pois s\u00e3o todos. a Se muito populares preferem o solo de escolha entre os espet\u00e1culos ou quem o hardcore quer a\u00e7\u00e3o, para si ir\u00e1 al\u00e9m de encontrar apenas todas as aventuras casuais. direito Se aqui. n\u00e3o est\u00e1s a conversar, \u00e9 muito simples e r\u00e1pido. coisa, Voc\u00ea pode escolher muito para ver outros perfis, op\u00e7\u00f5es enviadas dispon\u00edveis. mensagens, Alguns e sites fazem perguntas gratuitas, enquanto qualquer outras relacionadas exigem registar as taxas.<\/p>\n<h2>Ashley Madison<\/h2>\n<p>Ashley Madison (AM) \u00e9 uma das melhores aplica\u00e7\u00f5es de encontros gratuitas dispon\u00edveis online hoje. Se procura um caso discreto com uma mulher ou um homem casados, a am \u00e9 provavelmente o lugar para si. Como uma aplica\u00e7\u00e3o desenhada especificamente para enganar os c\u00f4njuges, oferece muitos benef\u00edcios em rela\u00e7\u00e3o aos seus concorrentes. Ao contr\u00e1rio <a href=\"http:\/\/www.solteros-locales.com\/paginas-de-follamigos\/\">follamigos<\/a> de outras aplica\u00e7\u00f5es de encontros, a AM n\u00e3o exige que os utilizadores partilhem informa\u00e7\u00f5es pessoais, tornando-a uma das op\u00e7\u00f5es mais seguras por a\u00ed. Pode namoriscar com outros utilizadores sem partilhar a sua identidade e localiza\u00e7\u00e3o reais, ao mesmo tempo que consegue conectar-se com outros atrav\u00e9s da webcam. H\u00e1 at\u00e9 uma sec\u00e7\u00e3o no site dedicada a ajud\u00e1-lo a fazer batota em seguran\u00e7a.<\/p>\n<h2>Procurando<\/h2>\n<p>Procurar \u00e9 um site de encontros que permite aos utilizadores conectarem-se com outros <a href=\"http:\/\/www.citas-con-mujeres.com\/mejores-webs-para-ligar-gratis\/\">pagina ligar gratis<\/a> indiv\u00edduos que procuram relacionamentos discretos. Pode escolher se cria uma conta gratuitamente ou se prefere pagar com criptomoeda para aceder a funcionalidades premium. Se est\u00e1s a falar a s\u00e9rio sobre encontrar o amor online, ent\u00e3o procurar pode ser o que precisas.<\/p>\n<h2>Devias come\u00e7ar a fazer sexo?<\/h2>\n<p>Nunca vais precisar de te preocupar com o teu parceiro a descobrir o que est\u00e1s a fazer \u00e0 porta fechada. O teu parceiro estar\u00e1 completamente seguro porque eles v\u00e3o despir-se para ti em tempo real, mesmo \u00e0 tua frente! Tamb\u00e9m poder\u00e1 ver tudo o que o seu parceiro faz com o seu corpo, incluindo brincar com os seios, dedismese\u00e7ar-se, masturbar-se e at\u00e9 mesmo fazer cumming.<\/p>\n","protected":false},"excerpt":{"rendered":"<p>Os melhores sites de sexo gratuito est\u00e3o aqui para proporcionar algum al\u00edvio quando voc\u00ea procura ser malcriado com algu\u00e9m on-line que quer faz\u00ea-lo com o seu corpo. Estes sites e aplicativos permitir-lhe-\u00e3o ter algumas conversas sexy e sext com outros&#8230;<\/p>\n","protected":false},"author":1,"featured_media":93,"parent":0,"menu_order":0,"comment_status":"closed","ping_status":"closed","template":"","meta":[],"yoast_head":"<!-- This site is optimized with the Yoast SEO plugin v19.2 - https:\/\/yoast.com\/wordpress\/plugins\/seo\/ -->\n<title>Sites de sexting gratuitos para solteiros N\u00e3o aceite - t\u00edtulo<\/title>\n<meta name=\"robots\" content=\"index, follow, max-snippet:-1, max-image-preview:large, max-video-preview:-1\" \/>\n<link rel=\"canonical\" href=\"https:\/\/dontacceptrape.com\/pt-pt\/sites-de-sexting-gratuitos-para-solteiros\/\" \/>\n<meta property=\"og:locale\" content=\"pt_PT\" \/>\n<meta property=\"og:type\" content=\"article\" \/>\n<meta property=\"og:title\" content=\"Sites de sexting gratuitos para solteiros N\u00e3o aceite - t\u00edtulo\" \/>\n<meta property=\"og:description\" content=\"Os melhores sites de sexo gratuito est\u00e3o aqui para proporcionar algum al\u00edvio quando voc\u00ea procura ser malcriado com algu\u00e9m on-line que quer faz\u00ea-lo com o seu corpo. Estes sites e aplicativos permitir-lhe-\u00e3o ter algumas conversas sexy e sext com outros...\" \/>\n<meta property=\"og:url\" content=\"https:\/\/dontacceptrape.com\/pt-pt\/sites-de-sexting-gratuitos-para-solteiros\/\" \/>\n<meta property=\"og:site_name\" content=\"N\u00e3o aceite\" \/>\n<meta property=\"article:modified_time\" content=\"2022-07-07T14:36:34+00:00\" \/>\n<meta property=\"og:image\" content=\"https:\/\/dontacceptrape.com\/wp-content\/uploads\/2022\/07\/local-dating.jpeg\" \/>\n\t<meta property=\"og:image:width\" content=\"500\" \/>\n\t<meta property=\"og:image:height\" content=\"750\" \/>\n\t<meta property=\"og:image:type\" content=\"image\/jpeg\" \/>\n<meta name=\"author\" content=\"Don&#039;t Accept Rape\" \/>\n<meta name=\"twitter:card\" content=\"summary_large_image\" \/>\n<meta name=\"twitter:label1\" content=\"Tempo estimado de leitura\" \/>\n\t<meta name=\"twitter:data1\" content=\"3 minutos\" \/>\n<script type=\"application\/ld+json\" class=\"yoast-schema-graph\">{\"@context\":\"https:\/\/schema.org\",\"@graph\":[{\"@type\":\"WebSite\",\"@id\":\"http:\/\/dontacceptrape.com\/es\/#website\",\"url\":\"http:\/\/dontacceptrape.com\/es\/\",\"name\":\"N\u00e3o aceite\",\"description\":\"Real Hookup Chat\",\"potentialAction\":[{\"@type\":\"SearchAction\",\"target\":{\"@type\":\"EntryPoint\",\"urlTemplate\":\"http:\/\/dontacceptrape.com\/es\/?s={search_term_string}\"},\"query-input\":\"required name=search_term_string\"}],\"inLanguage\":\"pt-PT\"},{\"@type\":\"ImageObject\",\"inLanguage\":\"pt-PT\",\"@id\":\"https:\/\/dontacceptrape.com\/pt-pt\/sites-de-sexting-gratuitos-para-solteiros\/#primaryimage\",\"url\":\"https:\/\/dontacceptrape.com\/wp-content\/uploads\/2022\/07\/local-dating.jpeg\",\"contentUrl\":\"https:\/\/dontacceptrape.com\/wp-content\/uploads\/2022\/07\/local-dating.jpeg\",\"width\":500,\"height\":750},{\"@type\":\"WebPage\",\"@id\":\"https:\/\/dontacceptrape.com\/pt-pt\/sites-de-sexting-gratuitos-para-solteiros\/#webpage\",\"url\":\"https:\/\/dontacceptrape.com\/pt-pt\/sites-de-sexting-gratuitos-para-solteiros\/\",\"name\":\"Sites de sexting gratuitos para solteiros N\u00e3o aceite - t\u00edtulo\",\"isPartOf\":{\"@id\":\"http:\/\/dontacceptrape.com\/es\/#website\"},\"primaryImageOfPage\":{\"@id\":\"https:\/\/dontacceptrape.com\/pt-pt\/sites-de-sexting-gratuitos-para-solteiros\/#primaryimage\"},\"datePublished\":\"2022-07-04T10:30:26+00:00\",\"dateModified\":\"2022-07-07T14:36:34+00:00\",\"breadcrumb\":{\"@id\":\"https:\/\/dontacceptrape.com\/pt-pt\/sites-de-sexting-gratuitos-para-solteiros\/#breadcrumb\"},\"inLanguage\":\"pt-PT\",\"potentialAction\":[{\"@type\":\"ReadAction\",\"target\":[\"https:\/\/dontacceptrape.com\/pt-pt\/sites-de-sexting-gratuitos-para-solteiros\/\"]}]},{\"@type\":\"BreadcrumbList\",\"@id\":\"https:\/\/dontacceptrape.com\/pt-pt\/sites-de-sexting-gratuitos-para-solteiros\/#breadcrumb\",\"itemListElement\":[{\"@type\":\"ListItem\",\"position\":1,\"name\":\"Casa\",\"item\":\"https:\/\/dontacceptrape.com\/pt-pt\/\"},{\"@type\":\"ListItem\",\"position\":2,\"name\":\"Sites de sexting gratuitos para solteiros\"}]}]}<\/script>\n<!-- \/ Yoast SEO plugin. -->","yoast_head_json":{"title":"Sites de sexting gratuitos para solteiros N\u00e3o aceite - t\u00edtulo","robots":{"index":"index","follow":"follow","max-snippet":"max-snippet:-1","max-image-preview":"max-image-preview:large","max-video-preview":"max-video-preview:-1"},"canonical":"https:\/\/dontacceptrape.com\/pt-pt\/sites-de-sexting-gratuitos-para-solteiros\/","og_locale":"pt_PT","og_type":"article","og_title":"Sites de sexting gratuitos para solteiros N\u00e3o aceite - t\u00edtulo","og_description":"Os melhores sites de sexo gratuito est\u00e3o aqui para proporcionar algum al\u00edvio quando voc\u00ea procura ser malcriado com algu\u00e9m on-line que quer faz\u00ea-lo com o seu corpo. Estes sites e aplicativos permitir-lhe-\u00e3o ter algumas conversas sexy e sext com outros...","og_url":"https:\/\/dontacceptrape.com\/pt-pt\/sites-de-sexting-gratuitos-para-solteiros\/","og_site_name":"N\u00e3o aceite","article_modified_time":"2022-07-07T14:36:34+00:00","og_image":[{"width":500,"height":750,"url":"https:\/\/dontacceptrape.com\/wp-content\/uploads\/2022\/07\/local-dating.jpeg","type":"image\/jpeg"}],"author":"Don't Accept Rape","twitter_card":"summary_large_image","twitter_misc":{"Tempo estimado de leitura":"3 minutos"},"schema":{"@context":"https:\/\/schema.org","@graph":[{"@type":"WebSite","@id":"http:\/\/dontacceptrape.com\/es\/#website","url":"http:\/\/dontacceptrape.com\/es\/","name":"N\u00e3o aceite","description":"Real Hookup Chat","potentialAction":[{"@type":"SearchAction","target":{"@type":"EntryPoint","urlTemplate":"http:\/\/dontacceptrape.com\/es\/?s={search_term_string}"},"query-input":"required name=search_term_string"}],"inLanguage":"pt-PT"},{"@type":"ImageObject","inLanguage":"pt-PT","@id":"https:\/\/dontacceptrape.com\/pt-pt\/sites-de-sexting-gratuitos-para-solteiros\/#primaryimage","url":"https:\/\/dontacceptrape.com\/wp-content\/uploads\/2022\/07\/local-dating.jpeg","contentUrl":"https:\/\/dontacceptrape.com\/wp-content\/uploads\/2022\/07\/local-dating.jpeg","width":500,"height":750},{"@type":"WebPage","@id":"https:\/\/dontacceptrape.com\/pt-pt\/sites-de-sexting-gratuitos-para-solteiros\/#webpage","url":"https:\/\/dontacceptrape.com\/pt-pt\/sites-de-sexting-gratuitos-para-solteiros\/","name":"Sites de sexting gratuitos para solteiros N\u00e3o aceite - t\u00edtulo","isPartOf":{"@id":"http:\/\/dontacceptrape.com\/es\/#website"},"primaryImageOfPage":{"@id":"https:\/\/dontacceptrape.com\/pt-pt\/sites-de-sexting-gratuitos-para-solteiros\/#primaryimage"},"datePublished":"2022-07-04T10:30:26+00:00","dateModified":"2022-07-07T14:36:34+00:00","breadcrumb":{"@id":"https:\/\/dontacceptrape.com\/pt-pt\/sites-de-sexting-gratuitos-para-solteiros\/#breadcrumb"},"inLanguage":"pt-PT","potentialAction":[{"@type":"ReadAction","target":["https:\/\/dontacceptrape.com\/pt-pt\/sites-de-sexting-gratuitos-para-solteiros\/"]}]},{"@type":"BreadcrumbList","@id":"https:\/\/dontacceptrape.com\/pt-pt\/sites-de-sexting-gratuitos-para-solteiros\/#breadcrumb","itemListElement":[{"@type":"ListItem","position":1,"name":"Casa","item":"https:\/\/dontacceptrape.com\/pt-pt\/"},{"@type":"ListItem","position":2,"name":"Sites de sexting gratuitos para solteiros"}]}]}},"_links":{"self":[{"href":"https:\/\/dontacceptrape.com\/pt-pt\/wp-json\/wp\/v2\/pages\/210"}],"collection":[{"href":"https:\/\/dontacceptrape.com\/pt-pt\/wp-json\/wp\/v2\/pages"}],"about":[{"href":"https:\/\/dontacceptrape.com\/pt-pt\/wp-json\/wp\/v2\/types\/page"}],"author":[{"embeddable":true,"href":"https:\/\/dontacceptrape.com\/pt-pt\/wp-json\/wp\/v2\/users\/1"}],"replies":[{"embeddable":true,"href":"https:\/\/dontacceptrape.com\/pt-pt\/wp-json\/wp\/v2\/comments?post=210"}],"version-history":[{"count":2,"href":"https:\/\/dontacceptrape.com\/pt-pt\/wp-json\/wp\/v2\/pages\/210\/revisions"}],"predecessor-version":[{"id":238,"href":"https:\/\/dontacceptrape.com\/pt-pt\/wp-json\/wp\/v2\/pages\/210\/revisions\/238"}],"wp:featuredmedia":[{"embeddable":true,"href":"https:\/\/dontacceptrape.com\/pt-pt\/wp-json\/wp\/v2\/media\/93"}],"wp:attachment":[{"href":"https:\/\/dontacceptrape.com\/pt-pt\/wp-json\/wp\/v2\/media?parent=210"}],"curies":[{"name":"wp","href":"https:\/\/api.w.org\/{rel}","templated":true}]}}