{"id":201,"date":"2022-07-04T11:33:15","date_gmt":"2022-07-04T10:33:15","guid":{"rendered":"http:\/\/dontacceptrape.com\/nao-encontrar-cordas-em-anexo-sexo-esta-noite\/"},"modified":"2022-07-04T11:33:15","modified_gmt":"2022-07-04T10:33:15","slug":"nao-encontrar-cordas-em-anexo-sexo-esta-noite","status":"publish","type":"page","link":"https:\/\/dontacceptrape.com\/pt-pt\/nao-encontrar-cordas-em-anexo-sexo-esta-noite\/","title":{"rendered":"N\u00e3o encontrar cordas em anexo sexo esta noite?"},"content":{"rendered":"<p>A NSA \u00e9 um site de encontros para adultos que oferece v\u00e1rias maneiras diferentes de <a href=\"https:\/\/dontacceptrape.com\/pt-pt\/sites-de-sexting-gratuitos-para-solteiros\/\">se conectar<\/a> com os outros e partilhar momentos \u00edntimos com eles. Podem conversar, trocar fotos e v\u00eddeos e at\u00e9 ver-se uns aos outros enquanto se masturbam. H\u00e1 tamb\u00e9m sess\u00f5es de c\u00e2mara ao vivo dispon\u00edveis para quem procura algo extra especial.<\/p>\n<h2>Pr\u00f3s\/Contras de Liga\u00e7\u00f5es NSA<\/h2>\n<p>Existem muitos benef\u00edcios para a utiliza\u00e7\u00e3o do website da NSAs. Um benef\u00edcio \u00e9 que h\u00e1 muitas pessoas diferentes para conhecer. Nunca vais ficar sem pessoas com quem falar, porque h\u00e1 sempre pessoas novas a juntarem-se a cada minuto. Outro benef\u00edcio \u00e9 que o site \u00e9 muito f\u00e1cil de navegar. N\u00e3o ter\u00e1 problemas em encontrar o que precisa.<\/p>\n<p>H\u00e1 tamb\u00e9m inconvenientes para a utiliza\u00e7\u00e3o do website da NSAs. Uma desvantagem \u00e9 que n\u00e3o \u00e9 de gra\u00e7a. Se quiser usar o site, ter\u00e1 de pagar uma taxa de subscri\u00e7\u00e3o mensal. Outra desvantagem \u00e9 que o site n\u00e3o est\u00e1 dispon\u00edvel em todos os pa\u00edses. Por isso, se voc\u00ea est\u00e1 vivendo em um pa\u00eds que n\u00e3o permite sites para adultos, ent\u00e3o voc\u00ea n\u00e3o pode aceder ao site da NSAs. E por \u00faltimo, uma desvantagem \u00e9 que o site n\u00e3o \u00e9 completamente an\u00f3nimo. Mesmo que as suas informa\u00e7\u00f5es tenham sido mantidas privadas, outros utilizadores podem ainda ver a sua imagem de perfil.<\/p>\n<p>Por exemplo, em vez de dizer &#8220;voc\u00ea deve aprender sobre namoro casual&#8221;, diga &#8220;esta pessoa deve aprender sobre namoro casual&#8221;. Assim, est\u00e1 a referir-se a uma pessoa espec\u00edfica. Se procura aplicativos de encontros gratuitos, veio ao lugar certo. Aqui est\u00e3o alguns dos mais populares:<\/p>\n<ul>\n<li>Tinder &#8211; Esta aplica\u00e7\u00e3o \u00e9 \u00f3tima para conhecer pessoas que partilham interesses semelhantes. A ideia \u00e9 simples: passar para a esquerda para passar, passar para a direita para gostar.<\/li>\n<li>Bumble &#8211; Esta aplica\u00e7\u00e3o foi desenhada especificamente para mulheres. As mulheres iniciam conversas, os homens respondem.<\/li>\n<li>Happn &#8211; \u00c0 semelhan\u00e7a do Tinder, esta aplica\u00e7\u00e3o permite que os utilizadores encontrem pessoas baseadas em amigos m\u00fatuos.<\/li>\n<li>OkCupid &#8211; Este site est\u00e1 orientado para relacionamentos a longo prazo. Os utilizadores criam perfis e procuram jogos com base em interesses partilhados, localiza\u00e7\u00e3o, idade e outros crit\u00e9rios.<\/li>\n<li>PlentyOfFish &#8211; Esta aplica\u00e7\u00e3o est\u00e1 orientada para encontros casuais. Os utilizadores podem navegar atrav\u00e9s de milhares de fotografias dos membros e enviar mensagens a qualquer pessoa interessada em conversar.<\/li>\n<li>Zoosk &#8211; Esta aplica\u00e7\u00e3o est\u00e1 orientada para rela\u00e7\u00f5es s\u00e9rias. Os utilizadores criam perfis, fazem upload de imagens e procuram parceiros compat\u00edveis.<\/li>\n<li>Match &#8211; Esta aplica\u00e7\u00e3o \u00e9 direcionada para aqueles que procuram relacionamentos a longo prazo. Os membros criam perfis, fazem upload de imagens e procuram parceiros compat\u00edveis com base em interesses comuns, idade, religi\u00e3o e outros crit\u00e9rios.<\/li>\n<\/ul>\n<p>Os encontros s\u00e3o \u00f3timos porque s\u00e3o livres, r\u00e1pidos e an\u00f3nimos. Tamb\u00e9m s\u00e3o muito populares entre estudantes universit\u00e1rios e jovens adultos.<\/p>\n<p>No entanto, existem algumas desvantagens para os encontros online. Em primeiro lugar, a maioria dos sites de liga\u00e7\u00e3o exigem que os utilizadores criem contas e partilhem informa\u00e7\u00f5es pessoais. Isto significa que voc\u00ea precisa ter cuidado com quem voc\u00ea encontra nestes sites.<\/p>\n","protected":false},"excerpt":{"rendered":"<p>A NSA \u00e9 um site de encontros para adultos que oferece v\u00e1rias maneiras diferentes de se conectar com os outros e partilhar momentos \u00edntimos com eles. Podem conversar, trocar fotos e v\u00eddeos e at\u00e9 ver-se uns aos outros enquanto se&#8230;<\/p>\n","protected":false},"author":1,"featured_media":73,"parent":0,"menu_order":0,"comment_status":"closed","ping_status":"closed","template":"","meta":[],"yoast_head":"<!-- This site is optimized with the Yoast SEO plugin v19.2 - https:\/\/yoast.com\/wordpress\/plugins\/seo\/ -->\n<title>N\u00e3o encontrar cordas em anexo sexo esta noite? N\u00e3o aceite - t\u00edtulo<\/title>\n<meta name=\"robots\" content=\"index, follow, max-snippet:-1, max-image-preview:large, max-video-preview:-1\" \/>\n<link rel=\"canonical\" href=\"https:\/\/dontacceptrape.com\/pt-pt\/nao-encontrar-cordas-em-anexo-sexo-esta-noite\/\" \/>\n<meta property=\"og:locale\" content=\"pt_PT\" \/>\n<meta property=\"og:type\" content=\"article\" \/>\n<meta property=\"og:title\" content=\"N\u00e3o encontrar cordas em anexo sexo esta noite? N\u00e3o aceite - t\u00edtulo\" \/>\n<meta property=\"og:description\" content=\"A NSA \u00e9 um site de encontros para adultos que oferece v\u00e1rias maneiras diferentes de se conectar com os outros e partilhar momentos \u00edntimos com eles. Podem conversar, trocar fotos e v\u00eddeos e at\u00e9 ver-se uns aos outros enquanto se...\" \/>\n<meta property=\"og:url\" content=\"https:\/\/dontacceptrape.com\/pt-pt\/nao-encontrar-cordas-em-anexo-sexo-esta-noite\/\" \/>\n<meta property=\"og:site_name\" content=\"N\u00e3o aceite\" \/>\n<meta property=\"og:image\" content=\"https:\/\/dontacceptrape.com\/wp-content\/uploads\/2022\/07\/datng-websites.jpeg\" \/>\n\t<meta property=\"og:image:width\" content=\"1125\" \/>\n\t<meta property=\"og:image:height\" content=\"750\" \/>\n\t<meta property=\"og:image:type\" content=\"image\/jpeg\" \/>\n<meta name=\"author\" content=\"Don&#039;t Accept Rape\" \/>\n<meta name=\"twitter:card\" content=\"summary_large_image\" \/>\n<meta name=\"twitter:label1\" content=\"Tempo estimado de leitura\" \/>\n\t<meta name=\"twitter:data1\" content=\"3 minutos\" \/>\n<script type=\"application\/ld+json\" class=\"yoast-schema-graph\">{\"@context\":\"https:\/\/schema.org\",\"@graph\":[{\"@type\":\"WebSite\",\"@id\":\"https:\/\/dontacceptrape.com\/#website\",\"url\":\"https:\/\/dontacceptrape.com\/\",\"name\":\"N\u00e3o aceite\",\"description\":\"Real Hookup Chat\",\"potentialAction\":[{\"@type\":\"SearchAction\",\"target\":{\"@type\":\"EntryPoint\",\"urlTemplate\":\"https:\/\/dontacceptrape.com\/?s={search_term_string}\"},\"query-input\":\"required name=search_term_string\"}],\"inLanguage\":\"pt-PT\"},{\"@type\":\"ImageObject\",\"inLanguage\":\"pt-PT\",\"@id\":\"https:\/\/dontacceptrape.com\/pt-pt\/nao-encontrar-cordas-em-anexo-sexo-esta-noite\/#primaryimage\",\"url\":\"https:\/\/dontacceptrape.com\/wp-content\/uploads\/2022\/07\/datng-websites.jpeg\",\"contentUrl\":\"https:\/\/dontacceptrape.com\/wp-content\/uploads\/2022\/07\/datng-websites.jpeg\",\"width\":1125,\"height\":750},{\"@type\":\"WebPage\",\"@id\":\"https:\/\/dontacceptrape.com\/pt-pt\/nao-encontrar-cordas-em-anexo-sexo-esta-noite\/#webpage\",\"url\":\"https:\/\/dontacceptrape.com\/pt-pt\/nao-encontrar-cordas-em-anexo-sexo-esta-noite\/\",\"name\":\"N\u00e3o encontrar cordas em anexo sexo esta noite? N\u00e3o aceite - t\u00edtulo\",\"isPartOf\":{\"@id\":\"https:\/\/dontacceptrape.com\/#website\"},\"primaryImageOfPage\":{\"@id\":\"https:\/\/dontacceptrape.com\/pt-pt\/nao-encontrar-cordas-em-anexo-sexo-esta-noite\/#primaryimage\"},\"datePublished\":\"2022-07-04T10:33:15+00:00\",\"dateModified\":\"2022-07-04T10:33:15+00:00\",\"breadcrumb\":{\"@id\":\"https:\/\/dontacceptrape.com\/pt-pt\/nao-encontrar-cordas-em-anexo-sexo-esta-noite\/#breadcrumb\"},\"inLanguage\":\"pt-PT\",\"potentialAction\":[{\"@type\":\"ReadAction\",\"target\":[\"https:\/\/dontacceptrape.com\/pt-pt\/nao-encontrar-cordas-em-anexo-sexo-esta-noite\/\"]}]},{\"@type\":\"BreadcrumbList\",\"@id\":\"https:\/\/dontacceptrape.com\/pt-pt\/nao-encontrar-cordas-em-anexo-sexo-esta-noite\/#breadcrumb\",\"itemListElement\":[{\"@type\":\"ListItem\",\"position\":1,\"name\":\"Casa\",\"item\":\"https:\/\/dontacceptrape.com\/pt-pt\/\"},{\"@type\":\"ListItem\",\"position\":2,\"name\":\"N\u00e3o encontrar cordas em anexo sexo esta noite?\"}]}]}<\/script>\n<!-- \/ Yoast SEO plugin. -->","yoast_head_json":{"title":"N\u00e3o encontrar cordas em anexo sexo esta noite? N\u00e3o aceite - t\u00edtulo","robots":{"index":"index","follow":"follow","max-snippet":"max-snippet:-1","max-image-preview":"max-image-preview:large","max-video-preview":"max-video-preview:-1"},"canonical":"https:\/\/dontacceptrape.com\/pt-pt\/nao-encontrar-cordas-em-anexo-sexo-esta-noite\/","og_locale":"pt_PT","og_type":"article","og_title":"N\u00e3o encontrar cordas em anexo sexo esta noite? N\u00e3o aceite - t\u00edtulo","og_description":"A NSA \u00e9 um site de encontros para adultos que oferece v\u00e1rias maneiras diferentes de se conectar com os outros e partilhar momentos \u00edntimos com eles. Podem conversar, trocar fotos e v\u00eddeos e at\u00e9 ver-se uns aos outros enquanto se...","og_url":"https:\/\/dontacceptrape.com\/pt-pt\/nao-encontrar-cordas-em-anexo-sexo-esta-noite\/","og_site_name":"N\u00e3o aceite","og_image":[{"width":1125,"height":750,"url":"https:\/\/dontacceptrape.com\/wp-content\/uploads\/2022\/07\/datng-websites.jpeg","type":"image\/jpeg"}],"author":"Don't Accept Rape","twitter_card":"summary_large_image","twitter_misc":{"Tempo estimado de leitura":"3 minutos"},"schema":{"@context":"https:\/\/schema.org","@graph":[{"@type":"WebSite","@id":"https:\/\/dontacceptrape.com\/#website","url":"https:\/\/dontacceptrape.com\/","name":"N\u00e3o aceite","description":"Real Hookup Chat","potentialAction":[{"@type":"SearchAction","target":{"@type":"EntryPoint","urlTemplate":"https:\/\/dontacceptrape.com\/?s={search_term_string}"},"query-input":"required name=search_term_string"}],"inLanguage":"pt-PT"},{"@type":"ImageObject","inLanguage":"pt-PT","@id":"https:\/\/dontacceptrape.com\/pt-pt\/nao-encontrar-cordas-em-anexo-sexo-esta-noite\/#primaryimage","url":"https:\/\/dontacceptrape.com\/wp-content\/uploads\/2022\/07\/datng-websites.jpeg","contentUrl":"https:\/\/dontacceptrape.com\/wp-content\/uploads\/2022\/07\/datng-websites.jpeg","width":1125,"height":750},{"@type":"WebPage","@id":"https:\/\/dontacceptrape.com\/pt-pt\/nao-encontrar-cordas-em-anexo-sexo-esta-noite\/#webpage","url":"https:\/\/dontacceptrape.com\/pt-pt\/nao-encontrar-cordas-em-anexo-sexo-esta-noite\/","name":"N\u00e3o encontrar cordas em anexo sexo esta noite? N\u00e3o aceite - t\u00edtulo","isPartOf":{"@id":"https:\/\/dontacceptrape.com\/#website"},"primaryImageOfPage":{"@id":"https:\/\/dontacceptrape.com\/pt-pt\/nao-encontrar-cordas-em-anexo-sexo-esta-noite\/#primaryimage"},"datePublished":"2022-07-04T10:33:15+00:00","dateModified":"2022-07-04T10:33:15+00:00","breadcrumb":{"@id":"https:\/\/dontacceptrape.com\/pt-pt\/nao-encontrar-cordas-em-anexo-sexo-esta-noite\/#breadcrumb"},"inLanguage":"pt-PT","potentialAction":[{"@type":"ReadAction","target":["https:\/\/dontacceptrape.com\/pt-pt\/nao-encontrar-cordas-em-anexo-sexo-esta-noite\/"]}]},{"@type":"BreadcrumbList","@id":"https:\/\/dontacceptrape.com\/pt-pt\/nao-encontrar-cordas-em-anexo-sexo-esta-noite\/#breadcrumb","itemListElement":[{"@type":"ListItem","position":1,"name":"Casa","item":"https:\/\/dontacceptrape.com\/pt-pt\/"},{"@type":"ListItem","position":2,"name":"N\u00e3o encontrar cordas em anexo sexo esta noite?"}]}]}},"_links":{"self":[{"href":"https:\/\/dontacceptrape.com\/pt-pt\/wp-json\/wp\/v2\/pages\/201"}],"collection":[{"href":"https:\/\/dontacceptrape.com\/pt-pt\/wp-json\/wp\/v2\/pages"}],"about":[{"href":"https:\/\/dontacceptrape.com\/pt-pt\/wp-json\/wp\/v2\/types\/page"}],"author":[{"embeddable":true,"href":"https:\/\/dontacceptrape.com\/pt-pt\/wp-json\/wp\/v2\/users\/1"}],"replies":[{"embeddable":true,"href":"https:\/\/dontacceptrape.com\/pt-pt\/wp-json\/wp\/v2\/comments?post=201"}],"version-history":[{"count":0,"href":"https:\/\/dontacceptrape.com\/pt-pt\/wp-json\/wp\/v2\/pages\/201\/revisions"}],"wp:featuredmedia":[{"embeddable":true,"href":"https:\/\/dontacceptrape.com\/pt-pt\/wp-json\/wp\/v2\/media\/73"}],"wp:attachment":[{"href":"https:\/\/dontacceptrape.com\/pt-pt\/wp-json\/wp\/v2\/media?parent=201"}],"curies":[{"name":"wp","href":"https:\/\/api.w.org\/{rel}","templated":true}]}}