{"id":170,"date":"2022-07-04T11:47:29","date_gmt":"2022-07-04T10:47:29","guid":{"rendered":"http:\/\/dontacceptrape.com\/o-que-olhar-para-fora-com-aplicativos-de-hookup\/"},"modified":"2022-07-04T11:47:29","modified_gmt":"2022-07-04T10:47:29","slug":"o-que-olhar-para-fora-com-aplicativos-de-hookup","status":"publish","type":"page","link":"https:\/\/dontacceptrape.com\/pt-pt\/o-que-olhar-para-fora-com-aplicativos-de-hookup\/","title":{"rendered":"O que olhar para fora com aplicativos de hookup"},"content":{"rendered":"<p>Quando voc\u00ea se juntar a este tipo de sites, voc\u00ea vai encontrar outros que s\u00e3o como voc\u00ea &#8211; pessoas que est\u00e3o procurando por encontros casuais.<\/p>\n<p>Assim que encontrares um grupo de pessoas que partilham o teu interesse em <a href=\"http:\/\/dontacceptrape.com\/pt-pt\/nao-encontrar-cordas-em-anexo-sexo-esta-noite\/\">encontros casuais<\/a>, podes us\u00e1-los como refer\u00eancias quando sais com algu\u00e9m. Eles podem dizer-te o que funciona e n\u00e3o trabalha em encontros casuais, e podem ajudar-te a evitar erros comuns. Uma das coisas mais importantes para se lembrar quando se vai em encontros casuais \u00e9 manter as coisas alegres. N\u00e3o se leve muito a s\u00e9rio. Siseses\u00e3o tu mesmo, e deixe a sua personalidade brilhar.<\/p>\n<p>Lembre-se, encontros casuais n\u00e3o \u00e9 s\u00e9rio. \u00c9 para ser divertido, n\u00e3o stressante. Ent\u00e3o relaxe e divirta-se! Se procura aplicativos de encontros gratuitos, existem muitas op\u00e7\u00f5es dispon\u00edveis. No entanto, nem todos s\u00e3o criados iguais. Alguns s\u00e3o apenas truques, enquanto outros s\u00e3o ferramentas leg\u00edtimas para encontrar datas.<\/p>\n<p><img loading=\"lazy\" class=\"size-large wp-image-56 aligncenter\" src=\"http:\/\/dontacceptrape.com\/wp-content\/uploads\/2022\/07\/casual-hookup-1024x683.jpeg\" alt=\"\" width=\"640\" height=\"427\" srcset=\"https:\/\/dontacceptrape.com\/wp-content\/uploads\/2022\/07\/casual-hookup-1024x683.jpeg 1024w, https:\/\/dontacceptrape.com\/wp-content\/uploads\/2022\/07\/casual-hookup-300x200.jpeg 300w, https:\/\/dontacceptrape.com\/wp-content\/uploads\/2022\/07\/casual-hookup-768x512.jpeg 768w, https:\/\/dontacceptrape.com\/wp-content\/uploads\/2022\/07\/casual-hookup.jpeg 1125w\" sizes=\"(max-width: 640px) 100vw, 640px\" \/><\/p>\n<h2>O que procurar?<\/h2>\n<p>Para ajud\u00e1-lo a decidir quais valem o seu tempo, aqui ficam algumas dicas para avaliar aplica\u00e7\u00f5es de encontros gratuitos:<\/p>\n<h3>Veja a classifica\u00e7\u00e3o da aplica\u00e7\u00e3o.<\/h3>\n<p>As aplica\u00e7\u00f5es de encontros gratuitos geralmente v\u00eam com um sistema de classifica\u00e7\u00e3o de estrelas, onde os utilizadores classificam a aplica\u00e7\u00e3o com base nas suas funcionalidades e funcionalidades. Quanto maior for a classifica\u00e7\u00e3o, melhor ser\u00e1 a aplica\u00e7\u00e3o.<\/p>\n<h3>Confira as avalia\u00e7\u00f5es<\/h3>\n<p>As an\u00e1lises s\u00e3o muitas vezes publicadas online, quer pelo desenvolvedor, quer por utilizadores que j\u00e1 utilizaram a app. As an\u00e1lises d\u00e3o-lhe uma ideia de se a aplica\u00e7\u00e3o funciona bem e fornece valor aos seus utilizadores.<\/p>\n<h3>Ler coment\u00e1rios de utilizador<\/h3>\n<p>Os coment\u00e1rios dos utilizadores s\u00e3o outra forma de aprender sobre a aplica\u00e7\u00e3o. Podem conter informa\u00e7\u00f5es \u00fateis, como dicas para o uso da app, sugest\u00f5es de melhorias ou reclama\u00e7\u00f5es sobre bugs.<\/p>\n<h3>Considere o custo<\/h3>\n<p>Algumas aplica\u00e7\u00f5es de encontros gratuitas s\u00e3o totalmente gratuitas, enquanto outras requerem pagamento. Aplicativos de namoro gratuitos tendem a ser mais simples do que aplicativos pagos, por isso s\u00e3o perfeitos para aqueles que ainda n\u00e3o est\u00e3o prontos para se comprometer. As aplica\u00e7\u00f5es pagas normalmente oferecem mais funcionalidades e fun\u00e7\u00f5es, tornando-as ideais para pessoas que querem encontrar o amor rapidamente.<\/p>\n<h2>Achando a sua aventura?<\/h2>\n<p>A maioria dos sites de hookup oferece membros que incluem acesso a funcionalidades especiais, tais como webcams ao vivo, mensagens privadas e salas de chat de v\u00eddeo.<\/p>\n<p>Se procura uma aventura r\u00e1pida, os sites de encontros podem ser perfeitos para si. Mas se procura uma rela\u00e7\u00e3o duradoura, os sites de encontros n\u00e3o s\u00e3o o lugar certo para encontr\u00e1-la.<\/p>\n<p>Em vez disso, experimente sites de encontros ou aplicativos projetados especificamente para encontrar relacionamentos de longo prazo.<\/p>\n<p>Aparecer online \u00e9 uma \u00f3tima maneira de encontrar parceiros sexuais casuais. Mas h\u00e1 muitos tipos diferentes de websites l\u00e1 fora, cada um atendendo a um tipo espec\u00edfico de pessoa. H\u00e1 tamb\u00e9m sites que atendem pessoas que procuram amigos com benef\u00edcios, ou apenas amigos com benef\u00edcios. Estes sites s\u00e3o geralmente direcionados para os idosos, mas os mais jovens est\u00e3o cada vez mais virados para eles tamb\u00e9m.<\/p>\n","protected":false},"excerpt":{"rendered":"<p>Quando voc\u00ea se juntar a este tipo de sites, voc\u00ea vai encontrar outros que s\u00e3o como voc\u00ea &#8211; pessoas que est\u00e3o procurando por encontros casuais. Assim que encontrares um grupo de pessoas que partilham o teu interesse em encontros casuais,&#8230;<\/p>\n","protected":false},"author":1,"featured_media":0,"parent":0,"menu_order":0,"comment_status":"closed","ping_status":"closed","template":"","meta":[],"yoast_head":"<!-- This site is optimized with the Yoast SEO plugin v19.2 - https:\/\/yoast.com\/wordpress\/plugins\/seo\/ -->\n<title>O que olhar para fora com aplicativos de hookup N\u00e3o aceite - t\u00edtulo<\/title>\n<meta name=\"robots\" content=\"index, follow, max-snippet:-1, max-image-preview:large, max-video-preview:-1\" \/>\n<link rel=\"canonical\" href=\"https:\/\/dontacceptrape.com\/pt-pt\/o-que-olhar-para-fora-com-aplicativos-de-hookup\/\" \/>\n<meta property=\"og:locale\" content=\"pt_PT\" \/>\n<meta property=\"og:type\" content=\"article\" \/>\n<meta property=\"og:title\" content=\"O que olhar para fora com aplicativos de hookup N\u00e3o aceite - t\u00edtulo\" \/>\n<meta property=\"og:description\" content=\"Quando voc\u00ea se juntar a este tipo de sites, voc\u00ea vai encontrar outros que s\u00e3o como voc\u00ea &#8211; pessoas que est\u00e3o procurando por encontros casuais. Assim que encontrares um grupo de pessoas que partilham o teu interesse em encontros casuais,...\" \/>\n<meta property=\"og:url\" content=\"https:\/\/dontacceptrape.com\/pt-pt\/o-que-olhar-para-fora-com-aplicativos-de-hookup\/\" \/>\n<meta property=\"og:site_name\" content=\"N\u00e3o aceite\" \/>\n<meta property=\"og:image\" content=\"http:\/\/dontacceptrape.com\/wp-content\/uploads\/2022\/07\/casual-hookup-1024x683.jpeg\" \/>\n<meta name=\"author\" content=\"Don&#039;t Accept Rape\" \/>\n<meta name=\"twitter:card\" content=\"summary_large_image\" \/>\n<meta name=\"twitter:label1\" content=\"Tempo estimado de leitura\" \/>\n\t<meta name=\"twitter:data1\" content=\"3 minutos\" \/>\n<script type=\"application\/ld+json\" class=\"yoast-schema-graph\">{\"@context\":\"https:\/\/schema.org\",\"@graph\":[{\"@type\":\"WebSite\",\"@id\":\"https:\/\/dontacceptrape.com\/#website\",\"url\":\"https:\/\/dontacceptrape.com\/\",\"name\":\"N\u00e3o aceite\",\"description\":\"Real Hookup Chat\",\"potentialAction\":[{\"@type\":\"SearchAction\",\"target\":{\"@type\":\"EntryPoint\",\"urlTemplate\":\"https:\/\/dontacceptrape.com\/?s={search_term_string}\"},\"query-input\":\"required name=search_term_string\"}],\"inLanguage\":\"pt-PT\"},{\"@type\":\"ImageObject\",\"inLanguage\":\"pt-PT\",\"@id\":\"https:\/\/dontacceptrape.com\/pt-pt\/o-que-olhar-para-fora-com-aplicativos-de-hookup\/#primaryimage\",\"url\":\"https:\/\/dontacceptrape.com\/wp-content\/uploads\/2022\/07\/casual-hookup.jpeg\",\"contentUrl\":\"https:\/\/dontacceptrape.com\/wp-content\/uploads\/2022\/07\/casual-hookup.jpeg\",\"width\":1125,\"height\":750},{\"@type\":\"WebPage\",\"@id\":\"https:\/\/dontacceptrape.com\/pt-pt\/o-que-olhar-para-fora-com-aplicativos-de-hookup\/#webpage\",\"url\":\"https:\/\/dontacceptrape.com\/pt-pt\/o-que-olhar-para-fora-com-aplicativos-de-hookup\/\",\"name\":\"O que olhar para fora com aplicativos de hookup N\u00e3o aceite - t\u00edtulo\",\"isPartOf\":{\"@id\":\"https:\/\/dontacceptrape.com\/#website\"},\"primaryImageOfPage\":{\"@id\":\"https:\/\/dontacceptrape.com\/pt-pt\/o-que-olhar-para-fora-com-aplicativos-de-hookup\/#primaryimage\"},\"datePublished\":\"2022-07-04T10:47:29+00:00\",\"dateModified\":\"2022-07-04T10:47:29+00:00\",\"breadcrumb\":{\"@id\":\"https:\/\/dontacceptrape.com\/pt-pt\/o-que-olhar-para-fora-com-aplicativos-de-hookup\/#breadcrumb\"},\"inLanguage\":\"pt-PT\",\"potentialAction\":[{\"@type\":\"ReadAction\",\"target\":[\"https:\/\/dontacceptrape.com\/pt-pt\/o-que-olhar-para-fora-com-aplicativos-de-hookup\/\"]}]},{\"@type\":\"BreadcrumbList\",\"@id\":\"https:\/\/dontacceptrape.com\/pt-pt\/o-que-olhar-para-fora-com-aplicativos-de-hookup\/#breadcrumb\",\"itemListElement\":[{\"@type\":\"ListItem\",\"position\":1,\"name\":\"Casa\",\"item\":\"https:\/\/dontacceptrape.com\/pt-pt\/\"},{\"@type\":\"ListItem\",\"position\":2,\"name\":\"O que olhar para fora com aplicativos de hookup\"}]}]}<\/script>\n<!-- \/ Yoast SEO plugin. -->","yoast_head_json":{"title":"O que olhar para fora com aplicativos de hookup N\u00e3o aceite - t\u00edtulo","robots":{"index":"index","follow":"follow","max-snippet":"max-snippet:-1","max-image-preview":"max-image-preview:large","max-video-preview":"max-video-preview:-1"},"canonical":"https:\/\/dontacceptrape.com\/pt-pt\/o-que-olhar-para-fora-com-aplicativos-de-hookup\/","og_locale":"pt_PT","og_type":"article","og_title":"O que olhar para fora com aplicativos de hookup N\u00e3o aceite - t\u00edtulo","og_description":"Quando voc\u00ea se juntar a este tipo de sites, voc\u00ea vai encontrar outros que s\u00e3o como voc\u00ea &#8211; pessoas que est\u00e3o procurando por encontros casuais. Assim que encontrares um grupo de pessoas que partilham o teu interesse em encontros casuais,...","og_url":"https:\/\/dontacceptrape.com\/pt-pt\/o-que-olhar-para-fora-com-aplicativos-de-hookup\/","og_site_name":"N\u00e3o aceite","og_image":[{"url":"http:\/\/dontacceptrape.com\/wp-content\/uploads\/2022\/07\/casual-hookup-1024x683.jpeg"}],"author":"Don't Accept Rape","twitter_card":"summary_large_image","twitter_misc":{"Tempo estimado de leitura":"3 minutos"},"schema":{"@context":"https:\/\/schema.org","@graph":[{"@type":"WebSite","@id":"https:\/\/dontacceptrape.com\/#website","url":"https:\/\/dontacceptrape.com\/","name":"N\u00e3o aceite","description":"Real Hookup Chat","potentialAction":[{"@type":"SearchAction","target":{"@type":"EntryPoint","urlTemplate":"https:\/\/dontacceptrape.com\/?s={search_term_string}"},"query-input":"required name=search_term_string"}],"inLanguage":"pt-PT"},{"@type":"ImageObject","inLanguage":"pt-PT","@id":"https:\/\/dontacceptrape.com\/pt-pt\/o-que-olhar-para-fora-com-aplicativos-de-hookup\/#primaryimage","url":"https:\/\/dontacceptrape.com\/wp-content\/uploads\/2022\/07\/casual-hookup.jpeg","contentUrl":"https:\/\/dontacceptrape.com\/wp-content\/uploads\/2022\/07\/casual-hookup.jpeg","width":1125,"height":750},{"@type":"WebPage","@id":"https:\/\/dontacceptrape.com\/pt-pt\/o-que-olhar-para-fora-com-aplicativos-de-hookup\/#webpage","url":"https:\/\/dontacceptrape.com\/pt-pt\/o-que-olhar-para-fora-com-aplicativos-de-hookup\/","name":"O que olhar para fora com aplicativos de hookup N\u00e3o aceite - t\u00edtulo","isPartOf":{"@id":"https:\/\/dontacceptrape.com\/#website"},"primaryImageOfPage":{"@id":"https:\/\/dontacceptrape.com\/pt-pt\/o-que-olhar-para-fora-com-aplicativos-de-hookup\/#primaryimage"},"datePublished":"2022-07-04T10:47:29+00:00","dateModified":"2022-07-04T10:47:29+00:00","breadcrumb":{"@id":"https:\/\/dontacceptrape.com\/pt-pt\/o-que-olhar-para-fora-com-aplicativos-de-hookup\/#breadcrumb"},"inLanguage":"pt-PT","potentialAction":[{"@type":"ReadAction","target":["https:\/\/dontacceptrape.com\/pt-pt\/o-que-olhar-para-fora-com-aplicativos-de-hookup\/"]}]},{"@type":"BreadcrumbList","@id":"https:\/\/dontacceptrape.com\/pt-pt\/o-que-olhar-para-fora-com-aplicativos-de-hookup\/#breadcrumb","itemListElement":[{"@type":"ListItem","position":1,"name":"Casa","item":"https:\/\/dontacceptrape.com\/pt-pt\/"},{"@type":"ListItem","position":2,"name":"O que olhar para fora com aplicativos de hookup"}]}]}},"_links":{"self":[{"href":"https:\/\/dontacceptrape.com\/pt-pt\/wp-json\/wp\/v2\/pages\/170"}],"collection":[{"href":"https:\/\/dontacceptrape.com\/pt-pt\/wp-json\/wp\/v2\/pages"}],"about":[{"href":"https:\/\/dontacceptrape.com\/pt-pt\/wp-json\/wp\/v2\/types\/page"}],"author":[{"embeddable":true,"href":"https:\/\/dontacceptrape.com\/pt-pt\/wp-json\/wp\/v2\/users\/1"}],"replies":[{"embeddable":true,"href":"https:\/\/dontacceptrape.com\/pt-pt\/wp-json\/wp\/v2\/comments?post=170"}],"version-history":[{"count":0,"href":"https:\/\/dontacceptrape.com\/pt-pt\/wp-json\/wp\/v2\/pages\/170\/revisions"}],"wp:attachment":[{"href":"https:\/\/dontacceptrape.com\/pt-pt\/wp-json\/wp\/v2\/media?parent=170"}],"curies":[{"name":"wp","href":"https:\/\/api.w.org\/{rel}","templated":true}]}}