{"id":216,"date":"2022-07-04T11:22:57","date_gmt":"2022-07-04T10:22:57","guid":{"rendered":"http:\/\/dontacceptrape.com\/lokalne-aplikacje-randkowe-jakie-sa-twoje-wybory\/"},"modified":"2022-09-08T19:49:08","modified_gmt":"2022-09-08T18:49:08","slug":"lokalne-aplikacje-randkowe-jakie-sa-twoje-wybory","status":"publish","type":"page","link":"https:\/\/dontacceptrape.com\/pl\/","title":{"rendered":"Lokalne aplikacje randkowe &#8211; jakie s\u0105 twoje wybory?"},"content":{"rendered":"<p>W przesz\u0142o\u015bci ludzie musieli odwiedza\u0107 niekt\u00f3re strony internetowe, aby spotka\u0107 si\u0119 z innymi. Jednak w dzisiejszych czasach aplikacje mobilne do pod\u0142\u0105czania u\u0142atwi\u0142y ludziom pozostawanie w kontakcie i nadrabianie zaleg\u0142o\u015bci w najnowszych wiadomo\u015bciach i wydarzeniach. Mo\u017cesz tak\u017ce rozmawia\u0107 z innymi cz\u0142onkami, zadawa\u0107 pytania i dzieli\u0107 <a href=\"http:\/\/www.anonymous-sex-chat.com\/pl\/\">sex chat<\/a> si\u0119 swoimi do\u015bwiadczeniami. Co najwa\u017cniejsze, mo\u017cesz odkrywa\u0107 nowe miejsca do sp\u0119dzania czasu i poznawania ludzi.<\/p>\n<p>Je\u015bli szukasz zwi\u0105zku, istniej\u0105 serwisy randkowe, takie jak do handlu aktami z lokalnymi kobietami i kt\u00f3re zaspokajaj\u0105 Twoje potrzeby. Niekt\u00f3re z nich pozwalaj\u0105 nawet filtrowa\u0107 wyniki zgodnie z preferencjami.<\/p>\n<p>Na przyk\u0142ad mo\u017cesz wybra\u0107, czy jeste\u015b zainteresowany przygodnym seksem, d\u0142ugoterminowymi zwi\u0105zkami itp. Je\u015bli chcesz si\u0119 z kim\u015b um\u00f3wi\u0107, mo\u017cesz sprawdzi\u0107 najlepsze dost\u0119pne aplikacje randkowe. Te aplikacje umo\u017cliwiaj\u0105 wyszukiwanie potencjalnych dat za pomoc\u0105 r\u00f3\u017cnych filtr\u00f3w, w tym wieku, lokalizacji, zainteresowa\u0144, orientacji seksualnej itp. Kolejn\u0105 zalet\u0105 <a href=\"https:\/\/www.nsa-hookup.net\/pl\/darmowe-gry-erotyczne-bez-karty-kredytowej\/\">darmowe gry pornograficzne<\/a> korzystania z aplikacji randkowych jest to, \u017ce mo\u017cesz uzyska\u0107 napalony czat z nieznajomymi i mo\u017cesz otrzymywa\u0107 aktualizacje o tym, co dzieje si\u0119 w okolicy. Wszystko, co musisz zrobi\u0107, to pobra\u0107 aplikacj\u0119 i rozpocz\u0105\u0107 rozmow\u0119 z lud\u017ami w pobli\u017cu.<\/p>\n<p><img loading=\"lazy\" class=\"size-large wp-image-76 aligncenter\" src=\"http:\/\/dontacceptrape.com\/wp-content\/uploads\/2022\/07\/free-dating-websites-1024x683.jpeg\" alt=\"\" width=\"640\" height=\"427\" srcset=\"https:\/\/dontacceptrape.com\/wp-content\/uploads\/2022\/07\/free-dating-websites-1024x683.jpeg 1024w, https:\/\/dontacceptrape.com\/wp-content\/uploads\/2022\/07\/free-dating-websites-300x200.jpeg 300w, https:\/\/dontacceptrape.com\/wp-content\/uploads\/2022\/07\/free-dating-websites-768x512.jpeg 768w, https:\/\/dontacceptrape.com\/wp-content\/uploads\/2022\/07\/free-dating-websites.jpeg 1125w\" sizes=\"(max-width: 640px) 100vw, 640px\" \/><\/p>\n<h2>Jakie s\u0105 twoje wybory?<\/h2>\n<p>Istnieje wiele r\u00f3\u017cnych rodzaj\u00f3w lokalnych stron z pieprzeniem. Ka\u017cdy typ jest przeznaczony dla okre\u015blonej grupy odbiorc\u00f3w. Niekt\u00f3re witryny s\u0105 przeznaczone dla tych, kt\u00f3rzy szukaj\u0105 romansu lub ma\u0142\u017ce\u0144stwa, podczas gdy inne s\u0105 przeznaczone do przypadkowych spotka\u0144. Niekt\u00f3re witryny koncentruj\u0105 si\u0119 na okre\u015blonych grupach wiekowych, takich jak m\u0142odsi single lub starsi single. Niekt\u00f3re witryny s\u0105 ukierunkowane na konkretn\u0105 p\u0142e\u0107, na przyk\u0142ad m\u0119\u017cczyzn lub kobiety.<\/p>\n<h3>Fuckbook<\/h3>\n<p>Fuckbook nie jest tak naprawd\u0119 darmowy. Chocia\u017c mo\u017cesz za\u0142o\u017cy\u0107 darmowe konto na r\u00f3\u017cnych lokalnych stronach, nie b\u0119dziesz m\u00f3g\u0142 wysy\u0142a\u0107 wiadomo\u015bci ani przegl\u0105da\u0107 \u017cadnych profili cz\u0142onk\u00f3w, dop\u00f3ki nie wyga\u015bnie 72-godzinny okres pr\u00f3bny. Je\u015bli jednak uda Ci si\u0119 wyj\u015b\u0107 poza okres pr\u00f3bny, b\u0119dziesz musia\u0142 zap\u0142aci\u0107 za us\u0142ug\u0119. Ceny wahaj\u0105 si\u0119 od $ 6.99-$ 29.95 miesi\u0119cznie <a href=\"https:\/\/www.fuck-app.net\/pl\/najlepsze-gry-erotyczne-na-pc\/\">gry porno na pc<\/a> w zale\u017cno\u015bci od wybranego rodzaju cz\u0142onkostwa. Niekt\u00f3re cz\u0142onkostwa oferuj\u0105 zni\u017cki na wiele lat. Istniej\u0105 r\u00f3wnie\u017c r\u00f3\u017cne poziomy cz\u0142onkostwa, od podstawowego do zaawansowanego. Podstawowe cz\u0142onkostwo ma mniej funkcji i wy\u017csze miesi\u0119czne op\u0142aty. Cz\u0142onkostwo Premium oferuje dodatkowe korzy\u015bci i ni\u017csze op\u0142aty.<\/p>\n<p><img loading=\"lazy\" class=\"size-medium wp-image-129 aligncenter\" src=\"http:\/\/dontacceptrape.com\/wp-content\/uploads\/2022\/07\/Premium-Fuckbook-300x264.png\" alt=\"\" width=\"300\" height=\"264\" srcset=\"https:\/\/dontacceptrape.com\/wp-content\/uploads\/2022\/07\/Premium-Fuckbook-300x264.png 300w, https:\/\/dontacceptrape.com\/wp-content\/uploads\/2022\/07\/Premium-Fuckbook.png 700w\" sizes=\"(max-width: 300px) 100vw, 300px\" \/><\/p>\n<h3>Fuckbook<\/h3>\n<p>Bumble to aplikacja, kt\u00f3ra \u0142\u0105czy dwie osoby, kt\u00f3re w przeciwnym razie mog\u0142yby si\u0119 nie spotka\u0107. Istnieje wiele darmowych lokalnych aplikacji do pod\u0142\u0105czania, ale \u017cadna z nich nie jest podobna do Bumble. Podczas korzystania z Bumble kobiety musz\u0105 najpierw rozpocz\u0105\u0107 rozmow\u0119. M\u0119\u017cczy\u017ani mog\u0105 wys\u0142a\u0107 wiadomo\u015b\u0107, je\u015bli chc\u0105, ale nie mog\u0105 zainicjowa\u0107 kontaktu. Je\u015bli obie strony przesun\u0105 palcem w prawo, obie strony zostan\u0105 dopasowane i otrzymaj\u0105 powiadomienie. Je\u015bli \u017cadna ze stron nie przesunie palcem w prawo, rozmowa si\u0119 zako\u0144czy. Mo\u017cesz tak\u017ce u\u017cy\u0107 aplikacji, aby udost\u0119pni\u0107 swoj\u0105 lokalizacj\u0119 innym osobom, dzi\u0119ki czemu mo\u017cesz spotka\u0107 si\u0119 z nimi w okre\u015blonym miejscu.<\/p>\n<h3>Randki na Facebooku<\/h3>\n<p>Facebook uruchomi\u0142 w\u0142asn\u0105 aplikacj\u0119 randkow\u0105 o nazwie Facebook Dating. Mo\u017cesz u\u017cy\u0107 informacji o swoim profilu na Facebooku, aby utworzy\u0107 profil randkowy, kt\u00f3ry pozostanie prywatny, chyba \u017ce udost\u0119pnisz go komu\u015b innemu. Twoi znajomi i rodzina na Facebooku nie b\u0119d\u0105 mogli zobaczy\u0107, \u017ce Tw\u00f3j profil istnieje. Je\u015bli zdecydujesz si\u0119 udost\u0119pni\u0107 sw\u00f3j profil, ka\u017cdy b\u0119dzie m\u00f3g\u0142 go wy\u015bwietli\u0107. Randki na Facebooku s\u0105 obecnie dost\u0119pne tylko w aplikacji mobilnej Facebook.<\/p>\n<h3>Nasz Czas<\/h3>\n<p>OurTime to internetowa platforma randkowa zaprojektowana <a href=\"https:\/\/www.thedatingadvisor.com\/pl\/darmowe-lokalne-sexting\/\">sexting strony<\/a> specjalnie dla os\u00f3b starszych. Podobnie jak w przypadku innych witryn, mo\u017cesz \u0142atwo spotka\u0107 samotne dziewczyny w mojej okolicy, musisz najpierw wype\u0142ni\u0107 sw\u00f3j profil, w tym jakiego rodzaju osoby szukasz. Mo\u017cesz tak\u017ce przesy\u0142a\u0107 zdj\u0119cia i filmy, aby pom\u00f3c innym lepiej Ci\u0119 pozna\u0107. Po wype\u0142nieniu profilu mo\u017cesz zacz\u0105\u0107 przegl\u0105da\u0107 setki profili cz\u0142onk\u00f3w. Je\u015bli widzisz kogo\u015b, kogo chcesz pozna\u0107, mo\u017cesz porozmawia\u0107 z nim bezpo\u015brednio za po\u015brednictwem wiadomo\u015bci tekstowej lub po\u0142\u0105czenia wideo. Po podj\u0119ciu decyzji, czy chcesz z kim\u015b porozmawia\u0107, musisz zap\u0142aci\u0107 miesi\u0119czn\u0105 op\u0142at\u0119 w wysoko\u015bci oko\u0142o 30 USD miesi\u0119cznie. To powiedziawszy, b\u0119dziesz m\u00f3g\u0142 anulowa\u0107 w dowolnym momencie i nie zostaniesz obci\u0105\u017cony \u017cadnymi op\u0142atami, je\u015bli to zrobisz.<\/p>\n<h3>eHarmony<\/h3>\n<p>Eharmony to internetowy serwis randkowy, kt\u00f3ry pozwala u\u017cytkownikom tworzy\u0107 profile i \u0142\u0105czy\u0107 si\u0119 z innymi cz\u0142onkami w oparciu o wsp\u00f3lne zainteresowania i preferencje. U\u017cytkownicy mog\u0105 przeszukiwa\u0107 tysi\u0105ce potencjalnych dopasowa\u0144 za pomoc\u0105 zaawansowanych kryteri\u00f3w dopasowania, w tym wieku, lokalizacji, wykszta\u0142cenia, religii, zawodu i wzrostu. Po dopasowaniu u\u017cytkownicy mog\u0105 komunikowa\u0107 si\u0119 ze sob\u0105 za pomoc\u0105 wiadomo\u015bci tekstowych, czatu b\u0142yskawicznego, po\u0142\u0105cze\u0144 g\u0142osowych, czat\u00f3w wideo i po\u0142\u0105cze\u0144 z mediami spo\u0142eczno\u015bciowymi. eHarmony oferuje r\u00f3wnie\u017c swoim cz\u0142onkom dost\u0119p do ekskluzywnych wydarze\u0144, rabat\u00f3w i specjalnych promocji.<\/p>\n<h2>Co powinienem zrobi\u0107 dalej?<\/h2>\n<p>Internetowe serwisy randkowe nie znikn\u0105 w najbli\u017cszym czasie, mo\u017cesz nawet wypr\u00f3bowa\u0107 gry dla doros\u0142ych, takie jak i spotka\u0107 podobnie my\u015bl\u0105cych singli, kt\u00f3rzy chc\u0105 si\u0119 pod\u0142\u0105czy\u0107. Podczas gdy wiele os\u00f3b mo\u017ce czu\u0107, \u017ce musz\u0105 wyj\u015b\u0107 i zacz\u0105\u0107 ponownie spotyka\u0107 si\u0119 z lud\u017ami twarz\u0105 w twarz, wa\u017cne jest, aby pami\u0119ta\u0107, \u017ce randki online s\u0105 nadal skutecznym sposobem na poznanie ludzi.<\/p>\n<p>Nawet podczas Covid-19 aplikacje randkowe by\u0142y bardziej popularne ni\u017c kiedykolwiek! Powiniene\u015b rozwa\u017cy\u0107 rozpocz\u0119cie z nimi, je\u015bli jeszcze tego nie zrobi\u0142e\u015b!<\/p>\n","protected":false},"excerpt":{"rendered":"<p>W przesz\u0142o\u015bci ludzie musieli odwiedza\u0107 niekt\u00f3re strony internetowe, aby spotka\u0107 si\u0119 z innymi. Jednak w dzisiejszych czasach aplikacje mobilne do pod\u0142\u0105czania u\u0142atwi\u0142y ludziom pozostawanie w kontakcie i nadrabianie zaleg\u0142o\u015bci w najnowszych wiadomo\u015bciach i wydarzeniach. Mo\u017cesz tak\u017ce rozmawia\u0107 z innymi cz\u0142onkami,&#8230;<\/p>\n","protected":false},"author":1,"featured_media":0,"parent":0,"menu_order":0,"comment_status":"closed","ping_status":"closed","template":"","meta":[],"yoast_head":"<!-- This site is optimized with the Yoast SEO plugin v19.2 - https:\/\/yoast.com\/wordpress\/plugins\/seo\/ -->\n<title>- Nie akceptuj Lokalne aplikacje randkowe - jakie s\u0105 twoje wybory?<\/title>\n<meta name=\"robots\" content=\"index, follow, max-snippet:-1, max-image-preview:large, max-video-preview:-1\" \/>\n<link rel=\"canonical\" href=\"https:\/\/dontacceptrape.com\/pl\/\" \/>\n<meta property=\"og:locale\" content=\"pl_PL\" \/>\n<meta property=\"og:type\" content=\"article\" \/>\n<meta property=\"og:title\" content=\"- Nie akceptuj Lokalne aplikacje randkowe - jakie s\u0105 twoje wybory?\" \/>\n<meta property=\"og:description\" content=\"W przesz\u0142o\u015bci ludzie musieli odwiedza\u0107 niekt\u00f3re strony internetowe, aby spotka\u0107 si\u0119 z innymi. Jednak w dzisiejszych czasach aplikacje mobilne do pod\u0142\u0105czania u\u0142atwi\u0142y ludziom pozostawanie w kontakcie i nadrabianie zaleg\u0142o\u015bci w najnowszych wiadomo\u015bciach i wydarzeniach. Mo\u017cesz tak\u017ce rozmawia\u0107 z innymi cz\u0142onkami,...\" \/>\n<meta property=\"og:url\" content=\"https:\/\/dontacceptrape.com\/pl\/\" \/>\n<meta property=\"og:site_name\" content=\"Nie akceptuj\" \/>\n<meta property=\"article:modified_time\" content=\"2022-09-08T18:49:08+00:00\" \/>\n<meta property=\"og:image\" content=\"http:\/\/dontacceptrape.com\/wp-content\/uploads\/2022\/07\/free-dating-websites-1024x683.jpeg\" \/>\n<meta name=\"author\" content=\"Don&#039;t Accept Rape\" \/>\n<meta name=\"twitter:card\" content=\"summary_large_image\" \/>\n<meta name=\"twitter:label1\" content=\"Szacowany czas czytania\" \/>\n\t<meta name=\"twitter:data1\" content=\"5 minut\" \/>\n<script type=\"application\/ld+json\" class=\"yoast-schema-graph\">{\"@context\":\"https:\/\/schema.org\",\"@graph\":[{\"@type\":\"WebSite\",\"@id\":\"https:\/\/dontacceptrape.com\/#website\",\"url\":\"https:\/\/dontacceptrape.com\/\",\"name\":\"Nie akceptuj\",\"description\":\"Prawdziwy czat Hookup\",\"potentialAction\":[{\"@type\":\"SearchAction\",\"target\":{\"@type\":\"EntryPoint\",\"urlTemplate\":\"https:\/\/dontacceptrape.com\/?s={search_term_string}\"},\"query-input\":\"required name=search_term_string\"}],\"inLanguage\":\"pl-PL\"},{\"@type\":\"ImageObject\",\"inLanguage\":\"pl-PL\",\"@id\":\"https:\/\/dontacceptrape.com\/pl\/#primaryimage\",\"url\":\"https:\/\/dontacceptrape.com\/wp-content\/uploads\/2022\/07\/free-dating-websites.jpeg\",\"contentUrl\":\"https:\/\/dontacceptrape.com\/wp-content\/uploads\/2022\/07\/free-dating-websites.jpeg\",\"width\":1125,\"height\":750},{\"@type\":\"WebPage\",\"@id\":\"https:\/\/dontacceptrape.com\/pl\/#webpage\",\"url\":\"https:\/\/dontacceptrape.com\/pl\/\",\"name\":\"- Nie akceptuj Lokalne aplikacje randkowe - jakie s\u0105 twoje wybory?\",\"isPartOf\":{\"@id\":\"https:\/\/dontacceptrape.com\/#website\"},\"primaryImageOfPage\":{\"@id\":\"https:\/\/dontacceptrape.com\/pl\/#primaryimage\"},\"datePublished\":\"2022-07-04T10:22:57+00:00\",\"dateModified\":\"2022-09-08T18:49:08+00:00\",\"breadcrumb\":{\"@id\":\"https:\/\/dontacceptrape.com\/pl\/#breadcrumb\"},\"inLanguage\":\"pl-PL\",\"potentialAction\":[{\"@type\":\"ReadAction\",\"target\":[\"https:\/\/dontacceptrape.com\/pl\/\"]}]},{\"@type\":\"BreadcrumbList\",\"@id\":\"https:\/\/dontacceptrape.com\/pl\/#breadcrumb\",\"itemListElement\":[{\"@type\":\"ListItem\",\"position\":1,\"name\":\"Dom\",\"item\":\"http:\/\/dontacceptrape.com\/pl\/\"},{\"@type\":\"ListItem\",\"position\":2,\"name\":\"Lokalne aplikacje randkowe &#8211; jakie s\u0105 twoje wybory?\"}]}]}<\/script>\n<!-- \/ Yoast SEO plugin. -->","yoast_head_json":{"title":"- Nie akceptuj Lokalne aplikacje randkowe - jakie s\u0105 twoje wybory?","robots":{"index":"index","follow":"follow","max-snippet":"max-snippet:-1","max-image-preview":"max-image-preview:large","max-video-preview":"max-video-preview:-1"},"canonical":"https:\/\/dontacceptrape.com\/pl\/","og_locale":"pl_PL","og_type":"article","og_title":"- Nie akceptuj Lokalne aplikacje randkowe - jakie s\u0105 twoje wybory?","og_description":"W przesz\u0142o\u015bci ludzie musieli odwiedza\u0107 niekt\u00f3re strony internetowe, aby spotka\u0107 si\u0119 z innymi. Jednak w dzisiejszych czasach aplikacje mobilne do pod\u0142\u0105czania u\u0142atwi\u0142y ludziom pozostawanie w kontakcie i nadrabianie zaleg\u0142o\u015bci w najnowszych wiadomo\u015bciach i wydarzeniach. Mo\u017cesz tak\u017ce rozmawia\u0107 z innymi cz\u0142onkami,...","og_url":"https:\/\/dontacceptrape.com\/pl\/","og_site_name":"Nie akceptuj","article_modified_time":"2022-09-08T18:49:08+00:00","og_image":[{"url":"http:\/\/dontacceptrape.com\/wp-content\/uploads\/2022\/07\/free-dating-websites-1024x683.jpeg"}],"author":"Don't Accept Rape","twitter_card":"summary_large_image","twitter_misc":{"Szacowany czas czytania":"5 minut"},"schema":{"@context":"https:\/\/schema.org","@graph":[{"@type":"WebSite","@id":"https:\/\/dontacceptrape.com\/#website","url":"https:\/\/dontacceptrape.com\/","name":"Nie akceptuj","description":"Prawdziwy czat Hookup","potentialAction":[{"@type":"SearchAction","target":{"@type":"EntryPoint","urlTemplate":"https:\/\/dontacceptrape.com\/?s={search_term_string}"},"query-input":"required name=search_term_string"}],"inLanguage":"pl-PL"},{"@type":"ImageObject","inLanguage":"pl-PL","@id":"https:\/\/dontacceptrape.com\/pl\/#primaryimage","url":"https:\/\/dontacceptrape.com\/wp-content\/uploads\/2022\/07\/free-dating-websites.jpeg","contentUrl":"https:\/\/dontacceptrape.com\/wp-content\/uploads\/2022\/07\/free-dating-websites.jpeg","width":1125,"height":750},{"@type":"WebPage","@id":"https:\/\/dontacceptrape.com\/pl\/#webpage","url":"https:\/\/dontacceptrape.com\/pl\/","name":"- Nie akceptuj Lokalne aplikacje randkowe - jakie s\u0105 twoje wybory?","isPartOf":{"@id":"https:\/\/dontacceptrape.com\/#website"},"primaryImageOfPage":{"@id":"https:\/\/dontacceptrape.com\/pl\/#primaryimage"},"datePublished":"2022-07-04T10:22:57+00:00","dateModified":"2022-09-08T18:49:08+00:00","breadcrumb":{"@id":"https:\/\/dontacceptrape.com\/pl\/#breadcrumb"},"inLanguage":"pl-PL","potentialAction":[{"@type":"ReadAction","target":["https:\/\/dontacceptrape.com\/pl\/"]}]},{"@type":"BreadcrumbList","@id":"https:\/\/dontacceptrape.com\/pl\/#breadcrumb","itemListElement":[{"@type":"ListItem","position":1,"name":"Dom","item":"http:\/\/dontacceptrape.com\/pl\/"},{"@type":"ListItem","position":2,"name":"Lokalne aplikacje randkowe &#8211; jakie s\u0105 twoje wybory?"}]}]}},"_links":{"self":[{"href":"https:\/\/dontacceptrape.com\/pl\/wp-json\/wp\/v2\/pages\/216"}],"collection":[{"href":"https:\/\/dontacceptrape.com\/pl\/wp-json\/wp\/v2\/pages"}],"about":[{"href":"https:\/\/dontacceptrape.com\/pl\/wp-json\/wp\/v2\/types\/page"}],"author":[{"embeddable":true,"href":"https:\/\/dontacceptrape.com\/pl\/wp-json\/wp\/v2\/users\/1"}],"replies":[{"embeddable":true,"href":"https:\/\/dontacceptrape.com\/pl\/wp-json\/wp\/v2\/comments?post=216"}],"version-history":[{"count":4,"href":"https:\/\/dontacceptrape.com\/pl\/wp-json\/wp\/v2\/pages\/216\/revisions"}],"predecessor-version":[{"id":286,"href":"https:\/\/dontacceptrape.com\/pl\/wp-json\/wp\/v2\/pages\/216\/revisions\/286"}],"wp:attachment":[{"href":"https:\/\/dontacceptrape.com\/pl\/wp-json\/wp\/v2\/media?parent=216"}],"curies":[{"name":"wp","href":"https:\/\/api.w.org\/{rel}","templated":true}]}}