{"id":208,"date":"2022-07-04T11:30:26","date_gmt":"2022-07-04T10:30:26","guid":{"rendered":"http:\/\/dontacceptrape.com\/darmowe-strony-sextingowe-dla-singli\/"},"modified":"2022-07-04T11:30:26","modified_gmt":"2022-07-04T10:30:26","slug":"darmowe-strony-sextingowe-dla-singli","status":"publish","type":"page","link":"https:\/\/dontacceptrape.com\/pl\/darmowe-strony-sextingowe-dla-singli\/","title":{"rendered":"Darmowe strony sextingowe dla singli"},"content":{"rendered":"<p>Najlepsze darmowe strony erotyczne s\u0105 tutaj, aby zapewni\u0107 ulg\u0119, gdy chcesz by\u0107 niegrzeczny z kim\u015b online, kto chce to zrobi\u0107 z twoim cia\u0142em. Te witryny i aplikacje pozwol\u0105 Ci prowadzi\u0107 seksowne, seksowne rozmowy z innymi, kt\u00f3rzy szukaj\u0105 zabawy z Tob\u0105. Nasza lista top 4 zawiera wszystko, co pomo\u017ce Ci freakowa\u0107 s\u0142owami!<\/p>\n<h2>Wyszukiwarka znajomych dla doros\u0142ych<\/h2>\n<p>AFF zosta\u0142 zaprojektowany jako zabawne miejsce do spotka\u0144 podobnie my\u015bl\u0105cych <a href=\"https:\/\/dontacceptrape.com\/pl\/lokalne-kluby-randkowe-dla-doroslych\/\">doros\u0142ych szukaj\u0105cych mi\u0142o\u015bci<\/a>. Mo\u017cesz tak\u017ce rozmawia\u0107 z innymi u\u017cytkownikami o wszystkim pod s\u0142o\u0144cem, w tym o polityce, religii, seksie, sporcie lub po prostu og\u00f3lnych tematach \u017cyciowych. Je\u015bli jeste\u015b zainteresowany spotkaniem z kim\u015b wyj\u0105tkowym, mo\u017cesz um\u00f3wi\u0107 si\u0119 na kaw\u0119 lub drinka.<\/p>\n<h2>Jerkmate<\/h2>\n<p>Jerkmate to strona z kamer\u0105 internetow\u0105 dla doros\u0142ych, kt\u00f3ra pozwala ogl\u0105da\u0107 erotyczne filmy z prawdziwymi amatorskimi dziewcz\u0119tami i ch\u0142opcami. Mo\u017cesz tak\u017ce wchodzi\u0107 z nimi w interakcje za po\u015brednictwem wiadomo\u015bci tekstowych, po\u0142\u0105cze\u0144 audio i czatu wideo. Je\u015bli chcesz zobaczy\u0107 nagie cia\u0142a, to jest to miejsce, do kt\u00f3rego chcesz si\u0119 uda\u0107! a Strona internetowa s\u0105, \u017ce tysi\u0105ce \u0142\u0105czy bogatych seksownych m\u0119\u017cczyzn modeli szukaj\u0105cych od wszystkich m\u0142odych dziewczyn do \u015bwiata, wynajem i oni tam jest na co\u015b seks. bo to wszyscy. a Niezale\u017cnie od tego, czy bardzo popularny wolisz wyb\u00f3r solo w\u015br\u00f3d pokaz\u00f3w tych lub tych, kt\u00f3rzy hardcore chc\u0105 akcji, do ciebie wyjdziesz poza to znale\u017a\u0107 tylko to casual wszystkie flings. racja Je\u015bli tutaj. rozmawiasz nie jest bardzo prosty i szybki. rzecz, Mo\u017cesz wybra\u0107 wiele do przegl\u0105dania innych profili, opcje wysy\u0142ania dost\u0119pne. wiadomo\u015bci, Niekt\u00f3re i witryny zadaj\u0105 pytania s\u0105 bezp\u0142atne, podczas gdy wszystko, co zwi\u0105zane z innymi, wymaga rejestracji op\u0142at.<\/p>\n<h2>Ashley Madison<\/h2>\n<p>Ashley Madison (AM) to jedna z najlepszych darmowych aplikacji randkowych dost\u0119pnych obecnie online. Je\u015bli szukasz dyskretnego romansu z zam\u0119\u017cn\u0105 kobiet\u0105 lub m\u0119\u017cczyzn\u0105, AM jest prawdopodobnie miejscem dla Ciebie. Jako aplikacja zaprojektowana specjalnie do oszukiwania ma\u0142\u017conk\u00f3w, oferuje wiele korzy\u015bci w por\u00f3wnaniu z konkurencj\u0105. W przeciwie\u0144stwie do innych aplikacji randkowych, AM nie wymaga od u\u017cytkownik\u00f3w udost\u0119pniania danych osobowych, co czyni go jedn\u0105 z bezpieczniejszych opcji. Mo\u017cesz flirtowa\u0107 z innymi u\u017cytkownikami bez udost\u0119pniania swojej prawdziwej to\u017csamo\u015bci i lokalizacji, a jednocze\u015bnie by\u0107 w stanie \u0142\u0105czy\u0107 si\u0119 z innymi za po\u015brednictwem kamery internetowej. Na stronie internetowej znajduje si\u0119 nawet sekcja po\u015bwi\u0119cona pomaganiu w bezpiecznym oszukiwaniu.<\/p>\n<h2>Szuka<\/h2>\n<p>Seeking to serwis randkowy, kt\u00f3ry pozwala u\u017cytkownikom \u0142\u0105czy\u0107 si\u0119 z innymi osobami szukaj\u0105cymi dyskretnych relacji. Mo\u017cesz wybra\u0107, czy chcesz utworzy\u0107 konto za darmo, czy wolisz p\u0142aci\u0107 kryptowalut\u0105, aby uzyska\u0107 dost\u0119p do funkcji premium. Je\u015bli powa\u017cnie my\u015blisz o znalezieniu mi\u0142o\u015bci w Internecie, poszukiwanie mo\u017ce by\u0107 w\u0142a\u015bnie tym, czego potrzebujesz.<\/p>\n<h2>Czy powiniene\u015b zacz\u0105\u0107 od sextingu?<\/h2>\n<p>Nigdy nie b\u0119dziesz musia\u0142 si\u0119 martwi\u0107, \u017ce tw\u00f3j partner dowie si\u0119, co robisz za zamkni\u0119tymi drzwiami. Tw\u00f3j partner b\u0119dzie ca\u0142kowicie bezpieczny, poniewa\u017c b\u0119dzie si\u0119 dla Ciebie nagi w czasie rzeczywistym, na twoich oczach! B\u0119dziesz tak\u017ce m\u00f3g\u0142 zobaczy\u0107 wszystko, co tw\u00f3j partner robi ze swoim cia\u0142em, w tym bawi\u0105c si\u0119 piersiami, palcuj\u0105c si\u0119, masturbuj\u0105c, a nawet cumming.<\/p>\n","protected":false},"excerpt":{"rendered":"<p>Najlepsze darmowe strony erotyczne s\u0105 tutaj, aby zapewni\u0107 ulg\u0119, gdy chcesz by\u0107 niegrzeczny z kim\u015b online, kto chce to zrobi\u0107 z twoim cia\u0142em. Te witryny i aplikacje pozwol\u0105 Ci prowadzi\u0107 seksowne, seksowne rozmowy z innymi, kt\u00f3rzy szukaj\u0105 zabawy z Tob\u0105&#8230;.<\/p>\n","protected":false},"author":1,"featured_media":92,"parent":0,"menu_order":0,"comment_status":"closed","ping_status":"closed","template":"","meta":[],"yoast_head":"<!-- This site is optimized with the Yoast SEO plugin v19.2 - https:\/\/yoast.com\/wordpress\/plugins\/seo\/ -->\n<title>- Nie akceptuj Darmowe strony sextingowe dla singli<\/title>\n<meta name=\"robots\" content=\"index, follow, max-snippet:-1, max-image-preview:large, max-video-preview:-1\" \/>\n<link rel=\"canonical\" href=\"https:\/\/dontacceptrape.com\/pl\/darmowe-strony-sextingowe-dla-singli\/\" \/>\n<meta property=\"og:locale\" content=\"pl_PL\" \/>\n<meta property=\"og:type\" content=\"article\" \/>\n<meta property=\"og:title\" content=\"- Nie akceptuj Darmowe strony sextingowe dla singli\" \/>\n<meta property=\"og:description\" content=\"Najlepsze darmowe strony erotyczne s\u0105 tutaj, aby zapewni\u0107 ulg\u0119, gdy chcesz by\u0107 niegrzeczny z kim\u015b online, kto chce to zrobi\u0107 z twoim cia\u0142em. Te witryny i aplikacje pozwol\u0105 Ci prowadzi\u0107 seksowne, seksowne rozmowy z innymi, kt\u00f3rzy szukaj\u0105 zabawy z Tob\u0105....\" \/>\n<meta property=\"og:url\" content=\"https:\/\/dontacceptrape.com\/pl\/darmowe-strony-sextingowe-dla-singli\/\" \/>\n<meta property=\"og:site_name\" content=\"Nie akceptuj\" \/>\n<meta property=\"og:image\" content=\"https:\/\/dontacceptrape.com\/wp-content\/uploads\/2022\/07\/local-dating.jpeg\" \/>\n\t<meta property=\"og:image:width\" content=\"500\" \/>\n\t<meta property=\"og:image:height\" content=\"750\" \/>\n\t<meta property=\"og:image:type\" content=\"image\/jpeg\" \/>\n<meta name=\"author\" content=\"Don&#039;t Accept Rape\" \/>\n<meta name=\"twitter:card\" content=\"summary_large_image\" \/>\n<meta name=\"twitter:label1\" content=\"Szacowany czas czytania\" \/>\n\t<meta name=\"twitter:data1\" content=\"3 minuty\" \/>\n<script type=\"application\/ld+json\" class=\"yoast-schema-graph\">{\"@context\":\"https:\/\/schema.org\",\"@graph\":[{\"@type\":\"WebSite\",\"@id\":\"https:\/\/dontacceptrape.com\/#website\",\"url\":\"https:\/\/dontacceptrape.com\/\",\"name\":\"Nie akceptuj\",\"description\":\"Prawdziwy czat Hookup\",\"potentialAction\":[{\"@type\":\"SearchAction\",\"target\":{\"@type\":\"EntryPoint\",\"urlTemplate\":\"https:\/\/dontacceptrape.com\/?s={search_term_string}\"},\"query-input\":\"required name=search_term_string\"}],\"inLanguage\":\"pl-PL\"},{\"@type\":\"ImageObject\",\"inLanguage\":\"pl-PL\",\"@id\":\"https:\/\/dontacceptrape.com\/pl\/darmowe-strony-sextingowe-dla-singli\/#primaryimage\",\"url\":\"https:\/\/dontacceptrape.com\/wp-content\/uploads\/2022\/07\/local-dating.jpeg\",\"contentUrl\":\"https:\/\/dontacceptrape.com\/wp-content\/uploads\/2022\/07\/local-dating.jpeg\",\"width\":500,\"height\":750},{\"@type\":\"WebPage\",\"@id\":\"https:\/\/dontacceptrape.com\/pl\/darmowe-strony-sextingowe-dla-singli\/#webpage\",\"url\":\"https:\/\/dontacceptrape.com\/pl\/darmowe-strony-sextingowe-dla-singli\/\",\"name\":\"- Nie akceptuj Darmowe strony sextingowe dla singli\",\"isPartOf\":{\"@id\":\"https:\/\/dontacceptrape.com\/#website\"},\"primaryImageOfPage\":{\"@id\":\"https:\/\/dontacceptrape.com\/pl\/darmowe-strony-sextingowe-dla-singli\/#primaryimage\"},\"datePublished\":\"2022-07-04T10:30:26+00:00\",\"dateModified\":\"2022-07-04T10:30:26+00:00\",\"breadcrumb\":{\"@id\":\"https:\/\/dontacceptrape.com\/pl\/darmowe-strony-sextingowe-dla-singli\/#breadcrumb\"},\"inLanguage\":\"pl-PL\",\"potentialAction\":[{\"@type\":\"ReadAction\",\"target\":[\"https:\/\/dontacceptrape.com\/pl\/darmowe-strony-sextingowe-dla-singli\/\"]}]},{\"@type\":\"BreadcrumbList\",\"@id\":\"https:\/\/dontacceptrape.com\/pl\/darmowe-strony-sextingowe-dla-singli\/#breadcrumb\",\"itemListElement\":[{\"@type\":\"ListItem\",\"position\":1,\"name\":\"Dom\",\"item\":\"http:\/\/dontacceptrape.com\/pl\/\"},{\"@type\":\"ListItem\",\"position\":2,\"name\":\"Darmowe strony sextingowe dla singli\"}]}]}<\/script>\n<!-- \/ Yoast SEO plugin. -->","yoast_head_json":{"title":"- Nie akceptuj Darmowe strony sextingowe dla singli","robots":{"index":"index","follow":"follow","max-snippet":"max-snippet:-1","max-image-preview":"max-image-preview:large","max-video-preview":"max-video-preview:-1"},"canonical":"https:\/\/dontacceptrape.com\/pl\/darmowe-strony-sextingowe-dla-singli\/","og_locale":"pl_PL","og_type":"article","og_title":"- Nie akceptuj Darmowe strony sextingowe dla singli","og_description":"Najlepsze darmowe strony erotyczne s\u0105 tutaj, aby zapewni\u0107 ulg\u0119, gdy chcesz by\u0107 niegrzeczny z kim\u015b online, kto chce to zrobi\u0107 z twoim cia\u0142em. Te witryny i aplikacje pozwol\u0105 Ci prowadzi\u0107 seksowne, seksowne rozmowy z innymi, kt\u00f3rzy szukaj\u0105 zabawy z Tob\u0105....","og_url":"https:\/\/dontacceptrape.com\/pl\/darmowe-strony-sextingowe-dla-singli\/","og_site_name":"Nie akceptuj","og_image":[{"width":500,"height":750,"url":"https:\/\/dontacceptrape.com\/wp-content\/uploads\/2022\/07\/local-dating.jpeg","type":"image\/jpeg"}],"author":"Don't Accept Rape","twitter_card":"summary_large_image","twitter_misc":{"Szacowany czas czytania":"3 minuty"},"schema":{"@context":"https:\/\/schema.org","@graph":[{"@type":"WebSite","@id":"https:\/\/dontacceptrape.com\/#website","url":"https:\/\/dontacceptrape.com\/","name":"Nie akceptuj","description":"Prawdziwy czat Hookup","potentialAction":[{"@type":"SearchAction","target":{"@type":"EntryPoint","urlTemplate":"https:\/\/dontacceptrape.com\/?s={search_term_string}"},"query-input":"required name=search_term_string"}],"inLanguage":"pl-PL"},{"@type":"ImageObject","inLanguage":"pl-PL","@id":"https:\/\/dontacceptrape.com\/pl\/darmowe-strony-sextingowe-dla-singli\/#primaryimage","url":"https:\/\/dontacceptrape.com\/wp-content\/uploads\/2022\/07\/local-dating.jpeg","contentUrl":"https:\/\/dontacceptrape.com\/wp-content\/uploads\/2022\/07\/local-dating.jpeg","width":500,"height":750},{"@type":"WebPage","@id":"https:\/\/dontacceptrape.com\/pl\/darmowe-strony-sextingowe-dla-singli\/#webpage","url":"https:\/\/dontacceptrape.com\/pl\/darmowe-strony-sextingowe-dla-singli\/","name":"- Nie akceptuj Darmowe strony sextingowe dla singli","isPartOf":{"@id":"https:\/\/dontacceptrape.com\/#website"},"primaryImageOfPage":{"@id":"https:\/\/dontacceptrape.com\/pl\/darmowe-strony-sextingowe-dla-singli\/#primaryimage"},"datePublished":"2022-07-04T10:30:26+00:00","dateModified":"2022-07-04T10:30:26+00:00","breadcrumb":{"@id":"https:\/\/dontacceptrape.com\/pl\/darmowe-strony-sextingowe-dla-singli\/#breadcrumb"},"inLanguage":"pl-PL","potentialAction":[{"@type":"ReadAction","target":["https:\/\/dontacceptrape.com\/pl\/darmowe-strony-sextingowe-dla-singli\/"]}]},{"@type":"BreadcrumbList","@id":"https:\/\/dontacceptrape.com\/pl\/darmowe-strony-sextingowe-dla-singli\/#breadcrumb","itemListElement":[{"@type":"ListItem","position":1,"name":"Dom","item":"http:\/\/dontacceptrape.com\/pl\/"},{"@type":"ListItem","position":2,"name":"Darmowe strony sextingowe dla singli"}]}]}},"_links":{"self":[{"href":"https:\/\/dontacceptrape.com\/pl\/wp-json\/wp\/v2\/pages\/208"}],"collection":[{"href":"https:\/\/dontacceptrape.com\/pl\/wp-json\/wp\/v2\/pages"}],"about":[{"href":"https:\/\/dontacceptrape.com\/pl\/wp-json\/wp\/v2\/types\/page"}],"author":[{"embeddable":true,"href":"https:\/\/dontacceptrape.com\/pl\/wp-json\/wp\/v2\/users\/1"}],"replies":[{"embeddable":true,"href":"https:\/\/dontacceptrape.com\/pl\/wp-json\/wp\/v2\/comments?post=208"}],"version-history":[{"count":0,"href":"https:\/\/dontacceptrape.com\/pl\/wp-json\/wp\/v2\/pages\/208\/revisions"}],"wp:featuredmedia":[{"embeddable":true,"href":"https:\/\/dontacceptrape.com\/pl\/wp-json\/wp\/v2\/media\/92"}],"wp:attachment":[{"href":"https:\/\/dontacceptrape.com\/pl\/wp-json\/wp\/v2\/media?parent=208"}],"curies":[{"name":"wp","href":"https:\/\/api.w.org\/{rel}","templated":true}]}}