{"id":199,"date":"2022-07-04T11:33:15","date_gmt":"2022-07-04T10:33:15","guid":{"rendered":"http:\/\/dontacceptrape.com\/znajdz-no-strings-attached-sex-tonight\/"},"modified":"2022-07-04T11:33:15","modified_gmt":"2022-07-04T10:33:15","slug":"znajdz-no-strings-attached-sex-tonight","status":"publish","type":"page","link":"https:\/\/dontacceptrape.com\/pl\/znajdz-no-strings-attached-sex-tonight\/","title":{"rendered":"Znajd\u017a no strings attached sex tonight?"},"content":{"rendered":"<p>NSA to serwis randkowy dla doros\u0142ych, kt\u00f3ry oferuje wiele <a href=\"http:\/\/dontacceptrape.com\/pl\/darmowe-strony-sextingowe-dla-singli\/\">r\u00f3\u017cnych sposob\u00f3w \u0142\u0105czenia si\u0119<\/a> z innymi i dzielenia si\u0119 z nimi intymnymi chwilami. Mo\u017cesz rozmawia\u0107, wymienia\u0107 zdj\u0119cia i filmy, a nawet ogl\u0105da\u0107 si\u0119 nawzajem podczas masturbacji. Dost\u0119pne s\u0105 r\u00f3wnie\u017c sesje kamery na \u017cywo dla tych, kt\u00f3rzy szukaj\u0105 czego\u015b wyj\u0105tkowego.<\/p>\n<h2>Plusy \/ minusy po\u0142\u0105cze\u0144 NSA<\/h2>\n<p>Korzystanie ze strony internetowej NSA ma wiele zalet. Jedn\u0105 z korzy\u015bci jest to, \u017ce jest wielu r\u00f3\u017cnych ludzi do poznania. Nigdy nie zabraknie ci ludzi do rozmowy, poniewa\u017c zawsze s\u0105 nowi ludzie, kt\u00f3rzy do\u0142\u0105czaj\u0105 co minut\u0119. Kolejn\u0105 zalet\u0105 jest to, \u017ce strona jest bardzo \u0142atwa w nawigacji. Nie b\u0119dziesz mia\u0142 \u017cadnych problem\u00f3w ze znalezieniem tego, czego potrzebujesz.<\/p>\n<p>Istniej\u0105 r\u00f3wnie\u017c wady korzystania ze strony internetowej NSA. Jedn\u0105 z wad jest to, \u017ce nie jest darmowy. Je\u015bli chcesz korzysta\u0107 z witryny, musisz ui\u015bci\u0107 miesi\u0119czn\u0105 op\u0142at\u0119 subskrypcyjn\u0105. Kolejn\u0105 wad\u0105 jest to, \u017ce strona nie jest dost\u0119pna we wszystkich krajach. Je\u015bli wi\u0119c mieszkasz w kraju, kt\u00f3ry nie zezwala na witryny dla doros\u0142ych, nie mo\u017cesz uzyska\u0107 dost\u0119pu do witryny NSA. I wreszcie, jedn\u0105 z wad jest to, \u017ce strona nie jest ca\u0142kowicie anonimowa. Mimo \u017ce Twoje informacje s\u0105 prywatne, inni u\u017cytkownicy mog\u0105 nadal widzie\u0107 Twoje zdj\u0119cie profilowe.<\/p>\n<p>Na przyk\u0142ad, zamiast m\u00f3wi\u0107 &#8222;powiniene\u015b nauczy\u0107 si\u0119 o przypadkowych randkach&#8221;, powiedz &#8222;ta osoba powinna nauczy\u0107 si\u0119 o przypadkowych randkach&#8221;. W ten spos\u00f3b odnosisz si\u0119 do konkretnej osoby. Je\u015bli szukasz darmowych aplikacji randkowych, trafi\u0142e\u015b we w\u0142a\u015bciwe miejsce. Oto niekt\u00f3re z najpopularniejszych:<\/p>\n<ul>\n<li>Tinder &#8211; Ta aplikacja doskonale nadaje si\u0119 do poznawania os\u00f3b o podobnych zainteresowaniach. Pomys\u0142 jest prosty: przesu\u0144 palcem w lewo, aby przej\u015b\u0107, przesu\u0144 palcem w prawo, aby polubi\u0107.<\/li>\n<li>Bumble &#8211; Ta aplikacja zosta\u0142a zaprojektowana specjalnie dla kobiet. Kobiety inicjuj\u0105 rozmowy, m\u0119\u017cczy\u017ani odpowiadaj\u0105.<\/li>\n<li>Happn &#8211; Podobnie jak Tinder, ta aplikacja pozwala u\u017cytkownikom znale\u017a\u0107 osoby na podstawie wsp\u00f3lnych przyjaci\u00f3\u0142.<\/li>\n<li>OkCupid &#8211; Ta strona jest nastawiona na d\u0142ugoterminowe relacje. U\u017cytkownicy tworz\u0105 profile i wyszukuj\u0105 dopasowania na podstawie wsp\u00f3lnych zainteresowa\u0144, lokalizacji, wieku i innych kryteri\u00f3w.<\/li>\n<li>PlentyOfFish &#8211; Ta aplikacja jest nastawiona na przypadkowe pod\u0142\u0105czenia. U\u017cytkownicy mog\u0105 przegl\u0105da\u0107 tysi\u0105ce zdj\u0119\u0107 cz\u0142onk\u00f3w i wysy\u0142a\u0107 wiadomo\u015bci do wszystkich zainteresowanych czatowaniem.<\/li>\n<li>Zoosk &#8211; Ta aplikacja jest nastawiona na powa\u017cne relacje. U\u017cytkownicy tworz\u0105 profile, przesy\u0142aj\u0105 zdj\u0119cia i wyszukuj\u0105 zgodnych partner\u00f3w.<\/li>\n<li>Match &#8211; Ta aplikacja jest przeznaczona dla os\u00f3b poszukuj\u0105cych d\u0142ugoterminowych relacji. Cz\u0142onkowie tworz\u0105 profile, przesy\u0142aj\u0105 zdj\u0119cia i wyszukuj\u0105 kompatybilnych partner\u00f3w na podstawie wsp\u00f3lnych zainteresowa\u0144, wieku, religii i innych kryteri\u00f3w.<\/li>\n<\/ul>\n<p>Po\u0142\u0105czenia s\u0105 \u015bwietne, poniewa\u017c s\u0105 bezp\u0142atne, szybkie i anonimowe. S\u0105 r\u00f3wnie\u017c bardzo popularne w\u015br\u00f3d student\u00f3w i m\u0142odych doros\u0142ych.<\/p>\n<p>Istniej\u0105 jednak pewne wady pod\u0142\u0105cze\u0144 online. Po pierwsze, wi\u0119kszo\u015b\u0107 stron internetowych wymaga od u\u017cytkownik\u00f3w tworzenia kont i udost\u0119pniania danych osobowych. Oznacza to, \u017ce musisz uwa\u017ca\u0107, kogo spotykasz na tych stronach.<\/p>\n","protected":false},"excerpt":{"rendered":"<p>NSA to serwis randkowy dla doros\u0142ych, kt\u00f3ry oferuje wiele r\u00f3\u017cnych sposob\u00f3w \u0142\u0105czenia si\u0119 z innymi i dzielenia si\u0119 z nimi intymnymi chwilami. Mo\u017cesz rozmawia\u0107, wymienia\u0107 zdj\u0119cia i filmy, a nawet ogl\u0105da\u0107 si\u0119 nawzajem podczas masturbacji. Dost\u0119pne s\u0105 r\u00f3wnie\u017c sesje kamery&#8230;<\/p>\n","protected":false},"author":1,"featured_media":72,"parent":0,"menu_order":0,"comment_status":"closed","ping_status":"closed","template":"","meta":[],"yoast_head":"<!-- This site is optimized with the Yoast SEO plugin v19.2 - https:\/\/yoast.com\/wordpress\/plugins\/seo\/ -->\n<title>- Nie akceptuj Znajd\u017a no strings attached sex tonight?<\/title>\n<meta name=\"robots\" content=\"index, follow, max-snippet:-1, max-image-preview:large, max-video-preview:-1\" \/>\n<link rel=\"canonical\" href=\"https:\/\/dontacceptrape.com\/pl\/znajdz-no-strings-attached-sex-tonight\/\" \/>\n<meta property=\"og:locale\" content=\"pl_PL\" \/>\n<meta property=\"og:type\" content=\"article\" \/>\n<meta property=\"og:title\" content=\"- Nie akceptuj Znajd\u017a no strings attached sex tonight?\" \/>\n<meta property=\"og:description\" content=\"NSA to serwis randkowy dla doros\u0142ych, kt\u00f3ry oferuje wiele r\u00f3\u017cnych sposob\u00f3w \u0142\u0105czenia si\u0119 z innymi i dzielenia si\u0119 z nimi intymnymi chwilami. Mo\u017cesz rozmawia\u0107, wymienia\u0107 zdj\u0119cia i filmy, a nawet ogl\u0105da\u0107 si\u0119 nawzajem podczas masturbacji. Dost\u0119pne s\u0105 r\u00f3wnie\u017c sesje kamery...\" \/>\n<meta property=\"og:url\" content=\"https:\/\/dontacceptrape.com\/pl\/znajdz-no-strings-attached-sex-tonight\/\" \/>\n<meta property=\"og:site_name\" content=\"Nie akceptuj\" \/>\n<meta property=\"og:image\" content=\"https:\/\/dontacceptrape.com\/wp-content\/uploads\/2022\/07\/datng-websites.jpeg\" \/>\n\t<meta property=\"og:image:width\" content=\"1125\" \/>\n\t<meta property=\"og:image:height\" content=\"750\" \/>\n\t<meta property=\"og:image:type\" content=\"image\/jpeg\" \/>\n<meta name=\"author\" content=\"Don&#039;t Accept Rape\" \/>\n<meta name=\"twitter:card\" content=\"summary_large_image\" \/>\n<meta name=\"twitter:label1\" content=\"Szacowany czas czytania\" \/>\n\t<meta name=\"twitter:data1\" content=\"3 minuty\" \/>\n<script type=\"application\/ld+json\" class=\"yoast-schema-graph\">{\"@context\":\"https:\/\/schema.org\",\"@graph\":[{\"@type\":\"WebSite\",\"@id\":\"https:\/\/dontacceptrape.com\/#website\",\"url\":\"https:\/\/dontacceptrape.com\/\",\"name\":\"Nie akceptuj\",\"description\":\"Prawdziwy czat Hookup\",\"potentialAction\":[{\"@type\":\"SearchAction\",\"target\":{\"@type\":\"EntryPoint\",\"urlTemplate\":\"https:\/\/dontacceptrape.com\/?s={search_term_string}\"},\"query-input\":\"required name=search_term_string\"}],\"inLanguage\":\"pl-PL\"},{\"@type\":\"ImageObject\",\"inLanguage\":\"pl-PL\",\"@id\":\"https:\/\/dontacceptrape.com\/pl\/znajdz-no-strings-attached-sex-tonight\/#primaryimage\",\"url\":\"https:\/\/dontacceptrape.com\/wp-content\/uploads\/2022\/07\/datng-websites.jpeg\",\"contentUrl\":\"https:\/\/dontacceptrape.com\/wp-content\/uploads\/2022\/07\/datng-websites.jpeg\",\"width\":1125,\"height\":750},{\"@type\":\"WebPage\",\"@id\":\"https:\/\/dontacceptrape.com\/pl\/znajdz-no-strings-attached-sex-tonight\/#webpage\",\"url\":\"https:\/\/dontacceptrape.com\/pl\/znajdz-no-strings-attached-sex-tonight\/\",\"name\":\"- Nie akceptuj Znajd\u017a no strings attached sex tonight?\",\"isPartOf\":{\"@id\":\"https:\/\/dontacceptrape.com\/#website\"},\"primaryImageOfPage\":{\"@id\":\"https:\/\/dontacceptrape.com\/pl\/znajdz-no-strings-attached-sex-tonight\/#primaryimage\"},\"datePublished\":\"2022-07-04T10:33:15+00:00\",\"dateModified\":\"2022-07-04T10:33:15+00:00\",\"breadcrumb\":{\"@id\":\"https:\/\/dontacceptrape.com\/pl\/znajdz-no-strings-attached-sex-tonight\/#breadcrumb\"},\"inLanguage\":\"pl-PL\",\"potentialAction\":[{\"@type\":\"ReadAction\",\"target\":[\"https:\/\/dontacceptrape.com\/pl\/znajdz-no-strings-attached-sex-tonight\/\"]}]},{\"@type\":\"BreadcrumbList\",\"@id\":\"https:\/\/dontacceptrape.com\/pl\/znajdz-no-strings-attached-sex-tonight\/#breadcrumb\",\"itemListElement\":[{\"@type\":\"ListItem\",\"position\":1,\"name\":\"Dom\",\"item\":\"http:\/\/dontacceptrape.com\/pl\/\"},{\"@type\":\"ListItem\",\"position\":2,\"name\":\"Znajd\u017a no strings attached sex tonight?\"}]}]}<\/script>\n<!-- \/ Yoast SEO plugin. -->","yoast_head_json":{"title":"- Nie akceptuj Znajd\u017a no strings attached sex tonight?","robots":{"index":"index","follow":"follow","max-snippet":"max-snippet:-1","max-image-preview":"max-image-preview:large","max-video-preview":"max-video-preview:-1"},"canonical":"https:\/\/dontacceptrape.com\/pl\/znajdz-no-strings-attached-sex-tonight\/","og_locale":"pl_PL","og_type":"article","og_title":"- Nie akceptuj Znajd\u017a no strings attached sex tonight?","og_description":"NSA to serwis randkowy dla doros\u0142ych, kt\u00f3ry oferuje wiele r\u00f3\u017cnych sposob\u00f3w \u0142\u0105czenia si\u0119 z innymi i dzielenia si\u0119 z nimi intymnymi chwilami. Mo\u017cesz rozmawia\u0107, wymienia\u0107 zdj\u0119cia i filmy, a nawet ogl\u0105da\u0107 si\u0119 nawzajem podczas masturbacji. Dost\u0119pne s\u0105 r\u00f3wnie\u017c sesje kamery...","og_url":"https:\/\/dontacceptrape.com\/pl\/znajdz-no-strings-attached-sex-tonight\/","og_site_name":"Nie akceptuj","og_image":[{"width":1125,"height":750,"url":"https:\/\/dontacceptrape.com\/wp-content\/uploads\/2022\/07\/datng-websites.jpeg","type":"image\/jpeg"}],"author":"Don't Accept Rape","twitter_card":"summary_large_image","twitter_misc":{"Szacowany czas czytania":"3 minuty"},"schema":{"@context":"https:\/\/schema.org","@graph":[{"@type":"WebSite","@id":"https:\/\/dontacceptrape.com\/#website","url":"https:\/\/dontacceptrape.com\/","name":"Nie akceptuj","description":"Prawdziwy czat Hookup","potentialAction":[{"@type":"SearchAction","target":{"@type":"EntryPoint","urlTemplate":"https:\/\/dontacceptrape.com\/?s={search_term_string}"},"query-input":"required name=search_term_string"}],"inLanguage":"pl-PL"},{"@type":"ImageObject","inLanguage":"pl-PL","@id":"https:\/\/dontacceptrape.com\/pl\/znajdz-no-strings-attached-sex-tonight\/#primaryimage","url":"https:\/\/dontacceptrape.com\/wp-content\/uploads\/2022\/07\/datng-websites.jpeg","contentUrl":"https:\/\/dontacceptrape.com\/wp-content\/uploads\/2022\/07\/datng-websites.jpeg","width":1125,"height":750},{"@type":"WebPage","@id":"https:\/\/dontacceptrape.com\/pl\/znajdz-no-strings-attached-sex-tonight\/#webpage","url":"https:\/\/dontacceptrape.com\/pl\/znajdz-no-strings-attached-sex-tonight\/","name":"- Nie akceptuj Znajd\u017a no strings attached sex tonight?","isPartOf":{"@id":"https:\/\/dontacceptrape.com\/#website"},"primaryImageOfPage":{"@id":"https:\/\/dontacceptrape.com\/pl\/znajdz-no-strings-attached-sex-tonight\/#primaryimage"},"datePublished":"2022-07-04T10:33:15+00:00","dateModified":"2022-07-04T10:33:15+00:00","breadcrumb":{"@id":"https:\/\/dontacceptrape.com\/pl\/znajdz-no-strings-attached-sex-tonight\/#breadcrumb"},"inLanguage":"pl-PL","potentialAction":[{"@type":"ReadAction","target":["https:\/\/dontacceptrape.com\/pl\/znajdz-no-strings-attached-sex-tonight\/"]}]},{"@type":"BreadcrumbList","@id":"https:\/\/dontacceptrape.com\/pl\/znajdz-no-strings-attached-sex-tonight\/#breadcrumb","itemListElement":[{"@type":"ListItem","position":1,"name":"Dom","item":"http:\/\/dontacceptrape.com\/pl\/"},{"@type":"ListItem","position":2,"name":"Znajd\u017a no strings attached sex tonight?"}]}]}},"_links":{"self":[{"href":"https:\/\/dontacceptrape.com\/pl\/wp-json\/wp\/v2\/pages\/199"}],"collection":[{"href":"https:\/\/dontacceptrape.com\/pl\/wp-json\/wp\/v2\/pages"}],"about":[{"href":"https:\/\/dontacceptrape.com\/pl\/wp-json\/wp\/v2\/types\/page"}],"author":[{"embeddable":true,"href":"https:\/\/dontacceptrape.com\/pl\/wp-json\/wp\/v2\/users\/1"}],"replies":[{"embeddable":true,"href":"https:\/\/dontacceptrape.com\/pl\/wp-json\/wp\/v2\/comments?post=199"}],"version-history":[{"count":0,"href":"https:\/\/dontacceptrape.com\/pl\/wp-json\/wp\/v2\/pages\/199\/revisions"}],"wp:featuredmedia":[{"embeddable":true,"href":"https:\/\/dontacceptrape.com\/pl\/wp-json\/wp\/v2\/media\/72"}],"wp:attachment":[{"href":"https:\/\/dontacceptrape.com\/pl\/wp-json\/wp\/v2\/media?parent=199"}],"curies":[{"name":"wp","href":"https:\/\/api.w.org\/{rel}","templated":true}]}}