{"id":190,"date":"2022-07-04T11:35:30","date_gmt":"2022-07-04T10:35:30","guid":{"rendered":"http:\/\/dontacceptrape.com\/lokalne-kluby-randkowe-dla-doroslych\/"},"modified":"2022-07-04T11:35:30","modified_gmt":"2022-07-04T10:35:30","slug":"lokalne-kluby-randkowe-dla-doroslych","status":"publish","type":"page","link":"https:\/\/dontacceptrape.com\/pl\/lokalne-kluby-randkowe-dla-doroslych\/","title":{"rendered":"Lokalne kluby randkowe dla doros\u0142ych"},"content":{"rendered":"<p>Po\u0142\u0105czenia s\u0105 \u015bwietne, poniewa\u017c s\u0105 szybkie, wygodne i anonimowe. Ale jest te\u017c minus: nie s\u0105 zbyt bezpieczne. Po\u0142\u0105czenia s\u0105 zwykle wykonywane za po\u015brednictwem internetowych serwis\u00f3w randkowych, gdzie u\u017cytkownicy spotykaj\u0105 si\u0119 nawzajem w oparciu o wzajemne zainteresowania. Ale te strony internetowe nie s\u0105 regulowane przez \u017cadn\u0105 agencj\u0119 rz\u0105dow\u0105, wi\u0119c mog\u0105 by\u0107 wykorzystywane do organizowania kontakt\u00f3w seksualnych mi\u0119dzy nieznajomymi. A poniewa\u017c wi\u0119kszo\u015b\u0107 pod\u0142\u0105cze\u0144 ma miejsce poza \u015bwiatem fizycznym, cz\u0119sto wi\u0105\u017c\u0105 si\u0119 one z nielegalnymi dzia\u0142aniami, takimi jak prostytucja i handel lud\u017ami.<\/p>\n<p>Je\u015bli szukasz bezpieczniejszego sposobu na znalezienie przypadkowych partner\u00f3w seksualnych, rozwa\u017c do\u0142\u0105czenie do lokalnego klubu dla doros\u0142ych. Kluby dla doros\u0142ych to miejsca towarzyskie, w kt\u00f3rych cz\u0142onkowie mog\u0105 spotka\u0107 innych, kt\u00f3rzy maj\u0105 podobne zainteresowania. Kluby dla doros\u0142ych s\u0105 zazwyczaj prowadzone przez prywatne organizacje, wi\u0119c nie podlegaj\u0105 tym samym przepisom, co internetowe serwisy randkowe. Ponadto oferuj\u0105 bardziej intymne otoczenie ni\u017c publiczne parki lub bary, dzi\u0119ki czemu s\u0105 lepszym miejscem do poznawania ludzi.<\/p>\n<h2>Dlaczego randki online mog\u0105 by\u0107 drog\u0105 naprz\u00f3d<\/h2>\n<p>Podczas gdy kluby dla doros\u0142ych mog\u0105 wydawa\u0107 si\u0119 bezpieczniejsz\u0105 opcj\u0105 ni\u017c randki online, nadal nios\u0105 ze sob\u0105 ryzyko. Cz\u0142onkowie musz\u0105 mie\u0107 uko\u0144czone 18 lat i musz\u0105 u\u017cywa\u0107 prezerwatyw podczas aktywno\u015bci seksualnej. Wi\u0119c je\u015bli martwisz si\u0119 o bezpiecze\u0144stwo, wypr\u00f3buj klub dla doros\u0142ych zamiast randek online. Przypadkowe randki to rodzaj zwi\u0105zku, w kt\u00f3rym dwoje ludzi, kt\u00f3rzy nie s\u0105 romantycznie zaanga\u017cowani, decyduje si\u0119 na randk\u0119 od niechcenia.<\/p>\n<p>R\u00f3\u017cni si\u0119 to od tradycyjnego romantycznego zwi\u0105zku, poniewa\u017c nie ma \u017cadnego zaanga\u017cowania, tylko przypadkowy flirt. Przypadkowe randki mog\u0105 by\u0107 bardzo przyjemne, ale nie maj\u0105 trwa\u0107 wiecznie. Istnieje wiele rodzaj\u00f3w przypadkowych relacji, w tym przyjaciele z korzy\u015bciami, przyjaciele z korzy\u015bciami, przyjaciele wsp\u00f3lni, przyjaciele z korzy\u015bciami i przyjaciele z korzy\u015bciami.<\/p>\n<p>Je\u015bli jeste\u015b zainteresowany przypadkowymi randkami, powiniene\u015b dowiedzie\u0107 si\u0119 o r\u00f3\u017cnych rodzajach przypadkowych zwi\u0105zk\u00f3w. Nast\u0119pnie mo\u017cesz dowiedzie\u0107 si\u0119, kt\u00f3ry z nich b\u0119dzie dla Ciebie najlepszy. To powiedziawszy, pod\u0142\u0105czenia s\u0105 nadal wygodnym sposobem na znalezienie przypadkowych partner\u00f3w seksualnych. Wi\u0119c je\u015bli szukasz dyskretnego sposobu na poznanie ludzi, warto sprawdzi\u0107 po\u0142\u0105czenia.<\/p>\n<h2>Spotkaj si\u0119 z pod\u0142\u0105czeniem<\/h2>\n<p>Je\u015bli zdecydujesz si\u0119 <a href=\"http:\/\/dontacceptrape.com\/pl\/darmowe-sex-personaly\/\">wypr\u00f3bowa\u0107 po\u0142\u0105czenia<\/a>, oto kilka wskaz\u00f3wek, kt\u00f3re pomog\u0105 Ci unikn\u0105\u0107 oszustwa lub zranienia.<\/p>\n<p>Kiedy do\u0142\u0105czysz do tego typu witryn, znajdziesz innych, kt\u00f3rzy s\u0105 tacy jak Ty &#8211; ludzi, kt\u00f3rzy szukaj\u0105 przypadkowych randek.<\/p>\n<p>Po znalezieniu grupy os\u00f3b, kt\u00f3re podzielaj\u0105 Twoje zainteresowanie przypadkowymi randkami, mo\u017cesz u\u017cy\u0107 ich jako referencji, gdy wychodzisz na randki. Mog\u0105 ci powiedzie\u0107, co dzia\u0142a, a co nie dzia\u0142a w przypadkowych randkach, i mog\u0105 pom\u00f3c ci unikn\u0105\u0107 typowych b\u0142\u0119d\u00f3w.<\/p>\n<p>Jedn\u0105 z najwa\u017cniejszych rzeczy do zapami\u0119tania podczas przypadkowych randek jest zachowanie lekko\u015bci. Nie traktuj siebie zbyt powa\u017cnie. B\u0105d\u017a sob\u0105 i pozw\u00f3l swojej osobowo\u015bci zab\u0142ysn\u0105\u0107.<\/p>\n<p>Pami\u0119taj, \u017ce przypadkowe randki nie s\u0105 powa\u017cne. To ma by\u0107 zabawne, a nie stresuj\u0105ce. Wi\u0119c zrelaksuj si\u0119 i baw si\u0119 dobrze!<\/p>\n","protected":false},"excerpt":{"rendered":"<p>Po\u0142\u0105czenia s\u0105 \u015bwietne, poniewa\u017c s\u0105 szybkie, wygodne i anonimowe. Ale jest te\u017c minus: nie s\u0105 zbyt bezpieczne. Po\u0142\u0105czenia s\u0105 zwykle wykonywane za po\u015brednictwem internetowych serwis\u00f3w randkowych, gdzie u\u017cytkownicy spotykaj\u0105 si\u0119 nawzajem w oparciu o wzajemne zainteresowania. Ale te strony internetowe&#8230;<\/p>\n","protected":false},"author":1,"featured_media":102,"parent":0,"menu_order":0,"comment_status":"closed","ping_status":"closed","template":"","meta":[],"yoast_head":"<!-- This site is optimized with the Yoast SEO plugin v19.2 - https:\/\/yoast.com\/wordpress\/plugins\/seo\/ -->\n<title>- Nie akceptuj Lokalne kluby randkowe dla doros\u0142ych<\/title>\n<meta name=\"robots\" content=\"index, follow, max-snippet:-1, max-image-preview:large, max-video-preview:-1\" \/>\n<link rel=\"canonical\" href=\"https:\/\/dontacceptrape.com\/pl\/lokalne-kluby-randkowe-dla-doroslych\/\" \/>\n<meta property=\"og:locale\" content=\"pl_PL\" \/>\n<meta property=\"og:type\" content=\"article\" \/>\n<meta property=\"og:title\" content=\"- Nie akceptuj Lokalne kluby randkowe dla doros\u0142ych\" \/>\n<meta property=\"og:description\" content=\"Po\u0142\u0105czenia s\u0105 \u015bwietne, poniewa\u017c s\u0105 szybkie, wygodne i anonimowe. Ale jest te\u017c minus: nie s\u0105 zbyt bezpieczne. Po\u0142\u0105czenia s\u0105 zwykle wykonywane za po\u015brednictwem internetowych serwis\u00f3w randkowych, gdzie u\u017cytkownicy spotykaj\u0105 si\u0119 nawzajem w oparciu o wzajemne zainteresowania. Ale te strony internetowe...\" \/>\n<meta property=\"og:url\" content=\"https:\/\/dontacceptrape.com\/pl\/lokalne-kluby-randkowe-dla-doroslych\/\" \/>\n<meta property=\"og:site_name\" content=\"Nie akceptuj\" \/>\n<meta property=\"og:image\" content=\"https:\/\/dontacceptrape.com\/wp-content\/uploads\/2022\/07\/online-date.jpeg\" \/>\n\t<meta property=\"og:image:width\" content=\"1260\" \/>\n\t<meta property=\"og:image:height\" content=\"709\" \/>\n\t<meta property=\"og:image:type\" content=\"image\/jpeg\" \/>\n<meta name=\"author\" content=\"Don&#039;t Accept Rape\" \/>\n<meta name=\"twitter:card\" content=\"summary_large_image\" \/>\n<meta name=\"twitter:label1\" content=\"Szacowany czas czytania\" \/>\n\t<meta name=\"twitter:data1\" content=\"3 minuty\" \/>\n<script type=\"application\/ld+json\" class=\"yoast-schema-graph\">{\"@context\":\"https:\/\/schema.org\",\"@graph\":[{\"@type\":\"WebSite\",\"@id\":\"https:\/\/dontacceptrape.com\/#website\",\"url\":\"https:\/\/dontacceptrape.com\/\",\"name\":\"Nie akceptuj\",\"description\":\"Prawdziwy czat Hookup\",\"potentialAction\":[{\"@type\":\"SearchAction\",\"target\":{\"@type\":\"EntryPoint\",\"urlTemplate\":\"https:\/\/dontacceptrape.com\/?s={search_term_string}\"},\"query-input\":\"required name=search_term_string\"}],\"inLanguage\":\"pl-PL\"},{\"@type\":\"ImageObject\",\"inLanguage\":\"pl-PL\",\"@id\":\"https:\/\/dontacceptrape.com\/pl\/lokalne-kluby-randkowe-dla-doroslych\/#primaryimage\",\"url\":\"https:\/\/dontacceptrape.com\/wp-content\/uploads\/2022\/07\/online-date.jpeg\",\"contentUrl\":\"https:\/\/dontacceptrape.com\/wp-content\/uploads\/2022\/07\/online-date.jpeg\",\"width\":1260,\"height\":709},{\"@type\":\"WebPage\",\"@id\":\"https:\/\/dontacceptrape.com\/pl\/lokalne-kluby-randkowe-dla-doroslych\/#webpage\",\"url\":\"https:\/\/dontacceptrape.com\/pl\/lokalne-kluby-randkowe-dla-doroslych\/\",\"name\":\"- Nie akceptuj Lokalne kluby randkowe dla doros\u0142ych\",\"isPartOf\":{\"@id\":\"https:\/\/dontacceptrape.com\/#website\"},\"primaryImageOfPage\":{\"@id\":\"https:\/\/dontacceptrape.com\/pl\/lokalne-kluby-randkowe-dla-doroslych\/#primaryimage\"},\"datePublished\":\"2022-07-04T10:35:30+00:00\",\"dateModified\":\"2022-07-04T10:35:30+00:00\",\"breadcrumb\":{\"@id\":\"https:\/\/dontacceptrape.com\/pl\/lokalne-kluby-randkowe-dla-doroslych\/#breadcrumb\"},\"inLanguage\":\"pl-PL\",\"potentialAction\":[{\"@type\":\"ReadAction\",\"target\":[\"https:\/\/dontacceptrape.com\/pl\/lokalne-kluby-randkowe-dla-doroslych\/\"]}]},{\"@type\":\"BreadcrumbList\",\"@id\":\"https:\/\/dontacceptrape.com\/pl\/lokalne-kluby-randkowe-dla-doroslych\/#breadcrumb\",\"itemListElement\":[{\"@type\":\"ListItem\",\"position\":1,\"name\":\"Dom\",\"item\":\"http:\/\/dontacceptrape.com\/pl\/\"},{\"@type\":\"ListItem\",\"position\":2,\"name\":\"Lokalne kluby randkowe dla doros\u0142ych\"}]}]}<\/script>\n<!-- \/ Yoast SEO plugin. -->","yoast_head_json":{"title":"- Nie akceptuj Lokalne kluby randkowe dla doros\u0142ych","robots":{"index":"index","follow":"follow","max-snippet":"max-snippet:-1","max-image-preview":"max-image-preview:large","max-video-preview":"max-video-preview:-1"},"canonical":"https:\/\/dontacceptrape.com\/pl\/lokalne-kluby-randkowe-dla-doroslych\/","og_locale":"pl_PL","og_type":"article","og_title":"- Nie akceptuj Lokalne kluby randkowe dla doros\u0142ych","og_description":"Po\u0142\u0105czenia s\u0105 \u015bwietne, poniewa\u017c s\u0105 szybkie, wygodne i anonimowe. Ale jest te\u017c minus: nie s\u0105 zbyt bezpieczne. Po\u0142\u0105czenia s\u0105 zwykle wykonywane za po\u015brednictwem internetowych serwis\u00f3w randkowych, gdzie u\u017cytkownicy spotykaj\u0105 si\u0119 nawzajem w oparciu o wzajemne zainteresowania. Ale te strony internetowe...","og_url":"https:\/\/dontacceptrape.com\/pl\/lokalne-kluby-randkowe-dla-doroslych\/","og_site_name":"Nie akceptuj","og_image":[{"width":1260,"height":709,"url":"https:\/\/dontacceptrape.com\/wp-content\/uploads\/2022\/07\/online-date.jpeg","type":"image\/jpeg"}],"author":"Don't Accept Rape","twitter_card":"summary_large_image","twitter_misc":{"Szacowany czas czytania":"3 minuty"},"schema":{"@context":"https:\/\/schema.org","@graph":[{"@type":"WebSite","@id":"https:\/\/dontacceptrape.com\/#website","url":"https:\/\/dontacceptrape.com\/","name":"Nie akceptuj","description":"Prawdziwy czat Hookup","potentialAction":[{"@type":"SearchAction","target":{"@type":"EntryPoint","urlTemplate":"https:\/\/dontacceptrape.com\/?s={search_term_string}"},"query-input":"required name=search_term_string"}],"inLanguage":"pl-PL"},{"@type":"ImageObject","inLanguage":"pl-PL","@id":"https:\/\/dontacceptrape.com\/pl\/lokalne-kluby-randkowe-dla-doroslych\/#primaryimage","url":"https:\/\/dontacceptrape.com\/wp-content\/uploads\/2022\/07\/online-date.jpeg","contentUrl":"https:\/\/dontacceptrape.com\/wp-content\/uploads\/2022\/07\/online-date.jpeg","width":1260,"height":709},{"@type":"WebPage","@id":"https:\/\/dontacceptrape.com\/pl\/lokalne-kluby-randkowe-dla-doroslych\/#webpage","url":"https:\/\/dontacceptrape.com\/pl\/lokalne-kluby-randkowe-dla-doroslych\/","name":"- Nie akceptuj Lokalne kluby randkowe dla doros\u0142ych","isPartOf":{"@id":"https:\/\/dontacceptrape.com\/#website"},"primaryImageOfPage":{"@id":"https:\/\/dontacceptrape.com\/pl\/lokalne-kluby-randkowe-dla-doroslych\/#primaryimage"},"datePublished":"2022-07-04T10:35:30+00:00","dateModified":"2022-07-04T10:35:30+00:00","breadcrumb":{"@id":"https:\/\/dontacceptrape.com\/pl\/lokalne-kluby-randkowe-dla-doroslych\/#breadcrumb"},"inLanguage":"pl-PL","potentialAction":[{"@type":"ReadAction","target":["https:\/\/dontacceptrape.com\/pl\/lokalne-kluby-randkowe-dla-doroslych\/"]}]},{"@type":"BreadcrumbList","@id":"https:\/\/dontacceptrape.com\/pl\/lokalne-kluby-randkowe-dla-doroslych\/#breadcrumb","itemListElement":[{"@type":"ListItem","position":1,"name":"Dom","item":"http:\/\/dontacceptrape.com\/pl\/"},{"@type":"ListItem","position":2,"name":"Lokalne kluby randkowe dla doros\u0142ych"}]}]}},"_links":{"self":[{"href":"https:\/\/dontacceptrape.com\/pl\/wp-json\/wp\/v2\/pages\/190"}],"collection":[{"href":"https:\/\/dontacceptrape.com\/pl\/wp-json\/wp\/v2\/pages"}],"about":[{"href":"https:\/\/dontacceptrape.com\/pl\/wp-json\/wp\/v2\/types\/page"}],"author":[{"embeddable":true,"href":"https:\/\/dontacceptrape.com\/pl\/wp-json\/wp\/v2\/users\/1"}],"replies":[{"embeddable":true,"href":"https:\/\/dontacceptrape.com\/pl\/wp-json\/wp\/v2\/comments?post=190"}],"version-history":[{"count":0,"href":"https:\/\/dontacceptrape.com\/pl\/wp-json\/wp\/v2\/pages\/190\/revisions"}],"wp:featuredmedia":[{"embeddable":true,"href":"https:\/\/dontacceptrape.com\/pl\/wp-json\/wp\/v2\/media\/102"}],"wp:attachment":[{"href":"https:\/\/dontacceptrape.com\/pl\/wp-json\/wp\/v2\/media?parent=190"}],"curies":[{"name":"wp","href":"https:\/\/api.w.org\/{rel}","templated":true}]}}