{"id":180,"date":"2022-07-04T11:38:48","date_gmt":"2022-07-04T10:38:48","guid":{"rendered":"http:\/\/dontacceptrape.com\/darmowe-sex-personaly\/"},"modified":"2022-07-04T11:38:48","modified_gmt":"2022-07-04T10:38:48","slug":"darmowe-sex-personaly","status":"publish","type":"page","link":"https:\/\/dontacceptrape.com\/pl\/darmowe-sex-personaly\/","title":{"rendered":"Darmowe sex personaly"},"content":{"rendered":"<p>Hookupy to \u015bwietny spos\u00f3b na poznanie kobiet online, ale nie s\u0105 dla wszystkich. Tak wi\u0119c, je\u015bli szukasz d\u0142ugoterminowego zwi\u0105zku, mo\u017cesz lepiej spotka\u0107 si\u0119 z kobietami offline.<\/p>\n<p>Ale je\u015bli chcesz po prostu wypr\u00f3bowa\u0107 przypadkowe randki, istnieje <a href=\"https:\/\/dontacceptrape.com\/pl\/na-co-zwrocic-uwage-dzieki-aplikacjom-do-podlaczania\/\">wiele stron internetowych<\/a> , na kt\u00f3rych mo\u017cesz znale\u017a\u0107 kobiety, kt\u00f3re szukaj\u0105 m\u0119\u017cczyzn. Witryny te obejmuj\u0105 OkCupid, Match.com, PlentyOfFish i Tinder.<\/p>\n<p>OkCupid jest bezp\u0142atny, ale musisz zap\u0142aci\u0107, aby wysy\u0142a\u0107 wiadomo\u015bci. Match.com pobiera miesi\u0119czne op\u0142aty, ale mo\u017cesz z niego korzysta\u0107 za darmo, dop\u00f3ki nie znajdziesz dopasowania. PlentyofFish jest bezp\u0142atny, ale mo\u017cesz wyszukiwa\u0107 tylko lokalne mecze. Tinder jest bezp\u0142atny, ale musisz zap\u0142aci\u0107 za wysy\u0142anie wiadomo\u015bci i przegl\u0105danie profili.<\/p>\n<p><img loading=\"lazy\" class=\"aligncenter size-large wp-image-106\" src=\"http:\/\/dontacceptrape.com\/wp-content\/uploads\/2022\/07\/online-dating-1024x683.jpeg\" alt=\"\" width=\"640\" height=\"427\" srcset=\"https:\/\/dontacceptrape.com\/wp-content\/uploads\/2022\/07\/online-dating-1024x683.jpeg 1024w, https:\/\/dontacceptrape.com\/wp-content\/uploads\/2022\/07\/online-dating-300x200.jpeg 300w, https:\/\/dontacceptrape.com\/wp-content\/uploads\/2022\/07\/online-dating-768x512.jpeg 768w, https:\/\/dontacceptrape.com\/wp-content\/uploads\/2022\/07\/online-dating.jpeg 1125w\" sizes=\"(max-width: 640px) 100vw, 640px\" \/><\/p>\n<h2>Najlepsze aplikacje 3 do wypr\u00f3bowania zamiast osobistych<\/h2>\n<p>Je\u015bli szukasz powa\u017cnego zwi\u0105zku, te strony nie s\u0105 dla Ciebie. Ale je\u015bli szukasz tylko przypadkowych randek, s\u0105 one dok\u0142adnie tym, czego potrzebujesz&#8230;<\/p>\n<h3>Hubka<\/h3>\n<p>Tinder nie jest <a href=\"https:\/\/dontacceptrape.com\/pl\/znajdz-no-strings-attached-sex-tonight\/\">dobr\u0105 alternatyw\u0105 dla Personal\u00f3w<\/a>. Powod\u00f3w jest wiele. Jednym z nich jest fakt, \u017ce oferuj\u0105 one bardzo niewiele zaj\u0119\u0107. Randki polegaj\u0105 g\u0142\u00f3wnie na znalezieniu kogo\u015b do tej pory, co oznacza, \u017ce b\u0119dziesz musia\u0142 przeszuka\u0107 profile i wiadomo\u015bci dla kogo\u015b, kto jest tob\u0105 zainteresowany. Je\u015bli szukasz aktywno\u015bci, powiniene\u015b wypr\u00f3bowa\u0107 Adult Friend Finder, a mo\u017ce nawet Ashley Madison. Te dwie strony internetowe s\u0105 specjalnie zaprojektowane dla doros\u0142ych poszukuj\u0105cych kontakt\u00f3w seksualnych. Zauwa\u017cysz r\u00f3wnie\u017c, \u017ce zobaczysz o wiele wi\u0119cej reklam na stronie Ashley Madison ni\u017c na Craigslist Personals. Je\u015bli chcesz spotka\u0107 si\u0119 z kim\u015b na nieformalne spotkanie, zdecydowanie powiniene\u015b sprawdzi\u0107 te dwie strony internetowe.<\/p>\n<h3>Kasual \u2022<\/h3>\n<p>Kasual to aplikacja mobilna, kt\u00f3ra pozwala u\u017cytkownikom wyszukiwa\u0107 podobnie my\u015bl\u0105ce osoby w swojej okolicy.<\/p>\n<p>To nie jest najlepsza aplikacja dla tych, kt\u00f3rzy szukaj\u0105 powa\u017cnego zwi\u0105zku. Zamiast tego aplikacja zaspokaja potrzeby t\u0142umu, przypadkowych randkowicz\u00f3w, kt\u00f3rzy po prostu potrzebuj\u0105 czego\u015b prawdziwego w danym momencie. Je\u015bli jeste\u015b na etapie swojego \u017cycia, kiedy nie masz czasu na zaanga\u017cowanie, Kasual jest idealnym rozwi\u0105zaniem dla Twoich potrzeb randkowych. Otrzymasz dost\u0119p do ogromnej puli u\u017cytkownik\u00f3w, co u\u0142atwi poznawanie nowych ludzi. A je\u015bli nie jeste\u015b gotowy na powa\u017cny zwi\u0105zek, nadal mo\u017cesz czerpa\u0107 korzy\u015bci ze spotkania z kim\u015b nowym.<\/p>\n<h3>Wyszukiwarka znajomych dla doros\u0142ych<\/h3>\n<p>AFF to \u015bwietne miejsce na spotkanie z kobietami, kt\u00f3re szukaj\u0105 przypadkowego seksu. Mo\u017cesz wyszukiwa\u0107 okre\u015blone typy partner\u00f3w, takie jak kuguary, MILF, BBW itp. Istniej\u0105 r\u00f3wnie\u017c grupy, do kt\u00f3rych mo\u017cesz do\u0142\u0105czy\u0107, aby po\u0142\u0105czy\u0107 si\u0119 z innymi cz\u0142onkami. Je\u015bli nie chcesz od razu kogo\u015b pozna\u0107, mo\u017cesz przegl\u0105da\u0107 profile i wysy\u0142a\u0107 wiadomo\u015bci do potencjalnych dat. Po znalezieniu dopasowania mo\u017cesz rozmawia\u0107 z nimi przez rozmowy wideo. Mo\u017cesz nawet poprosi\u0107 o randk\u0119 na pierwszej randce, je\u015bli chcesz!<\/p>\n","protected":false},"excerpt":{"rendered":"<p>Hookupy to \u015bwietny spos\u00f3b na poznanie kobiet online, ale nie s\u0105 dla wszystkich. Tak wi\u0119c, je\u015bli szukasz d\u0142ugoterminowego zwi\u0105zku, mo\u017cesz lepiej spotka\u0107 si\u0119 z kobietami offline. Ale je\u015bli chcesz po prostu wypr\u00f3bowa\u0107 przypadkowe randki, istnieje wiele stron internetowych , na&#8230;<\/p>\n","protected":false},"author":1,"featured_media":0,"parent":0,"menu_order":0,"comment_status":"closed","ping_status":"closed","template":"","meta":[],"yoast_head":"<!-- This site is optimized with the Yoast SEO plugin v19.2 - https:\/\/yoast.com\/wordpress\/plugins\/seo\/ -->\n<title>- Nie akceptuj Darmowe sex personaly<\/title>\n<meta name=\"robots\" content=\"index, follow, max-snippet:-1, max-image-preview:large, max-video-preview:-1\" \/>\n<link rel=\"canonical\" href=\"https:\/\/dontacceptrape.com\/pl\/darmowe-sex-personaly\/\" \/>\n<meta property=\"og:locale\" content=\"pl_PL\" \/>\n<meta property=\"og:type\" content=\"article\" \/>\n<meta property=\"og:title\" content=\"- Nie akceptuj Darmowe sex personaly\" \/>\n<meta property=\"og:description\" content=\"Hookupy to \u015bwietny spos\u00f3b na poznanie kobiet online, ale nie s\u0105 dla wszystkich. Tak wi\u0119c, je\u015bli szukasz d\u0142ugoterminowego zwi\u0105zku, mo\u017cesz lepiej spotka\u0107 si\u0119 z kobietami offline. Ale je\u015bli chcesz po prostu wypr\u00f3bowa\u0107 przypadkowe randki, istnieje wiele stron internetowych , na...\" \/>\n<meta property=\"og:url\" content=\"https:\/\/dontacceptrape.com\/pl\/darmowe-sex-personaly\/\" \/>\n<meta property=\"og:site_name\" content=\"Nie akceptuj\" \/>\n<meta property=\"og:image\" content=\"http:\/\/dontacceptrape.com\/wp-content\/uploads\/2022\/07\/online-dating-1024x683.jpeg\" \/>\n<meta name=\"author\" content=\"Don&#039;t Accept Rape\" \/>\n<meta name=\"twitter:card\" content=\"summary_large_image\" \/>\n<meta name=\"twitter:label1\" content=\"Szacowany czas czytania\" \/>\n\t<meta name=\"twitter:data1\" content=\"2 minuty\" \/>\n<script type=\"application\/ld+json\" class=\"yoast-schema-graph\">{\"@context\":\"https:\/\/schema.org\",\"@graph\":[{\"@type\":\"WebSite\",\"@id\":\"https:\/\/dontacceptrape.com\/#website\",\"url\":\"https:\/\/dontacceptrape.com\/\",\"name\":\"Nie akceptuj\",\"description\":\"Prawdziwy czat Hookup\",\"potentialAction\":[{\"@type\":\"SearchAction\",\"target\":{\"@type\":\"EntryPoint\",\"urlTemplate\":\"https:\/\/dontacceptrape.com\/?s={search_term_string}\"},\"query-input\":\"required name=search_term_string\"}],\"inLanguage\":\"pl-PL\"},{\"@type\":\"ImageObject\",\"inLanguage\":\"pl-PL\",\"@id\":\"https:\/\/dontacceptrape.com\/pl\/darmowe-sex-personaly\/#primaryimage\",\"url\":\"https:\/\/dontacceptrape.com\/wp-content\/uploads\/2022\/07\/online-dating.jpeg\",\"contentUrl\":\"https:\/\/dontacceptrape.com\/wp-content\/uploads\/2022\/07\/online-dating.jpeg\",\"width\":1125,\"height\":750},{\"@type\":\"WebPage\",\"@id\":\"https:\/\/dontacceptrape.com\/pl\/darmowe-sex-personaly\/#webpage\",\"url\":\"https:\/\/dontacceptrape.com\/pl\/darmowe-sex-personaly\/\",\"name\":\"- Nie akceptuj Darmowe sex personaly\",\"isPartOf\":{\"@id\":\"https:\/\/dontacceptrape.com\/#website\"},\"primaryImageOfPage\":{\"@id\":\"https:\/\/dontacceptrape.com\/pl\/darmowe-sex-personaly\/#primaryimage\"},\"datePublished\":\"2022-07-04T10:38:48+00:00\",\"dateModified\":\"2022-07-04T10:38:48+00:00\",\"breadcrumb\":{\"@id\":\"https:\/\/dontacceptrape.com\/pl\/darmowe-sex-personaly\/#breadcrumb\"},\"inLanguage\":\"pl-PL\",\"potentialAction\":[{\"@type\":\"ReadAction\",\"target\":[\"https:\/\/dontacceptrape.com\/pl\/darmowe-sex-personaly\/\"]}]},{\"@type\":\"BreadcrumbList\",\"@id\":\"https:\/\/dontacceptrape.com\/pl\/darmowe-sex-personaly\/#breadcrumb\",\"itemListElement\":[{\"@type\":\"ListItem\",\"position\":1,\"name\":\"Dom\",\"item\":\"http:\/\/dontacceptrape.com\/pl\/\"},{\"@type\":\"ListItem\",\"position\":2,\"name\":\"Darmowe sex personaly\"}]}]}<\/script>\n<!-- \/ Yoast SEO plugin. -->","yoast_head_json":{"title":"- Nie akceptuj Darmowe sex personaly","robots":{"index":"index","follow":"follow","max-snippet":"max-snippet:-1","max-image-preview":"max-image-preview:large","max-video-preview":"max-video-preview:-1"},"canonical":"https:\/\/dontacceptrape.com\/pl\/darmowe-sex-personaly\/","og_locale":"pl_PL","og_type":"article","og_title":"- Nie akceptuj Darmowe sex personaly","og_description":"Hookupy to \u015bwietny spos\u00f3b na poznanie kobiet online, ale nie s\u0105 dla wszystkich. Tak wi\u0119c, je\u015bli szukasz d\u0142ugoterminowego zwi\u0105zku, mo\u017cesz lepiej spotka\u0107 si\u0119 z kobietami offline. Ale je\u015bli chcesz po prostu wypr\u00f3bowa\u0107 przypadkowe randki, istnieje wiele stron internetowych , na...","og_url":"https:\/\/dontacceptrape.com\/pl\/darmowe-sex-personaly\/","og_site_name":"Nie akceptuj","og_image":[{"url":"http:\/\/dontacceptrape.com\/wp-content\/uploads\/2022\/07\/online-dating-1024x683.jpeg"}],"author":"Don't Accept Rape","twitter_card":"summary_large_image","twitter_misc":{"Szacowany czas czytania":"2 minuty"},"schema":{"@context":"https:\/\/schema.org","@graph":[{"@type":"WebSite","@id":"https:\/\/dontacceptrape.com\/#website","url":"https:\/\/dontacceptrape.com\/","name":"Nie akceptuj","description":"Prawdziwy czat Hookup","potentialAction":[{"@type":"SearchAction","target":{"@type":"EntryPoint","urlTemplate":"https:\/\/dontacceptrape.com\/?s={search_term_string}"},"query-input":"required name=search_term_string"}],"inLanguage":"pl-PL"},{"@type":"ImageObject","inLanguage":"pl-PL","@id":"https:\/\/dontacceptrape.com\/pl\/darmowe-sex-personaly\/#primaryimage","url":"https:\/\/dontacceptrape.com\/wp-content\/uploads\/2022\/07\/online-dating.jpeg","contentUrl":"https:\/\/dontacceptrape.com\/wp-content\/uploads\/2022\/07\/online-dating.jpeg","width":1125,"height":750},{"@type":"WebPage","@id":"https:\/\/dontacceptrape.com\/pl\/darmowe-sex-personaly\/#webpage","url":"https:\/\/dontacceptrape.com\/pl\/darmowe-sex-personaly\/","name":"- Nie akceptuj Darmowe sex personaly","isPartOf":{"@id":"https:\/\/dontacceptrape.com\/#website"},"primaryImageOfPage":{"@id":"https:\/\/dontacceptrape.com\/pl\/darmowe-sex-personaly\/#primaryimage"},"datePublished":"2022-07-04T10:38:48+00:00","dateModified":"2022-07-04T10:38:48+00:00","breadcrumb":{"@id":"https:\/\/dontacceptrape.com\/pl\/darmowe-sex-personaly\/#breadcrumb"},"inLanguage":"pl-PL","potentialAction":[{"@type":"ReadAction","target":["https:\/\/dontacceptrape.com\/pl\/darmowe-sex-personaly\/"]}]},{"@type":"BreadcrumbList","@id":"https:\/\/dontacceptrape.com\/pl\/darmowe-sex-personaly\/#breadcrumb","itemListElement":[{"@type":"ListItem","position":1,"name":"Dom","item":"http:\/\/dontacceptrape.com\/pl\/"},{"@type":"ListItem","position":2,"name":"Darmowe sex personaly"}]}]}},"_links":{"self":[{"href":"https:\/\/dontacceptrape.com\/pl\/wp-json\/wp\/v2\/pages\/180"}],"collection":[{"href":"https:\/\/dontacceptrape.com\/pl\/wp-json\/wp\/v2\/pages"}],"about":[{"href":"https:\/\/dontacceptrape.com\/pl\/wp-json\/wp\/v2\/types\/page"}],"author":[{"embeddable":true,"href":"https:\/\/dontacceptrape.com\/pl\/wp-json\/wp\/v2\/users\/1"}],"replies":[{"embeddable":true,"href":"https:\/\/dontacceptrape.com\/pl\/wp-json\/wp\/v2\/comments?post=180"}],"version-history":[{"count":0,"href":"https:\/\/dontacceptrape.com\/pl\/wp-json\/wp\/v2\/pages\/180\/revisions"}],"wp:attachment":[{"href":"https:\/\/dontacceptrape.com\/pl\/wp-json\/wp\/v2\/media?parent=180"}],"curies":[{"name":"wp","href":"https:\/\/api.w.org\/{rel}","templated":true}]}}