{"id":169,"date":"2022-07-04T11:47:29","date_gmt":"2022-07-04T10:47:29","guid":{"rendered":"http:\/\/dontacceptrape.com\/na-co-zwrocic-uwage-dzieki-aplikacjom-do-podlaczania\/"},"modified":"2022-07-04T11:47:29","modified_gmt":"2022-07-04T10:47:29","slug":"na-co-zwrocic-uwage-dzieki-aplikacjom-do-podlaczania","status":"publish","type":"page","link":"https:\/\/dontacceptrape.com\/pl\/na-co-zwrocic-uwage-dzieki-aplikacjom-do-podlaczania\/","title":{"rendered":"Na co zwr\u00f3ci\u0107 uwag\u0119 dzi\u0119ki aplikacjom do pod\u0142\u0105czania"},"content":{"rendered":"<p>Kiedy do\u0142\u0105czysz do tego typu witryn, znajdziesz innych, kt\u00f3rzy s\u0105 tacy jak Ty &#8211; ludzi, kt\u00f3rzy szukaj\u0105 przypadkowych randek.<\/p>\n<p>Po znalezieniu grupy os\u00f3b, kt\u00f3re podzielaj\u0105 Twoje zainteresowanie <a href=\"http:\/\/dontacceptrape.com\/pl\/znajdz-no-strings-attached-sex-tonight\/\">przypadkowymi randkami<\/a>, mo\u017cesz u\u017cy\u0107 ich jako referencji, gdy wychodzisz na randki. Mog\u0105 ci powiedzie\u0107, co dzia\u0142a, a co nie dzia\u0142a w przypadkowych randkach, i mog\u0105 pom\u00f3c ci unikn\u0105\u0107 typowych b\u0142\u0119d\u00f3w. Jedn\u0105 z najwa\u017cniejszych rzeczy do zapami\u0119tania podczas przypadkowych randek jest zachowanie lekko\u015bci. Nie traktuj siebie zbyt powa\u017cnie. B\u0105d\u017a sob\u0105 i pozw\u00f3l swojej osobowo\u015bci zab\u0142ysn\u0105\u0107.<\/p>\n<p>Pami\u0119taj, \u017ce przypadkowe randki nie s\u0105 powa\u017cne. To ma by\u0107 zabawne, a nie stresuj\u0105ce. Wi\u0119c zrelaksuj si\u0119 i baw si\u0119 dobrze! Je\u015bli szukasz darmowych aplikacji randkowych, dost\u0119pnych jest wiele opcji. Jednak nie wszystkie z nich s\u0105 sobie r\u00f3wne. Niekt\u00f3re s\u0105 tylko sztuczkami, podczas gdy inne s\u0105 legalnymi narz\u0119dziami do znajdowania dat.<\/p>\n<p><img loading=\"lazy\" class=\"size-large wp-image-56 aligncenter\" src=\"http:\/\/dontacceptrape.com\/wp-content\/uploads\/2022\/07\/casual-hookup-1024x683.jpeg\" alt=\"\" width=\"640\" height=\"427\" srcset=\"https:\/\/dontacceptrape.com\/wp-content\/uploads\/2022\/07\/casual-hookup-1024x683.jpeg 1024w, https:\/\/dontacceptrape.com\/wp-content\/uploads\/2022\/07\/casual-hookup-300x200.jpeg 300w, https:\/\/dontacceptrape.com\/wp-content\/uploads\/2022\/07\/casual-hookup-768x512.jpeg 768w, https:\/\/dontacceptrape.com\/wp-content\/uploads\/2022\/07\/casual-hookup.jpeg 1125w\" sizes=\"(max-width: 640px) 100vw, 640px\" \/><\/p>\n<h2>Na co zwr\u00f3ci\u0107 uwag\u0119?<\/h2>\n<p>Aby pom\u00f3c Ci zdecydowa\u0107, kt\u00f3re z nich s\u0105 warte Twojego czasu, oto kilka wskaz\u00f3wek dotycz\u0105cych oceny bezp\u0142atnych aplikacji randkowych:<\/p>\n<h3>Sp\u00f3jrz na ocen\u0119 aplikacji.<\/h3>\n<p>Darmowe aplikacje randkowe zwykle s\u0105 wyposa\u017cone w system oceny gwiazdkowej, w kt\u00f3rym u\u017cytkownicy oceniaj\u0105 aplikacj\u0119 na podstawie jej funkcji i funkcjonalno\u015bci. Im wy\u017csza ocena, tym lepsza aplikacja.<\/p>\n<h3>Sprawd\u017a recenzje<\/h3>\n<p>Recenzje s\u0105 cz\u0119sto publikowane online przez programist\u0119 lub u\u017cytkownik\u00f3w, kt\u00f3rzy ju\u017c korzystali z aplikacji. Recenzje daj\u0105 wgl\u0105d w to, czy aplikacja dzia\u0142a dobrze i zapewnia warto\u015b\u0107 dla jej u\u017cytkownik\u00f3w.<\/p>\n<h3>Czytanie komentarzy u\u017cytkownik\u00f3w<\/h3>\n<p>Komentarze u\u017cytkownik\u00f3w to kolejny spos\u00f3b na poznanie aplikacji. Mog\u0105 zawiera\u0107 przydatne informacje, takie jak wskaz\u00f3wki dotycz\u0105ce korzystania z aplikacji, sugestie dotycz\u0105ce ulepsze\u0144 lub skargi dotycz\u0105ce b\u0142\u0119d\u00f3w.<\/p>\n<h3>Rozwa\u017c koszt<\/h3>\n<p>Niekt\u00f3re bezp\u0142atne aplikacje randkowe s\u0105 ca\u0142kowicie bezp\u0142atne, podczas gdy inne wymagaj\u0105 p\u0142atno\u015bci. Darmowe aplikacje randkowe s\u0105 zwykle prostsze ni\u017c p\u0142atne aplikacje, wi\u0119c s\u0105 idealne dla tych, kt\u00f3rzy nie s\u0105 jeszcze gotowi do zaanga\u017cowania. P\u0142atne aplikacje zazwyczaj oferuj\u0105 wi\u0119cej funkcji i funkcji, dzi\u0119ki czemu s\u0105 idealne dla os\u00f3b, kt\u00f3re chc\u0105 szybko znale\u017a\u0107 mi\u0142o\u015b\u0107.<\/p>\n<h2>Znajdujesz sw\u00f3j fling?<\/h2>\n<p>Wi\u0119kszo\u015b\u0107 witryn z pod\u0142\u0105czeniami oferuje cz\u0142onkostwo, kt\u00f3re obejmuje dost\u0119p do specjalnych funkcji, takich jak kamery internetowe na \u017cywo, prywatne wiadomo\u015bci i pokoje rozm\u00f3w wideo.<\/p>\n<p>Je\u015bli szukasz szybkiego flingu, strony z pod\u0142\u0105czeniami mog\u0105 by\u0107 dla Ciebie idealne. Ale je\u015bli szukasz d\u0142ugotrwa\u0142ego zwi\u0105zku, strony z pod\u0142\u0105czeniami nie s\u0105 miejscem, w kt\u00f3rym mo\u017cesz go znale\u017a\u0107.<\/p>\n<p>Zamiast tego wypr\u00f3buj serwisy randkowe lub aplikacje zaprojektowane specjalnie do znajdowania d\u0142ugoterminowych zwi\u0105zk\u00f3w.<\/p>\n<p>\u0141\u0105czenie si\u0119 online to \u015bwietny spos\u00f3b na znalezienie przypadkowych partner\u00f3w seksualnych. Ale istnieje wiele r\u00f3\u017cnych rodzaj\u00f3w stron internetowych, z kt\u00f3rych ka\u017cda obs\u0142uguje okre\u015blony typ osoby. Istniej\u0105 r\u00f3wnie\u017c witryny, kt\u00f3re zaspokajaj\u0105 potrzeby os\u00f3b, kt\u00f3re szukaj\u0105 przyjaci\u00f3\u0142 z korzy\u015bciami lub po prostu przyjaci\u00f3\u0142 z korzy\u015bciami. Strony te s\u0105 zwykle skierowane do os\u00f3b starszych, ale m\u0142odsi ludzie coraz cz\u0119\u015bciej zwracaj\u0105 si\u0119 do nich.<\/p>\n","protected":false},"excerpt":{"rendered":"<p>Kiedy do\u0142\u0105czysz do tego typu witryn, znajdziesz innych, kt\u00f3rzy s\u0105 tacy jak Ty &#8211; ludzi, kt\u00f3rzy szukaj\u0105 przypadkowych randek. Po znalezieniu grupy os\u00f3b, kt\u00f3re podzielaj\u0105 Twoje zainteresowanie przypadkowymi randkami, mo\u017cesz u\u017cy\u0107 ich jako referencji, gdy wychodzisz na randki. Mog\u0105 ci&#8230;<\/p>\n","protected":false},"author":1,"featured_media":0,"parent":0,"menu_order":0,"comment_status":"closed","ping_status":"closed","template":"","meta":[],"yoast_head":"<!-- This site is optimized with the Yoast SEO plugin v19.2 - https:\/\/yoast.com\/wordpress\/plugins\/seo\/ -->\n<title>- Nie akceptuj Na co zwr\u00f3ci\u0107 uwag\u0119 dzi\u0119ki aplikacjom do pod\u0142\u0105czania<\/title>\n<meta name=\"robots\" content=\"index, follow, max-snippet:-1, max-image-preview:large, max-video-preview:-1\" \/>\n<link rel=\"canonical\" href=\"https:\/\/dontacceptrape.com\/pl\/na-co-zwrocic-uwage-dzieki-aplikacjom-do-podlaczania\/\" \/>\n<meta property=\"og:locale\" content=\"pl_PL\" \/>\n<meta property=\"og:type\" content=\"article\" \/>\n<meta property=\"og:title\" content=\"- Nie akceptuj Na co zwr\u00f3ci\u0107 uwag\u0119 dzi\u0119ki aplikacjom do pod\u0142\u0105czania\" \/>\n<meta property=\"og:description\" content=\"Kiedy do\u0142\u0105czysz do tego typu witryn, znajdziesz innych, kt\u00f3rzy s\u0105 tacy jak Ty &#8211; ludzi, kt\u00f3rzy szukaj\u0105 przypadkowych randek. Po znalezieniu grupy os\u00f3b, kt\u00f3re podzielaj\u0105 Twoje zainteresowanie przypadkowymi randkami, mo\u017cesz u\u017cy\u0107 ich jako referencji, gdy wychodzisz na randki. Mog\u0105 ci...\" \/>\n<meta property=\"og:url\" content=\"https:\/\/dontacceptrape.com\/pl\/na-co-zwrocic-uwage-dzieki-aplikacjom-do-podlaczania\/\" \/>\n<meta property=\"og:site_name\" content=\"Nie akceptuj\" \/>\n<meta property=\"og:image\" content=\"http:\/\/dontacceptrape.com\/wp-content\/uploads\/2022\/07\/casual-hookup-1024x683.jpeg\" \/>\n<meta name=\"author\" content=\"Don&#039;t Accept Rape\" \/>\n<meta name=\"twitter:card\" content=\"summary_large_image\" \/>\n<meta name=\"twitter:label1\" content=\"Szacowany czas czytania\" \/>\n\t<meta name=\"twitter:data1\" content=\"3 minuty\" \/>\n<script type=\"application\/ld+json\" class=\"yoast-schema-graph\">{\"@context\":\"https:\/\/schema.org\",\"@graph\":[{\"@type\":\"WebSite\",\"@id\":\"https:\/\/dontacceptrape.com\/#website\",\"url\":\"https:\/\/dontacceptrape.com\/\",\"name\":\"Nie akceptuj\",\"description\":\"Prawdziwy czat Hookup\",\"potentialAction\":[{\"@type\":\"SearchAction\",\"target\":{\"@type\":\"EntryPoint\",\"urlTemplate\":\"https:\/\/dontacceptrape.com\/?s={search_term_string}\"},\"query-input\":\"required name=search_term_string\"}],\"inLanguage\":\"pl-PL\"},{\"@type\":\"ImageObject\",\"inLanguage\":\"pl-PL\",\"@id\":\"https:\/\/dontacceptrape.com\/pl\/na-co-zwrocic-uwage-dzieki-aplikacjom-do-podlaczania\/#primaryimage\",\"url\":\"https:\/\/dontacceptrape.com\/wp-content\/uploads\/2022\/07\/casual-hookup.jpeg\",\"contentUrl\":\"https:\/\/dontacceptrape.com\/wp-content\/uploads\/2022\/07\/casual-hookup.jpeg\",\"width\":1125,\"height\":750},{\"@type\":\"WebPage\",\"@id\":\"https:\/\/dontacceptrape.com\/pl\/na-co-zwrocic-uwage-dzieki-aplikacjom-do-podlaczania\/#webpage\",\"url\":\"https:\/\/dontacceptrape.com\/pl\/na-co-zwrocic-uwage-dzieki-aplikacjom-do-podlaczania\/\",\"name\":\"- Nie akceptuj Na co zwr\u00f3ci\u0107 uwag\u0119 dzi\u0119ki aplikacjom do pod\u0142\u0105czania\",\"isPartOf\":{\"@id\":\"https:\/\/dontacceptrape.com\/#website\"},\"primaryImageOfPage\":{\"@id\":\"https:\/\/dontacceptrape.com\/pl\/na-co-zwrocic-uwage-dzieki-aplikacjom-do-podlaczania\/#primaryimage\"},\"datePublished\":\"2022-07-04T10:47:29+00:00\",\"dateModified\":\"2022-07-04T10:47:29+00:00\",\"breadcrumb\":{\"@id\":\"https:\/\/dontacceptrape.com\/pl\/na-co-zwrocic-uwage-dzieki-aplikacjom-do-podlaczania\/#breadcrumb\"},\"inLanguage\":\"pl-PL\",\"potentialAction\":[{\"@type\":\"ReadAction\",\"target\":[\"https:\/\/dontacceptrape.com\/pl\/na-co-zwrocic-uwage-dzieki-aplikacjom-do-podlaczania\/\"]}]},{\"@type\":\"BreadcrumbList\",\"@id\":\"https:\/\/dontacceptrape.com\/pl\/na-co-zwrocic-uwage-dzieki-aplikacjom-do-podlaczania\/#breadcrumb\",\"itemListElement\":[{\"@type\":\"ListItem\",\"position\":1,\"name\":\"Dom\",\"item\":\"http:\/\/dontacceptrape.com\/pl\/\"},{\"@type\":\"ListItem\",\"position\":2,\"name\":\"Na co zwr\u00f3ci\u0107 uwag\u0119 dzi\u0119ki aplikacjom do pod\u0142\u0105czania\"}]}]}<\/script>\n<!-- \/ Yoast SEO plugin. -->","yoast_head_json":{"title":"- Nie akceptuj Na co zwr\u00f3ci\u0107 uwag\u0119 dzi\u0119ki aplikacjom do pod\u0142\u0105czania","robots":{"index":"index","follow":"follow","max-snippet":"max-snippet:-1","max-image-preview":"max-image-preview:large","max-video-preview":"max-video-preview:-1"},"canonical":"https:\/\/dontacceptrape.com\/pl\/na-co-zwrocic-uwage-dzieki-aplikacjom-do-podlaczania\/","og_locale":"pl_PL","og_type":"article","og_title":"- Nie akceptuj Na co zwr\u00f3ci\u0107 uwag\u0119 dzi\u0119ki aplikacjom do pod\u0142\u0105czania","og_description":"Kiedy do\u0142\u0105czysz do tego typu witryn, znajdziesz innych, kt\u00f3rzy s\u0105 tacy jak Ty &#8211; ludzi, kt\u00f3rzy szukaj\u0105 przypadkowych randek. Po znalezieniu grupy os\u00f3b, kt\u00f3re podzielaj\u0105 Twoje zainteresowanie przypadkowymi randkami, mo\u017cesz u\u017cy\u0107 ich jako referencji, gdy wychodzisz na randki. Mog\u0105 ci...","og_url":"https:\/\/dontacceptrape.com\/pl\/na-co-zwrocic-uwage-dzieki-aplikacjom-do-podlaczania\/","og_site_name":"Nie akceptuj","og_image":[{"url":"http:\/\/dontacceptrape.com\/wp-content\/uploads\/2022\/07\/casual-hookup-1024x683.jpeg"}],"author":"Don't Accept Rape","twitter_card":"summary_large_image","twitter_misc":{"Szacowany czas czytania":"3 minuty"},"schema":{"@context":"https:\/\/schema.org","@graph":[{"@type":"WebSite","@id":"https:\/\/dontacceptrape.com\/#website","url":"https:\/\/dontacceptrape.com\/","name":"Nie akceptuj","description":"Prawdziwy czat Hookup","potentialAction":[{"@type":"SearchAction","target":{"@type":"EntryPoint","urlTemplate":"https:\/\/dontacceptrape.com\/?s={search_term_string}"},"query-input":"required name=search_term_string"}],"inLanguage":"pl-PL"},{"@type":"ImageObject","inLanguage":"pl-PL","@id":"https:\/\/dontacceptrape.com\/pl\/na-co-zwrocic-uwage-dzieki-aplikacjom-do-podlaczania\/#primaryimage","url":"https:\/\/dontacceptrape.com\/wp-content\/uploads\/2022\/07\/casual-hookup.jpeg","contentUrl":"https:\/\/dontacceptrape.com\/wp-content\/uploads\/2022\/07\/casual-hookup.jpeg","width":1125,"height":750},{"@type":"WebPage","@id":"https:\/\/dontacceptrape.com\/pl\/na-co-zwrocic-uwage-dzieki-aplikacjom-do-podlaczania\/#webpage","url":"https:\/\/dontacceptrape.com\/pl\/na-co-zwrocic-uwage-dzieki-aplikacjom-do-podlaczania\/","name":"- Nie akceptuj Na co zwr\u00f3ci\u0107 uwag\u0119 dzi\u0119ki aplikacjom do pod\u0142\u0105czania","isPartOf":{"@id":"https:\/\/dontacceptrape.com\/#website"},"primaryImageOfPage":{"@id":"https:\/\/dontacceptrape.com\/pl\/na-co-zwrocic-uwage-dzieki-aplikacjom-do-podlaczania\/#primaryimage"},"datePublished":"2022-07-04T10:47:29+00:00","dateModified":"2022-07-04T10:47:29+00:00","breadcrumb":{"@id":"https:\/\/dontacceptrape.com\/pl\/na-co-zwrocic-uwage-dzieki-aplikacjom-do-podlaczania\/#breadcrumb"},"inLanguage":"pl-PL","potentialAction":[{"@type":"ReadAction","target":["https:\/\/dontacceptrape.com\/pl\/na-co-zwrocic-uwage-dzieki-aplikacjom-do-podlaczania\/"]}]},{"@type":"BreadcrumbList","@id":"https:\/\/dontacceptrape.com\/pl\/na-co-zwrocic-uwage-dzieki-aplikacjom-do-podlaczania\/#breadcrumb","itemListElement":[{"@type":"ListItem","position":1,"name":"Dom","item":"http:\/\/dontacceptrape.com\/pl\/"},{"@type":"ListItem","position":2,"name":"Na co zwr\u00f3ci\u0107 uwag\u0119 dzi\u0119ki aplikacjom do pod\u0142\u0105czania"}]}]}},"_links":{"self":[{"href":"https:\/\/dontacceptrape.com\/pl\/wp-json\/wp\/v2\/pages\/169"}],"collection":[{"href":"https:\/\/dontacceptrape.com\/pl\/wp-json\/wp\/v2\/pages"}],"about":[{"href":"https:\/\/dontacceptrape.com\/pl\/wp-json\/wp\/v2\/types\/page"}],"author":[{"embeddable":true,"href":"https:\/\/dontacceptrape.com\/pl\/wp-json\/wp\/v2\/users\/1"}],"replies":[{"embeddable":true,"href":"https:\/\/dontacceptrape.com\/pl\/wp-json\/wp\/v2\/comments?post=169"}],"version-history":[{"count":0,"href":"https:\/\/dontacceptrape.com\/pl\/wp-json\/wp\/v2\/pages\/169\/revisions"}],"wp:attachment":[{"href":"https:\/\/dontacceptrape.com\/pl\/wp-json\/wp\/v2\/media?parent=169"}],"curies":[{"name":"wp","href":"https:\/\/api.w.org\/{rel}","templated":true}]}}