{"id":217,"date":"2022-07-04T11:22:57","date_gmt":"2022-07-04T10:22:57","guid":{"rendered":"http:\/\/dontacceptrape.com\/app-di-appuntamenti-locali-quali-sono-le-tue-scelte\/"},"modified":"2022-09-08T16:16:17","modified_gmt":"2022-09-08T15:16:17","slug":"app-di-appuntamenti-locali-quali-sono-le-tue-scelte","status":"publish","type":"page","link":"https:\/\/dontacceptrape.com\/it\/","title":{"rendered":"App di appuntamenti locali &#8211; Quali sono le tue scelte?"},"content":{"rendered":"<p>In passato, le persone dovevano andare su determinati siti Web per incontrarne altri. Tuttavia, al giorno d&#8217;oggi, le app mobili per il collegamento hanno reso facile per le persone rimanere in contatto e aggiornarsi con le ultime notizie ed eventi. Puoi anche chattare con altri membri, porre domande e condividere le tue esperienze. Ancora pi\u00f9 importante, puoi scoprire nuovi posti dove uscire e incontrare persone.<\/p>\n<p>Se stai cercando una relazione, allora ci sono siti di incontri come per scambiare nudi con donne locali e che soddisfano le tue esigenze. Alcuni di essi ti consentono persino di filtrare i risultati in base alle tue preferenze.<\/p>\n<p>Ad esempio, puoi selezionare se sei interessato al sesso occasionale, alle relazioni <a href=\"https:\/\/www.nsadating.net\/it\/giochi-porno-gratis-nessuna-iscrizione\/\">giochiporno gratis<\/a> a lungo termine, ecc. Se stai cercando di uscire con qualcuno, puoi dare un&#8217;occhiata alle migliori app di appuntamenti disponibili. Queste app ti consentono di cercare potenziali appuntamenti utilizzando vari filtri, tra cui et\u00e0, posizione, interessi, orientamento sessuale, ecc. Un altro vantaggio dell&#8217;utilizzo delle app di appuntamenti \u00e8 che puoi ottenere chat arrapate con estranei e puoi ottenere aggiornamenti su ci\u00f2 che sta accadendo nella zona. Tutto quello che devi fare \u00e8 scaricare un&#8217;app e iniziare a chattare con le persone nelle vicinanze.<\/p>\n<p><img loading=\"lazy\" class=\"size-large wp-image-76 aligncenter\" src=\"http:\/\/dontacceptrape.com\/wp-content\/uploads\/2022\/07\/free-dating-websites-1024x683.jpeg\" alt=\"\" width=\"640\" height=\"427\" srcset=\"https:\/\/dontacceptrape.com\/wp-content\/uploads\/2022\/07\/free-dating-websites-1024x683.jpeg 1024w, https:\/\/dontacceptrape.com\/wp-content\/uploads\/2022\/07\/free-dating-websites-300x200.jpeg 300w, https:\/\/dontacceptrape.com\/wp-content\/uploads\/2022\/07\/free-dating-websites-768x512.jpeg 768w, https:\/\/dontacceptrape.com\/wp-content\/uploads\/2022\/07\/free-dating-websites.jpeg 1125w\" sizes=\"(max-width: 640px) 100vw, 640px\" \/><\/p>\n<h2>Quali sono le tue scelte?<\/h2>\n<p>Ci sono molti diversi tipi di siti di cazzo locali. Ogni tipo si rivolge a un pubblico specifico. Alcuni siti si rivolgono a coloro che sono alla ricerca di romanticismo o matrimonio, mentre altri sono progettati per incontri casuali. Alcuni siti sono focalizzati su determinate fasce d&#8217;et\u00e0, come single pi\u00f9 giovani o single pi\u00f9 anziani. Alcuni siti sono orientati verso un particolare genere, come uomini o donne.<\/p>\n<h3>Fuckbook<\/h3>\n<p>Fuckbook non \u00e8 davvero gratuito. Mentre puoi registrarti <a href=\"https:\/\/www.hotsexychat.net\/it\/giochi-porno-gratis-senza-carta-di-credito\/\">giochi pornogratis<\/a> per un account gratuito su diversi siti di cazzo locali per te, non sarai in grado di inviare messaggi o visualizzare alcun profilo membro fino a dopo la scadenza del periodo di prova di 72 ore. Se riesci ad andare oltre il periodo di prova, tuttavia, dovrai pagare per il servizio. I prezzi vanno da $ 6.99- $ 29.95 al mese a seconda del tipo di abbonamento scelto. Alcuni abbonamenti offrono sconti per pi\u00f9 anni. Ci sono anche diversi livelli di appartenenza, che vanno dal base all&#8217;avanzato. Gli abbonamenti di base sono dotati di meno funzionalit\u00e0 e tariffe mensili pi\u00f9 elevate. Gli abbonamenti Premium offrono vantaggi aggiuntivi e tariffe pi\u00f9 basse.<\/p>\n<p><img loading=\"lazy\" class=\"size-medium wp-image-129 aligncenter\" src=\"http:\/\/dontacceptrape.com\/wp-content\/uploads\/2022\/07\/Premium-Fuckbook-300x264.png\" alt=\"\" width=\"300\" height=\"264\" srcset=\"https:\/\/dontacceptrape.com\/wp-content\/uploads\/2022\/07\/Premium-Fuckbook-300x264.png 300w, https:\/\/dontacceptrape.com\/wp-content\/uploads\/2022\/07\/Premium-Fuckbook.png 700w\" sizes=\"(max-width: 300px) 100vw, 300px\" \/><\/p>\n<h3>Fuckbook<\/h3>\n<p>Bumble \u00e8 un&#8217;app che collega due persone che altrimenti non potrebbero incontrarsi. Ci sono molte app di collegamento locali gratuite l\u00e0 fuori, ma nessuna \u00e8 abbastanza simile a Bumble. Quando si utilizza Bumble, le donne devono iniziare prima la conversazione. Gli uomini possono inviare un messaggio se lo desiderano, ma non possono avviare un contatto. Se entrambe le parti scorrono verso destra, le due verranno abbinate e riceveranno una notifica. Se nessuna delle parti scorre verso destra, la conversazione terminer\u00e0. Puoi anche utilizzare l&#8217;app per condividere la tua posizione con altri, in modo da poterli incontrare in un posto specifico.<\/p>\n<h3>Incontri su Facebook<\/h3>\n<p>Facebook ha lanciato la propria app di appuntamenti chiamata Facebook Dating. Puoi utilizzare le informazioni del tuo profilo Facebook per creare un profilo di appuntamenti, che rimarr\u00e0 privato a meno che tu non lo condivida con qualcun altro. I tuoi amici e familiari su Facebook non saranno in grado di vedere che il tuo profilo esiste. Se scegli di <a href=\"https:\/\/www.local-fuck.net\/it\/siti-di-collegamento-sessuale-gratuiti\/\">siti di sesso gratuiti<\/a> condividere il tuo profilo, tutti saranno in grado di visualizzarlo. Facebook Dating \u00e8 attualmente disponibile solo sull&#8217;applicazione mobile Facebook.<\/p>\n<h3>Il nostro Tempo<\/h3>\n<p>OurTime \u00e8 una piattaforma di incontri online progettata specificamente per gli anziani. Proprio come altri siti puoi incontrare facilmente ragazze single nella mia zona, devi prima compilare il tuo profilo, incluso il tipo di persona che stai cercando. Puoi anche caricare foto e video per aiutare gli altri a conoscerti meglio. Dopo aver compilato il tuo profilo, puoi iniziare a sfogliare i profili di centinaia di membri. Se vedi qualcuno che vorresti incontrare, puoi chattare direttamente con lui tramite messaggio di testo o videochiamata. Una volta che hai deciso se vuoi o meno andare avanti e parlare con qualcuno, dovrai pagare una tariffa mensile di circa $ 30 al mese. Detto questo, sarai in grado di annullare in qualsiasi momento e non ti verr\u00e0 addebitato nulla se lo fai.<\/p>\n<h3>eHarmony<\/h3>\n<p>Eharmony \u00e8 un sito di incontri online che consente agli utenti di creare profili <a href=\"https:\/\/www.fuck-buddies.net\/it\/giochi-porno-gratuiti-nessuna-registrazione-e-nessuna-registrazione\/\">giochi porno senza registrazione<\/a> e connettersi con altri membri in base a interessi e preferenze condivisi. Gli utenti possono cercare tra migliaia di potenziali corrispondenze tramite criteri di corrispondenza avanzati, tra cui et\u00e0, posizione, istruzione, religione, occupazione e altezza. Una volta abbinati, gli utenti possono comunicare tra loro utilizzando messaggi di testo, chat istantanea, chiamate vocali, chat video e connessioni ai social media. eHarmony offre inoltre ai suoi membri l&#8217;accesso a eventi esclusivi, sconti e promozioni speciali.<\/p>\n<h2>Cosa devo fare dopo?<\/h2>\n<p>I siti di incontri online non scompariranno presto, puoi persino provare giochi per adulti come e incontrare single che la pensano allo stesso modo che vogliono collegarsi. Mentre molte persone possono sentirsi come se avessero bisogno di uscire e iniziare a incontrare di nuovo le persone faccia a faccia, \u00e8 importante ricordare che gli appuntamenti online sono ancora un modo efficace per incontrare persone.<\/p>\n<p>Anche durante covid-19, le app di appuntamenti erano pi\u00f9 popolari che mai! Dovresti prendere in considerazione l&#8217;idea di iniziare con loro se non l&#8217;hai gi\u00e0 fatto!<\/p>\n","protected":false},"excerpt":{"rendered":"<p>In passato, le persone dovevano andare su determinati siti Web per incontrarne altri. Tuttavia, al giorno d&#8217;oggi, le app mobili per il collegamento hanno reso facile per le persone rimanere in contatto e aggiornarsi con le ultime notizie ed eventi&#8230;.<\/p>\n","protected":false},"author":1,"featured_media":0,"parent":0,"menu_order":0,"comment_status":"closed","ping_status":"closed","template":"","meta":[],"yoast_head":"<!-- This site is optimized with the Yoast SEO plugin v19.2 - https:\/\/yoast.com\/wordpress\/plugins\/seo\/ -->\n<title>App di appuntamenti locali - Quali sono le tue scelte? - Non accettare<\/title>\n<meta name=\"robots\" content=\"index, follow, max-snippet:-1, max-image-preview:large, max-video-preview:-1\" \/>\n<link rel=\"canonical\" href=\"https:\/\/dontacceptrape.com\/it\/\" \/>\n<meta property=\"og:locale\" content=\"it_IT\" \/>\n<meta property=\"og:type\" content=\"article\" \/>\n<meta property=\"og:title\" content=\"App di appuntamenti locali - Quali sono le tue scelte? - Non accettare\" \/>\n<meta property=\"og:description\" content=\"In passato, le persone dovevano andare su determinati siti Web per incontrarne altri. Tuttavia, al giorno d&#8217;oggi, le app mobili per il collegamento hanno reso facile per le persone rimanere in contatto e aggiornarsi con le ultime notizie ed eventi....\" \/>\n<meta property=\"og:url\" content=\"https:\/\/dontacceptrape.com\/it\/\" \/>\n<meta property=\"og:site_name\" content=\"Non accettare\" \/>\n<meta property=\"article:modified_time\" content=\"2022-09-08T15:16:17+00:00\" \/>\n<meta property=\"og:image\" content=\"http:\/\/dontacceptrape.com\/wp-content\/uploads\/2022\/07\/free-dating-websites-1024x683.jpeg\" \/>\n<meta name=\"author\" content=\"Don&#039;t Accept Rape\" \/>\n<meta name=\"twitter:card\" content=\"summary_large_image\" \/>\n<meta name=\"twitter:label1\" content=\"Tempo di lettura stimato\" \/>\n\t<meta name=\"twitter:data1\" content=\"4 minuti\" \/>\n<script type=\"application\/ld+json\" class=\"yoast-schema-graph\">{\"@context\":\"https:\/\/schema.org\",\"@graph\":[{\"@type\":\"WebSite\",\"@id\":\"https:\/\/dontacceptrape.com\/#website\",\"url\":\"https:\/\/dontacceptrape.com\/\",\"name\":\"Non accettare\",\"description\":\"Chat di collegamento reale\",\"potentialAction\":[{\"@type\":\"SearchAction\",\"target\":{\"@type\":\"EntryPoint\",\"urlTemplate\":\"https:\/\/dontacceptrape.com\/?s={search_term_string}\"},\"query-input\":\"required name=search_term_string\"}],\"inLanguage\":\"it-IT\"},{\"@type\":\"ImageObject\",\"inLanguage\":\"it-IT\",\"@id\":\"https:\/\/dontacceptrape.com\/it\/#primaryimage\",\"url\":\"https:\/\/dontacceptrape.com\/wp-content\/uploads\/2022\/07\/free-dating-websites.jpeg\",\"contentUrl\":\"https:\/\/dontacceptrape.com\/wp-content\/uploads\/2022\/07\/free-dating-websites.jpeg\",\"width\":1125,\"height\":750},{\"@type\":\"WebPage\",\"@id\":\"https:\/\/dontacceptrape.com\/it\/#webpage\",\"url\":\"https:\/\/dontacceptrape.com\/it\/\",\"name\":\"App di appuntamenti locali - Quali sono le tue scelte? - Non accettare\",\"isPartOf\":{\"@id\":\"https:\/\/dontacceptrape.com\/#website\"},\"primaryImageOfPage\":{\"@id\":\"https:\/\/dontacceptrape.com\/it\/#primaryimage\"},\"datePublished\":\"2022-07-04T10:22:57+00:00\",\"dateModified\":\"2022-09-08T15:16:17+00:00\",\"breadcrumb\":{\"@id\":\"https:\/\/dontacceptrape.com\/it\/#breadcrumb\"},\"inLanguage\":\"it-IT\",\"potentialAction\":[{\"@type\":\"ReadAction\",\"target\":[\"https:\/\/dontacceptrape.com\/it\/\"]}]},{\"@type\":\"BreadcrumbList\",\"@id\":\"https:\/\/dontacceptrape.com\/it\/#breadcrumb\",\"itemListElement\":[{\"@type\":\"ListItem\",\"position\":1,\"name\":\"Casa\",\"item\":\"https:\/\/dontacceptrape.com\/it\/\"},{\"@type\":\"ListItem\",\"position\":2,\"name\":\"App di appuntamenti locali &#8211; Quali sono le tue scelte?\"}]}]}<\/script>\n<!-- \/ Yoast SEO plugin. -->","yoast_head_json":{"title":"App di appuntamenti locali - Quali sono le tue scelte? - Non accettare","robots":{"index":"index","follow":"follow","max-snippet":"max-snippet:-1","max-image-preview":"max-image-preview:large","max-video-preview":"max-video-preview:-1"},"canonical":"https:\/\/dontacceptrape.com\/it\/","og_locale":"it_IT","og_type":"article","og_title":"App di appuntamenti locali - Quali sono le tue scelte? - Non accettare","og_description":"In passato, le persone dovevano andare su determinati siti Web per incontrarne altri. Tuttavia, al giorno d&#8217;oggi, le app mobili per il collegamento hanno reso facile per le persone rimanere in contatto e aggiornarsi con le ultime notizie ed eventi....","og_url":"https:\/\/dontacceptrape.com\/it\/","og_site_name":"Non accettare","article_modified_time":"2022-09-08T15:16:17+00:00","og_image":[{"url":"http:\/\/dontacceptrape.com\/wp-content\/uploads\/2022\/07\/free-dating-websites-1024x683.jpeg"}],"author":"Don't Accept Rape","twitter_card":"summary_large_image","twitter_misc":{"Tempo di lettura stimato":"4 minuti"},"schema":{"@context":"https:\/\/schema.org","@graph":[{"@type":"WebSite","@id":"https:\/\/dontacceptrape.com\/#website","url":"https:\/\/dontacceptrape.com\/","name":"Non accettare","description":"Chat di collegamento reale","potentialAction":[{"@type":"SearchAction","target":{"@type":"EntryPoint","urlTemplate":"https:\/\/dontacceptrape.com\/?s={search_term_string}"},"query-input":"required name=search_term_string"}],"inLanguage":"it-IT"},{"@type":"ImageObject","inLanguage":"it-IT","@id":"https:\/\/dontacceptrape.com\/it\/#primaryimage","url":"https:\/\/dontacceptrape.com\/wp-content\/uploads\/2022\/07\/free-dating-websites.jpeg","contentUrl":"https:\/\/dontacceptrape.com\/wp-content\/uploads\/2022\/07\/free-dating-websites.jpeg","width":1125,"height":750},{"@type":"WebPage","@id":"https:\/\/dontacceptrape.com\/it\/#webpage","url":"https:\/\/dontacceptrape.com\/it\/","name":"App di appuntamenti locali - Quali sono le tue scelte? - Non accettare","isPartOf":{"@id":"https:\/\/dontacceptrape.com\/#website"},"primaryImageOfPage":{"@id":"https:\/\/dontacceptrape.com\/it\/#primaryimage"},"datePublished":"2022-07-04T10:22:57+00:00","dateModified":"2022-09-08T15:16:17+00:00","breadcrumb":{"@id":"https:\/\/dontacceptrape.com\/it\/#breadcrumb"},"inLanguage":"it-IT","potentialAction":[{"@type":"ReadAction","target":["https:\/\/dontacceptrape.com\/it\/"]}]},{"@type":"BreadcrumbList","@id":"https:\/\/dontacceptrape.com\/it\/#breadcrumb","itemListElement":[{"@type":"ListItem","position":1,"name":"Casa","item":"https:\/\/dontacceptrape.com\/it\/"},{"@type":"ListItem","position":2,"name":"App di appuntamenti locali &#8211; Quali sono le tue scelte?"}]}]}},"_links":{"self":[{"href":"https:\/\/dontacceptrape.com\/it\/wp-json\/wp\/v2\/pages\/217"}],"collection":[{"href":"https:\/\/dontacceptrape.com\/it\/wp-json\/wp\/v2\/pages"}],"about":[{"href":"https:\/\/dontacceptrape.com\/it\/wp-json\/wp\/v2\/types\/page"}],"author":[{"embeddable":true,"href":"https:\/\/dontacceptrape.com\/it\/wp-json\/wp\/v2\/users\/1"}],"replies":[{"embeddable":true,"href":"https:\/\/dontacceptrape.com\/it\/wp-json\/wp\/v2\/comments?post=217"}],"version-history":[{"count":4,"href":"https:\/\/dontacceptrape.com\/it\/wp-json\/wp\/v2\/pages\/217\/revisions"}],"predecessor-version":[{"id":280,"href":"https:\/\/dontacceptrape.com\/it\/wp-json\/wp\/v2\/pages\/217\/revisions\/280"}],"wp:attachment":[{"href":"https:\/\/dontacceptrape.com\/it\/wp-json\/wp\/v2\/media?parent=217"}],"curies":[{"name":"wp","href":"https:\/\/api.w.org\/{rel}","templated":true}]}}