{"id":207,"date":"2022-07-04T11:30:26","date_gmt":"2022-07-04T10:30:26","guid":{"rendered":"http:\/\/dontacceptrape.com\/siti-web-di-sexting-gratuiti-per-single\/"},"modified":"2022-07-20T16:40:35","modified_gmt":"2022-07-20T15:40:35","slug":"siti-web-di-sexting-gratuiti-per-single","status":"publish","type":"page","link":"https:\/\/dontacceptrape.com\/it\/siti-web-di-sexting-gratuiti-per-single\/","title":{"rendered":"Siti web di sexting gratuiti per single"},"content":{"rendered":"<p>I migliori siti di sexing gratuiti sono qui per fornire un po &#8216;di sollievo quando <a href=\"https:\/\/www.sextchat.net\/it\/i-migliori-giochi-porno-patreon-nsfw\/\">i migliori giochi porno<\/a> stai cercando di diventare cattivo con qualcuno online che vuole andare avanti con il tuo corpo. Questi siti e app ti permetteranno di avere alcune chat sexy e sexy con altri che stanno cercando un po &#8216;di divertimento con te. La nostra top 4 lista ha tutto per aiutarti a farti impazzire con le parole!<\/p>\n<h2>Cercatore di amici adulti<\/h2>\n<p>AFF \u00e8 stato progettato per essere un luogo divertente per incontrare adulti che la pensano allo stesso modo <a href=\"https:\/\/dontacceptrape.com\/it\/locali-club-di-incontri-per-adulti\/\">in cerca di amore<\/a>. Puoi anche chattare con altri utenti su qualsiasi cosa sotto il sole, tra cui politica, religione, sesso, sport o semplicemente argomenti di vita generale. Se sei interessato a incontrare qualcuno di speciale, puoi organizzare per uscire per un caff\u00e8 o un drink.<\/p>\n<h2>Jerkmate \u00b7<\/h2>\n<p>Jerkmate \u00e8 un sito di webcam per adulti che ti consente di guardare video erotici con ragazze e ragazzi dilettanti reali. Puoi anche interagire con loro tramite messaggi di testo, chiamate audio e chat video. Se vuoi vedere corpi nudi, allora questo \u00e8 il posto in cui cercare \u00e8 andare! a Ci sono migliaia di connessioni di ricchi modelli di uomini sexy che cercano da tutti i giovani intorno alle ragazze il mondo, affitto e loro l\u00e0 fuori \u00e8 per qualcosa di sesso. perch\u00e9 sono tutti. a Sia che tu sia molto popolare preferisca la scelta da solista tra gli spettacoli quelli o che hardcore vogliono l&#8217;azione, per andare oltre troverete solo casuale <a href=\"https:\/\/www.find-sex.net\/it\/nessuna-registrazione-a-giochi-porno\/\">giochi porno senza registrazione<\/a> tutte le avventure. proprio se qui. stai chattando non \u00e8 in quel tipo semplice e veloce. cosa, ci sono puoi scegliere molto per visualizzare altri profili, opzioni di invio disponibili. messaggi, Alcuni e siti chiedono sono domande gratuite su mentre tutto ci\u00f2 che altri relativi richiedono la registrazione delle tasse.<\/p>\n<h2>Ashley Madison<\/h2>\n<p>Ashley Madison (AM) \u00e8 una delle migliori app di appuntamenti gratuite disponibili online oggi. Se stai cercando una relazione discreta con una donna o un uomo sposato, AM \u00e8 probabilmente il posto che fa per te. Come app progettata specificamente per i coniugi traditori, offre molti vantaggi rispetto ai suoi concorrenti. A differenza di altre app di appuntamenti, AM non richiede agli utenti di condividere informazioni personali, rendendola una delle opzioni pi\u00f9 sicure l\u00e0 fuori. Puoi flirtare con altri utenti senza condividere la tua vera identit\u00e0 e posizione, pur essendo in grado di connetterti con gli altri tramite webcam. C&#8217;\u00e8 anche una sezione sul sito web dedicata ad aiutarti a imbrogliare in sicurezza.<\/p>\n<h2>Riercare<\/h2>\n<p>Seeking \u00e8 un sito di incontri che consente agli utenti di connettersi con altre persone <a href=\"https:\/\/www.hookup-now.com\/it\/mogli-in-cerca-di-sesso\/\">mogli cercano sesso<\/a> in cerca di relazioni discrete. Puoi scegliere se creare un account gratuitamente o se preferisci pagare con criptovaluta per accedere a funzionalit\u00e0 premium. Se sei seriamente intenzionato a trovare l&#8217;amore online, allora Seeking potrebbe essere proprio quello di cui hai bisogno.<\/p>\n<h2>Dovresti iniziare con il sexting?<\/h2>\n<p>Non dovrai mai preoccuparti che il tuo partner scopra cosa stai facendo a porte chiuse. Il tuo partner sar\u00e0 completamente al sicuro perch\u00e9 si spoglier\u00e0 per te in tempo reale, proprio davanti ai tuoi occhi! Sarai anche in grado di vedere tutto ci\u00f2 che il tuo partner fa con il suo corpo, incluso giocare con il seno, diteggiarsi, masturbarsi e persino.<\/p>\n","protected":false},"excerpt":{"rendered":"<p>I migliori siti di sexing gratuiti sono qui per fornire un po &#8216;di sollievo quando i migliori giochi porno stai cercando di diventare cattivo con qualcuno online che vuole andare avanti con il tuo corpo. Questi siti e app ti&#8230;<\/p>\n","protected":false},"author":1,"featured_media":91,"parent":0,"menu_order":0,"comment_status":"closed","ping_status":"closed","template":"","meta":[],"yoast_head":"<!-- This site is optimized with the Yoast SEO plugin v19.2 - https:\/\/yoast.com\/wordpress\/plugins\/seo\/ -->\n<title>Siti web di sexting gratuiti per single - Non accettare<\/title>\n<meta name=\"robots\" content=\"index, follow, max-snippet:-1, max-image-preview:large, max-video-preview:-1\" \/>\n<link rel=\"canonical\" href=\"https:\/\/dontacceptrape.com\/it\/siti-web-di-sexting-gratuiti-per-single\/\" \/>\n<meta property=\"og:locale\" content=\"it_IT\" \/>\n<meta property=\"og:type\" content=\"article\" \/>\n<meta property=\"og:title\" content=\"Siti web di sexting gratuiti per single - Non accettare\" \/>\n<meta property=\"og:description\" content=\"I migliori siti di sexing gratuiti sono qui per fornire un po &#8216;di sollievo quando i migliori giochi porno stai cercando di diventare cattivo con qualcuno online che vuole andare avanti con il tuo corpo. Questi siti e app ti...\" \/>\n<meta property=\"og:url\" content=\"https:\/\/dontacceptrape.com\/it\/siti-web-di-sexting-gratuiti-per-single\/\" \/>\n<meta property=\"og:site_name\" content=\"Non accettare\" \/>\n<meta property=\"article:modified_time\" content=\"2022-07-20T15:40:35+00:00\" \/>\n<meta property=\"og:image\" content=\"https:\/\/dontacceptrape.com\/wp-content\/uploads\/2022\/07\/local-dating.jpeg\" \/>\n\t<meta property=\"og:image:width\" content=\"500\" \/>\n\t<meta property=\"og:image:height\" content=\"750\" \/>\n\t<meta property=\"og:image:type\" content=\"image\/jpeg\" \/>\n<meta name=\"author\" content=\"Don&#039;t Accept Rape\" \/>\n<meta name=\"twitter:card\" content=\"summary_large_image\" \/>\n<meta name=\"twitter:label1\" content=\"Tempo di lettura stimato\" \/>\n\t<meta name=\"twitter:data1\" content=\"3 minuti\" \/>\n<script type=\"application\/ld+json\" class=\"yoast-schema-graph\">{\"@context\":\"https:\/\/schema.org\",\"@graph\":[{\"@type\":\"WebSite\",\"@id\":\"https:\/\/dontacceptrape.com\/#website\",\"url\":\"https:\/\/dontacceptrape.com\/\",\"name\":\"Non accettare\",\"description\":\"Chat di collegamento reale\",\"potentialAction\":[{\"@type\":\"SearchAction\",\"target\":{\"@type\":\"EntryPoint\",\"urlTemplate\":\"https:\/\/dontacceptrape.com\/?s={search_term_string}\"},\"query-input\":\"required name=search_term_string\"}],\"inLanguage\":\"it-IT\"},{\"@type\":\"ImageObject\",\"inLanguage\":\"it-IT\",\"@id\":\"https:\/\/dontacceptrape.com\/it\/siti-web-di-sexting-gratuiti-per-single\/#primaryimage\",\"url\":\"https:\/\/dontacceptrape.com\/wp-content\/uploads\/2022\/07\/local-dating.jpeg\",\"contentUrl\":\"https:\/\/dontacceptrape.com\/wp-content\/uploads\/2022\/07\/local-dating.jpeg\",\"width\":500,\"height\":750},{\"@type\":\"WebPage\",\"@id\":\"https:\/\/dontacceptrape.com\/it\/siti-web-di-sexting-gratuiti-per-single\/#webpage\",\"url\":\"https:\/\/dontacceptrape.com\/it\/siti-web-di-sexting-gratuiti-per-single\/\",\"name\":\"Siti web di sexting gratuiti per single - Non accettare\",\"isPartOf\":{\"@id\":\"https:\/\/dontacceptrape.com\/#website\"},\"primaryImageOfPage\":{\"@id\":\"https:\/\/dontacceptrape.com\/it\/siti-web-di-sexting-gratuiti-per-single\/#primaryimage\"},\"datePublished\":\"2022-07-04T10:30:26+00:00\",\"dateModified\":\"2022-07-20T15:40:35+00:00\",\"breadcrumb\":{\"@id\":\"https:\/\/dontacceptrape.com\/it\/siti-web-di-sexting-gratuiti-per-single\/#breadcrumb\"},\"inLanguage\":\"it-IT\",\"potentialAction\":[{\"@type\":\"ReadAction\",\"target\":[\"https:\/\/dontacceptrape.com\/it\/siti-web-di-sexting-gratuiti-per-single\/\"]}]},{\"@type\":\"BreadcrumbList\",\"@id\":\"https:\/\/dontacceptrape.com\/it\/siti-web-di-sexting-gratuiti-per-single\/#breadcrumb\",\"itemListElement\":[{\"@type\":\"ListItem\",\"position\":1,\"name\":\"Casa\",\"item\":\"https:\/\/dontacceptrape.com\/it\/\"},{\"@type\":\"ListItem\",\"position\":2,\"name\":\"Siti web di sexting gratuiti per single\"}]}]}<\/script>\n<!-- \/ Yoast SEO plugin. -->","yoast_head_json":{"title":"Siti web di sexting gratuiti per single - Non accettare","robots":{"index":"index","follow":"follow","max-snippet":"max-snippet:-1","max-image-preview":"max-image-preview:large","max-video-preview":"max-video-preview:-1"},"canonical":"https:\/\/dontacceptrape.com\/it\/siti-web-di-sexting-gratuiti-per-single\/","og_locale":"it_IT","og_type":"article","og_title":"Siti web di sexting gratuiti per single - Non accettare","og_description":"I migliori siti di sexing gratuiti sono qui per fornire un po &#8216;di sollievo quando i migliori giochi porno stai cercando di diventare cattivo con qualcuno online che vuole andare avanti con il tuo corpo. Questi siti e app ti...","og_url":"https:\/\/dontacceptrape.com\/it\/siti-web-di-sexting-gratuiti-per-single\/","og_site_name":"Non accettare","article_modified_time":"2022-07-20T15:40:35+00:00","og_image":[{"width":500,"height":750,"url":"https:\/\/dontacceptrape.com\/wp-content\/uploads\/2022\/07\/local-dating.jpeg","type":"image\/jpeg"}],"author":"Don't Accept Rape","twitter_card":"summary_large_image","twitter_misc":{"Tempo di lettura stimato":"3 minuti"},"schema":{"@context":"https:\/\/schema.org","@graph":[{"@type":"WebSite","@id":"https:\/\/dontacceptrape.com\/#website","url":"https:\/\/dontacceptrape.com\/","name":"Non accettare","description":"Chat di collegamento reale","potentialAction":[{"@type":"SearchAction","target":{"@type":"EntryPoint","urlTemplate":"https:\/\/dontacceptrape.com\/?s={search_term_string}"},"query-input":"required name=search_term_string"}],"inLanguage":"it-IT"},{"@type":"ImageObject","inLanguage":"it-IT","@id":"https:\/\/dontacceptrape.com\/it\/siti-web-di-sexting-gratuiti-per-single\/#primaryimage","url":"https:\/\/dontacceptrape.com\/wp-content\/uploads\/2022\/07\/local-dating.jpeg","contentUrl":"https:\/\/dontacceptrape.com\/wp-content\/uploads\/2022\/07\/local-dating.jpeg","width":500,"height":750},{"@type":"WebPage","@id":"https:\/\/dontacceptrape.com\/it\/siti-web-di-sexting-gratuiti-per-single\/#webpage","url":"https:\/\/dontacceptrape.com\/it\/siti-web-di-sexting-gratuiti-per-single\/","name":"Siti web di sexting gratuiti per single - Non accettare","isPartOf":{"@id":"https:\/\/dontacceptrape.com\/#website"},"primaryImageOfPage":{"@id":"https:\/\/dontacceptrape.com\/it\/siti-web-di-sexting-gratuiti-per-single\/#primaryimage"},"datePublished":"2022-07-04T10:30:26+00:00","dateModified":"2022-07-20T15:40:35+00:00","breadcrumb":{"@id":"https:\/\/dontacceptrape.com\/it\/siti-web-di-sexting-gratuiti-per-single\/#breadcrumb"},"inLanguage":"it-IT","potentialAction":[{"@type":"ReadAction","target":["https:\/\/dontacceptrape.com\/it\/siti-web-di-sexting-gratuiti-per-single\/"]}]},{"@type":"BreadcrumbList","@id":"https:\/\/dontacceptrape.com\/it\/siti-web-di-sexting-gratuiti-per-single\/#breadcrumb","itemListElement":[{"@type":"ListItem","position":1,"name":"Casa","item":"https:\/\/dontacceptrape.com\/it\/"},{"@type":"ListItem","position":2,"name":"Siti web di sexting gratuiti per single"}]}]}},"_links":{"self":[{"href":"https:\/\/dontacceptrape.com\/it\/wp-json\/wp\/v2\/pages\/207"}],"collection":[{"href":"https:\/\/dontacceptrape.com\/it\/wp-json\/wp\/v2\/pages"}],"about":[{"href":"https:\/\/dontacceptrape.com\/it\/wp-json\/wp\/v2\/types\/page"}],"author":[{"embeddable":true,"href":"https:\/\/dontacceptrape.com\/it\/wp-json\/wp\/v2\/users\/1"}],"replies":[{"embeddable":true,"href":"https:\/\/dontacceptrape.com\/it\/wp-json\/wp\/v2\/comments?post=207"}],"version-history":[{"count":1,"href":"https:\/\/dontacceptrape.com\/it\/wp-json\/wp\/v2\/pages\/207\/revisions"}],"predecessor-version":[{"id":263,"href":"https:\/\/dontacceptrape.com\/it\/wp-json\/wp\/v2\/pages\/207\/revisions\/263"}],"wp:featuredmedia":[{"embeddable":true,"href":"https:\/\/dontacceptrape.com\/it\/wp-json\/wp\/v2\/media\/91"}],"wp:attachment":[{"href":"https:\/\/dontacceptrape.com\/it\/wp-json\/wp\/v2\/media?parent=207"}],"curies":[{"name":"wp","href":"https:\/\/api.w.org\/{rel}","templated":true}]}}