{"id":198,"date":"2022-07-04T11:33:15","date_gmt":"2022-07-04T10:33:15","guid":{"rendered":"http:\/\/dontacceptrape.com\/non-trovare-vincoli-legati-al-sesso-stasera\/"},"modified":"2022-07-04T11:33:15","modified_gmt":"2022-07-04T10:33:15","slug":"non-trovare-vincoli-legati-al-sesso-stasera","status":"publish","type":"page","link":"https:\/\/dontacceptrape.com\/it\/non-trovare-vincoli-legati-al-sesso-stasera\/","title":{"rendered":"Non trovare vincoli legati al sesso stasera?"},"content":{"rendered":"<p>NSA \u00e8 un sito di incontri per adulti che offre molti <a href=\"https:\/\/dontacceptrape.com\/it\/siti-web-di-sexting-gratuiti-per-single\/\">modi diversi per connettersi<\/a> con gli altri e condividere momenti intimi con loro. Puoi chattare, scambiare foto e video e persino guardarti l&#8217;un l&#8217;altro mentre ti masturbi. Ci sono anche sessioni di cam in diretta disponibili per coloro che cercano qualcosa di speciale.<\/p>\n<h2>Pro \/ Contro di NSA Hookups<\/h2>\n<p>Ci sono molti vantaggi nell&#8217;utilizzo del sito Web NSA. Un vantaggio \u00e8 che ci sono molte persone diverse da incontrare. Non rimarrai mai a corto di persone con cui parlare perch\u00e9 ci sono sempre nuove persone che si uniscono ogni minuto. Un altro vantaggio \u00e8 che il sito \u00e8 molto facile da navigare. Non avrai problemi a trovare ci\u00f2 di cui hai bisogno.<\/p>\n<p>Ci sono anche degli svantaggi nell&#8217;utilizzo del sito Web degli NSA. Uno svantaggio \u00e8 che non \u00e8 gratuito. Se desideri utilizzare il sito, dovrai pagare una quota di abbonamento mensile. Un altro svantaggio \u00e8 che il sito non \u00e8 disponibile in tutti i paesi. Quindi, se vivi in un paese che non consente siti Web per adulti, non puoi accedere al sito Web degli NSA. E infine, uno svantaggio \u00e8 che il sito non \u00e8 completamente anonimo. Anche se le tue informazioni sono mantenute private, altri utenti potrebbero comunque vedere la tua immagine del profilo.<\/p>\n<p>Ad esempio, invece di dire &#8220;dovresti conoscere gli appuntamenti casuali&#8221;, d\u00ec &#8220;questa persona dovrebbe conoscere gli appuntamenti casuali&#8221;. In questo modo, ti riferisci a una persona specifica. Se stai cercando app di appuntamenti gratuite, sei nel posto giusto. Ecco alcuni dei pi\u00f9 popolari:<\/p>\n<ul>\n<li>Tinder &#8211; Questa app \u00e8 ottima per incontrare persone che condividono interessi simili. L&#8217;idea \u00e8 semplice: scorri verso sinistra per passare, scorri verso destra per mettere mi piace.<\/li>\n<li>Bumble &#8211; Questa app \u00e8 progettata specificamente per le donne. Le donne iniziano conversazioni, gli uomini rispondono.<\/li>\n<li>Happn &#8211; Simile a Tinder, questa app consente agli utenti di trovare persone basate su amici comuni.<\/li>\n<li>OkCupid &#8211; Questo sito \u00e8 orientato verso relazioni a lungo termine. Gli utenti creano profili e cercano corrispondenze in base a interessi condivisi, posizione, et\u00e0 e altri criteri.<\/li>\n<li>PlentyOfFish &#8211; Questa app \u00e8 orientata verso collegamenti casuali. Gli utenti possono sfogliare migliaia di foto dei membri e inviare messaggi a chiunque sia interessato a chattare.<\/li>\n<li>Zoosk &#8211; Questa app \u00e8 orientata verso relazioni serie. Gli utenti creano profili, caricano immagini e cercano partner compatibili.<\/li>\n<li>Match &#8211; Questa app \u00e8 orientata per coloro che cercano relazioni a lungo termine. I membri creano profili, caricano immagini e cercano partner compatibili in base a interessi condivisi, et\u00e0, religione e altri criteri.<\/li>\n<\/ul>\n<p>I collegamenti sono fantastici perch\u00e9 sono gratuiti, veloci e anonimi. Sono anche molto popolari tra gli studenti universitari e i giovani adulti.<\/p>\n<p>Tuttavia, ci sono alcuni aspetti negativi dei collegamenti online. Innanzitutto, la maggior parte dei siti Web di collegamento richiede agli utenti di creare account e condividere informazioni personali. Ci\u00f2 significa che devi stare attento a chi incontri su questi siti web.<\/p>\n","protected":false},"excerpt":{"rendered":"<p>NSA \u00e8 un sito di incontri per adulti che offre molti modi diversi per connettersi con gli altri e condividere momenti intimi con loro. Puoi chattare, scambiare foto e video e persino guardarti l&#8217;un l&#8217;altro mentre ti masturbi. Ci sono&#8230;<\/p>\n","protected":false},"author":1,"featured_media":71,"parent":0,"menu_order":0,"comment_status":"closed","ping_status":"closed","template":"","meta":[],"yoast_head":"<!-- This site is optimized with the Yoast SEO plugin v19.2 - https:\/\/yoast.com\/wordpress\/plugins\/seo\/ -->\n<title>Non trovare vincoli legati al sesso stasera? - Non accettare<\/title>\n<meta name=\"robots\" content=\"index, follow, max-snippet:-1, max-image-preview:large, max-video-preview:-1\" \/>\n<link rel=\"canonical\" href=\"https:\/\/dontacceptrape.com\/it\/non-trovare-vincoli-legati-al-sesso-stasera\/\" \/>\n<meta property=\"og:locale\" content=\"it_IT\" \/>\n<meta property=\"og:type\" content=\"article\" \/>\n<meta property=\"og:title\" content=\"Non trovare vincoli legati al sesso stasera? - Non accettare\" \/>\n<meta property=\"og:description\" content=\"NSA \u00e8 un sito di incontri per adulti che offre molti modi diversi per connettersi con gli altri e condividere momenti intimi con loro. Puoi chattare, scambiare foto e video e persino guardarti l&#8217;un l&#8217;altro mentre ti masturbi. Ci sono...\" \/>\n<meta property=\"og:url\" content=\"https:\/\/dontacceptrape.com\/it\/non-trovare-vincoli-legati-al-sesso-stasera\/\" \/>\n<meta property=\"og:site_name\" content=\"Non accettare\" \/>\n<meta property=\"og:image\" content=\"https:\/\/dontacceptrape.com\/wp-content\/uploads\/2022\/07\/datng-websites.jpeg\" \/>\n\t<meta property=\"og:image:width\" content=\"1125\" \/>\n\t<meta property=\"og:image:height\" content=\"750\" \/>\n\t<meta property=\"og:image:type\" content=\"image\/jpeg\" \/>\n<meta name=\"author\" content=\"Don&#039;t Accept Rape\" \/>\n<meta name=\"twitter:card\" content=\"summary_large_image\" \/>\n<meta name=\"twitter:label1\" content=\"Tempo di lettura stimato\" \/>\n\t<meta name=\"twitter:data1\" content=\"2 minuti\" \/>\n<script type=\"application\/ld+json\" class=\"yoast-schema-graph\">{\"@context\":\"https:\/\/schema.org\",\"@graph\":[{\"@type\":\"WebSite\",\"@id\":\"https:\/\/dontacceptrape.com\/#website\",\"url\":\"https:\/\/dontacceptrape.com\/\",\"name\":\"Non accettare\",\"description\":\"Chat di collegamento reale\",\"potentialAction\":[{\"@type\":\"SearchAction\",\"target\":{\"@type\":\"EntryPoint\",\"urlTemplate\":\"https:\/\/dontacceptrape.com\/?s={search_term_string}\"},\"query-input\":\"required name=search_term_string\"}],\"inLanguage\":\"it-IT\"},{\"@type\":\"ImageObject\",\"inLanguage\":\"it-IT\",\"@id\":\"https:\/\/dontacceptrape.com\/it\/non-trovare-vincoli-legati-al-sesso-stasera\/#primaryimage\",\"url\":\"https:\/\/dontacceptrape.com\/wp-content\/uploads\/2022\/07\/datng-websites.jpeg\",\"contentUrl\":\"https:\/\/dontacceptrape.com\/wp-content\/uploads\/2022\/07\/datng-websites.jpeg\",\"width\":1125,\"height\":750},{\"@type\":\"WebPage\",\"@id\":\"https:\/\/dontacceptrape.com\/it\/non-trovare-vincoli-legati-al-sesso-stasera\/#webpage\",\"url\":\"https:\/\/dontacceptrape.com\/it\/non-trovare-vincoli-legati-al-sesso-stasera\/\",\"name\":\"Non trovare vincoli legati al sesso stasera? - Non accettare\",\"isPartOf\":{\"@id\":\"https:\/\/dontacceptrape.com\/#website\"},\"primaryImageOfPage\":{\"@id\":\"https:\/\/dontacceptrape.com\/it\/non-trovare-vincoli-legati-al-sesso-stasera\/#primaryimage\"},\"datePublished\":\"2022-07-04T10:33:15+00:00\",\"dateModified\":\"2022-07-04T10:33:15+00:00\",\"breadcrumb\":{\"@id\":\"https:\/\/dontacceptrape.com\/it\/non-trovare-vincoli-legati-al-sesso-stasera\/#breadcrumb\"},\"inLanguage\":\"it-IT\",\"potentialAction\":[{\"@type\":\"ReadAction\",\"target\":[\"https:\/\/dontacceptrape.com\/it\/non-trovare-vincoli-legati-al-sesso-stasera\/\"]}]},{\"@type\":\"BreadcrumbList\",\"@id\":\"https:\/\/dontacceptrape.com\/it\/non-trovare-vincoli-legati-al-sesso-stasera\/#breadcrumb\",\"itemListElement\":[{\"@type\":\"ListItem\",\"position\":1,\"name\":\"Casa\",\"item\":\"https:\/\/dontacceptrape.com\/it\/\"},{\"@type\":\"ListItem\",\"position\":2,\"name\":\"Non trovare vincoli legati al sesso stasera?\"}]}]}<\/script>\n<!-- \/ Yoast SEO plugin. -->","yoast_head_json":{"title":"Non trovare vincoli legati al sesso stasera? - Non accettare","robots":{"index":"index","follow":"follow","max-snippet":"max-snippet:-1","max-image-preview":"max-image-preview:large","max-video-preview":"max-video-preview:-1"},"canonical":"https:\/\/dontacceptrape.com\/it\/non-trovare-vincoli-legati-al-sesso-stasera\/","og_locale":"it_IT","og_type":"article","og_title":"Non trovare vincoli legati al sesso stasera? - Non accettare","og_description":"NSA \u00e8 un sito di incontri per adulti che offre molti modi diversi per connettersi con gli altri e condividere momenti intimi con loro. Puoi chattare, scambiare foto e video e persino guardarti l&#8217;un l&#8217;altro mentre ti masturbi. Ci sono...","og_url":"https:\/\/dontacceptrape.com\/it\/non-trovare-vincoli-legati-al-sesso-stasera\/","og_site_name":"Non accettare","og_image":[{"width":1125,"height":750,"url":"https:\/\/dontacceptrape.com\/wp-content\/uploads\/2022\/07\/datng-websites.jpeg","type":"image\/jpeg"}],"author":"Don't Accept Rape","twitter_card":"summary_large_image","twitter_misc":{"Tempo di lettura stimato":"2 minuti"},"schema":{"@context":"https:\/\/schema.org","@graph":[{"@type":"WebSite","@id":"https:\/\/dontacceptrape.com\/#website","url":"https:\/\/dontacceptrape.com\/","name":"Non accettare","description":"Chat di collegamento reale","potentialAction":[{"@type":"SearchAction","target":{"@type":"EntryPoint","urlTemplate":"https:\/\/dontacceptrape.com\/?s={search_term_string}"},"query-input":"required name=search_term_string"}],"inLanguage":"it-IT"},{"@type":"ImageObject","inLanguage":"it-IT","@id":"https:\/\/dontacceptrape.com\/it\/non-trovare-vincoli-legati-al-sesso-stasera\/#primaryimage","url":"https:\/\/dontacceptrape.com\/wp-content\/uploads\/2022\/07\/datng-websites.jpeg","contentUrl":"https:\/\/dontacceptrape.com\/wp-content\/uploads\/2022\/07\/datng-websites.jpeg","width":1125,"height":750},{"@type":"WebPage","@id":"https:\/\/dontacceptrape.com\/it\/non-trovare-vincoli-legati-al-sesso-stasera\/#webpage","url":"https:\/\/dontacceptrape.com\/it\/non-trovare-vincoli-legati-al-sesso-stasera\/","name":"Non trovare vincoli legati al sesso stasera? - Non accettare","isPartOf":{"@id":"https:\/\/dontacceptrape.com\/#website"},"primaryImageOfPage":{"@id":"https:\/\/dontacceptrape.com\/it\/non-trovare-vincoli-legati-al-sesso-stasera\/#primaryimage"},"datePublished":"2022-07-04T10:33:15+00:00","dateModified":"2022-07-04T10:33:15+00:00","breadcrumb":{"@id":"https:\/\/dontacceptrape.com\/it\/non-trovare-vincoli-legati-al-sesso-stasera\/#breadcrumb"},"inLanguage":"it-IT","potentialAction":[{"@type":"ReadAction","target":["https:\/\/dontacceptrape.com\/it\/non-trovare-vincoli-legati-al-sesso-stasera\/"]}]},{"@type":"BreadcrumbList","@id":"https:\/\/dontacceptrape.com\/it\/non-trovare-vincoli-legati-al-sesso-stasera\/#breadcrumb","itemListElement":[{"@type":"ListItem","position":1,"name":"Casa","item":"https:\/\/dontacceptrape.com\/it\/"},{"@type":"ListItem","position":2,"name":"Non trovare vincoli legati al sesso stasera?"}]}]}},"_links":{"self":[{"href":"https:\/\/dontacceptrape.com\/it\/wp-json\/wp\/v2\/pages\/198"}],"collection":[{"href":"https:\/\/dontacceptrape.com\/it\/wp-json\/wp\/v2\/pages"}],"about":[{"href":"https:\/\/dontacceptrape.com\/it\/wp-json\/wp\/v2\/types\/page"}],"author":[{"embeddable":true,"href":"https:\/\/dontacceptrape.com\/it\/wp-json\/wp\/v2\/users\/1"}],"replies":[{"embeddable":true,"href":"https:\/\/dontacceptrape.com\/it\/wp-json\/wp\/v2\/comments?post=198"}],"version-history":[{"count":0,"href":"https:\/\/dontacceptrape.com\/it\/wp-json\/wp\/v2\/pages\/198\/revisions"}],"wp:featuredmedia":[{"embeddable":true,"href":"https:\/\/dontacceptrape.com\/it\/wp-json\/wp\/v2\/media\/71"}],"wp:attachment":[{"href":"https:\/\/dontacceptrape.com\/it\/wp-json\/wp\/v2\/media?parent=198"}],"curies":[{"name":"wp","href":"https:\/\/api.w.org\/{rel}","templated":true}]}}