{"id":189,"date":"2022-07-04T11:35:30","date_gmt":"2022-07-04T10:35:30","guid":{"rendered":"http:\/\/dontacceptrape.com\/locali-club-di-incontri-per-adulti\/"},"modified":"2022-07-04T11:35:30","modified_gmt":"2022-07-04T10:35:30","slug":"locali-club-di-incontri-per-adulti","status":"publish","type":"page","link":"https:\/\/dontacceptrape.com\/it\/locali-club-di-incontri-per-adulti\/","title":{"rendered":"Locali Club di incontri per adulti"},"content":{"rendered":"<p>I collegamenti sono fantastici perch\u00e9 sono veloci, convenienti e anonimi. Ma c&#8217;\u00e8 un rovescio della medaglia: non sono molto sicuri. I collegamenti vengono solitamente effettuati tramite siti di incontri online, in cui gli utenti si incontrano in base agli interessi reciproci. Ma questi siti Web non sono regolati da alcuna agenzia governativa, quindi possono essere utilizzati per organizzare incontri sessuali tra estranei. E poich\u00e9 la maggior parte dei collegamenti avviene al di fuori del mondo fisico, spesso comportano attivit\u00e0 illegali come la prostituzione e la tratta di esseri umani.<\/p>\n<p>Se stai cercando un modo pi\u00f9 sicuro per trovare partner di sesso occasionale, prendi in considerazione l&#8217;idea di unirti a un club per adulti locale. I club per adulti sono luoghi sociali in cui i membri possono incontrare altri che condividono interessi simili. I club per adulti sono in genere gestiti da organizzazioni private, quindi non sono soggetti alle stesse normative dei siti di incontri online. Inoltre, offrono un ambiente pi\u00f9 intimo rispetto ai parchi pubblici o ai bar, rendendoli un posto migliore per incontrare persone.<\/p>\n<h2>Perch\u00e9 gli appuntamenti online potrebbero essere la via da seguire<\/h2>\n<p>Mentre i club per adulti possono sembrare un&#8217;opzione pi\u00f9 sicura rispetto agli appuntamenti online, comportano ancora dei rischi. I membri devono avere almeno 18 anni e sono tenuti a usare il preservativo durante l&#8217;attivit\u00e0 sessuale. Quindi, se sei preoccupato per la sicurezza, prova un club per adulti invece di appuntamenti online. Gli appuntamenti casuali sono un tipo di relazione in cui due persone che non sono romanticamente coinvolte decidono di uscire casualmente.<\/p>\n<p>Questo \u00e8 diverso da una relazione romantica tradizionale perch\u00e9 non c&#8217;\u00e8 alcun impegno, solo un&#8217;avventura casuale. Gli appuntamenti casuali possono essere molto piacevoli, ma non sono destinati a durare per sempre. Esistono molti tipi di relazioni casuali, tra cui amici con benefici, amici con benefici, amici in comune, amici con benefici e amici con benefici.<\/p>\n<p>Se sei interessato agli appuntamenti casuali, dovresti conoscere i diversi tipi di relazioni casuali. Quindi puoi capire quale funzionerebbe meglio per te. Detto questo, i collegamenti sono ancora un modo conveniente per trovare partner sessuali occasionali. Quindi, se stai cercando un modo discreto per incontrare persone, vale la pena dare un&#8217;occhiata ai collegamenti.<\/p>\n<h2>Incontra per un collegamento<\/h2>\n<p>Se decidi <a href=\"http:\/\/dontacceptrape.com\/it\/sesso-personale-gratuito\/\">di provare i collegamenti, ecco alcuni<\/a> suggerimenti per evitare di essere truffato o ferito.<\/p>\n<p>Quando ti iscrivi a questi tipi di siti, troverai altri che sono proprio come te, persone che sono alla ricerca di appuntamenti casuali.<\/p>\n<p>Una volta trovato un gruppo di persone che condividono il tuo interesse per gli appuntamenti casuali, puoi usarli come riferimenti quando esci per appuntamenti. Possono dirti cosa funziona e cosa non funziona negli appuntamenti casuali e possono aiutarti a evitare errori comuni.<\/p>\n<p>Una delle cose pi\u00f9 importanti da ricordare quando si va in appuntamenti casuali \u00e8 quello di mantenere le cose spensierate. Non prenderti troppo sul serio. Sii te stesso e lascia trasparire la tua personalit\u00e0.<\/p>\n<p>Ricorda, gli appuntamenti casuali non sono seri. \u00c8 pensato per essere divertente, non stressante. Quindi rilassati e divertiti!<\/p>\n","protected":false},"excerpt":{"rendered":"<p>I collegamenti sono fantastici perch\u00e9 sono veloci, convenienti e anonimi. Ma c&#8217;\u00e8 un rovescio della medaglia: non sono molto sicuri. I collegamenti vengono solitamente effettuati tramite siti di incontri online, in cui gli utenti si incontrano in base agli interessi&#8230;<\/p>\n","protected":false},"author":1,"featured_media":101,"parent":0,"menu_order":0,"comment_status":"closed","ping_status":"closed","template":"","meta":[],"yoast_head":"<!-- This site is optimized with the Yoast SEO plugin v19.2 - https:\/\/yoast.com\/wordpress\/plugins\/seo\/ -->\n<title>Locali Club di incontri per adulti - Non accettare<\/title>\n<meta name=\"robots\" content=\"index, follow, max-snippet:-1, max-image-preview:large, max-video-preview:-1\" \/>\n<link rel=\"canonical\" href=\"https:\/\/dontacceptrape.com\/it\/locali-club-di-incontri-per-adulti\/\" \/>\n<meta property=\"og:locale\" content=\"it_IT\" \/>\n<meta property=\"og:type\" content=\"article\" \/>\n<meta property=\"og:title\" content=\"Locali Club di incontri per adulti - Non accettare\" \/>\n<meta property=\"og:description\" content=\"I collegamenti sono fantastici perch\u00e9 sono veloci, convenienti e anonimi. Ma c&#8217;\u00e8 un rovescio della medaglia: non sono molto sicuri. I collegamenti vengono solitamente effettuati tramite siti di incontri online, in cui gli utenti si incontrano in base agli interessi...\" \/>\n<meta property=\"og:url\" content=\"https:\/\/dontacceptrape.com\/it\/locali-club-di-incontri-per-adulti\/\" \/>\n<meta property=\"og:site_name\" content=\"Non accettare\" \/>\n<meta property=\"og:image\" content=\"https:\/\/dontacceptrape.com\/wp-content\/uploads\/2022\/07\/online-date.jpeg\" \/>\n\t<meta property=\"og:image:width\" content=\"1260\" \/>\n\t<meta property=\"og:image:height\" content=\"709\" \/>\n\t<meta property=\"og:image:type\" content=\"image\/jpeg\" \/>\n<meta name=\"author\" content=\"Don&#039;t Accept Rape\" \/>\n<meta name=\"twitter:card\" content=\"summary_large_image\" \/>\n<meta name=\"twitter:label1\" content=\"Tempo di lettura stimato\" \/>\n\t<meta name=\"twitter:data1\" content=\"2 minuti\" \/>\n<script type=\"application\/ld+json\" class=\"yoast-schema-graph\">{\"@context\":\"https:\/\/schema.org\",\"@graph\":[{\"@type\":\"WebSite\",\"@id\":\"https:\/\/dontacceptrape.com\/#website\",\"url\":\"https:\/\/dontacceptrape.com\/\",\"name\":\"Non accettare\",\"description\":\"Chat di collegamento reale\",\"potentialAction\":[{\"@type\":\"SearchAction\",\"target\":{\"@type\":\"EntryPoint\",\"urlTemplate\":\"https:\/\/dontacceptrape.com\/?s={search_term_string}\"},\"query-input\":\"required name=search_term_string\"}],\"inLanguage\":\"it-IT\"},{\"@type\":\"ImageObject\",\"inLanguage\":\"it-IT\",\"@id\":\"https:\/\/dontacceptrape.com\/it\/locali-club-di-incontri-per-adulti\/#primaryimage\",\"url\":\"https:\/\/dontacceptrape.com\/wp-content\/uploads\/2022\/07\/online-date.jpeg\",\"contentUrl\":\"https:\/\/dontacceptrape.com\/wp-content\/uploads\/2022\/07\/online-date.jpeg\",\"width\":1260,\"height\":709},{\"@type\":\"WebPage\",\"@id\":\"https:\/\/dontacceptrape.com\/it\/locali-club-di-incontri-per-adulti\/#webpage\",\"url\":\"https:\/\/dontacceptrape.com\/it\/locali-club-di-incontri-per-adulti\/\",\"name\":\"Locali Club di incontri per adulti - Non accettare\",\"isPartOf\":{\"@id\":\"https:\/\/dontacceptrape.com\/#website\"},\"primaryImageOfPage\":{\"@id\":\"https:\/\/dontacceptrape.com\/it\/locali-club-di-incontri-per-adulti\/#primaryimage\"},\"datePublished\":\"2022-07-04T10:35:30+00:00\",\"dateModified\":\"2022-07-04T10:35:30+00:00\",\"breadcrumb\":{\"@id\":\"https:\/\/dontacceptrape.com\/it\/locali-club-di-incontri-per-adulti\/#breadcrumb\"},\"inLanguage\":\"it-IT\",\"potentialAction\":[{\"@type\":\"ReadAction\",\"target\":[\"https:\/\/dontacceptrape.com\/it\/locali-club-di-incontri-per-adulti\/\"]}]},{\"@type\":\"BreadcrumbList\",\"@id\":\"https:\/\/dontacceptrape.com\/it\/locali-club-di-incontri-per-adulti\/#breadcrumb\",\"itemListElement\":[{\"@type\":\"ListItem\",\"position\":1,\"name\":\"Casa\",\"item\":\"https:\/\/dontacceptrape.com\/it\/\"},{\"@type\":\"ListItem\",\"position\":2,\"name\":\"Locali Club di incontri per adulti\"}]}]}<\/script>\n<!-- \/ Yoast SEO plugin. -->","yoast_head_json":{"title":"Locali Club di incontri per adulti - Non accettare","robots":{"index":"index","follow":"follow","max-snippet":"max-snippet:-1","max-image-preview":"max-image-preview:large","max-video-preview":"max-video-preview:-1"},"canonical":"https:\/\/dontacceptrape.com\/it\/locali-club-di-incontri-per-adulti\/","og_locale":"it_IT","og_type":"article","og_title":"Locali Club di incontri per adulti - Non accettare","og_description":"I collegamenti sono fantastici perch\u00e9 sono veloci, convenienti e anonimi. Ma c&#8217;\u00e8 un rovescio della medaglia: non sono molto sicuri. I collegamenti vengono solitamente effettuati tramite siti di incontri online, in cui gli utenti si incontrano in base agli interessi...","og_url":"https:\/\/dontacceptrape.com\/it\/locali-club-di-incontri-per-adulti\/","og_site_name":"Non accettare","og_image":[{"width":1260,"height":709,"url":"https:\/\/dontacceptrape.com\/wp-content\/uploads\/2022\/07\/online-date.jpeg","type":"image\/jpeg"}],"author":"Don't Accept Rape","twitter_card":"summary_large_image","twitter_misc":{"Tempo di lettura stimato":"2 minuti"},"schema":{"@context":"https:\/\/schema.org","@graph":[{"@type":"WebSite","@id":"https:\/\/dontacceptrape.com\/#website","url":"https:\/\/dontacceptrape.com\/","name":"Non accettare","description":"Chat di collegamento reale","potentialAction":[{"@type":"SearchAction","target":{"@type":"EntryPoint","urlTemplate":"https:\/\/dontacceptrape.com\/?s={search_term_string}"},"query-input":"required name=search_term_string"}],"inLanguage":"it-IT"},{"@type":"ImageObject","inLanguage":"it-IT","@id":"https:\/\/dontacceptrape.com\/it\/locali-club-di-incontri-per-adulti\/#primaryimage","url":"https:\/\/dontacceptrape.com\/wp-content\/uploads\/2022\/07\/online-date.jpeg","contentUrl":"https:\/\/dontacceptrape.com\/wp-content\/uploads\/2022\/07\/online-date.jpeg","width":1260,"height":709},{"@type":"WebPage","@id":"https:\/\/dontacceptrape.com\/it\/locali-club-di-incontri-per-adulti\/#webpage","url":"https:\/\/dontacceptrape.com\/it\/locali-club-di-incontri-per-adulti\/","name":"Locali Club di incontri per adulti - Non accettare","isPartOf":{"@id":"https:\/\/dontacceptrape.com\/#website"},"primaryImageOfPage":{"@id":"https:\/\/dontacceptrape.com\/it\/locali-club-di-incontri-per-adulti\/#primaryimage"},"datePublished":"2022-07-04T10:35:30+00:00","dateModified":"2022-07-04T10:35:30+00:00","breadcrumb":{"@id":"https:\/\/dontacceptrape.com\/it\/locali-club-di-incontri-per-adulti\/#breadcrumb"},"inLanguage":"it-IT","potentialAction":[{"@type":"ReadAction","target":["https:\/\/dontacceptrape.com\/it\/locali-club-di-incontri-per-adulti\/"]}]},{"@type":"BreadcrumbList","@id":"https:\/\/dontacceptrape.com\/it\/locali-club-di-incontri-per-adulti\/#breadcrumb","itemListElement":[{"@type":"ListItem","position":1,"name":"Casa","item":"https:\/\/dontacceptrape.com\/it\/"},{"@type":"ListItem","position":2,"name":"Locali Club di incontri per adulti"}]}]}},"_links":{"self":[{"href":"https:\/\/dontacceptrape.com\/it\/wp-json\/wp\/v2\/pages\/189"}],"collection":[{"href":"https:\/\/dontacceptrape.com\/it\/wp-json\/wp\/v2\/pages"}],"about":[{"href":"https:\/\/dontacceptrape.com\/it\/wp-json\/wp\/v2\/types\/page"}],"author":[{"embeddable":true,"href":"https:\/\/dontacceptrape.com\/it\/wp-json\/wp\/v2\/users\/1"}],"replies":[{"embeddable":true,"href":"https:\/\/dontacceptrape.com\/it\/wp-json\/wp\/v2\/comments?post=189"}],"version-history":[{"count":0,"href":"https:\/\/dontacceptrape.com\/it\/wp-json\/wp\/v2\/pages\/189\/revisions"}],"wp:featuredmedia":[{"embeddable":true,"href":"https:\/\/dontacceptrape.com\/it\/wp-json\/wp\/v2\/media\/101"}],"wp:attachment":[{"href":"https:\/\/dontacceptrape.com\/it\/wp-json\/wp\/v2\/media?parent=189"}],"curies":[{"name":"wp","href":"https:\/\/api.w.org\/{rel}","templated":true}]}}