{"id":173,"date":"2022-07-04T11:47:29","date_gmt":"2022-07-04T10:47:29","guid":{"rendered":"http:\/\/dontacceptrape.com\/a-cosa-prestare-attenzione-con-le-app-di-collegamento\/"},"modified":"2022-07-04T11:47:29","modified_gmt":"2022-07-04T10:47:29","slug":"a-cosa-prestare-attenzione-con-le-app-di-collegamento","status":"publish","type":"page","link":"https:\/\/dontacceptrape.com\/it\/a-cosa-prestare-attenzione-con-le-app-di-collegamento\/","title":{"rendered":"A cosa prestare attenzione con le app di collegamento"},"content":{"rendered":"<p>Quando ti iscrivi a questi tipi di siti, troverai altri che sono proprio come te, persone che sono alla ricerca di appuntamenti casuali.<\/p>\n<p>Una volta trovato un gruppo di persone che condividono il tuo interesse per <a href=\"http:\/\/dontacceptrape.com\/it\/non-trovare-vincoli-legati-al-sesso-stasera\/\">gli appuntamenti casuali<\/a>, puoi usarli come riferimenti quando esci per appuntamenti. Possono dirti cosa funziona e cosa non funziona negli appuntamenti casuali e possono aiutarti a evitare errori comuni. Una delle cose pi\u00f9 importanti da ricordare quando si va in appuntamenti casuali \u00e8 quello di mantenere le cose spensierate. Non prenderti troppo sul serio. Sii te stesso e lascia trasparire la tua personalit\u00e0.<\/p>\n<p>Ricorda, gli appuntamenti casuali non sono seri. \u00c8 pensato per essere divertente, non stressante. Quindi rilassati e divertiti! Se stai cercando app di appuntamenti gratuite, ci sono molte opzioni disponibili. Tuttavia, non tutti sono creati uguali. Alcuni sono solo espedienti, mentre altri sono strumenti legittimi per trovare date.<\/p>\n<p><img loading=\"lazy\" class=\"size-large wp-image-56 aligncenter\" src=\"http:\/\/dontacceptrape.com\/wp-content\/uploads\/2022\/07\/casual-hookup-1024x683.jpeg\" alt=\"\" width=\"640\" height=\"427\" srcset=\"https:\/\/dontacceptrape.com\/wp-content\/uploads\/2022\/07\/casual-hookup-1024x683.jpeg 1024w, https:\/\/dontacceptrape.com\/wp-content\/uploads\/2022\/07\/casual-hookup-300x200.jpeg 300w, https:\/\/dontacceptrape.com\/wp-content\/uploads\/2022\/07\/casual-hookup-768x512.jpeg 768w, https:\/\/dontacceptrape.com\/wp-content\/uploads\/2022\/07\/casual-hookup.jpeg 1125w\" sizes=\"(max-width: 640px) 100vw, 640px\" \/><\/p>\n<h2>A cosa prestare attenzione?<\/h2>\n<p>Per aiutarti a decidere quali valgono il tuo tempo, ecco alcuni suggerimenti per valutare le app di appuntamenti gratuite:<\/p>\n<h3>Guarda la valutazione dell&#8217;app.<\/h3>\n<p>Le app di appuntamenti gratuite di solito sono dotate di un sistema di valutazione a stelle, in cui gli utenti valutano l&#8217;app in base alle sue caratteristiche e funzionalit\u00e0. Pi\u00f9 alta \u00e8 la valutazione, migliore \u00e8 l&#8217;app.<\/p>\n<h3>Dai un&#8217;occhiata alle recensioni<\/h3>\n<p>Le recensioni vengono spesso pubblicate online, dallo sviluppatore o dagli utenti che hanno gi\u00e0 utilizzato l&#8217;app. Le recensioni ti danno un&#8217;idea se l&#8217;app funziona bene e fornisce valore ai suoi utenti.<\/p>\n<h3>Leggi i commenti degli utenti<\/h3>\n<p>I commenti degli utenti sono un altro modo per conoscere l&#8217;app. Possono contenere informazioni utili, come suggerimenti per l&#8217;utilizzo dell&#8217;app, suggerimenti per miglioramenti o reclami su bug.<\/p>\n<h3>Considera il costo<\/h3>\n<p>Alcune app di appuntamenti gratuite sono completamente gratuite, mentre altre richiedono il pagamento. Le app di appuntamenti gratuite tendono ad essere pi\u00f9 semplici delle app a pagamento, quindi sono perfette per coloro che non sono ancora pronti a impegnarsi. Le app a pagamento in genere offrono pi\u00f9 caratteristiche e funzioni, rendendole ideali per le persone che vogliono trovare rapidamente l&#8217;amore.<\/p>\n<h2>Trovare la tua avventura?<\/h2>\n<p>La maggior parte dei siti di collegamento offre abbonamenti che includono l&#8217;accesso a funzionalit\u00e0 speciali, come webcam dal vivo, messaggistica privata e chat room video.<\/p>\n<p>Se stai cercando una fuga veloce, i siti di collegamento potrebbero essere perfetti per te. Ma se stai cercando una relazione duratura, i siti di collegamento non sono il posto giusto per trovarla.<\/p>\n<p>Invece, prova siti di incontri o app progettati specificamente per trovare relazioni a lungo termine.<\/p>\n<p>Collegarsi online \u00e8 un ottimo modo per trovare partner sessuali occasionali. Ma ci sono molti diversi tipi di siti Web l\u00e0 fuori, ognuno dei quali si rivolge a un tipo specifico di persona. Ci sono anche siti che si rivolgono a persone che sono alla ricerca di amici con benefici, o solo amici con benefici. Questi siti sono di solito orientati verso gli anziani, ma anche i pi\u00f9 giovani si rivolgono sempre pi\u00f9 a loro.<\/p>\n","protected":false},"excerpt":{"rendered":"<p>Quando ti iscrivi a questi tipi di siti, troverai altri che sono proprio come te, persone che sono alla ricerca di appuntamenti casuali. Una volta trovato un gruppo di persone che condividono il tuo interesse per gli appuntamenti casuali, puoi&#8230;<\/p>\n","protected":false},"author":1,"featured_media":0,"parent":0,"menu_order":0,"comment_status":"closed","ping_status":"closed","template":"","meta":[],"yoast_head":"<!-- This site is optimized with the Yoast SEO plugin v19.2 - https:\/\/yoast.com\/wordpress\/plugins\/seo\/ -->\n<title>A cosa prestare attenzione con le app di collegamento - Non accettare<\/title>\n<meta name=\"robots\" content=\"index, follow, max-snippet:-1, max-image-preview:large, max-video-preview:-1\" \/>\n<link rel=\"canonical\" href=\"https:\/\/dontacceptrape.com\/it\/a-cosa-prestare-attenzione-con-le-app-di-collegamento\/\" \/>\n<meta property=\"og:locale\" content=\"it_IT\" \/>\n<meta property=\"og:type\" content=\"article\" \/>\n<meta property=\"og:title\" content=\"A cosa prestare attenzione con le app di collegamento - Non accettare\" \/>\n<meta property=\"og:description\" content=\"Quando ti iscrivi a questi tipi di siti, troverai altri che sono proprio come te, persone che sono alla ricerca di appuntamenti casuali. Una volta trovato un gruppo di persone che condividono il tuo interesse per gli appuntamenti casuali, puoi...\" \/>\n<meta property=\"og:url\" content=\"https:\/\/dontacceptrape.com\/it\/a-cosa-prestare-attenzione-con-le-app-di-collegamento\/\" \/>\n<meta property=\"og:site_name\" content=\"Non accettare\" \/>\n<meta property=\"og:image\" content=\"http:\/\/dontacceptrape.com\/wp-content\/uploads\/2022\/07\/casual-hookup-1024x683.jpeg\" \/>\n<meta name=\"author\" content=\"Don&#039;t Accept Rape\" \/>\n<meta name=\"twitter:card\" content=\"summary_large_image\" \/>\n<meta name=\"twitter:label1\" content=\"Tempo di lettura stimato\" \/>\n\t<meta name=\"twitter:data1\" content=\"2 minuti\" \/>\n<script type=\"application\/ld+json\" class=\"yoast-schema-graph\">{\"@context\":\"https:\/\/schema.org\",\"@graph\":[{\"@type\":\"WebSite\",\"@id\":\"http:\/\/dontacceptrape.com\/es\/#website\",\"url\":\"http:\/\/dontacceptrape.com\/es\/\",\"name\":\"Non accettare\",\"description\":\"Chat di collegamento reale\",\"potentialAction\":[{\"@type\":\"SearchAction\",\"target\":{\"@type\":\"EntryPoint\",\"urlTemplate\":\"http:\/\/dontacceptrape.com\/es\/?s={search_term_string}\"},\"query-input\":\"required name=search_term_string\"}],\"inLanguage\":\"it-IT\"},{\"@type\":\"ImageObject\",\"inLanguage\":\"it-IT\",\"@id\":\"https:\/\/dontacceptrape.com\/it\/a-cosa-prestare-attenzione-con-le-app-di-collegamento\/#primaryimage\",\"url\":\"https:\/\/dontacceptrape.com\/wp-content\/uploads\/2022\/07\/casual-hookup.jpeg\",\"contentUrl\":\"https:\/\/dontacceptrape.com\/wp-content\/uploads\/2022\/07\/casual-hookup.jpeg\",\"width\":1125,\"height\":750},{\"@type\":\"WebPage\",\"@id\":\"https:\/\/dontacceptrape.com\/it\/a-cosa-prestare-attenzione-con-le-app-di-collegamento\/#webpage\",\"url\":\"https:\/\/dontacceptrape.com\/it\/a-cosa-prestare-attenzione-con-le-app-di-collegamento\/\",\"name\":\"A cosa prestare attenzione con le app di collegamento - Non accettare\",\"isPartOf\":{\"@id\":\"http:\/\/dontacceptrape.com\/es\/#website\"},\"primaryImageOfPage\":{\"@id\":\"https:\/\/dontacceptrape.com\/it\/a-cosa-prestare-attenzione-con-le-app-di-collegamento\/#primaryimage\"},\"datePublished\":\"2022-07-04T10:47:29+00:00\",\"dateModified\":\"2022-07-04T10:47:29+00:00\",\"breadcrumb\":{\"@id\":\"https:\/\/dontacceptrape.com\/it\/a-cosa-prestare-attenzione-con-le-app-di-collegamento\/#breadcrumb\"},\"inLanguage\":\"it-IT\",\"potentialAction\":[{\"@type\":\"ReadAction\",\"target\":[\"https:\/\/dontacceptrape.com\/it\/a-cosa-prestare-attenzione-con-le-app-di-collegamento\/\"]}]},{\"@type\":\"BreadcrumbList\",\"@id\":\"https:\/\/dontacceptrape.com\/it\/a-cosa-prestare-attenzione-con-le-app-di-collegamento\/#breadcrumb\",\"itemListElement\":[{\"@type\":\"ListItem\",\"position\":1,\"name\":\"Casa\",\"item\":\"http:\/\/dontacceptrape.com\/it\/\"},{\"@type\":\"ListItem\",\"position\":2,\"name\":\"A cosa prestare attenzione con le app di collegamento\"}]}]}<\/script>\n<!-- \/ Yoast SEO plugin. -->","yoast_head_json":{"title":"A cosa prestare attenzione con le app di collegamento - Non accettare","robots":{"index":"index","follow":"follow","max-snippet":"max-snippet:-1","max-image-preview":"max-image-preview:large","max-video-preview":"max-video-preview:-1"},"canonical":"https:\/\/dontacceptrape.com\/it\/a-cosa-prestare-attenzione-con-le-app-di-collegamento\/","og_locale":"it_IT","og_type":"article","og_title":"A cosa prestare attenzione con le app di collegamento - Non accettare","og_description":"Quando ti iscrivi a questi tipi di siti, troverai altri che sono proprio come te, persone che sono alla ricerca di appuntamenti casuali. Una volta trovato un gruppo di persone che condividono il tuo interesse per gli appuntamenti casuali, puoi...","og_url":"https:\/\/dontacceptrape.com\/it\/a-cosa-prestare-attenzione-con-le-app-di-collegamento\/","og_site_name":"Non accettare","og_image":[{"url":"http:\/\/dontacceptrape.com\/wp-content\/uploads\/2022\/07\/casual-hookup-1024x683.jpeg"}],"author":"Don't Accept Rape","twitter_card":"summary_large_image","twitter_misc":{"Tempo di lettura stimato":"2 minuti"},"schema":{"@context":"https:\/\/schema.org","@graph":[{"@type":"WebSite","@id":"http:\/\/dontacceptrape.com\/es\/#website","url":"http:\/\/dontacceptrape.com\/es\/","name":"Non accettare","description":"Chat di collegamento reale","potentialAction":[{"@type":"SearchAction","target":{"@type":"EntryPoint","urlTemplate":"http:\/\/dontacceptrape.com\/es\/?s={search_term_string}"},"query-input":"required name=search_term_string"}],"inLanguage":"it-IT"},{"@type":"ImageObject","inLanguage":"it-IT","@id":"https:\/\/dontacceptrape.com\/it\/a-cosa-prestare-attenzione-con-le-app-di-collegamento\/#primaryimage","url":"https:\/\/dontacceptrape.com\/wp-content\/uploads\/2022\/07\/casual-hookup.jpeg","contentUrl":"https:\/\/dontacceptrape.com\/wp-content\/uploads\/2022\/07\/casual-hookup.jpeg","width":1125,"height":750},{"@type":"WebPage","@id":"https:\/\/dontacceptrape.com\/it\/a-cosa-prestare-attenzione-con-le-app-di-collegamento\/#webpage","url":"https:\/\/dontacceptrape.com\/it\/a-cosa-prestare-attenzione-con-le-app-di-collegamento\/","name":"A cosa prestare attenzione con le app di collegamento - Non accettare","isPartOf":{"@id":"http:\/\/dontacceptrape.com\/es\/#website"},"primaryImageOfPage":{"@id":"https:\/\/dontacceptrape.com\/it\/a-cosa-prestare-attenzione-con-le-app-di-collegamento\/#primaryimage"},"datePublished":"2022-07-04T10:47:29+00:00","dateModified":"2022-07-04T10:47:29+00:00","breadcrumb":{"@id":"https:\/\/dontacceptrape.com\/it\/a-cosa-prestare-attenzione-con-le-app-di-collegamento\/#breadcrumb"},"inLanguage":"it-IT","potentialAction":[{"@type":"ReadAction","target":["https:\/\/dontacceptrape.com\/it\/a-cosa-prestare-attenzione-con-le-app-di-collegamento\/"]}]},{"@type":"BreadcrumbList","@id":"https:\/\/dontacceptrape.com\/it\/a-cosa-prestare-attenzione-con-le-app-di-collegamento\/#breadcrumb","itemListElement":[{"@type":"ListItem","position":1,"name":"Casa","item":"http:\/\/dontacceptrape.com\/it\/"},{"@type":"ListItem","position":2,"name":"A cosa prestare attenzione con le app di collegamento"}]}]}},"_links":{"self":[{"href":"https:\/\/dontacceptrape.com\/it\/wp-json\/wp\/v2\/pages\/173"}],"collection":[{"href":"https:\/\/dontacceptrape.com\/it\/wp-json\/wp\/v2\/pages"}],"about":[{"href":"https:\/\/dontacceptrape.com\/it\/wp-json\/wp\/v2\/types\/page"}],"author":[{"embeddable":true,"href":"https:\/\/dontacceptrape.com\/it\/wp-json\/wp\/v2\/users\/1"}],"replies":[{"embeddable":true,"href":"https:\/\/dontacceptrape.com\/it\/wp-json\/wp\/v2\/comments?post=173"}],"version-history":[{"count":0,"href":"https:\/\/dontacceptrape.com\/it\/wp-json\/wp\/v2\/pages\/173\/revisions"}],"wp:attachment":[{"href":"https:\/\/dontacceptrape.com\/it\/wp-json\/wp\/v2\/media?parent=173"}],"curies":[{"name":"wp","href":"https:\/\/api.w.org\/{rel}","templated":true}]}}