{"id":215,"date":"2022-07-04T11:22:57","date_gmt":"2022-07-04T10:22:57","guid":{"rendered":"http:\/\/dontacceptrape.com\/applications-de-rencontres-locales-quels-sont-vos-choix\/"},"modified":"2022-07-12T12:19:09","modified_gmt":"2022-07-12T11:19:09","slug":"applications-de-rencontres-locales-quels-sont-vos-choix","status":"publish","type":"page","link":"https:\/\/dontacceptrape.com\/fr\/","title":{"rendered":"Applications de rencontres locales &#8211; Quels sont vos choix?"},"content":{"rendered":"<p>Dans le pass\u00e9, les gens devaient aller sur certains sites Web pour en rencontrer d\u2019autres. Cependant, de nos jours, les applications mobiles pour la connexion ont permis aux gens de rester facilement connect\u00e9s et de se tenir au courant des derni\u00e8res nouvelles et \u00e9v\u00e9nements. Vous pouvez \u00e9galement discuter avec d\u2019autres membres, poser des questions et partager vos exp\u00e9riences. Plus important encore, vous pouvez d\u00e9couvrir de nouveaux endroits pour passer du temps et rencontrer des gens.<\/p>\n<p>Si vous recherchez une relation, il existe des sites de rencontres pour \u00e9changer des nus avec des femmes locales et qui r\u00e9pondent \u00e0 vos besoins. Certains d\u2019entre eux vous permettent m\u00eame de filtrer les r\u00e9sultats en fonction de vos pr\u00e9f\u00e9rences.<\/p>\n<p>Par exemple, vous pouvez choisir si vous \u00eates int\u00e9ress\u00e9 par le sexe occasionnel, les relations \u00e0 long terme, etc. Si vous cherchez \u00e0 sortir avec quelqu\u2019un, vous pouvez consulter les meilleures applications de rencontres disponibles. Ces applications vous permettent de rechercher des dates potentielles \u00e0 l\u2019aide de divers filtres, notamment l\u2019\u00e2ge, l\u2019emplacement, les int\u00e9r\u00eats, l\u2019orientation sexuelle, etc. Un autre avantage de l\u2019utilisation d\u2019applications de rencontres est que vous pouvez obtenir des discussions excit\u00e9es avec des \u00e9trangers et vous pouvez obtenir des mises \u00e0 jour sur ce qui se passe dans la r\u00e9gion. Tout ce que vous avez \u00e0 faire est de t\u00e9l\u00e9charger une application et de commencer \u00e0 discuter avec des personnes \u00e0 proximit\u00e9.<\/p>\n<p><img loading=\"lazy\" class=\"size-large wp-image-76 aligncenter\" src=\"http:\/\/dontacceptrape.com\/wp-content\/uploads\/2022\/07\/free-dating-websites-1024x683.jpeg\" alt=\"\" width=\"640\" height=\"427\" srcset=\"https:\/\/dontacceptrape.com\/wp-content\/uploads\/2022\/07\/free-dating-websites-1024x683.jpeg 1024w, https:\/\/dontacceptrape.com\/wp-content\/uploads\/2022\/07\/free-dating-websites-300x200.jpeg 300w, https:\/\/dontacceptrape.com\/wp-content\/uploads\/2022\/07\/free-dating-websites-768x512.jpeg 768w, https:\/\/dontacceptrape.com\/wp-content\/uploads\/2022\/07\/free-dating-websites.jpeg 1125w\" sizes=\"(max-width: 640px) 100vw, 640px\" \/><\/p>\n<h2>Quels sont vos choix ?<\/h2>\n<p>Il existe de nombreux types de sites de baise locaux. Chaque type s\u2019adresse \u00e0 un public sp\u00e9cifique. Certains sites s\u2019adressent \u00e0 ceux qui recherchent la romance ou le mariage, tandis que d\u2019autres sont con\u00e7us pour des rencontres occasionnelles. Certains sites se concentrent sur certains groupes d\u2019\u00e2ge, comme les jeunes c\u00e9libataires ou les c\u00e9libataires plus \u00e2g\u00e9s. Certains sites sont orient\u00e9s vers un genre particulier, comme les hommes ou les femmes.<\/p>\n<h3>Fuckbook<\/h3>\n<p>Fuckbook n\u2019est pas vraiment gratuit. Bien que vous puissiez vous inscrire pour un compte gratuit sur diff\u00e9rents sites de baise locaux, vous ne pourrez pas envoyer de messages ou afficher les profils des membres avant l\u2019expiration de la p\u00e9riode d\u2019essai de 72 heures. Cependant, si vous parvenez \u00e0 aller au-del\u00e0 de la p\u00e9riode d\u2019essai, vous devrez payer pour le service. Les prix varient de 6,99 $ \u00e0 29,95 $ par mois selon le type d\u2019adh\u00e9sion que vous choisissez. Certains abonnements offrent des r\u00e9ductions pour plusieurs ann\u00e9es. Il existe \u00e9galement diff\u00e9rents niveaux d\u2019adh\u00e9sion, allant de la base \u00e0 l\u2019avanc\u00e9e. Les abonnements de base sont assortis de moins de fonctionnalit\u00e9s et de frais mensuels plus \u00e9lev\u00e9s. Les abonnements Premium offrent des avantages suppl\u00e9mentaires et des frais moins \u00e9lev\u00e9s.<\/p>\n<p><img loading=\"lazy\" class=\"size-medium wp-image-129 aligncenter\" src=\"http:\/\/dontacceptrape.com\/wp-content\/uploads\/2022\/07\/Premium-Fuckbook-300x264.png\" alt=\"\" width=\"300\" height=\"264\" srcset=\"https:\/\/dontacceptrape.com\/wp-content\/uploads\/2022\/07\/Premium-Fuckbook-300x264.png 300w, https:\/\/dontacceptrape.com\/wp-content\/uploads\/2022\/07\/Premium-Fuckbook.png 700w\" sizes=\"(max-width: 300px) 100vw, 300px\" \/><\/p>\n<h3>Fuckbook<\/h3>\n<p>Bumble est une application qui connecte deux personnes qui ne se rencontreraient peut-\u00eatre pas autrement. Il existe de nombreuses applications de connexion locales gratuites, mais aucune ne ressemble \u00e0 Bumble. Lors de l\u2019utilisation de Bumble, les femmes doivent d\u2019abord commencer la conversation. Les hommes peuvent envoyer un message s\u2019ils le souhaitent, mais ils ne peuvent pas initier de contact. Si les deux parties glissent vers la droite, les deux seront mises en correspondance et recevront une notification. Si aucune des parties ne glisse vers la droite, la conversation se terminera. Vous pouvez \u00e9galement utiliser l\u2019application pour partager votre position avec d\u2019autres personnes, afin de pouvoir les rencontrer dans un endroit sp\u00e9cifique.<\/p>\n<h3>Rencontres Facebook<\/h3>\n<p>Facebook a lanc\u00e9 sa propre application de rencontres appel\u00e9e Facebook Dating. Vous pouvez utiliser les informations de votre profil Facebook pour cr\u00e9er un profil de rencontre, qui restera priv\u00e9 \u00e0 moins que vous ne le partagiez avec quelqu\u2019un d\u2019autre. Vos amis et votre famille sur Facebook ne pourront pas voir que votre profil existe. Si vous choisissez de partager votre profil, tout le monde pourra le consulter. Facebook Dating n\u2019est actuellement disponible que sur l\u2019application mobile Facebook.<\/p>\n<h3>Notre Temps<\/h3>\n<p>OurTime est une plateforme de rencontres en ligne con\u00e7ue sp\u00e9cifiquement pour les personnes \u00e2g\u00e9es. Tout comme d\u2019autres sites o\u00f9 vous pouvez rencontrer facilement des filles c\u00e9libataires dans ma r\u00e9gion, vous devez d\u2019abord remplir votre profil, y compris le type de personne que vous recherchez. Vous pouvez \u00e9galement t\u00e9l\u00e9charger des photos et des vid\u00e9os pour aider les autres \u00e0 mieux vous conna\u00eetre. Apr\u00e8s avoir rempli votre profil, vous pouvez commencer \u00e0 parcourir des centaines de profils de membres. Si vous voyez quelqu\u2019un que vous souhaitez rencontrer, vous pouvez discuter directement avec lui par SMS ou appel vid\u00e9o. Une fois que vous avez d\u00e9cid\u00e9 si vous voulez ou non aller de l\u2019avant et parler \u00e0 quelqu\u2019un, vous devrez payer des frais mensuels d\u2019environ 30 $ par mois. Cela dit, vous pourrez annuler \u00e0 tout moment et vous ne serez rien factur\u00e9 si vous le faites.<\/p>\n<h3>eHarmonie<\/h3>\n<p>Eharmony est un site de rencontre en ligne qui permet aux utilisateurs de cr\u00e9er des profils et de se connecter avec d\u2019autres membres en fonction d\u2019int\u00e9r\u00eats et de pr\u00e9f\u00e9rences partag\u00e9s. Les utilisateurs peuvent rechercher des milliers de correspondances potentielles via des crit\u00e8res de correspondance avanc\u00e9s, notamment l\u2019\u00e2ge, l\u2019emplacement, l\u2019\u00e9ducation, la religion, la profession et la taille. Une fois jumel\u00e9s, les utilisateurs peuvent communiquer entre eux \u00e0 l\u2019aide de messages texte, de chat instantan\u00e9, d\u2019appels vocaux, de chats vid\u00e9o et de connexions aux m\u00e9dias sociaux. eHarmony offre \u00e9galement \u00e0 ses membres l\u2019acc\u00e8s \u00e0 des \u00e9v\u00e9nements exclusifs, des r\u00e9ductions et des promotions sp\u00e9ciales.<\/p>\n<h2>Que dois-je faire ensuite?<\/h2>\n<p>Les sites de rencontres en ligne ne vont pas dispara\u00eetre de sit\u00f4t, vous pouvez m\u00eame essayer des jeux pour adultes comme rencontrer des c\u00e9libataires partageant les m\u00eames id\u00e9es qui veulent se connecter. Bien que de nombreuses personnes puissent avoir besoin de sortir et de recommencer \u00e0 rencontrer des gens en face \u00e0 face, il est important de se rappeler que les rencontres en ligne sont toujours un moyen efficace de rencontrer des gens.<\/p>\n<p>M\u00eame pendant Covid-19, les applications de rencontres \u00e9taient plus populaires que jamais! Vous devriez envisager de commencer avec eux si vous ne l\u2019avez pas d\u00e9j\u00e0 fait!<\/p>\n","protected":false},"excerpt":{"rendered":"<p>Dans le pass\u00e9, les gens devaient aller sur certains sites Web pour en rencontrer d\u2019autres. Cependant, de nos jours, les applications mobiles pour la connexion ont permis aux gens de rester facilement connect\u00e9s et de se tenir au courant des&#8230;<\/p>\n","protected":false},"author":1,"featured_media":0,"parent":0,"menu_order":0,"comment_status":"closed","ping_status":"closed","template":"","meta":[],"yoast_head":"<!-- This site is optimized with the Yoast SEO plugin v19.2 - https:\/\/yoast.com\/wordpress\/plugins\/seo\/ -->\n<title>Applications de rencontres locales - Quels sont vos choix? - Ne pas accepter<\/title>\n<meta name=\"robots\" content=\"index, follow, max-snippet:-1, max-image-preview:large, max-video-preview:-1\" \/>\n<link rel=\"canonical\" href=\"https:\/\/dontacceptrape.com\/fr\/\" \/>\n<meta property=\"og:locale\" content=\"fr_FR\" \/>\n<meta property=\"og:type\" content=\"article\" \/>\n<meta property=\"og:title\" content=\"Applications de rencontres locales - Quels sont vos choix? - Ne pas accepter\" \/>\n<meta property=\"og:description\" content=\"Dans le pass\u00e9, les gens devaient aller sur certains sites Web pour en rencontrer d\u2019autres. Cependant, de nos jours, les applications mobiles pour la connexion ont permis aux gens de rester facilement connect\u00e9s et de se tenir au courant des...\" \/>\n<meta property=\"og:url\" content=\"https:\/\/dontacceptrape.com\/fr\/\" \/>\n<meta property=\"og:site_name\" content=\"Ne pas accepter\" \/>\n<meta property=\"article:modified_time\" content=\"2022-07-12T11:19:09+00:00\" \/>\n<meta property=\"og:image\" content=\"http:\/\/dontacceptrape.com\/wp-content\/uploads\/2022\/07\/free-dating-websites-1024x683.jpeg\" \/>\n<meta name=\"author\" content=\"Don&#039;t Accept Rape\" \/>\n<meta name=\"twitter:card\" content=\"summary_large_image\" \/>\n<meta name=\"twitter:label1\" content=\"Dur\u00e9e de lecture estim\u00e9e\" \/>\n\t<meta name=\"twitter:data1\" content=\"5 minutes\" \/>\n<script type=\"application\/ld+json\" class=\"yoast-schema-graph\">{\"@context\":\"https:\/\/schema.org\",\"@graph\":[{\"@type\":\"WebSite\",\"@id\":\"https:\/\/dontacceptrape.com\/#website\",\"url\":\"https:\/\/dontacceptrape.com\/\",\"name\":\"Ne pas accepter\",\"description\":\"Vrai chat de connexion\",\"potentialAction\":[{\"@type\":\"SearchAction\",\"target\":{\"@type\":\"EntryPoint\",\"urlTemplate\":\"https:\/\/dontacceptrape.com\/?s={search_term_string}\"},\"query-input\":\"required name=search_term_string\"}],\"inLanguage\":\"fr-FR\"},{\"@type\":\"ImageObject\",\"inLanguage\":\"fr-FR\",\"@id\":\"https:\/\/dontacceptrape.com\/fr\/#primaryimage\",\"url\":\"https:\/\/dontacceptrape.com\/wp-content\/uploads\/2022\/07\/free-dating-websites.jpeg\",\"contentUrl\":\"https:\/\/dontacceptrape.com\/wp-content\/uploads\/2022\/07\/free-dating-websites.jpeg\",\"width\":1125,\"height\":750},{\"@type\":\"WebPage\",\"@id\":\"https:\/\/dontacceptrape.com\/fr\/#webpage\",\"url\":\"https:\/\/dontacceptrape.com\/fr\/\",\"name\":\"Applications de rencontres locales - Quels sont vos choix? - Ne pas accepter\",\"isPartOf\":{\"@id\":\"https:\/\/dontacceptrape.com\/#website\"},\"primaryImageOfPage\":{\"@id\":\"https:\/\/dontacceptrape.com\/fr\/#primaryimage\"},\"datePublished\":\"2022-07-04T10:22:57+00:00\",\"dateModified\":\"2022-07-12T11:19:09+00:00\",\"breadcrumb\":{\"@id\":\"https:\/\/dontacceptrape.com\/fr\/#breadcrumb\"},\"inLanguage\":\"fr-FR\",\"potentialAction\":[{\"@type\":\"ReadAction\",\"target\":[\"https:\/\/dontacceptrape.com\/fr\/\"]}]},{\"@type\":\"BreadcrumbList\",\"@id\":\"https:\/\/dontacceptrape.com\/fr\/#breadcrumb\",\"itemListElement\":[{\"@type\":\"ListItem\",\"position\":1,\"name\":\"Domicile\",\"item\":\"https:\/\/dontacceptrape.com\/fr\/\"},{\"@type\":\"ListItem\",\"position\":2,\"name\":\"Applications de rencontres locales &#8211; Quels sont vos choix?\"}]}]}<\/script>\n<!-- \/ Yoast SEO plugin. -->","yoast_head_json":{"title":"Applications de rencontres locales - Quels sont vos choix? - Ne pas accepter","robots":{"index":"index","follow":"follow","max-snippet":"max-snippet:-1","max-image-preview":"max-image-preview:large","max-video-preview":"max-video-preview:-1"},"canonical":"https:\/\/dontacceptrape.com\/fr\/","og_locale":"fr_FR","og_type":"article","og_title":"Applications de rencontres locales - Quels sont vos choix? - Ne pas accepter","og_description":"Dans le pass\u00e9, les gens devaient aller sur certains sites Web pour en rencontrer d\u2019autres. Cependant, de nos jours, les applications mobiles pour la connexion ont permis aux gens de rester facilement connect\u00e9s et de se tenir au courant des...","og_url":"https:\/\/dontacceptrape.com\/fr\/","og_site_name":"Ne pas accepter","article_modified_time":"2022-07-12T11:19:09+00:00","og_image":[{"url":"http:\/\/dontacceptrape.com\/wp-content\/uploads\/2022\/07\/free-dating-websites-1024x683.jpeg"}],"author":"Don't Accept Rape","twitter_card":"summary_large_image","twitter_misc":{"Dur\u00e9e de lecture estim\u00e9e":"5 minutes"},"schema":{"@context":"https:\/\/schema.org","@graph":[{"@type":"WebSite","@id":"https:\/\/dontacceptrape.com\/#website","url":"https:\/\/dontacceptrape.com\/","name":"Ne pas accepter","description":"Vrai chat de connexion","potentialAction":[{"@type":"SearchAction","target":{"@type":"EntryPoint","urlTemplate":"https:\/\/dontacceptrape.com\/?s={search_term_string}"},"query-input":"required name=search_term_string"}],"inLanguage":"fr-FR"},{"@type":"ImageObject","inLanguage":"fr-FR","@id":"https:\/\/dontacceptrape.com\/fr\/#primaryimage","url":"https:\/\/dontacceptrape.com\/wp-content\/uploads\/2022\/07\/free-dating-websites.jpeg","contentUrl":"https:\/\/dontacceptrape.com\/wp-content\/uploads\/2022\/07\/free-dating-websites.jpeg","width":1125,"height":750},{"@type":"WebPage","@id":"https:\/\/dontacceptrape.com\/fr\/#webpage","url":"https:\/\/dontacceptrape.com\/fr\/","name":"Applications de rencontres locales - Quels sont vos choix? - Ne pas accepter","isPartOf":{"@id":"https:\/\/dontacceptrape.com\/#website"},"primaryImageOfPage":{"@id":"https:\/\/dontacceptrape.com\/fr\/#primaryimage"},"datePublished":"2022-07-04T10:22:57+00:00","dateModified":"2022-07-12T11:19:09+00:00","breadcrumb":{"@id":"https:\/\/dontacceptrape.com\/fr\/#breadcrumb"},"inLanguage":"fr-FR","potentialAction":[{"@type":"ReadAction","target":["https:\/\/dontacceptrape.com\/fr\/"]}]},{"@type":"BreadcrumbList","@id":"https:\/\/dontacceptrape.com\/fr\/#breadcrumb","itemListElement":[{"@type":"ListItem","position":1,"name":"Domicile","item":"https:\/\/dontacceptrape.com\/fr\/"},{"@type":"ListItem","position":2,"name":"Applications de rencontres locales &#8211; Quels sont vos choix?"}]}]}},"_links":{"self":[{"href":"https:\/\/dontacceptrape.com\/fr\/wp-json\/wp\/v2\/pages\/215"}],"collection":[{"href":"https:\/\/dontacceptrape.com\/fr\/wp-json\/wp\/v2\/pages"}],"about":[{"href":"https:\/\/dontacceptrape.com\/fr\/wp-json\/wp\/v2\/types\/page"}],"author":[{"embeddable":true,"href":"https:\/\/dontacceptrape.com\/fr\/wp-json\/wp\/v2\/users\/1"}],"replies":[{"embeddable":true,"href":"https:\/\/dontacceptrape.com\/fr\/wp-json\/wp\/v2\/comments?post=215"}],"version-history":[{"count":3,"href":"https:\/\/dontacceptrape.com\/fr\/wp-json\/wp\/v2\/pages\/215\/revisions"}],"predecessor-version":[{"id":245,"href":"https:\/\/dontacceptrape.com\/fr\/wp-json\/wp\/v2\/pages\/215\/revisions\/245"}],"wp:attachment":[{"href":"https:\/\/dontacceptrape.com\/fr\/wp-json\/wp\/v2\/media?parent=215"}],"curies":[{"name":"wp","href":"https:\/\/api.w.org\/{rel}","templated":true}]}}