{"id":205,"date":"2022-07-04T11:30:26","date_gmt":"2022-07-04T10:30:26","guid":{"rendered":"http:\/\/dontacceptrape.com\/sites-web-de-sexting-gratuits-pour-celibataires\/"},"modified":"2022-07-04T11:30:26","modified_gmt":"2022-07-04T10:30:26","slug":"sites-web-de-sexting-gratuits-pour-celibataires","status":"publish","type":"page","link":"https:\/\/dontacceptrape.com\/fr\/sites-web-de-sexting-gratuits-pour-celibataires\/","title":{"rendered":"Sites Web de sexting gratuits pour c\u00e9libataires"},"content":{"rendered":"<p>Les meilleurs sites de sexage gratuits sont l\u00e0 pour vous soulager lorsque vous cherchez \u00e0 devenir m\u00e9chant avec quelqu\u2019un en ligne qui veut l\u2019obtenir avec votre corps. Ces sites et applications vous permettront d\u2019avoir des discussions sexy et sext avec d\u2019autres personnes qui cherchent \u00e0 s\u2019amuser avec vous. Notre liste des 4 meilleurs a tout pour vous aider \u00e0 vous rendre bizarre avec des mots!<\/p>\n<h2>Recherche d\u2019amis adultes<\/h2>\n<p>AFF a \u00e9t\u00e9 con\u00e7u pour \u00eatre un endroit amusant pour rencontrer des adultes partageant les m\u00eames id\u00e9es <a href=\"https:\/\/dontacceptrape.com\/fr\/clubs-de-rencontres-pour-adultes-locaux\/\">\u00e0 la recherche de l\u2019amour<\/a>. Vous pouvez \u00e9galement discuter avec d\u2019autres utilisateurs de tout ce qui se passe sous le soleil, y compris la politique, la religion, le sexe, le sport ou simplement des sujets g\u00e9n\u00e9raux de la vie. Si vous \u00eates int\u00e9ress\u00e9 \u00e0 rencontrer quelqu\u2019un de sp\u00e9cial, vous pouvez organiser pour sortir prendre un caf\u00e9 ou des boissons.<\/p>\n<h2>Jerkmate<\/h2>\n<p>Jerkmate est un site de webcam pour adultes qui vous permet de regarder des vid\u00e9os \u00e9rotiques mettant en vedette de vraies filles et gar\u00e7ons amateurs. Vous pouvez \u00e9galement interagir avec eux via la messagerie texte, les appels audio et le chat vid\u00e9o. Si vous voulez voir des corps nus, alors c\u2019est l\u2019endroit o\u00f9 chercher est aller! a Il y a des sites Web que des milliers de connexions de riches hommes sexy mod\u00e8les \u00e0 la recherche de tous les jeunes autour des filles le monde, louer et eux l\u00e0-bas est pour quelque chose de sexe. car C\u2019est tout le monde. a Que vous pr\u00e9f\u00e9riez le choix en solo parmi les spectacles ceux ou ceux qui veulent de l\u2019action, vous irez au-del\u00e0 de trouver juste quelque chose de d\u00e9contract\u00e9 toutes les aventures. droit Si ici. vous ne discutez pas est dans ce genre tr\u00e8s simple et rapide. chose, Vous pouvez choisir beaucoup pour afficher d\u2019autres profils, options envoyer disponibles. messages, Certains et les sites posent sont des questions gratuites sur tandis que tout ce qui concerne d\u2019autres n\u00e9cessitent l\u2019inscription des frais.<\/p>\n<h2>Ashley Madison<\/h2>\n<p>Ashley Madison (AM) est l\u2019une des meilleures applications de rencontres gratuites disponibles en ligne aujourd\u2019hui. Si vous \u00eates \u00e0 la recherche d\u2019une liaison discr\u00e8te avec une femme ou un homme mari\u00e9, AM est probablement l\u2019endroit pour vous. En tant qu\u2019application con\u00e7ue sp\u00e9cifiquement pour les conjoints tricheurs, elle offre de nombreux avantages par rapport \u00e0 ses concurrents. Contrairement \u00e0 d\u2019autres applications de rencontres, AM n\u2019exige pas que les utilisateurs partagent des informations personnelles, ce qui en fait l\u2019une des options les plus s\u00fbres. Vous pouvez flirter avec d\u2019autres utilisateurs sans partager votre identit\u00e9 et votre emplacement r\u00e9els, tout en pouvant vous connecter avec d\u2019autres via webcam. Il y a m\u00eame une section sur le site Web d\u00e9di\u00e9e \u00e0 vous aider \u00e0 tricher en toute s\u00e9curit\u00e9.<\/p>\n<h2>Recherche<\/h2>\n<p>Seeking est un site de rencontre qui permet aux utilisateurs de se connecter avec d\u2019autres personnes \u00e0 la recherche de relations discr\u00e8tes. Vous pouvez choisir de cr\u00e9er un compte gratuitement ou de payer avec de la crypto-monnaie pour acc\u00e9der aux fonctionnalit\u00e9s premium. Si vous \u00eates s\u00e9rieux au sujet de trouver l\u2019amour en ligne, alors Seeking pourrait \u00eatre exactement ce dont vous avez besoin.<\/p>\n<h2>Devriez-vous commencer avec sexting?<\/h2>\n<p>Vous n\u2019aurez jamais \u00e0 vous soucier que votre partenaire d\u00e9couvre ce que vous faites derri\u00e8re des portes closes. Votre partenaire sera compl\u00e8tement en s\u00e9curit\u00e9 car il se mettra nu pour vous en temps r\u00e9el, juste sous vos yeux! Vous pourrez \u00e9galement voir tout ce que votre partenaire fait avec son corps, y compris jouer avec ses seins,, se masturber et m\u00eame s\u2019\u00e9nerver.<\/p>\n","protected":false},"excerpt":{"rendered":"<p>Les meilleurs sites de sexage gratuits sont l\u00e0 pour vous soulager lorsque vous cherchez \u00e0 devenir m\u00e9chant avec quelqu\u2019un en ligne qui veut l\u2019obtenir avec votre corps. Ces sites et applications vous permettront d\u2019avoir des discussions sexy et sext avec&#8230;<\/p>\n","protected":false},"author":1,"featured_media":89,"parent":0,"menu_order":0,"comment_status":"closed","ping_status":"closed","template":"","meta":[],"yoast_head":"<!-- This site is optimized with the Yoast SEO plugin v19.2 - https:\/\/yoast.com\/wordpress\/plugins\/seo\/ -->\n<title>Sites Web de sexting gratuits pour c\u00e9libataires - Ne pas accepter<\/title>\n<meta name=\"robots\" content=\"index, follow, max-snippet:-1, max-image-preview:large, max-video-preview:-1\" \/>\n<link rel=\"canonical\" href=\"https:\/\/dontacceptrape.com\/fr\/sites-web-de-sexting-gratuits-pour-celibataires\/\" \/>\n<meta property=\"og:locale\" content=\"fr_FR\" \/>\n<meta property=\"og:type\" content=\"article\" \/>\n<meta property=\"og:title\" content=\"Sites Web de sexting gratuits pour c\u00e9libataires - Ne pas accepter\" \/>\n<meta property=\"og:description\" content=\"Les meilleurs sites de sexage gratuits sont l\u00e0 pour vous soulager lorsque vous cherchez \u00e0 devenir m\u00e9chant avec quelqu\u2019un en ligne qui veut l\u2019obtenir avec votre corps. Ces sites et applications vous permettront d\u2019avoir des discussions sexy et sext avec...\" \/>\n<meta property=\"og:url\" content=\"https:\/\/dontacceptrape.com\/fr\/sites-web-de-sexting-gratuits-pour-celibataires\/\" \/>\n<meta property=\"og:site_name\" content=\"Ne pas accepter\" \/>\n<meta property=\"og:image\" content=\"http:\/\/dontacceptrape.com\/wp-content\/uploads\/2022\/07\/local-dating.jpeg\" \/>\n\t<meta property=\"og:image:width\" content=\"500\" \/>\n\t<meta property=\"og:image:height\" content=\"750\" \/>\n\t<meta property=\"og:image:type\" content=\"image\/jpeg\" \/>\n<meta name=\"author\" content=\"Don&#039;t Accept Rape\" \/>\n<meta name=\"twitter:card\" content=\"summary_large_image\" \/>\n<meta name=\"twitter:label1\" content=\"Dur\u00e9e de lecture estim\u00e9e\" \/>\n\t<meta name=\"twitter:data1\" content=\"3 minutes\" \/>\n<script type=\"application\/ld+json\" class=\"yoast-schema-graph\">{\"@context\":\"https:\/\/schema.org\",\"@graph\":[{\"@type\":\"WebSite\",\"@id\":\"http:\/\/dontacceptrape.com\/es\/#website\",\"url\":\"http:\/\/dontacceptrape.com\/es\/\",\"name\":\"Ne pas accepter\",\"description\":\"Vrai chat de connexion\",\"potentialAction\":[{\"@type\":\"SearchAction\",\"target\":{\"@type\":\"EntryPoint\",\"urlTemplate\":\"http:\/\/dontacceptrape.com\/es\/?s={search_term_string}\"},\"query-input\":\"required name=search_term_string\"}],\"inLanguage\":\"fr-FR\"},{\"@type\":\"ImageObject\",\"inLanguage\":\"fr-FR\",\"@id\":\"https:\/\/dontacceptrape.com\/fr\/sites-web-de-sexting-gratuits-pour-celibataires\/#primaryimage\",\"url\":\"https:\/\/dontacceptrape.com\/wp-content\/uploads\/2022\/07\/local-dating.jpeg\",\"contentUrl\":\"https:\/\/dontacceptrape.com\/wp-content\/uploads\/2022\/07\/local-dating.jpeg\",\"width\":500,\"height\":750},{\"@type\":\"WebPage\",\"@id\":\"https:\/\/dontacceptrape.com\/fr\/sites-web-de-sexting-gratuits-pour-celibataires\/#webpage\",\"url\":\"https:\/\/dontacceptrape.com\/fr\/sites-web-de-sexting-gratuits-pour-celibataires\/\",\"name\":\"Sites Web de sexting gratuits pour c\u00e9libataires - Ne pas accepter\",\"isPartOf\":{\"@id\":\"http:\/\/dontacceptrape.com\/es\/#website\"},\"primaryImageOfPage\":{\"@id\":\"https:\/\/dontacceptrape.com\/fr\/sites-web-de-sexting-gratuits-pour-celibataires\/#primaryimage\"},\"datePublished\":\"2022-07-04T10:30:26+00:00\",\"dateModified\":\"2022-07-04T10:30:26+00:00\",\"breadcrumb\":{\"@id\":\"https:\/\/dontacceptrape.com\/fr\/sites-web-de-sexting-gratuits-pour-celibataires\/#breadcrumb\"},\"inLanguage\":\"fr-FR\",\"potentialAction\":[{\"@type\":\"ReadAction\",\"target\":[\"https:\/\/dontacceptrape.com\/fr\/sites-web-de-sexting-gratuits-pour-celibataires\/\"]}]},{\"@type\":\"BreadcrumbList\",\"@id\":\"https:\/\/dontacceptrape.com\/fr\/sites-web-de-sexting-gratuits-pour-celibataires\/#breadcrumb\",\"itemListElement\":[{\"@type\":\"ListItem\",\"position\":1,\"name\":\"Domicile\",\"item\":\"http:\/\/dontacceptrape.com\/fr\/\"},{\"@type\":\"ListItem\",\"position\":2,\"name\":\"Sites Web de sexting gratuits pour c\u00e9libataires\"}]}]}<\/script>\n<!-- \/ Yoast SEO plugin. -->","yoast_head_json":{"title":"Sites Web de sexting gratuits pour c\u00e9libataires - Ne pas accepter","robots":{"index":"index","follow":"follow","max-snippet":"max-snippet:-1","max-image-preview":"max-image-preview:large","max-video-preview":"max-video-preview:-1"},"canonical":"https:\/\/dontacceptrape.com\/fr\/sites-web-de-sexting-gratuits-pour-celibataires\/","og_locale":"fr_FR","og_type":"article","og_title":"Sites Web de sexting gratuits pour c\u00e9libataires - Ne pas accepter","og_description":"Les meilleurs sites de sexage gratuits sont l\u00e0 pour vous soulager lorsque vous cherchez \u00e0 devenir m\u00e9chant avec quelqu\u2019un en ligne qui veut l\u2019obtenir avec votre corps. Ces sites et applications vous permettront d\u2019avoir des discussions sexy et sext avec...","og_url":"https:\/\/dontacceptrape.com\/fr\/sites-web-de-sexting-gratuits-pour-celibataires\/","og_site_name":"Ne pas accepter","og_image":[{"width":500,"height":750,"url":"http:\/\/dontacceptrape.com\/wp-content\/uploads\/2022\/07\/local-dating.jpeg","type":"image\/jpeg"}],"author":"Don't Accept Rape","twitter_card":"summary_large_image","twitter_misc":{"Dur\u00e9e de lecture estim\u00e9e":"3 minutes"},"schema":{"@context":"https:\/\/schema.org","@graph":[{"@type":"WebSite","@id":"http:\/\/dontacceptrape.com\/es\/#website","url":"http:\/\/dontacceptrape.com\/es\/","name":"Ne pas accepter","description":"Vrai chat de connexion","potentialAction":[{"@type":"SearchAction","target":{"@type":"EntryPoint","urlTemplate":"http:\/\/dontacceptrape.com\/es\/?s={search_term_string}"},"query-input":"required name=search_term_string"}],"inLanguage":"fr-FR"},{"@type":"ImageObject","inLanguage":"fr-FR","@id":"https:\/\/dontacceptrape.com\/fr\/sites-web-de-sexting-gratuits-pour-celibataires\/#primaryimage","url":"https:\/\/dontacceptrape.com\/wp-content\/uploads\/2022\/07\/local-dating.jpeg","contentUrl":"https:\/\/dontacceptrape.com\/wp-content\/uploads\/2022\/07\/local-dating.jpeg","width":500,"height":750},{"@type":"WebPage","@id":"https:\/\/dontacceptrape.com\/fr\/sites-web-de-sexting-gratuits-pour-celibataires\/#webpage","url":"https:\/\/dontacceptrape.com\/fr\/sites-web-de-sexting-gratuits-pour-celibataires\/","name":"Sites Web de sexting gratuits pour c\u00e9libataires - Ne pas accepter","isPartOf":{"@id":"http:\/\/dontacceptrape.com\/es\/#website"},"primaryImageOfPage":{"@id":"https:\/\/dontacceptrape.com\/fr\/sites-web-de-sexting-gratuits-pour-celibataires\/#primaryimage"},"datePublished":"2022-07-04T10:30:26+00:00","dateModified":"2022-07-04T10:30:26+00:00","breadcrumb":{"@id":"https:\/\/dontacceptrape.com\/fr\/sites-web-de-sexting-gratuits-pour-celibataires\/#breadcrumb"},"inLanguage":"fr-FR","potentialAction":[{"@type":"ReadAction","target":["https:\/\/dontacceptrape.com\/fr\/sites-web-de-sexting-gratuits-pour-celibataires\/"]}]},{"@type":"BreadcrumbList","@id":"https:\/\/dontacceptrape.com\/fr\/sites-web-de-sexting-gratuits-pour-celibataires\/#breadcrumb","itemListElement":[{"@type":"ListItem","position":1,"name":"Domicile","item":"http:\/\/dontacceptrape.com\/fr\/"},{"@type":"ListItem","position":2,"name":"Sites Web de sexting gratuits pour c\u00e9libataires"}]}]}},"_links":{"self":[{"href":"https:\/\/dontacceptrape.com\/fr\/wp-json\/wp\/v2\/pages\/205"}],"collection":[{"href":"https:\/\/dontacceptrape.com\/fr\/wp-json\/wp\/v2\/pages"}],"about":[{"href":"https:\/\/dontacceptrape.com\/fr\/wp-json\/wp\/v2\/types\/page"}],"author":[{"embeddable":true,"href":"https:\/\/dontacceptrape.com\/fr\/wp-json\/wp\/v2\/users\/1"}],"replies":[{"embeddable":true,"href":"https:\/\/dontacceptrape.com\/fr\/wp-json\/wp\/v2\/comments?post=205"}],"version-history":[{"count":0,"href":"https:\/\/dontacceptrape.com\/fr\/wp-json\/wp\/v2\/pages\/205\/revisions"}],"wp:featuredmedia":[{"embeddable":true,"href":"https:\/\/dontacceptrape.com\/fr\/wp-json\/wp\/v2\/media\/89"}],"wp:attachment":[{"href":"https:\/\/dontacceptrape.com\/fr\/wp-json\/wp\/v2\/media?parent=205"}],"curies":[{"name":"wp","href":"https:\/\/api.w.org\/{rel}","templated":true}]}}