{"id":196,"date":"2022-07-04T11:33:15","date_gmt":"2022-07-04T10:33:15","guid":{"rendered":"http:\/\/dontacceptrape.com\/trouver-du-sexe-sans-conditions-ce-soir\/"},"modified":"2022-07-04T11:33:15","modified_gmt":"2022-07-04T10:33:15","slug":"trouver-du-sexe-sans-conditions-ce-soir","status":"publish","type":"page","link":"https:\/\/dontacceptrape.com\/fr\/trouver-du-sexe-sans-conditions-ce-soir\/","title":{"rendered":"Trouver du sexe sans conditions ce soir?"},"content":{"rendered":"<p>NSA est un site de rencontres pour adultes qui offre de <a href=\"http:\/\/dontacceptrape.com\/fr\/sites-web-de-sexting-gratuits-pour-celibataires\/\">nombreuses fa\u00e7ons diff\u00e9rentes de se connecter<\/a> avec les autres et de partager des moments intimes avec eux. Vous pouvez discuter, \u00e9changer des photos et des vid\u00e9os, et m\u00eame vous regarder pendant que vous vous masturbez. Il y a aussi des sessions de webcam en direct disponibles pour ceux qui recherchent quelque chose de plus sp\u00e9cial.<\/p>\n<h2>Avantages \/ inconv\u00e9nients des connexions NSA<\/h2>\n<p>L\u2019utilisation du site Web des ANE pr\u00e9sente de nombreux avantages. Un avantage est qu\u2019il y a beaucoup de personnes diff\u00e9rentes \u00e0 rencontrer. Vous ne manquerez jamais de gens \u00e0 qui parler parce qu\u2019il y a toujours de nouvelles personnes qui se joignent \u00e0 chaque minute. Un autre avantage est que le site est tr\u00e8s facile \u00e0 naviguer. Vous n\u2019aurez aucun mal \u00e0 trouver ce dont vous avez besoin.<\/p>\n<p>Il y a aussi des inconv\u00e9nients \u00e0 utiliser le site Web des ANE. Un inconv\u00e9nient est qu\u2019il n\u2019est pas gratuit. Si vous souhaitez utiliser le site, vous devrez payer des frais d\u2019abonnement mensuels. Un autre inconv\u00e9nient est que le site n\u2019est pas disponible dans tous les pays. Donc, si vous vivez dans un pays qui n\u2019autorise pas les sites Web pour adultes, vous ne pouvez pas acc\u00e9der au site Web des ANE. Et enfin, un inconv\u00e9nient est que le site n\u2019est pas compl\u00e8tement anonyme. M\u00eame si vos informations restent priv\u00e9es, d\u2019autres utilisateurs peuvent toujours voir votre photo de profil.<\/p>\n<p>Par exemple, au lieu de dire \u00ab&nbsp;vous devriez en apprendre davantage sur les rencontres occasionnelles&nbsp;\u00bb, dites \u00ab&nbsp;cette personne devrait en apprendre davantage sur les rencontres occasionnelles&nbsp;\u00bb. De cette fa\u00e7on, vous faites r\u00e9f\u00e9rence \u00e0 une personne sp\u00e9cifique. Si vous recherchez des applications de rencontres gratuites, vous \u00eates au bon endroit. Voici quelques-uns des plus populaires:<\/p>\n<ul>\n<li>Tinder &#8211; Cette application est id\u00e9ale pour rencontrer des personnes qui partagent des int\u00e9r\u00eats similaires. L\u2019id\u00e9e est simple : faites glisser votre doigt vers la gauche pour passer, faites glisser votre doigt vers la droite pour aimer.<\/li>\n<li>Bumble &#8211; Cette application est con\u00e7ue sp\u00e9cifiquement pour les femmes. Les femmes initient des conversations, les hommes r\u00e9pondent.<\/li>\n<li>Happn &#8211; Semblable \u00e0 Tinder, cette application permet aux utilisateurs de trouver des personnes en fonction d\u2019amis communs.<\/li>\n<li>OkCupid &#8211; Ce site est orient\u00e9 vers des relations \u00e0 long terme. Les utilisateurs cr\u00e9ent des profils et recherchent des correspondances en fonction de leurs int\u00e9r\u00eats, de leur emplacement, de leur \u00e2ge et d\u2019autres crit\u00e8res partag\u00e9s.<\/li>\n<li>PlentyOfFish &#8211; Cette application est orient\u00e9e vers les connexions occasionnelles. Les utilisateurs peuvent parcourir des milliers de photos de membres et envoyer des messages \u00e0 toute personne int\u00e9ress\u00e9e par le chat.<\/li>\n<li>Zoosk &#8211; Cette application est orient\u00e9e vers des relations s\u00e9rieuses. Les utilisateurs cr\u00e9ent des profils, t\u00e9l\u00e9chargent des photos et recherchent des partenaires compatibles.<\/li>\n<li>Match &#8211; Cette application est con\u00e7ue pour ceux qui recherchent des relations \u00e0 long terme. Les membres cr\u00e9ent des profils, t\u00e9l\u00e9chargent des photos et recherchent des partenaires compatibles en fonction de leurs int\u00e9r\u00eats communs, de leur \u00e2ge, de leur religion et d\u2019autres crit\u00e8res.<\/li>\n<\/ul>\n<p>Les connexions sont excellentes car elles sont gratuites, rapides et anonymes. Ils sont \u00e9galement tr\u00e8s populaires parmi les \u00e9tudiants et les jeunes adultes.<\/p>\n<p>Cependant, il y a quelques inconv\u00e9nients aux connexions en ligne. Tout d\u2019abord, la plupart des sites Web de connexion exigent que les utilisateurs cr\u00e9ent des comptes et partagent des informations personnelles. Cela signifie que vous devez faire attention \u00e0 qui vous rencontrez sur ces sites Web.<\/p>\n","protected":false},"excerpt":{"rendered":"<p>NSA est un site de rencontres pour adultes qui offre de nombreuses fa\u00e7ons diff\u00e9rentes de se connecter avec les autres et de partager des moments intimes avec eux. Vous pouvez discuter, \u00e9changer des photos et des vid\u00e9os, et m\u00eame vous&#8230;<\/p>\n","protected":false},"author":1,"featured_media":69,"parent":0,"menu_order":0,"comment_status":"closed","ping_status":"closed","template":"","meta":[],"yoast_head":"<!-- This site is optimized with the Yoast SEO plugin v19.2 - https:\/\/yoast.com\/wordpress\/plugins\/seo\/ -->\n<title>Trouver du sexe sans conditions ce soir? - Ne pas accepter<\/title>\n<meta name=\"robots\" content=\"index, follow, max-snippet:-1, max-image-preview:large, max-video-preview:-1\" \/>\n<link rel=\"canonical\" href=\"https:\/\/dontacceptrape.com\/fr\/trouver-du-sexe-sans-conditions-ce-soir\/\" \/>\n<meta property=\"og:locale\" content=\"fr_FR\" \/>\n<meta property=\"og:type\" content=\"article\" \/>\n<meta property=\"og:title\" content=\"Trouver du sexe sans conditions ce soir? - Ne pas accepter\" \/>\n<meta property=\"og:description\" content=\"NSA est un site de rencontres pour adultes qui offre de nombreuses fa\u00e7ons diff\u00e9rentes de se connecter avec les autres et de partager des moments intimes avec eux. Vous pouvez discuter, \u00e9changer des photos et des vid\u00e9os, et m\u00eame vous...\" \/>\n<meta property=\"og:url\" content=\"https:\/\/dontacceptrape.com\/fr\/trouver-du-sexe-sans-conditions-ce-soir\/\" \/>\n<meta property=\"og:site_name\" content=\"Ne pas accepter\" \/>\n<meta property=\"og:image\" content=\"http:\/\/dontacceptrape.com\/wp-content\/uploads\/2022\/07\/datng-websites.jpeg\" \/>\n\t<meta property=\"og:image:width\" content=\"1125\" \/>\n\t<meta property=\"og:image:height\" content=\"750\" \/>\n\t<meta property=\"og:image:type\" content=\"image\/jpeg\" \/>\n<meta name=\"author\" content=\"Don&#039;t Accept Rape\" \/>\n<meta name=\"twitter:card\" content=\"summary_large_image\" \/>\n<meta name=\"twitter:label1\" content=\"Dur\u00e9e de lecture estim\u00e9e\" \/>\n\t<meta name=\"twitter:data1\" content=\"3 minutes\" \/>\n<script type=\"application\/ld+json\" class=\"yoast-schema-graph\">{\"@context\":\"https:\/\/schema.org\",\"@graph\":[{\"@type\":\"WebSite\",\"@id\":\"https:\/\/dontacceptrape.com\/nl\/#website\",\"url\":\"https:\/\/dontacceptrape.com\/nl\/\",\"name\":\"Ne pas accepter\",\"description\":\"Vrai chat de connexion\",\"potentialAction\":[{\"@type\":\"SearchAction\",\"target\":{\"@type\":\"EntryPoint\",\"urlTemplate\":\"https:\/\/dontacceptrape.com\/nl\/?s={search_term_string}\"},\"query-input\":\"required name=search_term_string\"}],\"inLanguage\":\"fr-FR\"},{\"@type\":\"ImageObject\",\"inLanguage\":\"fr-FR\",\"@id\":\"https:\/\/dontacceptrape.com\/fr\/trouver-du-sexe-sans-conditions-ce-soir\/#primaryimage\",\"url\":\"https:\/\/dontacceptrape.com\/wp-content\/uploads\/2022\/07\/datng-websites.jpeg\",\"contentUrl\":\"https:\/\/dontacceptrape.com\/wp-content\/uploads\/2022\/07\/datng-websites.jpeg\",\"width\":1125,\"height\":750},{\"@type\":\"WebPage\",\"@id\":\"https:\/\/dontacceptrape.com\/fr\/trouver-du-sexe-sans-conditions-ce-soir\/#webpage\",\"url\":\"https:\/\/dontacceptrape.com\/fr\/trouver-du-sexe-sans-conditions-ce-soir\/\",\"name\":\"Trouver du sexe sans conditions ce soir? - Ne pas accepter\",\"isPartOf\":{\"@id\":\"https:\/\/dontacceptrape.com\/nl\/#website\"},\"primaryImageOfPage\":{\"@id\":\"https:\/\/dontacceptrape.com\/fr\/trouver-du-sexe-sans-conditions-ce-soir\/#primaryimage\"},\"datePublished\":\"2022-07-04T10:33:15+00:00\",\"dateModified\":\"2022-07-04T10:33:15+00:00\",\"breadcrumb\":{\"@id\":\"https:\/\/dontacceptrape.com\/fr\/trouver-du-sexe-sans-conditions-ce-soir\/#breadcrumb\"},\"inLanguage\":\"fr-FR\",\"potentialAction\":[{\"@type\":\"ReadAction\",\"target\":[\"https:\/\/dontacceptrape.com\/fr\/trouver-du-sexe-sans-conditions-ce-soir\/\"]}]},{\"@type\":\"BreadcrumbList\",\"@id\":\"https:\/\/dontacceptrape.com\/fr\/trouver-du-sexe-sans-conditions-ce-soir\/#breadcrumb\",\"itemListElement\":[{\"@type\":\"ListItem\",\"position\":1,\"name\":\"Domicile\",\"item\":\"https:\/\/dontacceptrape.com\/fr\/\"},{\"@type\":\"ListItem\",\"position\":2,\"name\":\"Trouver du sexe sans conditions ce soir?\"}]}]}<\/script>\n<!-- \/ Yoast SEO plugin. -->","yoast_head_json":{"title":"Trouver du sexe sans conditions ce soir? - Ne pas accepter","robots":{"index":"index","follow":"follow","max-snippet":"max-snippet:-1","max-image-preview":"max-image-preview:large","max-video-preview":"max-video-preview:-1"},"canonical":"https:\/\/dontacceptrape.com\/fr\/trouver-du-sexe-sans-conditions-ce-soir\/","og_locale":"fr_FR","og_type":"article","og_title":"Trouver du sexe sans conditions ce soir? - Ne pas accepter","og_description":"NSA est un site de rencontres pour adultes qui offre de nombreuses fa\u00e7ons diff\u00e9rentes de se connecter avec les autres et de partager des moments intimes avec eux. Vous pouvez discuter, \u00e9changer des photos et des vid\u00e9os, et m\u00eame vous...","og_url":"https:\/\/dontacceptrape.com\/fr\/trouver-du-sexe-sans-conditions-ce-soir\/","og_site_name":"Ne pas accepter","og_image":[{"width":1125,"height":750,"url":"http:\/\/dontacceptrape.com\/wp-content\/uploads\/2022\/07\/datng-websites.jpeg","type":"image\/jpeg"}],"author":"Don't Accept Rape","twitter_card":"summary_large_image","twitter_misc":{"Dur\u00e9e de lecture estim\u00e9e":"3 minutes"},"schema":{"@context":"https:\/\/schema.org","@graph":[{"@type":"WebSite","@id":"https:\/\/dontacceptrape.com\/nl\/#website","url":"https:\/\/dontacceptrape.com\/nl\/","name":"Ne pas accepter","description":"Vrai chat de connexion","potentialAction":[{"@type":"SearchAction","target":{"@type":"EntryPoint","urlTemplate":"https:\/\/dontacceptrape.com\/nl\/?s={search_term_string}"},"query-input":"required name=search_term_string"}],"inLanguage":"fr-FR"},{"@type":"ImageObject","inLanguage":"fr-FR","@id":"https:\/\/dontacceptrape.com\/fr\/trouver-du-sexe-sans-conditions-ce-soir\/#primaryimage","url":"https:\/\/dontacceptrape.com\/wp-content\/uploads\/2022\/07\/datng-websites.jpeg","contentUrl":"https:\/\/dontacceptrape.com\/wp-content\/uploads\/2022\/07\/datng-websites.jpeg","width":1125,"height":750},{"@type":"WebPage","@id":"https:\/\/dontacceptrape.com\/fr\/trouver-du-sexe-sans-conditions-ce-soir\/#webpage","url":"https:\/\/dontacceptrape.com\/fr\/trouver-du-sexe-sans-conditions-ce-soir\/","name":"Trouver du sexe sans conditions ce soir? - Ne pas accepter","isPartOf":{"@id":"https:\/\/dontacceptrape.com\/nl\/#website"},"primaryImageOfPage":{"@id":"https:\/\/dontacceptrape.com\/fr\/trouver-du-sexe-sans-conditions-ce-soir\/#primaryimage"},"datePublished":"2022-07-04T10:33:15+00:00","dateModified":"2022-07-04T10:33:15+00:00","breadcrumb":{"@id":"https:\/\/dontacceptrape.com\/fr\/trouver-du-sexe-sans-conditions-ce-soir\/#breadcrumb"},"inLanguage":"fr-FR","potentialAction":[{"@type":"ReadAction","target":["https:\/\/dontacceptrape.com\/fr\/trouver-du-sexe-sans-conditions-ce-soir\/"]}]},{"@type":"BreadcrumbList","@id":"https:\/\/dontacceptrape.com\/fr\/trouver-du-sexe-sans-conditions-ce-soir\/#breadcrumb","itemListElement":[{"@type":"ListItem","position":1,"name":"Domicile","item":"https:\/\/dontacceptrape.com\/fr\/"},{"@type":"ListItem","position":2,"name":"Trouver du sexe sans conditions ce soir?"}]}]}},"_links":{"self":[{"href":"https:\/\/dontacceptrape.com\/fr\/wp-json\/wp\/v2\/pages\/196"}],"collection":[{"href":"https:\/\/dontacceptrape.com\/fr\/wp-json\/wp\/v2\/pages"}],"about":[{"href":"https:\/\/dontacceptrape.com\/fr\/wp-json\/wp\/v2\/types\/page"}],"author":[{"embeddable":true,"href":"https:\/\/dontacceptrape.com\/fr\/wp-json\/wp\/v2\/users\/1"}],"replies":[{"embeddable":true,"href":"https:\/\/dontacceptrape.com\/fr\/wp-json\/wp\/v2\/comments?post=196"}],"version-history":[{"count":0,"href":"https:\/\/dontacceptrape.com\/fr\/wp-json\/wp\/v2\/pages\/196\/revisions"}],"wp:featuredmedia":[{"embeddable":true,"href":"https:\/\/dontacceptrape.com\/fr\/wp-json\/wp\/v2\/media\/69"}],"wp:attachment":[{"href":"https:\/\/dontacceptrape.com\/fr\/wp-json\/wp\/v2\/media?parent=196"}],"curies":[{"name":"wp","href":"https:\/\/api.w.org\/{rel}","templated":true}]}}