{"id":188,"date":"2022-07-04T11:35:30","date_gmt":"2022-07-04T10:35:30","guid":{"rendered":"http:\/\/dontacceptrape.com\/clubs-de-rencontres-pour-adultes-locaux\/"},"modified":"2022-07-04T11:35:30","modified_gmt":"2022-07-04T10:35:30","slug":"clubs-de-rencontres-pour-adultes-locaux","status":"publish","type":"page","link":"https:\/\/dontacceptrape.com\/fr\/clubs-de-rencontres-pour-adultes-locaux\/","title":{"rendered":"Clubs de rencontres pour adultes locaux"},"content":{"rendered":"<p>Les connexions sont excellentes car elles sont rapides, pratiques et anonymes. Mais il y a un inconv\u00e9nient: ils ne sont pas tr\u00e8s s\u00fbrs. Les rencontres se font g\u00e9n\u00e9ralement via des sites de rencontres en ligne, o\u00f9 les utilisateurs se rencontrent en fonction de leurs int\u00e9r\u00eats mutuels. Mais ces sites Web ne sont r\u00e9glement\u00e9s par aucun organisme gouvernemental, ils peuvent donc \u00eatre utilis\u00e9s pour organiser des rencontres sexuelles entre \u00e9trangers. Et comme la plupart des rencontres se produisent en dehors du monde physique, elles impliquent souvent des activit\u00e9s ill\u00e9gales comme la prostitution et la traite des \u00eatres humains.<\/p>\n<p>Si vous cherchez un moyen plus s\u00fbr de trouver des partenaires sexuels occasionnels, envisagez de rejoindre un club pour adultes local. Les clubs pour adultes sont des lieux sociaux o\u00f9 les membres peuvent rencontrer d\u2019autres personnes qui partagent des int\u00e9r\u00eats similaires. Les clubs pour adultes sont g\u00e9n\u00e9ralement g\u00e9r\u00e9s par des organisations priv\u00e9es, ils ne sont donc pas soumis aux m\u00eames r\u00e9glementations que les sites de rencontres en ligne. De plus, ils offrent un cadre plus intime que les parcs publics ou les bars, ce qui en fait un meilleur endroit pour rencontrer des gens.<\/p>\n<h2>Pourquoi les rencontres en ligne pourraient \u00eatre la voie \u00e0 suivre<\/h2>\n<p>Bien que les clubs pour adultes puissent sembler une option plus s\u00fbre que les rencontres en ligne, ils comportent toujours des risques. Les membres doivent \u00eatre \u00e2g\u00e9s de 18 ans ou plus et ils doivent utiliser des pr\u00e9servatifs pendant les activit\u00e9s sexuelles. Donc, si vous \u00eates pr\u00e9occup\u00e9 par la s\u00e9curit\u00e9, essayez un club pour adultes au lieu de rencontres en ligne. Les rencontres occasionnelles sont un type de relation o\u00f9 deux personnes qui ne sont pas romantiquement impliqu\u00e9es d\u00e9cident de sortir ensemble avec d\u00e9sinvolture.<\/p>\n<p>C\u2019est diff\u00e9rent d\u2019une relation amoureuse traditionnelle parce qu\u2019il n\u2019y a pas d\u2019engagement, juste une aventure occasionnelle. Les rencontres occasionnelles peuvent \u00eatre tr\u00e8s agr\u00e9ables, mais elles ne sont pas destin\u00e9es \u00e0 durer \u00e9ternellement. Il existe de nombreux types de relations occasionnelles, y compris les amis avec des avantages, les amis avec des avantages, les amis en commun, les amis avec des avantages et les amis avec des avantages.<\/p>\n<p>Si vous \u00eates int\u00e9ress\u00e9 par les rencontres occasionnelles, vous devriez en apprendre davantage sur les diff\u00e9rents types de relations occasionnelles. Ensuite, vous pouvez d\u00e9terminer lequel fonctionnerait le mieux pour vous. Cela dit, les rencontres sont toujours un moyen pratique de trouver des partenaires sexuels occasionnels. Donc, si vous cherchez un moyen discret de rencontrer des gens, les rencontres valent le d\u00e9tour.<\/p>\n<h2>Rencontrez-vous pour une connexion<\/h2>\n<p>Si vous d\u00e9cidez <a href=\"http:\/\/dontacceptrape.com\/fr\/personnels-sexuels-gratuits\/\">d\u2019essayer des rencontres, voici quelques<\/a> conseils pour vous aider \u00e0 \u00e9viter de vous faire arnaquer ou blesser.<\/p>\n<p>Lorsque vous rejoignez ces types de sites, vous en trouverez d\u2019autres qui sont comme vous, des personnes qui recherchent des rencontres occasionnelles.<\/p>\n<p>Une fois que vous avez trouv\u00e9 un groupe de personnes qui partagent votre int\u00e9r\u00eat pour les rencontres occasionnelles, vous pouvez les utiliser comme r\u00e9f\u00e9rences lorsque vous sortez \u00e0 des rendez-vous. Ils peuvent vous dire ce qui fonctionne et ce qui ne fonctionne pas dans les rencontres occasionnelles, et ils peuvent vous aider \u00e0 \u00e9viter les erreurs courantes.<\/p>\n<p>L\u2019une des choses les plus importantes \u00e0 retenir lors de rendez-vous occasionnels est de garder les choses l\u00e9g\u00e8res. Ne vous prenez pas trop au s\u00e9rieux. Soyez vous-m\u00eame et laissez transpara\u00eetre votre personnalit\u00e9.<\/p>\n<p>Rappelez-vous, les rencontres occasionnelles ne sont pas s\u00e9rieuses. C\u2019est cens\u00e9 \u00eatre amusant, pas stressant. Alors d\u00e9tendez-vous et amusez-vous!<\/p>\n","protected":false},"excerpt":{"rendered":"<p>Les connexions sont excellentes car elles sont rapides, pratiques et anonymes. Mais il y a un inconv\u00e9nient: ils ne sont pas tr\u00e8s s\u00fbrs. Les rencontres se font g\u00e9n\u00e9ralement via des sites de rencontres en ligne, o\u00f9 les utilisateurs se rencontrent&#8230;<\/p>\n","protected":false},"author":1,"featured_media":99,"parent":0,"menu_order":0,"comment_status":"closed","ping_status":"closed","template":"","meta":[],"yoast_head":"<!-- This site is optimized with the Yoast SEO plugin v19.2 - https:\/\/yoast.com\/wordpress\/plugins\/seo\/ -->\n<title>Clubs de rencontres pour adultes locaux - Ne pas accepter<\/title>\n<meta name=\"robots\" content=\"index, follow, max-snippet:-1, max-image-preview:large, max-video-preview:-1\" \/>\n<link rel=\"canonical\" href=\"https:\/\/dontacceptrape.com\/fr\/clubs-de-rencontres-pour-adultes-locaux\/\" \/>\n<meta property=\"og:locale\" content=\"fr_FR\" \/>\n<meta property=\"og:type\" content=\"article\" \/>\n<meta property=\"og:title\" content=\"Clubs de rencontres pour adultes locaux - Ne pas accepter\" \/>\n<meta property=\"og:description\" content=\"Les connexions sont excellentes car elles sont rapides, pratiques et anonymes. Mais il y a un inconv\u00e9nient: ils ne sont pas tr\u00e8s s\u00fbrs. Les rencontres se font g\u00e9n\u00e9ralement via des sites de rencontres en ligne, o\u00f9 les utilisateurs se rencontrent...\" \/>\n<meta property=\"og:url\" content=\"https:\/\/dontacceptrape.com\/fr\/clubs-de-rencontres-pour-adultes-locaux\/\" \/>\n<meta property=\"og:site_name\" content=\"Ne pas accepter\" \/>\n<meta property=\"og:image\" content=\"https:\/\/dontacceptrape.com\/wp-content\/uploads\/2022\/07\/online-date.jpeg\" \/>\n\t<meta property=\"og:image:width\" content=\"1260\" \/>\n\t<meta property=\"og:image:height\" content=\"709\" \/>\n\t<meta property=\"og:image:type\" content=\"image\/jpeg\" \/>\n<meta name=\"author\" content=\"Don&#039;t Accept Rape\" \/>\n<meta name=\"twitter:card\" content=\"summary_large_image\" \/>\n<meta name=\"twitter:label1\" content=\"Dur\u00e9e de lecture estim\u00e9e\" \/>\n\t<meta name=\"twitter:data1\" content=\"3 minutes\" \/>\n<script type=\"application\/ld+json\" class=\"yoast-schema-graph\">{\"@context\":\"https:\/\/schema.org\",\"@graph\":[{\"@type\":\"WebSite\",\"@id\":\"https:\/\/dontacceptrape.com\/#website\",\"url\":\"https:\/\/dontacceptrape.com\/\",\"name\":\"Ne pas accepter\",\"description\":\"Vrai chat de connexion\",\"potentialAction\":[{\"@type\":\"SearchAction\",\"target\":{\"@type\":\"EntryPoint\",\"urlTemplate\":\"https:\/\/dontacceptrape.com\/?s={search_term_string}\"},\"query-input\":\"required name=search_term_string\"}],\"inLanguage\":\"fr-FR\"},{\"@type\":\"ImageObject\",\"inLanguage\":\"fr-FR\",\"@id\":\"https:\/\/dontacceptrape.com\/fr\/clubs-de-rencontres-pour-adultes-locaux\/#primaryimage\",\"url\":\"https:\/\/dontacceptrape.com\/wp-content\/uploads\/2022\/07\/online-date.jpeg\",\"contentUrl\":\"https:\/\/dontacceptrape.com\/wp-content\/uploads\/2022\/07\/online-date.jpeg\",\"width\":1260,\"height\":709},{\"@type\":\"WebPage\",\"@id\":\"https:\/\/dontacceptrape.com\/fr\/clubs-de-rencontres-pour-adultes-locaux\/#webpage\",\"url\":\"https:\/\/dontacceptrape.com\/fr\/clubs-de-rencontres-pour-adultes-locaux\/\",\"name\":\"Clubs de rencontres pour adultes locaux - Ne pas accepter\",\"isPartOf\":{\"@id\":\"https:\/\/dontacceptrape.com\/#website\"},\"primaryImageOfPage\":{\"@id\":\"https:\/\/dontacceptrape.com\/fr\/clubs-de-rencontres-pour-adultes-locaux\/#primaryimage\"},\"datePublished\":\"2022-07-04T10:35:30+00:00\",\"dateModified\":\"2022-07-04T10:35:30+00:00\",\"breadcrumb\":{\"@id\":\"https:\/\/dontacceptrape.com\/fr\/clubs-de-rencontres-pour-adultes-locaux\/#breadcrumb\"},\"inLanguage\":\"fr-FR\",\"potentialAction\":[{\"@type\":\"ReadAction\",\"target\":[\"https:\/\/dontacceptrape.com\/fr\/clubs-de-rencontres-pour-adultes-locaux\/\"]}]},{\"@type\":\"BreadcrumbList\",\"@id\":\"https:\/\/dontacceptrape.com\/fr\/clubs-de-rencontres-pour-adultes-locaux\/#breadcrumb\",\"itemListElement\":[{\"@type\":\"ListItem\",\"position\":1,\"name\":\"Domicile\",\"item\":\"https:\/\/dontacceptrape.com\/fr\/\"},{\"@type\":\"ListItem\",\"position\":2,\"name\":\"Clubs de rencontres pour adultes locaux\"}]}]}<\/script>\n<!-- \/ Yoast SEO plugin. -->","yoast_head_json":{"title":"Clubs de rencontres pour adultes locaux - Ne pas accepter","robots":{"index":"index","follow":"follow","max-snippet":"max-snippet:-1","max-image-preview":"max-image-preview:large","max-video-preview":"max-video-preview:-1"},"canonical":"https:\/\/dontacceptrape.com\/fr\/clubs-de-rencontres-pour-adultes-locaux\/","og_locale":"fr_FR","og_type":"article","og_title":"Clubs de rencontres pour adultes locaux - Ne pas accepter","og_description":"Les connexions sont excellentes car elles sont rapides, pratiques et anonymes. Mais il y a un inconv\u00e9nient: ils ne sont pas tr\u00e8s s\u00fbrs. Les rencontres se font g\u00e9n\u00e9ralement via des sites de rencontres en ligne, o\u00f9 les utilisateurs se rencontrent...","og_url":"https:\/\/dontacceptrape.com\/fr\/clubs-de-rencontres-pour-adultes-locaux\/","og_site_name":"Ne pas accepter","og_image":[{"width":1260,"height":709,"url":"https:\/\/dontacceptrape.com\/wp-content\/uploads\/2022\/07\/online-date.jpeg","type":"image\/jpeg"}],"author":"Don't Accept Rape","twitter_card":"summary_large_image","twitter_misc":{"Dur\u00e9e de lecture estim\u00e9e":"3 minutes"},"schema":{"@context":"https:\/\/schema.org","@graph":[{"@type":"WebSite","@id":"https:\/\/dontacceptrape.com\/#website","url":"https:\/\/dontacceptrape.com\/","name":"Ne pas accepter","description":"Vrai chat de connexion","potentialAction":[{"@type":"SearchAction","target":{"@type":"EntryPoint","urlTemplate":"https:\/\/dontacceptrape.com\/?s={search_term_string}"},"query-input":"required name=search_term_string"}],"inLanguage":"fr-FR"},{"@type":"ImageObject","inLanguage":"fr-FR","@id":"https:\/\/dontacceptrape.com\/fr\/clubs-de-rencontres-pour-adultes-locaux\/#primaryimage","url":"https:\/\/dontacceptrape.com\/wp-content\/uploads\/2022\/07\/online-date.jpeg","contentUrl":"https:\/\/dontacceptrape.com\/wp-content\/uploads\/2022\/07\/online-date.jpeg","width":1260,"height":709},{"@type":"WebPage","@id":"https:\/\/dontacceptrape.com\/fr\/clubs-de-rencontres-pour-adultes-locaux\/#webpage","url":"https:\/\/dontacceptrape.com\/fr\/clubs-de-rencontres-pour-adultes-locaux\/","name":"Clubs de rencontres pour adultes locaux - Ne pas accepter","isPartOf":{"@id":"https:\/\/dontacceptrape.com\/#website"},"primaryImageOfPage":{"@id":"https:\/\/dontacceptrape.com\/fr\/clubs-de-rencontres-pour-adultes-locaux\/#primaryimage"},"datePublished":"2022-07-04T10:35:30+00:00","dateModified":"2022-07-04T10:35:30+00:00","breadcrumb":{"@id":"https:\/\/dontacceptrape.com\/fr\/clubs-de-rencontres-pour-adultes-locaux\/#breadcrumb"},"inLanguage":"fr-FR","potentialAction":[{"@type":"ReadAction","target":["https:\/\/dontacceptrape.com\/fr\/clubs-de-rencontres-pour-adultes-locaux\/"]}]},{"@type":"BreadcrumbList","@id":"https:\/\/dontacceptrape.com\/fr\/clubs-de-rencontres-pour-adultes-locaux\/#breadcrumb","itemListElement":[{"@type":"ListItem","position":1,"name":"Domicile","item":"https:\/\/dontacceptrape.com\/fr\/"},{"@type":"ListItem","position":2,"name":"Clubs de rencontres pour adultes locaux"}]}]}},"_links":{"self":[{"href":"https:\/\/dontacceptrape.com\/fr\/wp-json\/wp\/v2\/pages\/188"}],"collection":[{"href":"https:\/\/dontacceptrape.com\/fr\/wp-json\/wp\/v2\/pages"}],"about":[{"href":"https:\/\/dontacceptrape.com\/fr\/wp-json\/wp\/v2\/types\/page"}],"author":[{"embeddable":true,"href":"https:\/\/dontacceptrape.com\/fr\/wp-json\/wp\/v2\/users\/1"}],"replies":[{"embeddable":true,"href":"https:\/\/dontacceptrape.com\/fr\/wp-json\/wp\/v2\/comments?post=188"}],"version-history":[{"count":0,"href":"https:\/\/dontacceptrape.com\/fr\/wp-json\/wp\/v2\/pages\/188\/revisions"}],"wp:featuredmedia":[{"embeddable":true,"href":"https:\/\/dontacceptrape.com\/fr\/wp-json\/wp\/v2\/media\/99"}],"wp:attachment":[{"href":"https:\/\/dontacceptrape.com\/fr\/wp-json\/wp\/v2\/media?parent=188"}],"curies":[{"name":"wp","href":"https:\/\/api.w.org\/{rel}","templated":true}]}}