{"id":179,"date":"2022-07-04T11:38:48","date_gmt":"2022-07-04T10:38:48","guid":{"rendered":"http:\/\/dontacceptrape.com\/personnels-sexuels-gratuits\/"},"modified":"2022-07-04T11:38:48","modified_gmt":"2022-07-04T10:38:48","slug":"personnels-sexuels-gratuits","status":"publish","type":"page","link":"https:\/\/dontacceptrape.com\/fr\/personnels-sexuels-gratuits\/","title":{"rendered":"Personnels sexuels gratuits"},"content":{"rendered":"<p>Les rencontres sont un excellent moyen de rencontrer des femmes en ligne, mais elles ne sont pas pour tout le monde. Donc, si vous recherchez une relation \u00e0 long terme, vous feriez peut-\u00eatre mieux de rencontrer des femmes hors ligne.<\/p>\n<p>Mais si vous voulez juste essayer des <a href=\"http:\/\/dontacceptrape.com\/fr\/ce-quil-faut-surveiller-avec-les-applications-de-connexion\/\">rencontres occasionnelles, il existe de nombreux sites Web<\/a> o\u00f9 vous pouvez trouver des femmes qui recherchent des hommes. Ces sites incluent OkCupid, Match.com, PlentyOfFish et Tinder.<\/p>\n<p>OkCupid est gratuit, mais vous devez payer pour envoyer des messages. Match.com facture des frais mensuels, mais vous pouvez l\u2019utiliser gratuitement jusqu\u2019\u00e0 ce que vous trouviez une correspondance. PlentyofFish est gratuit, mais vous ne pouvez rechercher que des correspondances locales. Tinder est gratuit, mais vous devez payer pour envoyer des messages et afficher les profils.<\/p>\n<p><img loading=\"lazy\" class=\"aligncenter size-large wp-image-106\" src=\"http:\/\/dontacceptrape.com\/wp-content\/uploads\/2022\/07\/online-dating-1024x683.jpeg\" alt=\"\" width=\"640\" height=\"427\" srcset=\"https:\/\/dontacceptrape.com\/wp-content\/uploads\/2022\/07\/online-dating-1024x683.jpeg 1024w, https:\/\/dontacceptrape.com\/wp-content\/uploads\/2022\/07\/online-dating-300x200.jpeg 300w, https:\/\/dontacceptrape.com\/wp-content\/uploads\/2022\/07\/online-dating-768x512.jpeg 768w, https:\/\/dontacceptrape.com\/wp-content\/uploads\/2022\/07\/online-dating.jpeg 1125w\" sizes=\"(max-width: 640px) 100vw, 640px\" \/><\/p>\n<h2>Top 3 des applications \u00e0 essayer au lieu de personnelles<\/h2>\n<p>Si vous recherchez une relation s\u00e9rieuse, ces sites Web ne sont pas pour vous. Mais si vous cherchez juste des rendez-vous d\u00e9contract\u00e9s, ils sont exactement ce dont vous avez besoin &#8230;<\/p>\n<h3>Amadou<\/h3>\n<p>Tinder n\u2019est pas une <a href=\"http:\/\/dontacceptrape.com\/fr\/trouver-du-sexe-sans-conditions-ce-soir\/\">bonne alternative pour les Personals<\/a>. Il y a plusieurs raisons \u00e0 cela. L\u2019un d\u2019eux est le fait qu\u2019ils offrent tr\u00e8s peu d\u2019activit\u00e9s. Les rencontres consistent principalement \u00e0 trouver quelqu\u2019un \u00e0 ce jour, ce qui signifie que vous devrez rechercher dans les profils et les messages quelqu\u2019un qui s\u2019int\u00e9resse \u00e0 vous. Si vous \u00eates \u00e0 la recherche d\u2019une activit\u00e9, vous devriez essayer Adult Friend Finder ou peut-\u00eatre m\u00eame Ashley Madison. Ces deux sites Web sont sp\u00e9cialement con\u00e7us pour les adultes \u00e0 la recherche de rencontres sexuelles. Vous remarquerez \u00e9galement que vous verrez beaucoup plus d\u2019annonces sur le site Web d\u2019Ashley Madison que sur Craigslist Personals. Si vous cherchez \u00e0 rencontrer quelqu\u2019un pour une rencontre occasionnelle, alors vous devriez certainement consulter ces deux sites Web.<\/p>\n<h3>Kasual<\/h3>\n<p>Kasual est une application mobile qui permet aux utilisateurs de rechercher des personnes partageant les m\u00eames id\u00e9es dans leur r\u00e9gion.<\/p>\n<p>Ce n\u2019est pas la meilleure application pour ceux qui recherchent une relation s\u00e9rieuse. Au lieu de cela, l\u2019application s\u2019adresse \u00e0 la foule des branch\u00e9s, des daters occasionnels qui ont juste besoin de quelque chose de r\u00e9el \u00e0 un moment donn\u00e9. Si vous \u00eates \u00e0 l\u2019\u00e9tape de votre vie o\u00f9 vous n\u2019avez pas le temps de vous engager, Kasual est une solution parfaite pour vos besoins de rencontres. Vous aurez acc\u00e8s \u00e0 un \u00e9norme bassin d\u2019utilisateurs, ce qui facilitera la rencontre de nouvelles personnes. Et si vous n\u2019\u00eates pas pr\u00eat pour une relation s\u00e9rieuse, vous pouvez toujours profiter des avantages de rencontrer quelqu\u2019un de nouveau.<\/p>\n<h3>Recherche d\u2019amis adultes<\/h3>\n<p>AFF est un endroit id\u00e9al pour rencontrer des femmes qui recherchent des relations sexuelles occasionnelles. Vous pouvez rechercher des types sp\u00e9cifiques de partenaires comme les cougars, les MILF, les BBW, etc. Il existe \u00e9galement des groupes que vous pouvez rejoindre pour vous connecter avec d\u2019autres membres. Si vous n\u2019\u00eates pas int\u00e9ress\u00e9 \u00e0 rencontrer quelqu\u2019un tout de suite, vous pouvez parcourir les profils et envoyer des messages \u00e0 des dates potentielles. Une fois que vous avez trouv\u00e9 une correspondance, vous pouvez discuter avec eux par le biais d\u2019appels vid\u00e9o. Vous pouvez m\u00eame demander \u00e0 votre rendez-vous un premier rendez-vous si vous le souhaitez!<\/p>\n","protected":false},"excerpt":{"rendered":"<p>Les rencontres sont un excellent moyen de rencontrer des femmes en ligne, mais elles ne sont pas pour tout le monde. Donc, si vous recherchez une relation \u00e0 long terme, vous feriez peut-\u00eatre mieux de rencontrer des femmes hors ligne&#8230;.<\/p>\n","protected":false},"author":1,"featured_media":0,"parent":0,"menu_order":0,"comment_status":"closed","ping_status":"closed","template":"","meta":[],"yoast_head":"<!-- This site is optimized with the Yoast SEO plugin v19.2 - https:\/\/yoast.com\/wordpress\/plugins\/seo\/ -->\n<title>Personnels sexuels gratuits - Ne pas accepter<\/title>\n<meta name=\"robots\" content=\"index, follow, max-snippet:-1, max-image-preview:large, max-video-preview:-1\" \/>\n<link rel=\"canonical\" href=\"https:\/\/dontacceptrape.com\/fr\/personnels-sexuels-gratuits\/\" \/>\n<meta property=\"og:locale\" content=\"fr_FR\" \/>\n<meta property=\"og:type\" content=\"article\" \/>\n<meta property=\"og:title\" content=\"Personnels sexuels gratuits - Ne pas accepter\" \/>\n<meta property=\"og:description\" content=\"Les rencontres sont un excellent moyen de rencontrer des femmes en ligne, mais elles ne sont pas pour tout le monde. Donc, si vous recherchez une relation \u00e0 long terme, vous feriez peut-\u00eatre mieux de rencontrer des femmes hors ligne....\" \/>\n<meta property=\"og:url\" content=\"https:\/\/dontacceptrape.com\/fr\/personnels-sexuels-gratuits\/\" \/>\n<meta property=\"og:site_name\" content=\"Ne pas accepter\" \/>\n<meta property=\"og:image\" content=\"http:\/\/dontacceptrape.com\/wp-content\/uploads\/2022\/07\/online-dating-1024x683.jpeg\" \/>\n<meta name=\"author\" content=\"Don&#039;t Accept Rape\" \/>\n<meta name=\"twitter:card\" content=\"summary_large_image\" \/>\n<meta name=\"twitter:label1\" content=\"Dur\u00e9e de lecture estim\u00e9e\" \/>\n\t<meta name=\"twitter:data1\" content=\"3 minutes\" \/>\n<script type=\"application\/ld+json\" class=\"yoast-schema-graph\">{\"@context\":\"https:\/\/schema.org\",\"@graph\":[{\"@type\":\"WebSite\",\"@id\":\"https:\/\/dontacceptrape.com\/#website\",\"url\":\"https:\/\/dontacceptrape.com\/\",\"name\":\"Ne pas accepter\",\"description\":\"Vrai chat de connexion\",\"potentialAction\":[{\"@type\":\"SearchAction\",\"target\":{\"@type\":\"EntryPoint\",\"urlTemplate\":\"https:\/\/dontacceptrape.com\/?s={search_term_string}\"},\"query-input\":\"required name=search_term_string\"}],\"inLanguage\":\"fr-FR\"},{\"@type\":\"ImageObject\",\"inLanguage\":\"fr-FR\",\"@id\":\"https:\/\/dontacceptrape.com\/fr\/personnels-sexuels-gratuits\/#primaryimage\",\"url\":\"https:\/\/dontacceptrape.com\/wp-content\/uploads\/2022\/07\/online-dating.jpeg\",\"contentUrl\":\"https:\/\/dontacceptrape.com\/wp-content\/uploads\/2022\/07\/online-dating.jpeg\",\"width\":1125,\"height\":750},{\"@type\":\"WebPage\",\"@id\":\"https:\/\/dontacceptrape.com\/fr\/personnels-sexuels-gratuits\/#webpage\",\"url\":\"https:\/\/dontacceptrape.com\/fr\/personnels-sexuels-gratuits\/\",\"name\":\"Personnels sexuels gratuits - Ne pas accepter\",\"isPartOf\":{\"@id\":\"https:\/\/dontacceptrape.com\/#website\"},\"primaryImageOfPage\":{\"@id\":\"https:\/\/dontacceptrape.com\/fr\/personnels-sexuels-gratuits\/#primaryimage\"},\"datePublished\":\"2022-07-04T10:38:48+00:00\",\"dateModified\":\"2022-07-04T10:38:48+00:00\",\"breadcrumb\":{\"@id\":\"https:\/\/dontacceptrape.com\/fr\/personnels-sexuels-gratuits\/#breadcrumb\"},\"inLanguage\":\"fr-FR\",\"potentialAction\":[{\"@type\":\"ReadAction\",\"target\":[\"https:\/\/dontacceptrape.com\/fr\/personnels-sexuels-gratuits\/\"]}]},{\"@type\":\"BreadcrumbList\",\"@id\":\"https:\/\/dontacceptrape.com\/fr\/personnels-sexuels-gratuits\/#breadcrumb\",\"itemListElement\":[{\"@type\":\"ListItem\",\"position\":1,\"name\":\"Domicile\",\"item\":\"https:\/\/dontacceptrape.com\/fr\/\"},{\"@type\":\"ListItem\",\"position\":2,\"name\":\"Personnels sexuels gratuits\"}]}]}<\/script>\n<!-- \/ Yoast SEO plugin. -->","yoast_head_json":{"title":"Personnels sexuels gratuits - Ne pas accepter","robots":{"index":"index","follow":"follow","max-snippet":"max-snippet:-1","max-image-preview":"max-image-preview:large","max-video-preview":"max-video-preview:-1"},"canonical":"https:\/\/dontacceptrape.com\/fr\/personnels-sexuels-gratuits\/","og_locale":"fr_FR","og_type":"article","og_title":"Personnels sexuels gratuits - Ne pas accepter","og_description":"Les rencontres sont un excellent moyen de rencontrer des femmes en ligne, mais elles ne sont pas pour tout le monde. Donc, si vous recherchez une relation \u00e0 long terme, vous feriez peut-\u00eatre mieux de rencontrer des femmes hors ligne....","og_url":"https:\/\/dontacceptrape.com\/fr\/personnels-sexuels-gratuits\/","og_site_name":"Ne pas accepter","og_image":[{"url":"http:\/\/dontacceptrape.com\/wp-content\/uploads\/2022\/07\/online-dating-1024x683.jpeg"}],"author":"Don't Accept Rape","twitter_card":"summary_large_image","twitter_misc":{"Dur\u00e9e de lecture estim\u00e9e":"3 minutes"},"schema":{"@context":"https:\/\/schema.org","@graph":[{"@type":"WebSite","@id":"https:\/\/dontacceptrape.com\/#website","url":"https:\/\/dontacceptrape.com\/","name":"Ne pas accepter","description":"Vrai chat de connexion","potentialAction":[{"@type":"SearchAction","target":{"@type":"EntryPoint","urlTemplate":"https:\/\/dontacceptrape.com\/?s={search_term_string}"},"query-input":"required name=search_term_string"}],"inLanguage":"fr-FR"},{"@type":"ImageObject","inLanguage":"fr-FR","@id":"https:\/\/dontacceptrape.com\/fr\/personnels-sexuels-gratuits\/#primaryimage","url":"https:\/\/dontacceptrape.com\/wp-content\/uploads\/2022\/07\/online-dating.jpeg","contentUrl":"https:\/\/dontacceptrape.com\/wp-content\/uploads\/2022\/07\/online-dating.jpeg","width":1125,"height":750},{"@type":"WebPage","@id":"https:\/\/dontacceptrape.com\/fr\/personnels-sexuels-gratuits\/#webpage","url":"https:\/\/dontacceptrape.com\/fr\/personnels-sexuels-gratuits\/","name":"Personnels sexuels gratuits - Ne pas accepter","isPartOf":{"@id":"https:\/\/dontacceptrape.com\/#website"},"primaryImageOfPage":{"@id":"https:\/\/dontacceptrape.com\/fr\/personnels-sexuels-gratuits\/#primaryimage"},"datePublished":"2022-07-04T10:38:48+00:00","dateModified":"2022-07-04T10:38:48+00:00","breadcrumb":{"@id":"https:\/\/dontacceptrape.com\/fr\/personnels-sexuels-gratuits\/#breadcrumb"},"inLanguage":"fr-FR","potentialAction":[{"@type":"ReadAction","target":["https:\/\/dontacceptrape.com\/fr\/personnels-sexuels-gratuits\/"]}]},{"@type":"BreadcrumbList","@id":"https:\/\/dontacceptrape.com\/fr\/personnels-sexuels-gratuits\/#breadcrumb","itemListElement":[{"@type":"ListItem","position":1,"name":"Domicile","item":"https:\/\/dontacceptrape.com\/fr\/"},{"@type":"ListItem","position":2,"name":"Personnels sexuels gratuits"}]}]}},"_links":{"self":[{"href":"https:\/\/dontacceptrape.com\/fr\/wp-json\/wp\/v2\/pages\/179"}],"collection":[{"href":"https:\/\/dontacceptrape.com\/fr\/wp-json\/wp\/v2\/pages"}],"about":[{"href":"https:\/\/dontacceptrape.com\/fr\/wp-json\/wp\/v2\/types\/page"}],"author":[{"embeddable":true,"href":"https:\/\/dontacceptrape.com\/fr\/wp-json\/wp\/v2\/users\/1"}],"replies":[{"embeddable":true,"href":"https:\/\/dontacceptrape.com\/fr\/wp-json\/wp\/v2\/comments?post=179"}],"version-history":[{"count":0,"href":"https:\/\/dontacceptrape.com\/fr\/wp-json\/wp\/v2\/pages\/179\/revisions"}],"wp:attachment":[{"href":"https:\/\/dontacceptrape.com\/fr\/wp-json\/wp\/v2\/media?parent=179"}],"curies":[{"name":"wp","href":"https:\/\/api.w.org\/{rel}","templated":true}]}}