{"id":165,"date":"2022-07-04T11:47:29","date_gmt":"2022-07-04T10:47:29","guid":{"rendered":"http:\/\/dontacceptrape.com\/ce-quil-faut-surveiller-avec-les-applications-de-connexion\/"},"modified":"2022-09-08T17:20:23","modified_gmt":"2022-09-08T16:20:23","slug":"ce-quil-faut-surveiller-avec-les-applications-de-connexion","status":"publish","type":"page","link":"https:\/\/dontacceptrape.com\/fr\/ce-quil-faut-surveiller-avec-les-applications-de-connexion\/","title":{"rendered":"Ce qu\u2019il faut surveiller avec les applications de connexion"},"content":{"rendered":"<p>Lorsque vous rejoignez ces types de sites, vous en trouverez d\u2019autres qui sont comme vous, des personnes qui recherchent des rencontres occasionnelles.<\/p>\n<p>Une fois que vous avez trouv\u00e9 un groupe de personnes qui partagent votre int\u00e9r\u00eat pour les <a href=\"http:\/\/dontacceptrape.com\/fr\/trouver-du-sexe-sans-conditions-ce-soir\/\">rencontres occasionnelles<\/a>, vous pouvez les utiliser comme r\u00e9f\u00e9rences lorsque vous sortez \u00e0 des rendez-vous. Ils peuvent vous dire ce qui fonctionne et ce qui ne fonctionne <a href=\"https:\/\/www.adultsexsites.org\/es\/sitios-de-chat-de-sexo-gratuitos\/\">chats eroticos<\/a> pas dans les rencontres occasionnelles, et ils peuvent vous aider \u00e0 \u00e9viter les erreurs courantes. L\u2019une des choses les plus importantes \u00e0 retenir lors de rendez-vous occasionnels est de garder les choses l\u00e9g\u00e8res. Ne vous prenez pas trop au s\u00e9rieux. Soyez vous-m\u00eame et laissez transpara\u00eetre votre personnalit\u00e9.<\/p>\n<p>Rappelez-vous, les rencontres occasionnelles ne sont pas s\u00e9rieuses. C\u2019est cens\u00e9 \u00eatre amusant, pas stressant. Alors d\u00e9tendez-vous et amusez-vous! Si vous recherchez des applications de rencontres gratuites, de nombreuses options sont disponibles. Cependant, tous ne sont pas cr\u00e9\u00e9s \u00e9gaux. Certains ne sont que des gadgets, tandis que d\u2019autres sont des outils l\u00e9gitimes pour trouver des dates.<\/p>\n<p><img loading=\"lazy\" class=\"size-large wp-image-56 aligncenter\" src=\"http:\/\/dontacceptrape.com\/wp-content\/uploads\/2022\/07\/casual-hookup-1024x683.jpeg\" alt=\"\" width=\"640\" height=\"427\" srcset=\"https:\/\/dontacceptrape.com\/wp-content\/uploads\/2022\/07\/casual-hookup-1024x683.jpeg 1024w, https:\/\/dontacceptrape.com\/wp-content\/uploads\/2022\/07\/casual-hookup-300x200.jpeg 300w, https:\/\/dontacceptrape.com\/wp-content\/uploads\/2022\/07\/casual-hookup-768x512.jpeg 768w, https:\/\/dontacceptrape.com\/wp-content\/uploads\/2022\/07\/casual-hookup.jpeg 1125w\" sizes=\"(max-width: 640px) 100vw, 640px\" \/><\/p>\n<h2>\u00c0 quoi faut-il faire attention?<\/h2>\n<p>Pour vous aider \u00e0 d\u00e9cider lesquels valent votre temps, voici quelques conseils pour \u00e9valuer les applications de rencontres gratuites:<\/p>\n<h3>Regardez la note de l\u2019application.<\/h3>\n<p>Les applications de rencontres gratuites sont g\u00e9n\u00e9ralement livr\u00e9es avec un syst\u00e8me de notation par \u00e9toiles, o\u00f9 les utilisateurs \u00e9valuent l\u2019application en fonction de ses caract\u00e9ristiques et fonctionnalit\u00e9s. Plus la note est \u00e9lev\u00e9e, meilleure est l\u2019application.<\/p>\n<h3>Consulter les avis<\/h3>\n<p>Les avis sont souvent publi\u00e9s en ligne, soit par le d\u00e9veloppeur <a href=\"https:\/\/www.no-strings-attached-sex.com\/es\/sitios-web-para-conocer-y-follar-gratis\/\">web para follar<\/a>, soit par les utilisateurs qui ont d\u00e9j\u00e0 utilis\u00e9 l\u2019application. Les avis vous permettent de savoir si l\u2019application fonctionne bien et apporte de la valeur \u00e0 ses utilisateurs.<\/p>\n<h3>Lire les commentaires des utilisateurs<\/h3>\n<p>Les commentaires des utilisateurs sont un autre moyen d\u2019en savoir plus sur l\u2019application. Ils peuvent contenir des informations utiles, telles que des conseils pour utiliser l\u2019application, des suggestions d\u2019am\u00e9liorations ou des plaintes concernant des bogues.<\/p>\n<h3>Consid\u00e9rez le co\u00fbt<\/h3>\n<p>Certaines applications de rencontres gratuites sont enti\u00e8rement gratuites, tandis que d\u2019autres n\u00e9cessitent un paiement. Les applications de rencontres gratuites ont tendance \u00e0 \u00eatre plus simples que les applications payantes, elles sont donc parfaites pour ceux qui ne sont pas encore pr\u00eats \u00e0 s\u2019engager. Les applications payantes offrent g\u00e9n\u00e9ralement plus de fonctionnalit\u00e9s et de fonctions, ce qui les rend id\u00e9ales pour les personnes qui veulent trouver l\u2019amour rapidement.<\/p>\n<h2>Vous trouvez votre aventure?<\/h2>\n<p>La plupart des sites de connexion proposent des <a href=\"http:\/\/www.adult-dating.net\/es\/sin-registro-de-sexting-gratuito\/\">sexting gratis<\/a> abonnements qui incluent l\u2019acc\u00e8s \u00e0 des fonctionnalit\u00e9s sp\u00e9ciales, telles que des webcams en direct, la messagerie priv\u00e9e et des salles de chat vid\u00e9o.<\/p>\n<p>Si vous \u00eates \u00e0 la recherche d\u2019une aventure rapide, les sites de connexion peuvent \u00eatre parfaits pour vous. Mais si vous recherchez une relation durable, les sites de connexion ne sont pas l\u2019endroit id\u00e9al pour la trouver.<\/p>\n<p>Au lieu de cela, essayez des sites de rencontres ou des applications con\u00e7ues sp\u00e9cifiquement pour trouver des relations \u00e0 long terme.<\/p>\n<p>Se connecter en ligne est un excellent moyen de trouver des partenaires sexuels occasionnels. Mais il existe de nombreux types de sites Web, chacun s\u2019adressant \u00e0 un type sp\u00e9cifique de personne. Il existe \u00e9galement des sites qui s\u2019adressent aux personnes qui recherchent des amis avec des avantages, ou simplement des amis avec des avantages. Ces sites sont g\u00e9n\u00e9ralement destin\u00e9s aux personnes \u00e2g\u00e9es, mais les jeunes se tournent de plus en plus vers eux aussi.<\/p>\n","protected":false},"excerpt":{"rendered":"<p>Lorsque vous rejoignez ces types de sites, vous en trouverez d\u2019autres qui sont comme vous, des personnes qui recherchent des rencontres occasionnelles. Une fois que vous avez trouv\u00e9 un groupe de personnes qui partagent votre int\u00e9r\u00eat pour les rencontres occasionnelles,&#8230;<\/p>\n","protected":false},"author":1,"featured_media":0,"parent":0,"menu_order":0,"comment_status":"closed","ping_status":"closed","template":"","meta":[],"yoast_head":"<!-- This site is optimized with the Yoast SEO plugin v19.2 - https:\/\/yoast.com\/wordpress\/plugins\/seo\/ -->\n<title>Ce qu\u2019il faut surveiller avec les applications de connexion - Ne pas accepter<\/title>\n<meta name=\"robots\" content=\"index, follow, max-snippet:-1, max-image-preview:large, max-video-preview:-1\" \/>\n<link rel=\"canonical\" href=\"https:\/\/dontacceptrape.com\/fr\/ce-quil-faut-surveiller-avec-les-applications-de-connexion\/\" \/>\n<meta property=\"og:locale\" content=\"fr_FR\" \/>\n<meta property=\"og:type\" content=\"article\" \/>\n<meta property=\"og:title\" content=\"Ce qu\u2019il faut surveiller avec les applications de connexion - Ne pas accepter\" \/>\n<meta property=\"og:description\" content=\"Lorsque vous rejoignez ces types de sites, vous en trouverez d\u2019autres qui sont comme vous, des personnes qui recherchent des rencontres occasionnelles. Une fois que vous avez trouv\u00e9 un groupe de personnes qui partagent votre int\u00e9r\u00eat pour les rencontres occasionnelles,...\" \/>\n<meta property=\"og:url\" content=\"https:\/\/dontacceptrape.com\/fr\/ce-quil-faut-surveiller-avec-les-applications-de-connexion\/\" \/>\n<meta property=\"og:site_name\" content=\"Ne pas accepter\" \/>\n<meta property=\"article:modified_time\" content=\"2022-09-08T16:20:23+00:00\" \/>\n<meta property=\"og:image\" content=\"http:\/\/dontacceptrape.com\/wp-content\/uploads\/2022\/07\/casual-hookup-1024x683.jpeg\" \/>\n<meta name=\"author\" content=\"Don&#039;t Accept Rape\" \/>\n<meta name=\"twitter:card\" content=\"summary_large_image\" \/>\n<meta name=\"twitter:label1\" content=\"Dur\u00e9e de lecture estim\u00e9e\" \/>\n\t<meta name=\"twitter:data1\" content=\"3 minutes\" \/>\n<script type=\"application\/ld+json\" class=\"yoast-schema-graph\">{\"@context\":\"https:\/\/schema.org\",\"@graph\":[{\"@type\":\"WebSite\",\"@id\":\"http:\/\/dontacceptrape.com\/es\/#website\",\"url\":\"http:\/\/dontacceptrape.com\/es\/\",\"name\":\"Ne pas accepter\",\"description\":\"Vrai chat de connexion\",\"potentialAction\":[{\"@type\":\"SearchAction\",\"target\":{\"@type\":\"EntryPoint\",\"urlTemplate\":\"http:\/\/dontacceptrape.com\/es\/?s={search_term_string}\"},\"query-input\":\"required name=search_term_string\"}],\"inLanguage\":\"fr-FR\"},{\"@type\":\"ImageObject\",\"inLanguage\":\"fr-FR\",\"@id\":\"https:\/\/dontacceptrape.com\/fr\/ce-quil-faut-surveiller-avec-les-applications-de-connexion\/#primaryimage\",\"url\":\"https:\/\/dontacceptrape.com\/wp-content\/uploads\/2022\/07\/casual-hookup.jpeg\",\"contentUrl\":\"https:\/\/dontacceptrape.com\/wp-content\/uploads\/2022\/07\/casual-hookup.jpeg\",\"width\":1125,\"height\":750},{\"@type\":\"WebPage\",\"@id\":\"https:\/\/dontacceptrape.com\/fr\/ce-quil-faut-surveiller-avec-les-applications-de-connexion\/#webpage\",\"url\":\"https:\/\/dontacceptrape.com\/fr\/ce-quil-faut-surveiller-avec-les-applications-de-connexion\/\",\"name\":\"Ce qu\u2019il faut surveiller avec les applications de connexion - Ne pas accepter\",\"isPartOf\":{\"@id\":\"http:\/\/dontacceptrape.com\/es\/#website\"},\"primaryImageOfPage\":{\"@id\":\"https:\/\/dontacceptrape.com\/fr\/ce-quil-faut-surveiller-avec-les-applications-de-connexion\/#primaryimage\"},\"datePublished\":\"2022-07-04T10:47:29+00:00\",\"dateModified\":\"2022-09-08T16:20:23+00:00\",\"breadcrumb\":{\"@id\":\"https:\/\/dontacceptrape.com\/fr\/ce-quil-faut-surveiller-avec-les-applications-de-connexion\/#breadcrumb\"},\"inLanguage\":\"fr-FR\",\"potentialAction\":[{\"@type\":\"ReadAction\",\"target\":[\"https:\/\/dontacceptrape.com\/fr\/ce-quil-faut-surveiller-avec-les-applications-de-connexion\/\"]}]},{\"@type\":\"BreadcrumbList\",\"@id\":\"https:\/\/dontacceptrape.com\/fr\/ce-quil-faut-surveiller-avec-les-applications-de-connexion\/#breadcrumb\",\"itemListElement\":[{\"@type\":\"ListItem\",\"position\":1,\"name\":\"Domicile\",\"item\":\"http:\/\/dontacceptrape.com\/fr\/\"},{\"@type\":\"ListItem\",\"position\":2,\"name\":\"Ce qu\u2019il faut surveiller avec les applications de connexion\"}]}]}<\/script>\n<!-- \/ Yoast SEO plugin. -->","yoast_head_json":{"title":"Ce qu\u2019il faut surveiller avec les applications de connexion - Ne pas accepter","robots":{"index":"index","follow":"follow","max-snippet":"max-snippet:-1","max-image-preview":"max-image-preview:large","max-video-preview":"max-video-preview:-1"},"canonical":"https:\/\/dontacceptrape.com\/fr\/ce-quil-faut-surveiller-avec-les-applications-de-connexion\/","og_locale":"fr_FR","og_type":"article","og_title":"Ce qu\u2019il faut surveiller avec les applications de connexion - Ne pas accepter","og_description":"Lorsque vous rejoignez ces types de sites, vous en trouverez d\u2019autres qui sont comme vous, des personnes qui recherchent des rencontres occasionnelles. Une fois que vous avez trouv\u00e9 un groupe de personnes qui partagent votre int\u00e9r\u00eat pour les rencontres occasionnelles,...","og_url":"https:\/\/dontacceptrape.com\/fr\/ce-quil-faut-surveiller-avec-les-applications-de-connexion\/","og_site_name":"Ne pas accepter","article_modified_time":"2022-09-08T16:20:23+00:00","og_image":[{"url":"http:\/\/dontacceptrape.com\/wp-content\/uploads\/2022\/07\/casual-hookup-1024x683.jpeg"}],"author":"Don't Accept Rape","twitter_card":"summary_large_image","twitter_misc":{"Dur\u00e9e de lecture estim\u00e9e":"3 minutes"},"schema":{"@context":"https:\/\/schema.org","@graph":[{"@type":"WebSite","@id":"http:\/\/dontacceptrape.com\/es\/#website","url":"http:\/\/dontacceptrape.com\/es\/","name":"Ne pas accepter","description":"Vrai chat de connexion","potentialAction":[{"@type":"SearchAction","target":{"@type":"EntryPoint","urlTemplate":"http:\/\/dontacceptrape.com\/es\/?s={search_term_string}"},"query-input":"required name=search_term_string"}],"inLanguage":"fr-FR"},{"@type":"ImageObject","inLanguage":"fr-FR","@id":"https:\/\/dontacceptrape.com\/fr\/ce-quil-faut-surveiller-avec-les-applications-de-connexion\/#primaryimage","url":"https:\/\/dontacceptrape.com\/wp-content\/uploads\/2022\/07\/casual-hookup.jpeg","contentUrl":"https:\/\/dontacceptrape.com\/wp-content\/uploads\/2022\/07\/casual-hookup.jpeg","width":1125,"height":750},{"@type":"WebPage","@id":"https:\/\/dontacceptrape.com\/fr\/ce-quil-faut-surveiller-avec-les-applications-de-connexion\/#webpage","url":"https:\/\/dontacceptrape.com\/fr\/ce-quil-faut-surveiller-avec-les-applications-de-connexion\/","name":"Ce qu\u2019il faut surveiller avec les applications de connexion - Ne pas accepter","isPartOf":{"@id":"http:\/\/dontacceptrape.com\/es\/#website"},"primaryImageOfPage":{"@id":"https:\/\/dontacceptrape.com\/fr\/ce-quil-faut-surveiller-avec-les-applications-de-connexion\/#primaryimage"},"datePublished":"2022-07-04T10:47:29+00:00","dateModified":"2022-09-08T16:20:23+00:00","breadcrumb":{"@id":"https:\/\/dontacceptrape.com\/fr\/ce-quil-faut-surveiller-avec-les-applications-de-connexion\/#breadcrumb"},"inLanguage":"fr-FR","potentialAction":[{"@type":"ReadAction","target":["https:\/\/dontacceptrape.com\/fr\/ce-quil-faut-surveiller-avec-les-applications-de-connexion\/"]}]},{"@type":"BreadcrumbList","@id":"https:\/\/dontacceptrape.com\/fr\/ce-quil-faut-surveiller-avec-les-applications-de-connexion\/#breadcrumb","itemListElement":[{"@type":"ListItem","position":1,"name":"Domicile","item":"http:\/\/dontacceptrape.com\/fr\/"},{"@type":"ListItem","position":2,"name":"Ce qu\u2019il faut surveiller avec les applications de connexion"}]}]}},"_links":{"self":[{"href":"https:\/\/dontacceptrape.com\/fr\/wp-json\/wp\/v2\/pages\/165"}],"collection":[{"href":"https:\/\/dontacceptrape.com\/fr\/wp-json\/wp\/v2\/pages"}],"about":[{"href":"https:\/\/dontacceptrape.com\/fr\/wp-json\/wp\/v2\/types\/page"}],"author":[{"embeddable":true,"href":"https:\/\/dontacceptrape.com\/fr\/wp-json\/wp\/v2\/users\/1"}],"replies":[{"embeddable":true,"href":"https:\/\/dontacceptrape.com\/fr\/wp-json\/wp\/v2\/comments?post=165"}],"version-history":[{"count":1,"href":"https:\/\/dontacceptrape.com\/fr\/wp-json\/wp\/v2\/pages\/165\/revisions"}],"predecessor-version":[{"id":282,"href":"https:\/\/dontacceptrape.com\/fr\/wp-json\/wp\/v2\/pages\/165\/revisions\/282"}],"wp:attachment":[{"href":"https:\/\/dontacceptrape.com\/fr\/wp-json\/wp\/v2\/media?parent=165"}],"curies":[{"name":"wp","href":"https:\/\/api.w.org\/{rel}","templated":true}]}}