{"id":200,"date":"2022-07-04T11:33:15","date_gmt":"2022-07-04T10:33:15","guid":{"rendered":"http:\/\/dontacceptrape.com\/no-encuentras-sexo-con-condiciones-esta-noche\/"},"modified":"2022-07-20T15:32:30","modified_gmt":"2022-07-20T14:32:30","slug":"no-encuentras-sexo-con-condiciones-esta-noche","status":"publish","type":"page","link":"https:\/\/dontacceptrape.com\/es\/no-encuentras-sexo-con-condiciones-esta-noche\/","title":{"rendered":"\u00bfNo encuentras sexo con condiciones esta noche?"},"content":{"rendered":"<p>NSA es un sitio web de citas para adultos que ofrece muchas <a href=\"http:\/\/dontacceptrape.com\/es\/sitios-web-de-sexting-gratuitos-para-solteros\/\">formas diferentes de conectarse<\/a> con otros y compartir momentos \u00edntimos con ellos. Pueden chatear, intercambiar fotos y videos, e incluso mirarse mientras <a href=\"https:\/\/www.sextchat.net\/es\/los-mejores-juegos-de-sexo-para-pc\/\">juegos sexo pc<\/a> se masturban. Tambi\u00e9n hay sesiones de c\u00e1mara en vivo disponibles para aquellos que buscan algo extra especial.<\/p>\n<h2>Pros \/ Contras de las conexiones de la NSA<\/h2>\n<p>Hay muchos beneficios al usar el sitio web de las NSA. Un beneficio es que hay muchas personas diferentes para conocer. Nunca te quedar\u00e1s sin gente con la que hablar porque siempre hay nuevas personas que se unen cada minuto. Otro beneficio es que el sitio es muy f\u00e1cil de navegar. No tendr\u00e1s ning\u00fan problema para encontrar lo que necesitas.<\/p>\n<p>Tambi\u00e9n hay inconvenientes al usar el sitio web de las NSA. Un inconveniente es que no es gratis. Si desea utilizar el sitio, tendr\u00e1 que pagar una tarifa de suscripci\u00f3n mensual. Otro inconveniente es que el sitio no est\u00e1 disponible en todos los pa\u00edses. Entonces, si vive en un pa\u00eds que no permite sitios web para adultos, entonces no puede acceder <a href=\"https:\/\/www.fuck-buddies.net\/es\/los-mejores-juegos-porno-en-steam\/\">juegos porno<\/a> al sitio web de la NSA. Y por \u00faltimo, un inconveniente es que el sitio no es completamente an\u00f3nimo. A pesar de que su informaci\u00f3n se mantiene privada, otros usuarios a\u00fan pueden ver su foto de perfil.<\/p>\n<p>Por ejemplo, en lugar de decir \u00abdeber\u00edas aprender sobre citas casuales\u00bb, di \u00abesta persona deber\u00eda aprender sobre citas casuales\u00bb. De esta manera, te est\u00e1s refiriendo a una persona espec\u00edfica. Si est\u00e1s buscando aplicaciones de citas gratuitas, has venido al lugar correcto. Estos son algunos de los m\u00e1s populares:<\/p>\n<ul>\n<li>Tinder &#8211; Esta aplicaci\u00f3n es ideal para conocer a <a href=\"https:\/\/www.hookup-now.com\/es\/sexo-gratis-con-mujeres-maduras\/\">sexo maduras gratis<\/a> que comparten intereses similares. La idea es simple: desliza el dedo hacia la izquierda para pasar, desliza el dedo hacia la derecha para que te guste.<\/li>\n<li>Bumble &#8211; Esta aplicaci\u00f3n est\u00e1 dise\u00f1ada espec\u00edficamente para mujeres. Las mujeres inician conversaciones, los hombres responden.<\/li>\n<li>Happn &#8211; Similar a Tinder, esta aplicaci\u00f3n permite a los usuarios encontrar personas basadas en amigos en com\u00fan.<\/li>\n<li>OkCupid &#8211; Este sitio est\u00e1 orientado a las relaciones a largo plazo. Los usuarios crean perfiles y buscan coincidencias en funci\u00f3n de los intereses compartidos, la ubicaci\u00f3n, la edad y otros criterios.<\/li>\n<li>PlentyOfFish &#8211; Esta aplicaci\u00f3n est\u00e1 orientada a conexiones casuales. Los usuarios pueden navegar a trav\u00e9s de las fotos de miles de miembros y enviar mensajes a cualquier persona interesada en chatear.<\/li>\n<li>Zoosk &#8211; Esta aplicaci\u00f3n est\u00e1 orientada a las relaciones serias. Los usuarios crean perfiles, suben im\u00e1genes y buscan socios compatibles.<\/li>\n<li>Match &#8211; Esta aplicaci\u00f3n est\u00e1 dise\u00f1ada para aquellos que buscan relaciones a largo plazo. Los miembros crean perfiles, suben fotos y buscan socios compatibles en funci\u00f3n de los intereses compartidos, la edad, la religi\u00f3n y otros criterios.<\/li>\n<\/ul>\n<p>Las conexiones son geniales porque son gratuitas, r\u00e1pidas y an\u00f3nimas. Tambi\u00e9n son muy populares entre los estudiantes universitarios y los adultos j\u00f3venes.<\/p>\n<p>Sin embargo, hay algunas desventajas de las conexiones en l\u00ednea. En primer lugar, la mayor\u00eda de los sitios web de conexi\u00f3n requieren que los usuarios creen cuentas y compartan informaci\u00f3n personal. Esto significa que debe tener cuidado con qui\u00e9n se encuentra en estos sitios web.<\/p>\n","protected":false},"excerpt":{"rendered":"<p>NSA es un sitio web de citas para adultos que ofrece muchas formas diferentes de conectarse con otros y compartir momentos \u00edntimos con ellos. Pueden chatear, intercambiar fotos y videos, e incluso mirarse mientras juegos sexo pc se masturban. Tambi\u00e9n&#8230;<\/p>\n","protected":false},"author":1,"featured_media":74,"parent":0,"menu_order":0,"comment_status":"closed","ping_status":"closed","template":"","meta":[],"yoast_head":"<!-- This site is optimized with the Yoast SEO plugin v19.2 - https:\/\/yoast.com\/wordpress\/plugins\/seo\/ -->\n<title>\u00bfNo encuentras sexo con condiciones esta noche? - No aceptar<\/title>\n<meta name=\"robots\" content=\"index, follow, max-snippet:-1, max-image-preview:large, max-video-preview:-1\" \/>\n<link rel=\"canonical\" href=\"https:\/\/dontacceptrape.com\/es\/no-encuentras-sexo-con-condiciones-esta-noche\/\" \/>\n<meta property=\"og:locale\" content=\"es_ES\" \/>\n<meta property=\"og:type\" content=\"article\" \/>\n<meta property=\"og:title\" content=\"\u00bfNo encuentras sexo con condiciones esta noche? - No aceptar\" \/>\n<meta property=\"og:description\" content=\"NSA es un sitio web de citas para adultos que ofrece muchas formas diferentes de conectarse con otros y compartir momentos \u00edntimos con ellos. Pueden chatear, intercambiar fotos y videos, e incluso mirarse mientras juegos sexo pc se masturban. Tambi\u00e9n...\" \/>\n<meta property=\"og:url\" content=\"https:\/\/dontacceptrape.com\/es\/no-encuentras-sexo-con-condiciones-esta-noche\/\" \/>\n<meta property=\"og:site_name\" content=\"No aceptar\" \/>\n<meta property=\"article:modified_time\" content=\"2022-07-20T14:32:30+00:00\" \/>\n<meta property=\"og:image\" content=\"http:\/\/dontacceptrape.com\/wp-content\/uploads\/2022\/07\/datng-websites.jpeg\" \/>\n\t<meta property=\"og:image:width\" content=\"1125\" \/>\n\t<meta property=\"og:image:height\" content=\"750\" \/>\n\t<meta property=\"og:image:type\" content=\"image\/jpeg\" \/>\n<meta name=\"author\" content=\"Don&#039;t Accept Rape\" \/>\n<meta name=\"twitter:card\" content=\"summary_large_image\" \/>\n<meta name=\"twitter:label1\" content=\"Tiempo de lectura\" \/>\n\t<meta name=\"twitter:data1\" content=\"3 minutos\" \/>\n<script type=\"application\/ld+json\" class=\"yoast-schema-graph\">{\"@context\":\"https:\/\/schema.org\",\"@graph\":[{\"@type\":\"WebSite\",\"@id\":\"https:\/\/dontacceptrape.com\/#website\",\"url\":\"https:\/\/dontacceptrape.com\/\",\"name\":\"No aceptar\",\"description\":\"Chat de conexi\u00f3n real\",\"potentialAction\":[{\"@type\":\"SearchAction\",\"target\":{\"@type\":\"EntryPoint\",\"urlTemplate\":\"https:\/\/dontacceptrape.com\/?s={search_term_string}\"},\"query-input\":\"required name=search_term_string\"}],\"inLanguage\":\"es\"},{\"@type\":\"ImageObject\",\"inLanguage\":\"es\",\"@id\":\"https:\/\/dontacceptrape.com\/es\/no-encuentras-sexo-con-condiciones-esta-noche\/#primaryimage\",\"url\":\"https:\/\/dontacceptrape.com\/wp-content\/uploads\/2022\/07\/datng-websites.jpeg\",\"contentUrl\":\"https:\/\/dontacceptrape.com\/wp-content\/uploads\/2022\/07\/datng-websites.jpeg\",\"width\":1125,\"height\":750},{\"@type\":\"WebPage\",\"@id\":\"https:\/\/dontacceptrape.com\/es\/no-encuentras-sexo-con-condiciones-esta-noche\/#webpage\",\"url\":\"https:\/\/dontacceptrape.com\/es\/no-encuentras-sexo-con-condiciones-esta-noche\/\",\"name\":\"\u00bfNo encuentras sexo con condiciones esta noche? - No aceptar\",\"isPartOf\":{\"@id\":\"https:\/\/dontacceptrape.com\/#website\"},\"primaryImageOfPage\":{\"@id\":\"https:\/\/dontacceptrape.com\/es\/no-encuentras-sexo-con-condiciones-esta-noche\/#primaryimage\"},\"datePublished\":\"2022-07-04T10:33:15+00:00\",\"dateModified\":\"2022-07-20T14:32:30+00:00\",\"breadcrumb\":{\"@id\":\"https:\/\/dontacceptrape.com\/es\/no-encuentras-sexo-con-condiciones-esta-noche\/#breadcrumb\"},\"inLanguage\":\"es\",\"potentialAction\":[{\"@type\":\"ReadAction\",\"target\":[\"https:\/\/dontacceptrape.com\/es\/no-encuentras-sexo-con-condiciones-esta-noche\/\"]}]},{\"@type\":\"BreadcrumbList\",\"@id\":\"https:\/\/dontacceptrape.com\/es\/no-encuentras-sexo-con-condiciones-esta-noche\/#breadcrumb\",\"itemListElement\":[{\"@type\":\"ListItem\",\"position\":1,\"name\":\"Hogar\",\"item\":\"http:\/\/dontacceptrape.com\/es\/\"},{\"@type\":\"ListItem\",\"position\":2,\"name\":\"\u00bfNo encuentras sexo con condiciones esta noche?\"}]}]}<\/script>\n<!-- \/ Yoast SEO plugin. -->","yoast_head_json":{"title":"\u00bfNo encuentras sexo con condiciones esta noche? - No aceptar","robots":{"index":"index","follow":"follow","max-snippet":"max-snippet:-1","max-image-preview":"max-image-preview:large","max-video-preview":"max-video-preview:-1"},"canonical":"https:\/\/dontacceptrape.com\/es\/no-encuentras-sexo-con-condiciones-esta-noche\/","og_locale":"es_ES","og_type":"article","og_title":"\u00bfNo encuentras sexo con condiciones esta noche? - No aceptar","og_description":"NSA es un sitio web de citas para adultos que ofrece muchas formas diferentes de conectarse con otros y compartir momentos \u00edntimos con ellos. Pueden chatear, intercambiar fotos y videos, e incluso mirarse mientras juegos sexo pc se masturban. Tambi\u00e9n...","og_url":"https:\/\/dontacceptrape.com\/es\/no-encuentras-sexo-con-condiciones-esta-noche\/","og_site_name":"No aceptar","article_modified_time":"2022-07-20T14:32:30+00:00","og_image":[{"width":1125,"height":750,"url":"http:\/\/dontacceptrape.com\/wp-content\/uploads\/2022\/07\/datng-websites.jpeg","type":"image\/jpeg"}],"author":"Don't Accept Rape","twitter_card":"summary_large_image","twitter_misc":{"Tiempo de lectura":"3 minutos"},"schema":{"@context":"https:\/\/schema.org","@graph":[{"@type":"WebSite","@id":"https:\/\/dontacceptrape.com\/#website","url":"https:\/\/dontacceptrape.com\/","name":"No aceptar","description":"Chat de conexi\u00f3n real","potentialAction":[{"@type":"SearchAction","target":{"@type":"EntryPoint","urlTemplate":"https:\/\/dontacceptrape.com\/?s={search_term_string}"},"query-input":"required name=search_term_string"}],"inLanguage":"es"},{"@type":"ImageObject","inLanguage":"es","@id":"https:\/\/dontacceptrape.com\/es\/no-encuentras-sexo-con-condiciones-esta-noche\/#primaryimage","url":"https:\/\/dontacceptrape.com\/wp-content\/uploads\/2022\/07\/datng-websites.jpeg","contentUrl":"https:\/\/dontacceptrape.com\/wp-content\/uploads\/2022\/07\/datng-websites.jpeg","width":1125,"height":750},{"@type":"WebPage","@id":"https:\/\/dontacceptrape.com\/es\/no-encuentras-sexo-con-condiciones-esta-noche\/#webpage","url":"https:\/\/dontacceptrape.com\/es\/no-encuentras-sexo-con-condiciones-esta-noche\/","name":"\u00bfNo encuentras sexo con condiciones esta noche? - No aceptar","isPartOf":{"@id":"https:\/\/dontacceptrape.com\/#website"},"primaryImageOfPage":{"@id":"https:\/\/dontacceptrape.com\/es\/no-encuentras-sexo-con-condiciones-esta-noche\/#primaryimage"},"datePublished":"2022-07-04T10:33:15+00:00","dateModified":"2022-07-20T14:32:30+00:00","breadcrumb":{"@id":"https:\/\/dontacceptrape.com\/es\/no-encuentras-sexo-con-condiciones-esta-noche\/#breadcrumb"},"inLanguage":"es","potentialAction":[{"@type":"ReadAction","target":["https:\/\/dontacceptrape.com\/es\/no-encuentras-sexo-con-condiciones-esta-noche\/"]}]},{"@type":"BreadcrumbList","@id":"https:\/\/dontacceptrape.com\/es\/no-encuentras-sexo-con-condiciones-esta-noche\/#breadcrumb","itemListElement":[{"@type":"ListItem","position":1,"name":"Hogar","item":"http:\/\/dontacceptrape.com\/es\/"},{"@type":"ListItem","position":2,"name":"\u00bfNo encuentras sexo con condiciones esta noche?"}]}]}},"_links":{"self":[{"href":"https:\/\/dontacceptrape.com\/es\/wp-json\/wp\/v2\/pages\/200"}],"collection":[{"href":"https:\/\/dontacceptrape.com\/es\/wp-json\/wp\/v2\/pages"}],"about":[{"href":"https:\/\/dontacceptrape.com\/es\/wp-json\/wp\/v2\/types\/page"}],"author":[{"embeddable":true,"href":"https:\/\/dontacceptrape.com\/es\/wp-json\/wp\/v2\/users\/1"}],"replies":[{"embeddable":true,"href":"https:\/\/dontacceptrape.com\/es\/wp-json\/wp\/v2\/comments?post=200"}],"version-history":[{"count":2,"href":"https:\/\/dontacceptrape.com\/es\/wp-json\/wp\/v2\/pages\/200\/revisions"}],"predecessor-version":[{"id":258,"href":"https:\/\/dontacceptrape.com\/es\/wp-json\/wp\/v2\/pages\/200\/revisions\/258"}],"wp:featuredmedia":[{"embeddable":true,"href":"https:\/\/dontacceptrape.com\/es\/wp-json\/wp\/v2\/media\/74"}],"wp:attachment":[{"href":"https:\/\/dontacceptrape.com\/es\/wp-json\/wp\/v2\/media?parent=200"}],"curies":[{"name":"wp","href":"https:\/\/api.w.org\/{rel}","templated":true}]}}