{"id":214,"date":"2022-07-04T11:22:57","date_gmt":"2022-07-04T10:22:57","guid":{"rendered":"http:\/\/dontacceptrape.com\/lokale-dating-apps-welche-moeglichkeiten-haben-sie\/"},"modified":"2022-09-08T15:01:15","modified_gmt":"2022-09-08T14:01:15","slug":"lokale-dating-apps-welche-moeglichkeiten-haben-sie","status":"publish","type":"page","link":"https:\/\/dontacceptrape.com\/de\/","title":{"rendered":"Lokale Dating-Apps &#8211; Welche M\u00f6glichkeiten haben Sie?"},"content":{"rendered":"<p>In der Vergangenheit mussten die Leute auf bestimmte Websites gehen, um andere zu treffen. Heutzutage haben mobile Apps f\u00fcr den Anschluss es den Menschen jedoch leicht gemacht, in Verbindung zu bleiben und sich \u00fcber die neuesten Nachrichten und Ereignisse auf dem Laufenden zu halten. Sie k\u00f6nnen auch mit anderen Mitgliedern chatten, Fragen stellen und Ihre Erfahrungen teilen. Am wichtigsten ist, dass Sie neue Orte entdecken k\u00f6nnen, an denen Sie sich aufhalten und Leute treffen k\u00f6nnen.<\/p>\n<p>Wenn Sie nach einer Beziehung suchen, dann gibt es Dating-Sites f\u00fcr den Handel mit Nacktbildern mit einheimischen Frauen und die auf Ihre Bed\u00fcrfnisse eingehen. Einige von ihnen erm\u00f6glichen es Ihnen sogar, die Ergebnisse nach Ihren W\u00fcnschen zu filtern.<\/p>\n<p>Zum Beispiel k\u00f6nnen Sie ausw\u00e4hlen, ob Sie an Gelegenheitssex, langfristigen Beziehungen <a href=\"https:\/\/www.jerkoffforme.com\/de\/kostenlose-voyeur-webseiten\/\">cam live voyeur<\/a>. interessiert sind. Wenn Sie jemanden daten m\u00f6chten, k\u00f6nnen Sie sich die besten verf\u00fcgbaren Dating-Apps ansehen. Mit diesen Apps k\u00f6nnen Sie mit verschiedenen Filtern nach potenziellen Daten suchen, darunter Alter, Ort, Interessen, sexuelle Orientierung usw. Ein weiterer Vorteil der Verwendung von Dating-Apps ist, dass Sie mit Fremden einen geilen Chat f\u00fchren und Updates dar\u00fcber erhalten k\u00f6nnen, was in der Gegend passiert. Alles, was Sie tun m\u00fcssen, ist, eine App herunterzuladen und mit Leuten in der N\u00e4he zu chatten.<\/p>\n<p><img loading=\"lazy\" class=\"size-large wp-image-76 aligncenter\" src=\"http:\/\/dontacceptrape.com\/wp-content\/uploads\/2022\/07\/free-dating-websites-1024x683.jpeg\" alt=\"\" width=\"640\" height=\"427\" srcset=\"https:\/\/dontacceptrape.com\/wp-content\/uploads\/2022\/07\/free-dating-websites-1024x683.jpeg 1024w, https:\/\/dontacceptrape.com\/wp-content\/uploads\/2022\/07\/free-dating-websites-300x200.jpeg 300w, https:\/\/dontacceptrape.com\/wp-content\/uploads\/2022\/07\/free-dating-websites-768x512.jpeg 768w, https:\/\/dontacceptrape.com\/wp-content\/uploads\/2022\/07\/free-dating-websites.jpeg 1125w\" sizes=\"(max-width: 640px) 100vw, 640px\" \/><\/p>\n<h2>Welche M\u00f6glichkeiten haben Sie?<\/h2>\n<p>Es gibt viele verschiedene Arten von lokalen Fickseiten. Jeder Typ richtet sich an eine bestimmte Zielgruppe. Einige Websites richten sich an diejenigen, die Romantik oder Ehe suchen, w\u00e4hrend andere f\u00fcr zuf\u00e4llige Begegnungen konzipiert sind. Einige Websites konzentrieren sich auf bestimmte Altersgruppen, wie j\u00fcngere Singles oder \u00e4ltere Singles. Einige Websites sind auf ein bestimmtes Geschlecht ausgerichtet, z. B. M\u00e4nner oder Frauen.<\/p>\n<h3>Fuckbook<\/h3>\n<p>Fuckbook ist nicht wirklich kostenlos. W\u00e4hrend Sie sich f\u00fcr ein kostenloses Konto auf verschiedenen lokalen Fickseiten f\u00fcr Sie anmelden k\u00f6nnen, k\u00f6nnen Sie erst nach Ablauf des 72-st\u00fcndigen Testzeitraums Nachrichten senden oder Mitgliederprofile anzeigen. Wenn Sie es jedoch schaffen, \u00fcber die Testphase hinauszugehen, m\u00fcssen Sie f\u00fcr den Service bezahlen. Die Preise reichen von $ 6.99- $ 29.95 pro Monat, je nachdem, welche Art von Mitgliedschaft Sie w\u00e4hlen. Einige Mitgliedschaften bieten Rabatte f\u00fcr mehrere Jahre. Es gibt auch verschiedene Mitgliedschaftsstufen, die von Basic bis Advanced reichen. Basismitgliedschaften sind mit weniger Funktionen <a href=\"https:\/\/www.sexting-sites.com\/de\/\">sexting apps<\/a> und h\u00f6heren monatlichen Geb\u00fchren verbunden. Premium-Mitgliedschaften bieten zus\u00e4tzliche Vorteile und niedrigere Geb\u00fchren.<\/p>\n<p><img loading=\"lazy\" class=\"size-medium wp-image-129 aligncenter\" src=\"http:\/\/dontacceptrape.com\/wp-content\/uploads\/2022\/07\/Premium-Fuckbook-300x264.png\" alt=\"\" width=\"300\" height=\"264\" srcset=\"https:\/\/dontacceptrape.com\/wp-content\/uploads\/2022\/07\/Premium-Fuckbook-300x264.png 300w, https:\/\/dontacceptrape.com\/wp-content\/uploads\/2022\/07\/Premium-Fuckbook.png 700w\" sizes=\"(max-width: 300px) 100vw, 300px\" \/><\/p>\n<h3>Fuckbook<\/h3>\n<p>Bumble ist eine App, die zwei Menschen verbindet, die sich sonst vielleicht nicht treffen. Es gibt viele kostenlose lokale Hookups-Apps da drau\u00dfen, aber keine ist wie Bumble. Wenn sie Bumble verwenden, m\u00fcssen Frauen das Gespr\u00e4ch zuerst beginnen. M\u00e4nner k\u00f6nnen eine Nachricht senden, wenn sie m\u00f6chten, aber sie k\u00f6nnen keinen Kontakt aufnehmen. Wenn beide Parteien nach rechts wischen, werden die beiden abgeglichen und erhalten eine Benachrichtigung. Wenn keine der Parteien nach rechts wischt, endet das Gespr\u00e4ch. Sie k\u00f6nnen die App auch verwenden, um Ihren Standort mit anderen zu teilen, damit Sie sie an einem bestimmten Ort treffen k\u00f6nnen.<\/p>\n<h3>Facebook-Dating<\/h3>\n<p>Facebook hat eine eigene Dating-App namens Facebook Dating gestartet. Sie k\u00f6nnen Ihre Facebook-Profilinformationen verwenden, um ein Dating-Profil zu erstellen, das privat bleibt, es sei denn, Sie teilen es mit jemand anderem. Deine Freunde und Familie auf Facebook k\u00f6nnen nicht sehen, dass dein Profil existiert. Wenn Sie sich daf\u00fcr entscheiden, Ihr Profil zu teilen, kann es jeder anzeigen. Facebook Dating ist derzeit nur in der mobilen Facebook-Anwendung verf\u00fcgbar.<\/p>\n<h3>OurTime<\/h3>\n<p>OurTime ist eine Online-Dating-Plattform, die speziell f\u00fcr \u00e4ltere Erwachsene entwickelt wurde. Genau wie auf anderen Websites, auf denen Sie problemlos einzelne M\u00e4dchen in meiner N\u00e4he treffen k\u00f6nnen, m\u00fcssen Sie zuerst Ihr Profil ausf\u00fcllen, einschlie\u00dflich der Art von Person, die Sie suchen. Sie k\u00f6nnen auch Fotos und Videos hochladen, um anderen zu helfen, Sie besser kennenzulernen. Nachdem Sie Ihr Profil ausgef\u00fcllt haben, k\u00f6nnen Sie mit dem Durchsuchen der Profile von Hunderten von Mitgliedern beginnen. Wenn Sie jemanden sehen, den Sie treffen m\u00f6chten, k\u00f6nnen Sie direkt per SMS oder Videoanruf mit ihm chatten. Sobald Sie sich entschieden haben, ob Sie mit jemandem <a href=\"https:\/\/www.fucksites.net\/de\/kostenloses-sexting-in-meiner-naehe\/\">kostenlose sexting<\/a> sprechen m\u00f6chten oder nicht, m\u00fcssen Sie eine monatliche Geb\u00fchr von etwa 30 US-Dollar pro Monat zahlen. Das hei\u00dft, Sie k\u00f6nnen jederzeit stornieren, und Ihnen wird nichts berechnet, wenn Sie dies tun.<\/p>\n<h3>eHarmony<\/h3>\n<p>Eharmony ist eine Online-Dating-Site, die es Benutzern erm\u00f6glicht, Profile zu erstellen <a href=\"https:\/\/www.free-adult-cams.com\/de\/kostenlose-bbw-cams\/\">ssbbw cam live<\/a> und sich mit anderen Mitgliedern zu verbinden, basierend auf gemeinsamen Interessen und Vorlieben. Benutzer k\u00f6nnen Tausende potenzieller \u00dcbereinstimmungen \u00fcber erweiterte \u00dcbereinstimmungskriterien durchsuchen, einschlie\u00dflich Alter, Standort, Bildung, Religion, Beruf und Gr\u00f6\u00dfe. Nach dem Abgleich k\u00f6nnen Benutzer \u00fcber Textnachrichten, Sofort-Chat, Sprachanrufe, Video-Chats und Social-Media-Verbindungen miteinander kommunizieren. eHarmony bietet seinen Mitgliedern auch Zugang zu exklusiven Veranstaltungen, Rabatten und Sonderaktionen.<\/p>\n<h2>Was soll ich als n\u00e4chstes tun?<\/h2>\n<p>Online-Dating-Sites werden nicht so schnell verschwinden, Sie k\u00f6nnen sogar Erwachsenenspiele wie www.nosignupporngames.net ausprobieren und gleichgesinnte Singles treffen die sich anschlie\u00dfen m\u00f6chten. W\u00e4hrend viele Menschen das Gef\u00fchl haben, dass sie rausgehen und anfangen m\u00fcssen, Menschen wieder von Angesicht zu Angesicht zu treffen, ist es wichtig, sich daran zu erinnern, dass Online-Dating immer noch eine effektive M\u00f6glichkeit ist, Menschen zu treffen.<\/p>\n<p>Selbst w\u00e4hrend Covid-19 waren Dating-Apps beliebter denn je! Sie sollten in Betracht ziehen, mit ihnen zu beginnen, wenn Sie es noch nicht getan haben!<\/p>\n","protected":false},"excerpt":{"rendered":"<p>In der Vergangenheit mussten die Leute auf bestimmte Websites gehen, um andere zu treffen. Heutzutage haben mobile Apps f\u00fcr den Anschluss es den Menschen jedoch leicht gemacht, in Verbindung zu bleiben und sich \u00fcber die neuesten Nachrichten und Ereignisse auf&#8230;<\/p>\n","protected":false},"author":1,"featured_media":0,"parent":0,"menu_order":0,"comment_status":"closed","ping_status":"closed","template":"","meta":[],"yoast_head":"<!-- This site is optimized with the Yoast SEO plugin v19.2 - https:\/\/yoast.com\/wordpress\/plugins\/seo\/ -->\n<title>Lokale Dating-Apps - Welche M\u00f6glichkeiten haben Sie? - Nicht akzeptieren<\/title>\n<meta name=\"robots\" content=\"index, follow, max-snippet:-1, max-image-preview:large, max-video-preview:-1\" \/>\n<link rel=\"canonical\" href=\"https:\/\/dontacceptrape.com\/de\/\" \/>\n<meta property=\"og:locale\" content=\"de_DE\" \/>\n<meta property=\"og:type\" content=\"article\" \/>\n<meta property=\"og:title\" content=\"Lokale Dating-Apps - Welche M\u00f6glichkeiten haben Sie? - Nicht akzeptieren\" \/>\n<meta property=\"og:description\" content=\"In der Vergangenheit mussten die Leute auf bestimmte Websites gehen, um andere zu treffen. Heutzutage haben mobile Apps f\u00fcr den Anschluss es den Menschen jedoch leicht gemacht, in Verbindung zu bleiben und sich \u00fcber die neuesten Nachrichten und Ereignisse auf...\" \/>\n<meta property=\"og:url\" content=\"https:\/\/dontacceptrape.com\/de\/\" \/>\n<meta property=\"og:site_name\" content=\"Nicht akzeptieren\" \/>\n<meta property=\"article:modified_time\" content=\"2022-09-08T14:01:15+00:00\" \/>\n<meta property=\"og:image\" content=\"http:\/\/dontacceptrape.com\/wp-content\/uploads\/2022\/07\/free-dating-websites-1024x683.jpeg\" \/>\n<meta name=\"author\" content=\"Don&#039;t Accept Rape\" \/>\n<meta name=\"twitter:card\" content=\"summary_large_image\" \/>\n<meta name=\"twitter:label1\" content=\"Gesch\u00e4tzte Lesezeit\" \/>\n\t<meta name=\"twitter:data1\" content=\"5\u00a0Minuten\" \/>\n<script type=\"application\/ld+json\" class=\"yoast-schema-graph\">{\"@context\":\"https:\/\/schema.org\",\"@graph\":[{\"@type\":\"WebSite\",\"@id\":\"https:\/\/dontacceptrape.com\/#website\",\"url\":\"https:\/\/dontacceptrape.com\/\",\"name\":\"Nicht akzeptieren\",\"description\":\"Echter Hookup-Chat\",\"potentialAction\":[{\"@type\":\"SearchAction\",\"target\":{\"@type\":\"EntryPoint\",\"urlTemplate\":\"https:\/\/dontacceptrape.com\/?s={search_term_string}\"},\"query-input\":\"required name=search_term_string\"}],\"inLanguage\":\"de\"},{\"@type\":\"ImageObject\",\"inLanguage\":\"de\",\"@id\":\"https:\/\/dontacceptrape.com\/de\/#primaryimage\",\"url\":\"https:\/\/dontacceptrape.com\/wp-content\/uploads\/2022\/07\/free-dating-websites.jpeg\",\"contentUrl\":\"https:\/\/dontacceptrape.com\/wp-content\/uploads\/2022\/07\/free-dating-websites.jpeg\",\"width\":1125,\"height\":750},{\"@type\":\"WebPage\",\"@id\":\"https:\/\/dontacceptrape.com\/de\/#webpage\",\"url\":\"https:\/\/dontacceptrape.com\/de\/\",\"name\":\"Lokale Dating-Apps - Welche M\u00f6glichkeiten haben Sie? - Nicht akzeptieren\",\"isPartOf\":{\"@id\":\"https:\/\/dontacceptrape.com\/#website\"},\"primaryImageOfPage\":{\"@id\":\"https:\/\/dontacceptrape.com\/de\/#primaryimage\"},\"datePublished\":\"2022-07-04T10:22:57+00:00\",\"dateModified\":\"2022-09-08T14:01:15+00:00\",\"breadcrumb\":{\"@id\":\"https:\/\/dontacceptrape.com\/de\/#breadcrumb\"},\"inLanguage\":\"de\",\"potentialAction\":[{\"@type\":\"ReadAction\",\"target\":[\"https:\/\/dontacceptrape.com\/de\/\"]}]},{\"@type\":\"BreadcrumbList\",\"@id\":\"https:\/\/dontacceptrape.com\/de\/#breadcrumb\",\"itemListElement\":[{\"@type\":\"ListItem\",\"position\":1,\"name\":\"Heim\",\"item\":\"http:\/\/dontacceptrape.com\/de\/\"},{\"@type\":\"ListItem\",\"position\":2,\"name\":\"Lokale Dating-Apps &#8211; Welche M\u00f6glichkeiten haben Sie?\"}]}]}<\/script>\n<!-- \/ Yoast SEO plugin. -->","yoast_head_json":{"title":"Lokale Dating-Apps - Welche M\u00f6glichkeiten haben Sie? - Nicht akzeptieren","robots":{"index":"index","follow":"follow","max-snippet":"max-snippet:-1","max-image-preview":"max-image-preview:large","max-video-preview":"max-video-preview:-1"},"canonical":"https:\/\/dontacceptrape.com\/de\/","og_locale":"de_DE","og_type":"article","og_title":"Lokale Dating-Apps - Welche M\u00f6glichkeiten haben Sie? - Nicht akzeptieren","og_description":"In der Vergangenheit mussten die Leute auf bestimmte Websites gehen, um andere zu treffen. Heutzutage haben mobile Apps f\u00fcr den Anschluss es den Menschen jedoch leicht gemacht, in Verbindung zu bleiben und sich \u00fcber die neuesten Nachrichten und Ereignisse auf...","og_url":"https:\/\/dontacceptrape.com\/de\/","og_site_name":"Nicht akzeptieren","article_modified_time":"2022-09-08T14:01:15+00:00","og_image":[{"url":"http:\/\/dontacceptrape.com\/wp-content\/uploads\/2022\/07\/free-dating-websites-1024x683.jpeg"}],"author":"Don't Accept Rape","twitter_card":"summary_large_image","twitter_misc":{"Gesch\u00e4tzte Lesezeit":"5\u00a0Minuten"},"schema":{"@context":"https:\/\/schema.org","@graph":[{"@type":"WebSite","@id":"https:\/\/dontacceptrape.com\/#website","url":"https:\/\/dontacceptrape.com\/","name":"Nicht akzeptieren","description":"Echter Hookup-Chat","potentialAction":[{"@type":"SearchAction","target":{"@type":"EntryPoint","urlTemplate":"https:\/\/dontacceptrape.com\/?s={search_term_string}"},"query-input":"required name=search_term_string"}],"inLanguage":"de"},{"@type":"ImageObject","inLanguage":"de","@id":"https:\/\/dontacceptrape.com\/de\/#primaryimage","url":"https:\/\/dontacceptrape.com\/wp-content\/uploads\/2022\/07\/free-dating-websites.jpeg","contentUrl":"https:\/\/dontacceptrape.com\/wp-content\/uploads\/2022\/07\/free-dating-websites.jpeg","width":1125,"height":750},{"@type":"WebPage","@id":"https:\/\/dontacceptrape.com\/de\/#webpage","url":"https:\/\/dontacceptrape.com\/de\/","name":"Lokale Dating-Apps - Welche M\u00f6glichkeiten haben Sie? - Nicht akzeptieren","isPartOf":{"@id":"https:\/\/dontacceptrape.com\/#website"},"primaryImageOfPage":{"@id":"https:\/\/dontacceptrape.com\/de\/#primaryimage"},"datePublished":"2022-07-04T10:22:57+00:00","dateModified":"2022-09-08T14:01:15+00:00","breadcrumb":{"@id":"https:\/\/dontacceptrape.com\/de\/#breadcrumb"},"inLanguage":"de","potentialAction":[{"@type":"ReadAction","target":["https:\/\/dontacceptrape.com\/de\/"]}]},{"@type":"BreadcrumbList","@id":"https:\/\/dontacceptrape.com\/de\/#breadcrumb","itemListElement":[{"@type":"ListItem","position":1,"name":"Heim","item":"http:\/\/dontacceptrape.com\/de\/"},{"@type":"ListItem","position":2,"name":"Lokale Dating-Apps &#8211; Welche M\u00f6glichkeiten haben Sie?"}]}]}},"_links":{"self":[{"href":"https:\/\/dontacceptrape.com\/de\/wp-json\/wp\/v2\/pages\/214"}],"collection":[{"href":"https:\/\/dontacceptrape.com\/de\/wp-json\/wp\/v2\/pages"}],"about":[{"href":"https:\/\/dontacceptrape.com\/de\/wp-json\/wp\/v2\/types\/page"}],"author":[{"embeddable":true,"href":"https:\/\/dontacceptrape.com\/de\/wp-json\/wp\/v2\/users\/1"}],"replies":[{"embeddable":true,"href":"https:\/\/dontacceptrape.com\/de\/wp-json\/wp\/v2\/comments?post=214"}],"version-history":[{"count":4,"href":"https:\/\/dontacceptrape.com\/de\/wp-json\/wp\/v2\/pages\/214\/revisions"}],"predecessor-version":[{"id":278,"href":"https:\/\/dontacceptrape.com\/de\/wp-json\/wp\/v2\/pages\/214\/revisions\/278"}],"wp:attachment":[{"href":"https:\/\/dontacceptrape.com\/de\/wp-json\/wp\/v2\/media?parent=214"}],"curies":[{"name":"wp","href":"https:\/\/api.w.org\/{rel}","templated":true}]}}