{"id":206,"date":"2022-07-04T11:30:26","date_gmt":"2022-07-04T10:30:26","guid":{"rendered":"http:\/\/dontacceptrape.com\/kostenlose-sexting-websites-fuer-singles\/"},"modified":"2022-07-20T17:55:20","modified_gmt":"2022-07-20T16:55:20","slug":"kostenlose-sexting-websites-fuer-singles","status":"publish","type":"page","link":"https:\/\/dontacceptrape.com\/de\/kostenlose-sexting-websites-fuer-singles\/","title":{"rendered":"Kostenlose Sexting-Websites f\u00fcr Singles"},"content":{"rendered":"<p>Die besten kostenlosen Sexing-Sites sind hier, um eine gewisse Erleichterung zu bieten, wenn Sie mit jemandem online unartig werden m\u00f6chten, der es mit Ihrem K\u00f6rper aufnehmen m\u00f6chte. Auf diesen Websites und Apps k\u00f6nnen Sie einige sexy Sext-Chats mit anderen f\u00fchren, die Spa\u00df mit Ihnen suchen. Unsere Top-4-Liste <a href=\"https:\/\/www.no-strings-attached-sex.com\/de\/kostenloses-sexting-ohne-anmeldung\/\">kostenloses sexting<\/a> hat alles, um Sie mit Worten verr\u00fcckt zu machen!<\/p>\n<h2>Suche nach Freunden f\u00fcr Erwachsene<\/h2>\n<p>AFF wurde entwickelt, um ein unterhaltsamer Ort zu sein, um gleichgesinnte Erwachsene zu treffen, <a href=\"https:\/\/dontacceptrape.com\/de\/lokale-dating-clubs-fuer-erwachsene\/\">die nach Liebe suchen<\/a>. Sie k\u00f6nnen auch mit anderen Benutzern \u00fcber alles unter der Sonne chatten, einschlie\u00dflich Politik, Religion, Sex, Sport oder einfach nur allgemeine Lebensthemen. Wenn Sie daran interessiert sind, jemanden zu treffen, der etwas Besonderes ist, k\u00f6nnen Sie sich auf einen Kaffee oder ein Getr\u00e4nk verabreden.<\/p>\n<h2>Jerkmate<\/h2>\n<p>Jerkmate ist eine Webcam-Site f\u00fcr Erwachsene, auf der Sie erotische Videos mit echten Amateurm\u00e4dchen und -jungen ansehen k\u00f6nnen. Sie k\u00f6nnen auch \u00fcber Textnachrichten, Audioanrufe und Video-Chat mit ihnen interagieren. Wenn Sie nackte K\u00f6rper sehen wollen, dann ist dies der Ort, an den Seeking to go gehen soll! Eine Website gibt es, dass Tausende verbindet von reichen sexy M\u00e4nnern Models suchen von f\u00fcr alle jungen M\u00e4dchen die zu Welt, mieten und sie dort drau\u00dfen ist f\u00fcr etwas Sex. denn es sind alle. Egal, ob Sie sehr beliebt sind bevorzugen Wahl solo unter den Shows diejenigen oder die Hardcore wollen Action, zu gehen Sie wird dar\u00fcber <a href=\"http:\/\/www.nsa-hookup.net\/de\/lokale-milfs-in-meiner-naehe\/\">milfs in der n\u00e4he<\/a> hinaus nur es l\u00e4ssig alle Seitenspr\u00fcnge finden. richtig, wenn hier. Sie chatten nicht ist in sehr diese einfache Art und von schnell. Ding, Sie k\u00f6nnen dort viele w\u00e4hlen, um andere Profile zu sehen, Optionen senden verf\u00fcgbar. Nachrichten, Einige und Websites stellen Fragen kostenlos, w\u00e4hrend alles, was andere damit zu tun haben, die Registrierung der Geb\u00fchren erfordert.<\/p>\n<h2>Ashley Madison<\/h2>\n<p>Ashley Madison (AM) ist eine der besten kostenlosen Dating-Apps, die heute online verf\u00fcgbar sind. Wenn Sie nach einer diskreten Aff\u00e4re mit einer verheirateten Frau oder einem verheirateten Mann suchen, ist AM wahrscheinlich der richtige Ort f\u00fcr Sie. Als App, die speziell f\u00fcr betr\u00fcgende Ehepartner entwickelt wurde, bietet sie viele Vorteile gegen\u00fcber ihren Mitbewerbern. Im Gegensatz zu anderen Dating-Apps <a href=\"https:\/\/www.adultsexsites.org\/de\/beste-fuck-seiten\/\">treffen und ficken<\/a> erfordert AM nicht, dass Benutzer pers\u00f6nliche Informationen teilen, was es zu einer der sichereren Optionen macht. Sie k\u00f6nnen mit anderen Benutzern flirten, ohne Ihre wahre Identit\u00e4t und Ihren Standort zu teilen, w\u00e4hrend Sie sich weiterhin \u00fcber eine Webcam mit anderen verbinden k\u00f6nnen. Es gibt sogar einen Abschnitt auf der Website, der Ihnen hilft, sicher zu betr\u00fcgen.<\/p>\n<h2>Suchend<\/h2>\n<p>Seeking ist eine Dating-Website, die es Benutzern erm\u00f6glicht, sich mit anderen Personen zu verbinden, die nach diskreten Beziehungen suchen. Sie k\u00f6nnen w\u00e4hlen, ob Sie ein Konto kostenlos erstellen m\u00f6chten oder ob Sie lieber mit Kryptow\u00e4hrung bezahlen m\u00f6chten, um auf Premium-Funktionen zuzugreifen. Wenn Sie es ernst meinen, Liebe online zu finden, dann k\u00f6nnte Seeking genau das sein, was Sie brauchen.<\/p>\n<h2>Sollten Sie mit Sexting beginnen?<\/h2>\n<p>Sie m\u00fcssen sich nie Sorgen machen, dass Ihr Partner hinter verschlossenen T\u00fcren herausfindet, was Sie tun. Ihr Partner wird v\u00f6llig sicher sein, weil er sich in Echtzeit vor Ihren Augen f\u00fcr Sie nackt macht! Sie werden auch in der Lage sein, alles zu sehen, was Ihr Partner mit seinem K\u00f6rper macht, einschlie\u00dflich des Spielens mit seinen Br\u00fcsten, des Fingerns von sich selbst, des Masturbierens und sogar des Abspritzens.<\/p>\n","protected":false},"excerpt":{"rendered":"<p>Die besten kostenlosen Sexing-Sites sind hier, um eine gewisse Erleichterung zu bieten, wenn Sie mit jemandem online unartig werden m\u00f6chten, der es mit Ihrem K\u00f6rper aufnehmen m\u00f6chte. Auf diesen Websites und Apps k\u00f6nnen Sie einige sexy Sext-Chats mit anderen f\u00fchren,&#8230;<\/p>\n","protected":false},"author":1,"featured_media":90,"parent":0,"menu_order":0,"comment_status":"closed","ping_status":"closed","template":"","meta":[],"yoast_head":"<!-- This site is optimized with the Yoast SEO plugin v19.2 - https:\/\/yoast.com\/wordpress\/plugins\/seo\/ -->\n<title>Kostenlose Sexting-Websites f\u00fcr Singles - Nicht akzeptieren<\/title>\n<meta name=\"robots\" content=\"index, follow, max-snippet:-1, max-image-preview:large, max-video-preview:-1\" \/>\n<link rel=\"canonical\" href=\"https:\/\/dontacceptrape.com\/de\/kostenlose-sexting-websites-fuer-singles\/\" \/>\n<meta property=\"og:locale\" content=\"de_DE\" \/>\n<meta property=\"og:type\" content=\"article\" \/>\n<meta property=\"og:title\" content=\"Kostenlose Sexting-Websites f\u00fcr Singles - Nicht akzeptieren\" \/>\n<meta property=\"og:description\" content=\"Die besten kostenlosen Sexing-Sites sind hier, um eine gewisse Erleichterung zu bieten, wenn Sie mit jemandem online unartig werden m\u00f6chten, der es mit Ihrem K\u00f6rper aufnehmen m\u00f6chte. Auf diesen Websites und Apps k\u00f6nnen Sie einige sexy Sext-Chats mit anderen f\u00fchren,...\" \/>\n<meta property=\"og:url\" content=\"https:\/\/dontacceptrape.com\/de\/kostenlose-sexting-websites-fuer-singles\/\" \/>\n<meta property=\"og:site_name\" content=\"Nicht akzeptieren\" \/>\n<meta property=\"article:modified_time\" content=\"2022-07-20T16:55:20+00:00\" \/>\n<meta property=\"og:image\" content=\"https:\/\/dontacceptrape.com\/wp-content\/uploads\/2022\/07\/local-dating.jpeg\" \/>\n\t<meta property=\"og:image:width\" content=\"500\" \/>\n\t<meta property=\"og:image:height\" content=\"750\" \/>\n\t<meta property=\"og:image:type\" content=\"image\/jpeg\" \/>\n<meta name=\"author\" content=\"Don&#039;t Accept Rape\" \/>\n<meta name=\"twitter:card\" content=\"summary_large_image\" \/>\n<meta name=\"twitter:label1\" content=\"Gesch\u00e4tzte Lesezeit\" \/>\n\t<meta name=\"twitter:data1\" content=\"3\u00a0Minuten\" \/>\n<script type=\"application\/ld+json\" class=\"yoast-schema-graph\">{\"@context\":\"https:\/\/schema.org\",\"@graph\":[{\"@type\":\"WebSite\",\"@id\":\"http:\/\/dontacceptrape.com\/es\/#website\",\"url\":\"http:\/\/dontacceptrape.com\/es\/\",\"name\":\"Nicht akzeptieren\",\"description\":\"Echter Hookup-Chat\",\"potentialAction\":[{\"@type\":\"SearchAction\",\"target\":{\"@type\":\"EntryPoint\",\"urlTemplate\":\"http:\/\/dontacceptrape.com\/es\/?s={search_term_string}\"},\"query-input\":\"required name=search_term_string\"}],\"inLanguage\":\"de\"},{\"@type\":\"ImageObject\",\"inLanguage\":\"de\",\"@id\":\"https:\/\/dontacceptrape.com\/de\/kostenlose-sexting-websites-fuer-singles\/#primaryimage\",\"url\":\"https:\/\/dontacceptrape.com\/wp-content\/uploads\/2022\/07\/local-dating.jpeg\",\"contentUrl\":\"https:\/\/dontacceptrape.com\/wp-content\/uploads\/2022\/07\/local-dating.jpeg\",\"width\":500,\"height\":750},{\"@type\":\"WebPage\",\"@id\":\"https:\/\/dontacceptrape.com\/de\/kostenlose-sexting-websites-fuer-singles\/#webpage\",\"url\":\"https:\/\/dontacceptrape.com\/de\/kostenlose-sexting-websites-fuer-singles\/\",\"name\":\"Kostenlose Sexting-Websites f\u00fcr Singles - Nicht akzeptieren\",\"isPartOf\":{\"@id\":\"http:\/\/dontacceptrape.com\/es\/#website\"},\"primaryImageOfPage\":{\"@id\":\"https:\/\/dontacceptrape.com\/de\/kostenlose-sexting-websites-fuer-singles\/#primaryimage\"},\"datePublished\":\"2022-07-04T10:30:26+00:00\",\"dateModified\":\"2022-07-20T16:55:20+00:00\",\"breadcrumb\":{\"@id\":\"https:\/\/dontacceptrape.com\/de\/kostenlose-sexting-websites-fuer-singles\/#breadcrumb\"},\"inLanguage\":\"de\",\"potentialAction\":[{\"@type\":\"ReadAction\",\"target\":[\"https:\/\/dontacceptrape.com\/de\/kostenlose-sexting-websites-fuer-singles\/\"]}]},{\"@type\":\"BreadcrumbList\",\"@id\":\"https:\/\/dontacceptrape.com\/de\/kostenlose-sexting-websites-fuer-singles\/#breadcrumb\",\"itemListElement\":[{\"@type\":\"ListItem\",\"position\":1,\"name\":\"Heim\",\"item\":\"https:\/\/dontacceptrape.com\/de\/\"},{\"@type\":\"ListItem\",\"position\":2,\"name\":\"Kostenlose Sexting-Websites f\u00fcr Singles\"}]}]}<\/script>\n<!-- \/ Yoast SEO plugin. -->","yoast_head_json":{"title":"Kostenlose Sexting-Websites f\u00fcr Singles - Nicht akzeptieren","robots":{"index":"index","follow":"follow","max-snippet":"max-snippet:-1","max-image-preview":"max-image-preview:large","max-video-preview":"max-video-preview:-1"},"canonical":"https:\/\/dontacceptrape.com\/de\/kostenlose-sexting-websites-fuer-singles\/","og_locale":"de_DE","og_type":"article","og_title":"Kostenlose Sexting-Websites f\u00fcr Singles - Nicht akzeptieren","og_description":"Die besten kostenlosen Sexing-Sites sind hier, um eine gewisse Erleichterung zu bieten, wenn Sie mit jemandem online unartig werden m\u00f6chten, der es mit Ihrem K\u00f6rper aufnehmen m\u00f6chte. Auf diesen Websites und Apps k\u00f6nnen Sie einige sexy Sext-Chats mit anderen f\u00fchren,...","og_url":"https:\/\/dontacceptrape.com\/de\/kostenlose-sexting-websites-fuer-singles\/","og_site_name":"Nicht akzeptieren","article_modified_time":"2022-07-20T16:55:20+00:00","og_image":[{"width":500,"height":750,"url":"https:\/\/dontacceptrape.com\/wp-content\/uploads\/2022\/07\/local-dating.jpeg","type":"image\/jpeg"}],"author":"Don't Accept Rape","twitter_card":"summary_large_image","twitter_misc":{"Gesch\u00e4tzte Lesezeit":"3\u00a0Minuten"},"schema":{"@context":"https:\/\/schema.org","@graph":[{"@type":"WebSite","@id":"http:\/\/dontacceptrape.com\/es\/#website","url":"http:\/\/dontacceptrape.com\/es\/","name":"Nicht akzeptieren","description":"Echter Hookup-Chat","potentialAction":[{"@type":"SearchAction","target":{"@type":"EntryPoint","urlTemplate":"http:\/\/dontacceptrape.com\/es\/?s={search_term_string}"},"query-input":"required name=search_term_string"}],"inLanguage":"de"},{"@type":"ImageObject","inLanguage":"de","@id":"https:\/\/dontacceptrape.com\/de\/kostenlose-sexting-websites-fuer-singles\/#primaryimage","url":"https:\/\/dontacceptrape.com\/wp-content\/uploads\/2022\/07\/local-dating.jpeg","contentUrl":"https:\/\/dontacceptrape.com\/wp-content\/uploads\/2022\/07\/local-dating.jpeg","width":500,"height":750},{"@type":"WebPage","@id":"https:\/\/dontacceptrape.com\/de\/kostenlose-sexting-websites-fuer-singles\/#webpage","url":"https:\/\/dontacceptrape.com\/de\/kostenlose-sexting-websites-fuer-singles\/","name":"Kostenlose Sexting-Websites f\u00fcr Singles - Nicht akzeptieren","isPartOf":{"@id":"http:\/\/dontacceptrape.com\/es\/#website"},"primaryImageOfPage":{"@id":"https:\/\/dontacceptrape.com\/de\/kostenlose-sexting-websites-fuer-singles\/#primaryimage"},"datePublished":"2022-07-04T10:30:26+00:00","dateModified":"2022-07-20T16:55:20+00:00","breadcrumb":{"@id":"https:\/\/dontacceptrape.com\/de\/kostenlose-sexting-websites-fuer-singles\/#breadcrumb"},"inLanguage":"de","potentialAction":[{"@type":"ReadAction","target":["https:\/\/dontacceptrape.com\/de\/kostenlose-sexting-websites-fuer-singles\/"]}]},{"@type":"BreadcrumbList","@id":"https:\/\/dontacceptrape.com\/de\/kostenlose-sexting-websites-fuer-singles\/#breadcrumb","itemListElement":[{"@type":"ListItem","position":1,"name":"Heim","item":"https:\/\/dontacceptrape.com\/de\/"},{"@type":"ListItem","position":2,"name":"Kostenlose Sexting-Websites f\u00fcr Singles"}]}]}},"_links":{"self":[{"href":"https:\/\/dontacceptrape.com\/de\/wp-json\/wp\/v2\/pages\/206"}],"collection":[{"href":"https:\/\/dontacceptrape.com\/de\/wp-json\/wp\/v2\/pages"}],"about":[{"href":"https:\/\/dontacceptrape.com\/de\/wp-json\/wp\/v2\/types\/page"}],"author":[{"embeddable":true,"href":"https:\/\/dontacceptrape.com\/de\/wp-json\/wp\/v2\/users\/1"}],"replies":[{"embeddable":true,"href":"https:\/\/dontacceptrape.com\/de\/wp-json\/wp\/v2\/comments?post=206"}],"version-history":[{"count":2,"href":"https:\/\/dontacceptrape.com\/de\/wp-json\/wp\/v2\/pages\/206\/revisions"}],"predecessor-version":[{"id":265,"href":"https:\/\/dontacceptrape.com\/de\/wp-json\/wp\/v2\/pages\/206\/revisions\/265"}],"wp:featuredmedia":[{"embeddable":true,"href":"https:\/\/dontacceptrape.com\/de\/wp-json\/wp\/v2\/media\/90"}],"wp:attachment":[{"href":"https:\/\/dontacceptrape.com\/de\/wp-json\/wp\/v2\/media?parent=206"}],"curies":[{"name":"wp","href":"https:\/\/api.w.org\/{rel}","templated":true}]}}