{"id":187,"date":"2022-07-04T11:35:30","date_gmt":"2022-07-04T10:35:30","guid":{"rendered":"http:\/\/dontacceptrape.com\/lokale-dating-clubs-fuer-erwachsene\/"},"modified":"2022-07-04T11:35:30","modified_gmt":"2022-07-04T10:35:30","slug":"lokale-dating-clubs-fuer-erwachsene","status":"publish","type":"page","link":"https:\/\/dontacceptrape.com\/de\/lokale-dating-clubs-fuer-erwachsene\/","title":{"rendered":"Lokale Dating-Clubs f\u00fcr Erwachsene"},"content":{"rendered":"<p>Hookups sind gro\u00dfartig, weil sie schnell, bequem und anonym sind. Aber es gibt einen Nachteil: Sie sind nicht sehr sicher. Hookups werden in der Regel \u00fcber Online-Dating-Websites durchgef\u00fchrt, auf denen sich die Nutzer aufgrund gemeinsamer Interessen treffen. Aber diese Websites werden von keiner Regierungsbeh\u00f6rde reguliert, so dass sie verwendet werden k\u00f6nnen, um sexuelle Begegnungen zwischen Fremden zu arrangieren. Und da die meisten Verbindungen au\u00dferhalb der physischen Welt stattfinden, beinhalten sie oft illegale Aktivit\u00e4ten wie Prostitution und Menschenhandel.<\/p>\n<p>Wenn Sie nach einem sichereren Weg suchen, um gelegentliche Sexpartner zu finden, sollten Sie einem lokalen Erwachsenenclub beitreten. Erwachsenenclubs sind soziale Orte, an denen Mitglieder andere treffen k\u00f6nnen, die \u00e4hnliche Interessen teilen. Erwachsenenclubs werden in der Regel von privaten Organisationen betrieben, so dass sie nicht den gleichen Vorschriften unterliegen wie Online-Dating-Websites. Au\u00dferdem bieten sie eine intimere Umgebung als \u00f6ffentliche Parks oder Bars, was sie zu einem besseren Ort macht, um Leute zu treffen.<\/p>\n<h2>Warum Online-Dating der Weg in die Zukunft sein k\u00f6nnte<\/h2>\n<p>W\u00e4hrend Erwachsenenclubs wie eine sicherere Option als Online-Dating erscheinen m\u00f6gen, bergen sie immer noch Risiken. Mitglieder m\u00fcssen mindestens 18 Jahre alt sein und w\u00e4hrend der sexuellen Aktivit\u00e4t Kondome verwenden. Wenn Sie sich also Sorgen um die Sicherheit machen, probieren Sie einen Erwachsenenclub anstelle von Online-Dating aus. Casual Dating ist eine Art von Beziehung, bei der zwei Menschen, die nicht romantisch involviert sind, beschlie\u00dfen, sich beil\u00e4ufig zu verabreden.<\/p>\n<p>Dies unterscheidet sich von einer traditionellen romantischen Beziehung, da es keine Verpflichtung gibt, nur einen gelegentlichen Seitensprung. Casual Dating kann sehr angenehm sein, aber es ist nicht dazu gedacht, f\u00fcr immer zu dauern. Es gibt viele Arten von Gelegenheitsbeziehungen, einschlie\u00dflich Freunde mit Vorteilen, Freunde mit Vorteilen, gemeinsame Freunde, Freunde mit Vorteilen und Freunde mit Vorteilen.<\/p>\n<p>Wenn Sie sich f\u00fcr Casual Dating interessieren, sollten Sie sich \u00fcber die verschiedenen Arten von Gelegenheitsbeziehungen informieren. Dann k\u00f6nnen Sie herausfinden, welche f\u00fcr Sie am besten geeignet ist. Das hei\u00dft, Hookups sind immer noch eine bequeme M\u00f6glichkeit, gelegentliche Sexpartner zu finden. Wenn Sie also nach einer diskreten M\u00f6glichkeit suchen, Leute zu treffen, sind Hookups einen Besuch wert.<\/p>\n<h2>Treffen Sie sich f\u00fcr eine Verbindung<\/h2>\n<p>Wenn Sie sich entscheiden, Verbindungen auszuprobieren, finden Sie hier einige <a href=\"http:\/\/dontacceptrape.com\/de\/kostenlose-sex-kontaktanzeigen\/\">Tipps<\/a>, mit denen Sie vermeiden k\u00f6nnen, betrogen oder verletzt zu werden.<\/p>\n<p>Wenn Sie diesen Arten von Websites beitreten, werden Sie andere finden, die genau wie Sie sind &#8211; Leute, die nach zwanglosem Dating suchen.<\/p>\n<p>Sobald Sie eine Gruppe von Menschen gefunden haben, die Ihr Interesse an Casual Dating teilen, k\u00f6nnen Sie sie als Referenzen verwenden, wenn Sie auf Dates gehen. Sie k\u00f6nnen Ihnen sagen, was im Casual Dating funktioniert und was nicht, und sie k\u00f6nnen Ihnen helfen, h\u00e4ufige Fehler zu vermeiden.<\/p>\n<p>Eines der wichtigsten Dinge, an die man sich erinnern sollte, wenn man auf zwanglose Dates geht, ist, die Dinge unbeschwert zu halten. Nimm dich selbst nicht zu ernst. Sei du selbst und lass deine Pers\u00f6nlichkeit durchscheinen.<\/p>\n<p>Denken Sie daran, Casual Dating ist nicht ernst. Es soll Spa\u00df machen, nicht stressig. Also entspannen Sie sich und haben Sie Spa\u00df!<\/p>\n","protected":false},"excerpt":{"rendered":"<p>Hookups sind gro\u00dfartig, weil sie schnell, bequem und anonym sind. Aber es gibt einen Nachteil: Sie sind nicht sehr sicher. Hookups werden in der Regel \u00fcber Online-Dating-Websites durchgef\u00fchrt, auf denen sich die Nutzer aufgrund gemeinsamer Interessen treffen. Aber diese Websites&#8230;<\/p>\n","protected":false},"author":1,"featured_media":100,"parent":0,"menu_order":0,"comment_status":"closed","ping_status":"closed","template":"","meta":[],"yoast_head":"<!-- This site is optimized with the Yoast SEO plugin v19.2 - https:\/\/yoast.com\/wordpress\/plugins\/seo\/ -->\n<title>Lokale Dating-Clubs f\u00fcr Erwachsene - Nicht akzeptieren<\/title>\n<meta name=\"robots\" content=\"index, follow, max-snippet:-1, max-image-preview:large, max-video-preview:-1\" \/>\n<link rel=\"canonical\" href=\"https:\/\/dontacceptrape.com\/de\/lokale-dating-clubs-fuer-erwachsene\/\" \/>\n<meta property=\"og:locale\" content=\"de_DE\" \/>\n<meta property=\"og:type\" content=\"article\" \/>\n<meta property=\"og:title\" content=\"Lokale Dating-Clubs f\u00fcr Erwachsene - Nicht akzeptieren\" \/>\n<meta property=\"og:description\" content=\"Hookups sind gro\u00dfartig, weil sie schnell, bequem und anonym sind. Aber es gibt einen Nachteil: Sie sind nicht sehr sicher. Hookups werden in der Regel \u00fcber Online-Dating-Websites durchgef\u00fchrt, auf denen sich die Nutzer aufgrund gemeinsamer Interessen treffen. Aber diese Websites...\" \/>\n<meta property=\"og:url\" content=\"https:\/\/dontacceptrape.com\/de\/lokale-dating-clubs-fuer-erwachsene\/\" \/>\n<meta property=\"og:site_name\" content=\"Nicht akzeptieren\" \/>\n<meta property=\"og:image\" content=\"http:\/\/dontacceptrape.com\/wp-content\/uploads\/2022\/07\/online-date.jpeg\" \/>\n\t<meta property=\"og:image:width\" content=\"1260\" \/>\n\t<meta property=\"og:image:height\" content=\"709\" \/>\n\t<meta property=\"og:image:type\" content=\"image\/jpeg\" \/>\n<meta name=\"author\" content=\"Don&#039;t Accept Rape\" \/>\n<meta name=\"twitter:card\" content=\"summary_large_image\" \/>\n<meta name=\"twitter:label1\" content=\"Gesch\u00e4tzte Lesezeit\" \/>\n\t<meta name=\"twitter:data1\" content=\"3\u00a0Minuten\" \/>\n<script type=\"application\/ld+json\" class=\"yoast-schema-graph\">{\"@context\":\"https:\/\/schema.org\",\"@graph\":[{\"@type\":\"WebSite\",\"@id\":\"https:\/\/dontacceptrape.com\/#website\",\"url\":\"https:\/\/dontacceptrape.com\/\",\"name\":\"Nicht akzeptieren\",\"description\":\"Echter Hookup-Chat\",\"potentialAction\":[{\"@type\":\"SearchAction\",\"target\":{\"@type\":\"EntryPoint\",\"urlTemplate\":\"https:\/\/dontacceptrape.com\/?s={search_term_string}\"},\"query-input\":\"required name=search_term_string\"}],\"inLanguage\":\"de\"},{\"@type\":\"ImageObject\",\"inLanguage\":\"de\",\"@id\":\"https:\/\/dontacceptrape.com\/de\/lokale-dating-clubs-fuer-erwachsene\/#primaryimage\",\"url\":\"https:\/\/dontacceptrape.com\/wp-content\/uploads\/2022\/07\/online-date.jpeg\",\"contentUrl\":\"https:\/\/dontacceptrape.com\/wp-content\/uploads\/2022\/07\/online-date.jpeg\",\"width\":1260,\"height\":709},{\"@type\":\"WebPage\",\"@id\":\"https:\/\/dontacceptrape.com\/de\/lokale-dating-clubs-fuer-erwachsene\/#webpage\",\"url\":\"https:\/\/dontacceptrape.com\/de\/lokale-dating-clubs-fuer-erwachsene\/\",\"name\":\"Lokale Dating-Clubs f\u00fcr Erwachsene - Nicht akzeptieren\",\"isPartOf\":{\"@id\":\"https:\/\/dontacceptrape.com\/#website\"},\"primaryImageOfPage\":{\"@id\":\"https:\/\/dontacceptrape.com\/de\/lokale-dating-clubs-fuer-erwachsene\/#primaryimage\"},\"datePublished\":\"2022-07-04T10:35:30+00:00\",\"dateModified\":\"2022-07-04T10:35:30+00:00\",\"breadcrumb\":{\"@id\":\"https:\/\/dontacceptrape.com\/de\/lokale-dating-clubs-fuer-erwachsene\/#breadcrumb\"},\"inLanguage\":\"de\",\"potentialAction\":[{\"@type\":\"ReadAction\",\"target\":[\"https:\/\/dontacceptrape.com\/de\/lokale-dating-clubs-fuer-erwachsene\/\"]}]},{\"@type\":\"BreadcrumbList\",\"@id\":\"https:\/\/dontacceptrape.com\/de\/lokale-dating-clubs-fuer-erwachsene\/#breadcrumb\",\"itemListElement\":[{\"@type\":\"ListItem\",\"position\":1,\"name\":\"Heim\",\"item\":\"http:\/\/dontacceptrape.com\/de\/\"},{\"@type\":\"ListItem\",\"position\":2,\"name\":\"Lokale Dating-Clubs f\u00fcr Erwachsene\"}]}]}<\/script>\n<!-- \/ Yoast SEO plugin. -->","yoast_head_json":{"title":"Lokale Dating-Clubs f\u00fcr Erwachsene - Nicht akzeptieren","robots":{"index":"index","follow":"follow","max-snippet":"max-snippet:-1","max-image-preview":"max-image-preview:large","max-video-preview":"max-video-preview:-1"},"canonical":"https:\/\/dontacceptrape.com\/de\/lokale-dating-clubs-fuer-erwachsene\/","og_locale":"de_DE","og_type":"article","og_title":"Lokale Dating-Clubs f\u00fcr Erwachsene - Nicht akzeptieren","og_description":"Hookups sind gro\u00dfartig, weil sie schnell, bequem und anonym sind. Aber es gibt einen Nachteil: Sie sind nicht sehr sicher. Hookups werden in der Regel \u00fcber Online-Dating-Websites durchgef\u00fchrt, auf denen sich die Nutzer aufgrund gemeinsamer Interessen treffen. Aber diese Websites...","og_url":"https:\/\/dontacceptrape.com\/de\/lokale-dating-clubs-fuer-erwachsene\/","og_site_name":"Nicht akzeptieren","og_image":[{"width":1260,"height":709,"url":"http:\/\/dontacceptrape.com\/wp-content\/uploads\/2022\/07\/online-date.jpeg","type":"image\/jpeg"}],"author":"Don't Accept Rape","twitter_card":"summary_large_image","twitter_misc":{"Gesch\u00e4tzte Lesezeit":"3\u00a0Minuten"},"schema":{"@context":"https:\/\/schema.org","@graph":[{"@type":"WebSite","@id":"https:\/\/dontacceptrape.com\/#website","url":"https:\/\/dontacceptrape.com\/","name":"Nicht akzeptieren","description":"Echter Hookup-Chat","potentialAction":[{"@type":"SearchAction","target":{"@type":"EntryPoint","urlTemplate":"https:\/\/dontacceptrape.com\/?s={search_term_string}"},"query-input":"required name=search_term_string"}],"inLanguage":"de"},{"@type":"ImageObject","inLanguage":"de","@id":"https:\/\/dontacceptrape.com\/de\/lokale-dating-clubs-fuer-erwachsene\/#primaryimage","url":"https:\/\/dontacceptrape.com\/wp-content\/uploads\/2022\/07\/online-date.jpeg","contentUrl":"https:\/\/dontacceptrape.com\/wp-content\/uploads\/2022\/07\/online-date.jpeg","width":1260,"height":709},{"@type":"WebPage","@id":"https:\/\/dontacceptrape.com\/de\/lokale-dating-clubs-fuer-erwachsene\/#webpage","url":"https:\/\/dontacceptrape.com\/de\/lokale-dating-clubs-fuer-erwachsene\/","name":"Lokale Dating-Clubs f\u00fcr Erwachsene - Nicht akzeptieren","isPartOf":{"@id":"https:\/\/dontacceptrape.com\/#website"},"primaryImageOfPage":{"@id":"https:\/\/dontacceptrape.com\/de\/lokale-dating-clubs-fuer-erwachsene\/#primaryimage"},"datePublished":"2022-07-04T10:35:30+00:00","dateModified":"2022-07-04T10:35:30+00:00","breadcrumb":{"@id":"https:\/\/dontacceptrape.com\/de\/lokale-dating-clubs-fuer-erwachsene\/#breadcrumb"},"inLanguage":"de","potentialAction":[{"@type":"ReadAction","target":["https:\/\/dontacceptrape.com\/de\/lokale-dating-clubs-fuer-erwachsene\/"]}]},{"@type":"BreadcrumbList","@id":"https:\/\/dontacceptrape.com\/de\/lokale-dating-clubs-fuer-erwachsene\/#breadcrumb","itemListElement":[{"@type":"ListItem","position":1,"name":"Heim","item":"http:\/\/dontacceptrape.com\/de\/"},{"@type":"ListItem","position":2,"name":"Lokale Dating-Clubs f\u00fcr Erwachsene"}]}]}},"_links":{"self":[{"href":"https:\/\/dontacceptrape.com\/de\/wp-json\/wp\/v2\/pages\/187"}],"collection":[{"href":"https:\/\/dontacceptrape.com\/de\/wp-json\/wp\/v2\/pages"}],"about":[{"href":"https:\/\/dontacceptrape.com\/de\/wp-json\/wp\/v2\/types\/page"}],"author":[{"embeddable":true,"href":"https:\/\/dontacceptrape.com\/de\/wp-json\/wp\/v2\/users\/1"}],"replies":[{"embeddable":true,"href":"https:\/\/dontacceptrape.com\/de\/wp-json\/wp\/v2\/comments?post=187"}],"version-history":[{"count":0,"href":"https:\/\/dontacceptrape.com\/de\/wp-json\/wp\/v2\/pages\/187\/revisions"}],"wp:featuredmedia":[{"embeddable":true,"href":"https:\/\/dontacceptrape.com\/de\/wp-json\/wp\/v2\/media\/100"}],"wp:attachment":[{"href":"https:\/\/dontacceptrape.com\/de\/wp-json\/wp\/v2\/media?parent=187"}],"curies":[{"name":"wp","href":"https:\/\/api.w.org\/{rel}","templated":true}]}}