{"id":177,"date":"2022-07-04T11:38:48","date_gmt":"2022-07-04T10:38:48","guid":{"rendered":"http:\/\/dontacceptrape.com\/kostenlose-sex-kontaktanzeigen\/"},"modified":"2022-07-20T17:55:55","modified_gmt":"2022-07-20T16:55:55","slug":"kostenlose-sex-kontaktanzeigen","status":"publish","type":"page","link":"https:\/\/dontacceptrape.com\/de\/kostenlose-sex-kontaktanzeigen\/","title":{"rendered":"Kostenlose Sex-Kontaktanzeigen"},"content":{"rendered":"<p>Hookups sind eine gro\u00dfartige M\u00f6glichkeit, Frauen online zu treffen, aber sie sind nicht jedermanns Sache. Wenn Sie also nach einer langfristigen Beziehung suchen, ist es m\u00f6glicherweise besser, Frauen offline zu treffen.<\/p>\n<p>Aber wenn Sie nur etwas Casual Dating ausprobieren m\u00f6chten, gibt es <a href=\"https:\/\/dontacceptrape.com\/de\/worauf-sie-bei-hookup-apps-achten-sollten\/\">viele Websites<\/a> , auf denen Sie Frauen finden k\u00f6nnen und <a href=\"https:\/\/www.fuck-buddies.net\/de\/fick-heute-abend\/\">fick heute<\/a>, die nach M\u00e4nnern suchen. Zu diesen Websites geh\u00f6ren OkCupid, Match.com, PlentyOfFish und Tinder.<\/p>\n<p>OkCupid ist kostenlos, aber Sie m\u00fcssen bezahlen, um Nachrichten zu senden. Match.com berechnet monatliche Geb\u00fchren, aber Sie k\u00f6nnen es kostenlos verwenden, bis Sie eine \u00dcbereinstimmung finden. PlentyofFish ist kostenlos, aber Sie k\u00f6nnen nur nach lokalen \u00dcbereinstimmungen suchen. Tinder ist kostenlos, aber Sie m\u00fcssen bezahlen, um Nachrichten zu senden und Profile anzuzeigen.<\/p>\n<p><img loading=\"lazy\" class=\"aligncenter size-large wp-image-106\" src=\"http:\/\/dontacceptrape.com\/wp-content\/uploads\/2022\/07\/online-dating-1024x683.jpeg\" alt=\"\" width=\"640\" height=\"427\" srcset=\"https:\/\/dontacceptrape.com\/wp-content\/uploads\/2022\/07\/online-dating-1024x683.jpeg 1024w, https:\/\/dontacceptrape.com\/wp-content\/uploads\/2022\/07\/online-dating-300x200.jpeg 300w, https:\/\/dontacceptrape.com\/wp-content\/uploads\/2022\/07\/online-dating-768x512.jpeg 768w, https:\/\/dontacceptrape.com\/wp-content\/uploads\/2022\/07\/online-dating.jpeg 1125w\" sizes=\"(max-width: 640px) 100vw, 640px\" \/><\/p>\n<h2>Top 3 Apps zum Ausprobieren anstelle von Kontaktanzeigen<\/h2>\n<p>Wenn Sie nach einer ernsthaften Beziehung suchen, sind diese Websites nichts f\u00fcr Sie. Aber wenn Sie nur nach ein paar l\u00e4ssigen Dates suchen, sind sie genau das, was Sie brauchen &#8230;<\/p>\n<h3>Zunder<\/h3>\n<p>Tinder ist keine <a href=\"https:\/\/dontacceptrape.com\/de\/finden-sie-no-strings-attached-sex-heute-abend\/\">gute Alternative f\u00fcr die Personals<\/a>. Daf\u00fcr gibt es viele Gr\u00fcnde. Einer von ihnen ist die Tatsache, dass sie nur sehr wenige Aktivit\u00e4ten anbieten. Beim Dating geht es haupts\u00e4chlich darum, jemanden zu finden, der sich verabredet, was bedeutet, dass Sie Profile und Nachrichten nach jemandem durchsuchen m\u00fcssen, der an Ihnen interessiert ist. Wenn Sie nach einer Aktivit\u00e4t suchen, sollten Sie Adult Friend Finder oder vielleicht sogar Ashley Madison ausprobieren. Diese beiden <a href=\"https:\/\/www.singles-in-my-area.com\/de\/keine-kreditkarten-kostenlosen-fickseiten\/\">fickseiten<\/a> sind speziell f\u00fcr Erwachsene gedacht, die sexuelle Begegnungen suchen. Sie werden auch feststellen, dass Sie auf der Ashley Madison-Website viel mehr Anzeigen sehen werden als auf Craigslist Personals. Wenn Sie jemanden f\u00fcr eine zuf\u00e4llige Begegnung treffen m\u00f6chten, sollten Sie unbedingt diese beiden Websites besuchen.<\/p>\n<h3>Kasual<\/h3>\n<p>Kasual ist eine mobile App, mit der Benutzer nach Gleichgesinnten in ihrer N\u00e4he suchen k\u00f6nnen.<\/p>\n<p>Dies ist nicht die beste App f\u00fcr diejenigen, die eine ernsthafte Beziehung suchen. Stattdessen richtet sich die App an die Hookup-Menge, gelegentliche Daten, die zu einem bestimmten Zeitpunkt nur etwas Reales brauchen. Wenn Sie sich in der Phase Ihres Lebens befinden, in der Sie keine Zeit haben, sich zu verpflichten, ist Kasual eine perfekte <a href=\"http:\/\/www.jerkoffforme.com\/de\/\">jerk chat<\/a> L\u00f6sung f\u00fcr Ihre Dating-Bed\u00fcrfnisse. Sie erhalten Zugriff auf einen riesigen Pool von Benutzern, was es einfacher macht, neue Leute kennenzulernen. Und wenn Sie nicht bereit f\u00fcr eine ernsthafte Beziehung sind, k\u00f6nnen Sie immer noch die Vorteile genie\u00dfen, jemanden neu zu treffen.<\/p>\n<h3>Suche nach Freunden f\u00fcr Erwachsene<\/h3>\n<p>AFF ist ein gro\u00dfartiger Ort, um Frauen zu treffen, die nach Gelegenheitssex suchen. Sie k\u00f6nnen nach bestimmten Arten von Partnern wie Pumas, MILFs, BBWs usw. suchen. Es gibt auch Gruppen, denen Sie beitreten k\u00f6nnen, um sich mit anderen Mitgliedern zu verbinden. Wenn Sie nicht daran interessiert sind, jemanden sofort zu treffen, k\u00f6nnen Sie Profile durchsuchen und Nachrichten an potenzielle Termine senden. Sobald Sie eine \u00dcbereinstimmung gefunden haben, k\u00f6nnen Sie mit ihnen \u00fcber Videoanrufe chatten. Sie k\u00f6nnen sogar Ihr Date bei einem ersten Date fragen, wenn Sie m\u00f6chten!<\/p>\n","protected":false},"excerpt":{"rendered":"<p>Hookups sind eine gro\u00dfartige M\u00f6glichkeit, Frauen online zu treffen, aber sie sind nicht jedermanns Sache. Wenn Sie also nach einer langfristigen Beziehung suchen, ist es m\u00f6glicherweise besser, Frauen offline zu treffen. Aber wenn Sie nur etwas Casual Dating ausprobieren m\u00f6chten,&#8230;<\/p>\n","protected":false},"author":1,"featured_media":0,"parent":0,"menu_order":0,"comment_status":"closed","ping_status":"closed","template":"","meta":[],"yoast_head":"<!-- This site is optimized with the Yoast SEO plugin v19.2 - https:\/\/yoast.com\/wordpress\/plugins\/seo\/ -->\n<title>Kostenlose Sex-Kontaktanzeigen - Nicht akzeptieren<\/title>\n<meta name=\"robots\" content=\"index, follow, max-snippet:-1, max-image-preview:large, max-video-preview:-1\" \/>\n<link rel=\"canonical\" href=\"https:\/\/dontacceptrape.com\/de\/kostenlose-sex-kontaktanzeigen\/\" \/>\n<meta property=\"og:locale\" content=\"de_DE\" \/>\n<meta property=\"og:type\" content=\"article\" \/>\n<meta property=\"og:title\" content=\"Kostenlose Sex-Kontaktanzeigen - Nicht akzeptieren\" \/>\n<meta property=\"og:description\" content=\"Hookups sind eine gro\u00dfartige M\u00f6glichkeit, Frauen online zu treffen, aber sie sind nicht jedermanns Sache. Wenn Sie also nach einer langfristigen Beziehung suchen, ist es m\u00f6glicherweise besser, Frauen offline zu treffen. Aber wenn Sie nur etwas Casual Dating ausprobieren m\u00f6chten,...\" \/>\n<meta property=\"og:url\" content=\"https:\/\/dontacceptrape.com\/de\/kostenlose-sex-kontaktanzeigen\/\" \/>\n<meta property=\"og:site_name\" content=\"Nicht akzeptieren\" \/>\n<meta property=\"article:modified_time\" content=\"2022-07-20T16:55:55+00:00\" \/>\n<meta property=\"og:image\" content=\"http:\/\/dontacceptrape.com\/wp-content\/uploads\/2022\/07\/online-dating-1024x683.jpeg\" \/>\n<meta name=\"author\" content=\"Don&#039;t Accept Rape\" \/>\n<meta name=\"twitter:card\" content=\"summary_large_image\" \/>\n<meta name=\"twitter:label1\" content=\"Gesch\u00e4tzte Lesezeit\" \/>\n\t<meta name=\"twitter:data1\" content=\"3\u00a0Minuten\" \/>\n<script type=\"application\/ld+json\" class=\"yoast-schema-graph\">{\"@context\":\"https:\/\/schema.org\",\"@graph\":[{\"@type\":\"WebSite\",\"@id\":\"http:\/\/dontacceptrape.com\/es\/#website\",\"url\":\"http:\/\/dontacceptrape.com\/es\/\",\"name\":\"Nicht akzeptieren\",\"description\":\"Echter Hookup-Chat\",\"potentialAction\":[{\"@type\":\"SearchAction\",\"target\":{\"@type\":\"EntryPoint\",\"urlTemplate\":\"http:\/\/dontacceptrape.com\/es\/?s={search_term_string}\"},\"query-input\":\"required name=search_term_string\"}],\"inLanguage\":\"de\"},{\"@type\":\"ImageObject\",\"inLanguage\":\"de\",\"@id\":\"https:\/\/dontacceptrape.com\/de\/kostenlose-sex-kontaktanzeigen\/#primaryimage\",\"url\":\"https:\/\/dontacceptrape.com\/wp-content\/uploads\/2022\/07\/online-dating.jpeg\",\"contentUrl\":\"https:\/\/dontacceptrape.com\/wp-content\/uploads\/2022\/07\/online-dating.jpeg\",\"width\":1125,\"height\":750},{\"@type\":\"WebPage\",\"@id\":\"https:\/\/dontacceptrape.com\/de\/kostenlose-sex-kontaktanzeigen\/#webpage\",\"url\":\"https:\/\/dontacceptrape.com\/de\/kostenlose-sex-kontaktanzeigen\/\",\"name\":\"Kostenlose Sex-Kontaktanzeigen - Nicht akzeptieren\",\"isPartOf\":{\"@id\":\"http:\/\/dontacceptrape.com\/es\/#website\"},\"primaryImageOfPage\":{\"@id\":\"https:\/\/dontacceptrape.com\/de\/kostenlose-sex-kontaktanzeigen\/#primaryimage\"},\"datePublished\":\"2022-07-04T10:38:48+00:00\",\"dateModified\":\"2022-07-20T16:55:55+00:00\",\"breadcrumb\":{\"@id\":\"https:\/\/dontacceptrape.com\/de\/kostenlose-sex-kontaktanzeigen\/#breadcrumb\"},\"inLanguage\":\"de\",\"potentialAction\":[{\"@type\":\"ReadAction\",\"target\":[\"https:\/\/dontacceptrape.com\/de\/kostenlose-sex-kontaktanzeigen\/\"]}]},{\"@type\":\"BreadcrumbList\",\"@id\":\"https:\/\/dontacceptrape.com\/de\/kostenlose-sex-kontaktanzeigen\/#breadcrumb\",\"itemListElement\":[{\"@type\":\"ListItem\",\"position\":1,\"name\":\"Heim\",\"item\":\"https:\/\/dontacceptrape.com\/de\/\"},{\"@type\":\"ListItem\",\"position\":2,\"name\":\"Kostenlose Sex-Kontaktanzeigen\"}]}]}<\/script>\n<!-- \/ Yoast SEO plugin. -->","yoast_head_json":{"title":"Kostenlose Sex-Kontaktanzeigen - Nicht akzeptieren","robots":{"index":"index","follow":"follow","max-snippet":"max-snippet:-1","max-image-preview":"max-image-preview:large","max-video-preview":"max-video-preview:-1"},"canonical":"https:\/\/dontacceptrape.com\/de\/kostenlose-sex-kontaktanzeigen\/","og_locale":"de_DE","og_type":"article","og_title":"Kostenlose Sex-Kontaktanzeigen - Nicht akzeptieren","og_description":"Hookups sind eine gro\u00dfartige M\u00f6glichkeit, Frauen online zu treffen, aber sie sind nicht jedermanns Sache. Wenn Sie also nach einer langfristigen Beziehung suchen, ist es m\u00f6glicherweise besser, Frauen offline zu treffen. Aber wenn Sie nur etwas Casual Dating ausprobieren m\u00f6chten,...","og_url":"https:\/\/dontacceptrape.com\/de\/kostenlose-sex-kontaktanzeigen\/","og_site_name":"Nicht akzeptieren","article_modified_time":"2022-07-20T16:55:55+00:00","og_image":[{"url":"http:\/\/dontacceptrape.com\/wp-content\/uploads\/2022\/07\/online-dating-1024x683.jpeg"}],"author":"Don't Accept Rape","twitter_card":"summary_large_image","twitter_misc":{"Gesch\u00e4tzte Lesezeit":"3\u00a0Minuten"},"schema":{"@context":"https:\/\/schema.org","@graph":[{"@type":"WebSite","@id":"http:\/\/dontacceptrape.com\/es\/#website","url":"http:\/\/dontacceptrape.com\/es\/","name":"Nicht akzeptieren","description":"Echter Hookup-Chat","potentialAction":[{"@type":"SearchAction","target":{"@type":"EntryPoint","urlTemplate":"http:\/\/dontacceptrape.com\/es\/?s={search_term_string}"},"query-input":"required name=search_term_string"}],"inLanguage":"de"},{"@type":"ImageObject","inLanguage":"de","@id":"https:\/\/dontacceptrape.com\/de\/kostenlose-sex-kontaktanzeigen\/#primaryimage","url":"https:\/\/dontacceptrape.com\/wp-content\/uploads\/2022\/07\/online-dating.jpeg","contentUrl":"https:\/\/dontacceptrape.com\/wp-content\/uploads\/2022\/07\/online-dating.jpeg","width":1125,"height":750},{"@type":"WebPage","@id":"https:\/\/dontacceptrape.com\/de\/kostenlose-sex-kontaktanzeigen\/#webpage","url":"https:\/\/dontacceptrape.com\/de\/kostenlose-sex-kontaktanzeigen\/","name":"Kostenlose Sex-Kontaktanzeigen - Nicht akzeptieren","isPartOf":{"@id":"http:\/\/dontacceptrape.com\/es\/#website"},"primaryImageOfPage":{"@id":"https:\/\/dontacceptrape.com\/de\/kostenlose-sex-kontaktanzeigen\/#primaryimage"},"datePublished":"2022-07-04T10:38:48+00:00","dateModified":"2022-07-20T16:55:55+00:00","breadcrumb":{"@id":"https:\/\/dontacceptrape.com\/de\/kostenlose-sex-kontaktanzeigen\/#breadcrumb"},"inLanguage":"de","potentialAction":[{"@type":"ReadAction","target":["https:\/\/dontacceptrape.com\/de\/kostenlose-sex-kontaktanzeigen\/"]}]},{"@type":"BreadcrumbList","@id":"https:\/\/dontacceptrape.com\/de\/kostenlose-sex-kontaktanzeigen\/#breadcrumb","itemListElement":[{"@type":"ListItem","position":1,"name":"Heim","item":"https:\/\/dontacceptrape.com\/de\/"},{"@type":"ListItem","position":2,"name":"Kostenlose Sex-Kontaktanzeigen"}]}]}},"_links":{"self":[{"href":"https:\/\/dontacceptrape.com\/de\/wp-json\/wp\/v2\/pages\/177"}],"collection":[{"href":"https:\/\/dontacceptrape.com\/de\/wp-json\/wp\/v2\/pages"}],"about":[{"href":"https:\/\/dontacceptrape.com\/de\/wp-json\/wp\/v2\/types\/page"}],"author":[{"embeddable":true,"href":"https:\/\/dontacceptrape.com\/de\/wp-json\/wp\/v2\/users\/1"}],"replies":[{"embeddable":true,"href":"https:\/\/dontacceptrape.com\/de\/wp-json\/wp\/v2\/comments?post=177"}],"version-history":[{"count":1,"href":"https:\/\/dontacceptrape.com\/de\/wp-json\/wp\/v2\/pages\/177\/revisions"}],"predecessor-version":[{"id":266,"href":"https:\/\/dontacceptrape.com\/de\/wp-json\/wp\/v2\/pages\/177\/revisions\/266"}],"wp:attachment":[{"href":"https:\/\/dontacceptrape.com\/de\/wp-json\/wp\/v2\/media?parent=177"}],"curies":[{"name":"wp","href":"https:\/\/api.w.org\/{rel}","templated":true}]}}