{"id":168,"date":"2022-07-04T11:47:29","date_gmt":"2022-07-04T10:47:29","guid":{"rendered":"http:\/\/dontacceptrape.com\/worauf-sie-bei-hookup-apps-achten-sollten\/"},"modified":"2022-07-20T17:56:53","modified_gmt":"2022-07-20T16:56:53","slug":"worauf-sie-bei-hookup-apps-achten-sollten","status":"publish","type":"page","link":"https:\/\/dontacceptrape.com\/de\/worauf-sie-bei-hookup-apps-achten-sollten\/","title":{"rendered":"Worauf Sie bei Hookup-Apps achten sollten"},"content":{"rendered":"<p>Wenn Sie diesen Arten von Websites beitreten, werden Sie andere finden, die genau wie Sie sind &#8211; Leute, die nach zwanglosem Dating suchen.<\/p>\n<p>Sobald Sie eine Gruppe von Menschen gefunden haben, die Ihr Interesse an <a href=\"http:\/\/dontacceptrape.com\/de\/finden-sie-no-strings-attached-sex-heute-abend\/\">Casual Dating<\/a> teilen, k\u00f6nnen Sie sie als Referenzen verwenden, wenn Sie auf Dates gehen. Sie k\u00f6nnen Ihnen sagen, was im Casual Dating funktioniert und was nicht, und sie k\u00f6nnen Ihnen helfen, h\u00e4ufige Fehler zu vermeiden. Eines der wichtigsten Dinge, an die man sich erinnern sollte, wenn man auf zwanglose Dates geht, ist, die Dinge unbeschwert zu halten. Nimm dich selbst nicht zu ernst. Sei du selbst und lass deine Pers\u00f6nlichkeit durchscheinen.<\/p>\n<p>Denken Sie daran, Casual Dating ist nicht ernst. Es soll Spa\u00df machen, nicht stressig. Also entspannen Sie sich und haben Sie Spa\u00df! Wenn Sie nach kostenlosen <a href=\"https:\/\/www.adultsexsites.org\/de\/kostenlose-sex-chat-seiten\/\">chatroom porn<\/a> suchen, gibt es viele M\u00f6glichkeiten. Allerdings sind nicht alle von ihnen gleich. Einige sind nur Gimmicks, w\u00e4hrend andere legitime Werkzeuge sind, um Daten zu finden.<\/p>\n<p><img loading=\"lazy\" class=\"size-large wp-image-56 aligncenter\" src=\"http:\/\/dontacceptrape.com\/wp-content\/uploads\/2022\/07\/casual-hookup-1024x683.jpeg\" alt=\"\" width=\"640\" height=\"427\" srcset=\"https:\/\/dontacceptrape.com\/wp-content\/uploads\/2022\/07\/casual-hookup-1024x683.jpeg 1024w, https:\/\/dontacceptrape.com\/wp-content\/uploads\/2022\/07\/casual-hookup-300x200.jpeg 300w, https:\/\/dontacceptrape.com\/wp-content\/uploads\/2022\/07\/casual-hookup-768x512.jpeg 768w, https:\/\/dontacceptrape.com\/wp-content\/uploads\/2022\/07\/casual-hookup.jpeg 1125w\" sizes=\"(max-width: 640px) 100vw, 640px\" \/><\/p>\n<h2>Worauf ist zu achten?<\/h2>\n<p>Um Ihnen bei der Entscheidung zu helfen, welche Ihre Zeit wert sind, finden Sie hier einige Tipps zur Bewertung kostenloser Dating-Apps:<\/p>\n<h3>Schauen Sie sich die Bewertung der App an.<\/h3>\n<p>Kostenlose Dating-Apps verf\u00fcgen in der Regel \u00fcber ein Sternebewertungssystem, bei dem Benutzer die App basierend auf ihren Funktionen und Funktionen bewerten. Je h\u00f6her die Bewertung, desto besser die App.<\/p>\n<h3>Schauen Sie sich Bewertungen an<\/h3>\n<p>Bewertungen werden oft online ver\u00f6ffentlicht, entweder vom Entwickler oder von Benutzern, die die App bereits verwendet haben. Bewertungen geben Ihnen einen Einblick, ob die <a href=\"https:\/\/www.no-strings-attached-sex.com\/de\/kostenlose-dating-websites-ohne-gebuehr\/\">kostenlose dating sites<\/a> gut funktioniert und ihren Nutzern einen Mehrwert bietet.<\/p>\n<h3>Lesen von Benutzerkommentaren<\/h3>\n<p>Benutzerkommentare sind eine weitere M\u00f6glichkeit, mehr \u00fcber die App zu erfahren. Sie k\u00f6nnen hilfreiche Informationen enthalten, z. B. Tipps zur Verwendung der App, Verbesserungsvorschl\u00e4ge oder Beschwerden \u00fcber Fehler.<\/p>\n<h3>Ber\u00fccksichtigen Sie die Kosten<\/h3>\n<p>Einige kostenlose Dating-Apps sind v\u00f6llig kostenlos, w\u00e4hrend andere eine Zahlung erfordern. Kostenlose Dating-Apps sind in der Regel einfacher als kostenpflichtige Apps, daher sind sie perfekt f\u00fcr diejenigen, die noch nicht bereit sind, sich zu verpflichten. Kostenpflichtige Apps bieten in der Regel mehr Funktionen und Funktionen, was sie ideal f\u00fcr Menschen macht, die schnell Liebe finden m\u00f6chten.<\/p>\n<h2>Finden Sie Ihren Seitensprung?<\/h2>\n<p>Die meisten <a href=\"https:\/\/www.sexting-sites.com\/de\/meet-and-fuck\/\">meet and fuck<\/a> bieten Mitgliedschaften an, die Zugriff auf spezielle Funktionen wie Live-Webcams, private Nachrichten und Video-Chatrooms beinhalten.<\/p>\n<p>Wenn Sie nach einem schnellen Seitensprung suchen, k\u00f6nnen Anschlussseiten perfekt f\u00fcr Sie sein. Aber wenn Sie nach einer langfristigen Beziehung suchen, sind Hookup-Sites nicht der richtige Ort, um sie zu finden.<\/p>\n<p>Versuchen Sie stattdessen, Dating-Sites oder Apps auszuprobieren, die speziell f\u00fcr die Suche nach langfristigen Beziehungen entwickelt wurden.<\/p>\n<p>Online-Kontakte zu kn\u00fcpfen ist eine gro\u00dfartige M\u00f6glichkeit, gelegentliche Sexpartner zu finden. Aber es gibt viele verschiedene Arten von Websites da drau\u00dfen, die jeweils auf eine bestimmte Art von Person ausgerichtet sind. Es gibt auch Websites, die sich an Personen richten, die nach Freunden mit Vorteilen oder einfach nur nach Freunden mit Vorteilen suchen. Diese Seiten richten sich in der Regel an \u00e4ltere Erwachsene, aber auch j\u00fcngere Menschen wenden sich zunehmend an sie.<\/p>\n","protected":false},"excerpt":{"rendered":"<p>Wenn Sie diesen Arten von Websites beitreten, werden Sie andere finden, die genau wie Sie sind &#8211; Leute, die nach zwanglosem Dating suchen. Sobald Sie eine Gruppe von Menschen gefunden haben, die Ihr Interesse an Casual Dating teilen, k\u00f6nnen Sie&#8230;<\/p>\n","protected":false},"author":1,"featured_media":0,"parent":0,"menu_order":0,"comment_status":"closed","ping_status":"closed","template":"","meta":[],"yoast_head":"<!-- This site is optimized with the Yoast SEO plugin v19.2 - https:\/\/yoast.com\/wordpress\/plugins\/seo\/ -->\n<title>Worauf Sie bei Hookup-Apps achten sollten - Nicht akzeptieren<\/title>\n<meta name=\"robots\" content=\"index, follow, max-snippet:-1, max-image-preview:large, max-video-preview:-1\" \/>\n<link rel=\"canonical\" href=\"https:\/\/dontacceptrape.com\/de\/worauf-sie-bei-hookup-apps-achten-sollten\/\" \/>\n<meta property=\"og:locale\" content=\"de_DE\" \/>\n<meta property=\"og:type\" content=\"article\" \/>\n<meta property=\"og:title\" content=\"Worauf Sie bei Hookup-Apps achten sollten - Nicht akzeptieren\" \/>\n<meta property=\"og:description\" content=\"Wenn Sie diesen Arten von Websites beitreten, werden Sie andere finden, die genau wie Sie sind &#8211; Leute, die nach zwanglosem Dating suchen. Sobald Sie eine Gruppe von Menschen gefunden haben, die Ihr Interesse an Casual Dating teilen, k\u00f6nnen Sie...\" \/>\n<meta property=\"og:url\" content=\"https:\/\/dontacceptrape.com\/de\/worauf-sie-bei-hookup-apps-achten-sollten\/\" \/>\n<meta property=\"og:site_name\" content=\"Nicht akzeptieren\" \/>\n<meta property=\"article:modified_time\" content=\"2022-07-20T16:56:53+00:00\" \/>\n<meta property=\"og:image\" content=\"http:\/\/dontacceptrape.com\/wp-content\/uploads\/2022\/07\/casual-hookup-1024x683.jpeg\" \/>\n<meta name=\"author\" content=\"Don&#039;t Accept Rape\" \/>\n<meta name=\"twitter:card\" content=\"summary_large_image\" \/>\n<meta name=\"twitter:label1\" content=\"Gesch\u00e4tzte Lesezeit\" \/>\n\t<meta name=\"twitter:data1\" content=\"3\u00a0Minuten\" \/>\n<script type=\"application\/ld+json\" class=\"yoast-schema-graph\">{\"@context\":\"https:\/\/schema.org\",\"@graph\":[{\"@type\":\"WebSite\",\"@id\":\"https:\/\/dontacceptrape.com\/#website\",\"url\":\"https:\/\/dontacceptrape.com\/\",\"name\":\"Nicht akzeptieren\",\"description\":\"Echter Hookup-Chat\",\"potentialAction\":[{\"@type\":\"SearchAction\",\"target\":{\"@type\":\"EntryPoint\",\"urlTemplate\":\"https:\/\/dontacceptrape.com\/?s={search_term_string}\"},\"query-input\":\"required name=search_term_string\"}],\"inLanguage\":\"de\"},{\"@type\":\"ImageObject\",\"inLanguage\":\"de\",\"@id\":\"https:\/\/dontacceptrape.com\/de\/worauf-sie-bei-hookup-apps-achten-sollten\/#primaryimage\",\"url\":\"https:\/\/dontacceptrape.com\/wp-content\/uploads\/2022\/07\/casual-hookup.jpeg\",\"contentUrl\":\"https:\/\/dontacceptrape.com\/wp-content\/uploads\/2022\/07\/casual-hookup.jpeg\",\"width\":1125,\"height\":750},{\"@type\":\"WebPage\",\"@id\":\"https:\/\/dontacceptrape.com\/de\/worauf-sie-bei-hookup-apps-achten-sollten\/#webpage\",\"url\":\"https:\/\/dontacceptrape.com\/de\/worauf-sie-bei-hookup-apps-achten-sollten\/\",\"name\":\"Worauf Sie bei Hookup-Apps achten sollten - Nicht akzeptieren\",\"isPartOf\":{\"@id\":\"https:\/\/dontacceptrape.com\/#website\"},\"primaryImageOfPage\":{\"@id\":\"https:\/\/dontacceptrape.com\/de\/worauf-sie-bei-hookup-apps-achten-sollten\/#primaryimage\"},\"datePublished\":\"2022-07-04T10:47:29+00:00\",\"dateModified\":\"2022-07-20T16:56:53+00:00\",\"breadcrumb\":{\"@id\":\"https:\/\/dontacceptrape.com\/de\/worauf-sie-bei-hookup-apps-achten-sollten\/#breadcrumb\"},\"inLanguage\":\"de\",\"potentialAction\":[{\"@type\":\"ReadAction\",\"target\":[\"https:\/\/dontacceptrape.com\/de\/worauf-sie-bei-hookup-apps-achten-sollten\/\"]}]},{\"@type\":\"BreadcrumbList\",\"@id\":\"https:\/\/dontacceptrape.com\/de\/worauf-sie-bei-hookup-apps-achten-sollten\/#breadcrumb\",\"itemListElement\":[{\"@type\":\"ListItem\",\"position\":1,\"name\":\"Heim\",\"item\":\"http:\/\/dontacceptrape.com\/de\/\"},{\"@type\":\"ListItem\",\"position\":2,\"name\":\"Worauf Sie bei Hookup-Apps achten sollten\"}]}]}<\/script>\n<!-- \/ Yoast SEO plugin. -->","yoast_head_json":{"title":"Worauf Sie bei Hookup-Apps achten sollten - Nicht akzeptieren","robots":{"index":"index","follow":"follow","max-snippet":"max-snippet:-1","max-image-preview":"max-image-preview:large","max-video-preview":"max-video-preview:-1"},"canonical":"https:\/\/dontacceptrape.com\/de\/worauf-sie-bei-hookup-apps-achten-sollten\/","og_locale":"de_DE","og_type":"article","og_title":"Worauf Sie bei Hookup-Apps achten sollten - Nicht akzeptieren","og_description":"Wenn Sie diesen Arten von Websites beitreten, werden Sie andere finden, die genau wie Sie sind &#8211; Leute, die nach zwanglosem Dating suchen. Sobald Sie eine Gruppe von Menschen gefunden haben, die Ihr Interesse an Casual Dating teilen, k\u00f6nnen Sie...","og_url":"https:\/\/dontacceptrape.com\/de\/worauf-sie-bei-hookup-apps-achten-sollten\/","og_site_name":"Nicht akzeptieren","article_modified_time":"2022-07-20T16:56:53+00:00","og_image":[{"url":"http:\/\/dontacceptrape.com\/wp-content\/uploads\/2022\/07\/casual-hookup-1024x683.jpeg"}],"author":"Don't Accept Rape","twitter_card":"summary_large_image","twitter_misc":{"Gesch\u00e4tzte Lesezeit":"3\u00a0Minuten"},"schema":{"@context":"https:\/\/schema.org","@graph":[{"@type":"WebSite","@id":"https:\/\/dontacceptrape.com\/#website","url":"https:\/\/dontacceptrape.com\/","name":"Nicht akzeptieren","description":"Echter Hookup-Chat","potentialAction":[{"@type":"SearchAction","target":{"@type":"EntryPoint","urlTemplate":"https:\/\/dontacceptrape.com\/?s={search_term_string}"},"query-input":"required name=search_term_string"}],"inLanguage":"de"},{"@type":"ImageObject","inLanguage":"de","@id":"https:\/\/dontacceptrape.com\/de\/worauf-sie-bei-hookup-apps-achten-sollten\/#primaryimage","url":"https:\/\/dontacceptrape.com\/wp-content\/uploads\/2022\/07\/casual-hookup.jpeg","contentUrl":"https:\/\/dontacceptrape.com\/wp-content\/uploads\/2022\/07\/casual-hookup.jpeg","width":1125,"height":750},{"@type":"WebPage","@id":"https:\/\/dontacceptrape.com\/de\/worauf-sie-bei-hookup-apps-achten-sollten\/#webpage","url":"https:\/\/dontacceptrape.com\/de\/worauf-sie-bei-hookup-apps-achten-sollten\/","name":"Worauf Sie bei Hookup-Apps achten sollten - Nicht akzeptieren","isPartOf":{"@id":"https:\/\/dontacceptrape.com\/#website"},"primaryImageOfPage":{"@id":"https:\/\/dontacceptrape.com\/de\/worauf-sie-bei-hookup-apps-achten-sollten\/#primaryimage"},"datePublished":"2022-07-04T10:47:29+00:00","dateModified":"2022-07-20T16:56:53+00:00","breadcrumb":{"@id":"https:\/\/dontacceptrape.com\/de\/worauf-sie-bei-hookup-apps-achten-sollten\/#breadcrumb"},"inLanguage":"de","potentialAction":[{"@type":"ReadAction","target":["https:\/\/dontacceptrape.com\/de\/worauf-sie-bei-hookup-apps-achten-sollten\/"]}]},{"@type":"BreadcrumbList","@id":"https:\/\/dontacceptrape.com\/de\/worauf-sie-bei-hookup-apps-achten-sollten\/#breadcrumb","itemListElement":[{"@type":"ListItem","position":1,"name":"Heim","item":"http:\/\/dontacceptrape.com\/de\/"},{"@type":"ListItem","position":2,"name":"Worauf Sie bei Hookup-Apps achten sollten"}]}]}},"_links":{"self":[{"href":"https:\/\/dontacceptrape.com\/de\/wp-json\/wp\/v2\/pages\/168"}],"collection":[{"href":"https:\/\/dontacceptrape.com\/de\/wp-json\/wp\/v2\/pages"}],"about":[{"href":"https:\/\/dontacceptrape.com\/de\/wp-json\/wp\/v2\/types\/page"}],"author":[{"embeddable":true,"href":"https:\/\/dontacceptrape.com\/de\/wp-json\/wp\/v2\/users\/1"}],"replies":[{"embeddable":true,"href":"https:\/\/dontacceptrape.com\/de\/wp-json\/wp\/v2\/comments?post=168"}],"version-history":[{"count":1,"href":"https:\/\/dontacceptrape.com\/de\/wp-json\/wp\/v2\/pages\/168\/revisions"}],"predecessor-version":[{"id":267,"href":"https:\/\/dontacceptrape.com\/de\/wp-json\/wp\/v2\/pages\/168\/revisions\/267"}],"wp:attachment":[{"href":"https:\/\/dontacceptrape.com\/de\/wp-json\/wp\/v2\/media?parent=168"}],"curies":[{"name":"wp","href":"https:\/\/api.w.org\/{rel}","templated":true}]}}