{"id":212,"date":"2022-07-04T11:22:57","date_gmt":"2022-07-04T10:22:57","guid":{"rendered":"http:\/\/dontacceptrape.com\/lokale-datingapps-hvad-er-dine-valg\/"},"modified":"2022-07-12T12:17:06","modified_gmt":"2022-07-12T11:17:06","slug":"lokale-datingapps-hvad-er-dine-valg","status":"publish","type":"page","link":"https:\/\/dontacceptrape.com\/da\/","title":{"rendered":"Lokale datingapps &#8211; Hvad er dine valg?"},"content":{"rendered":"<p>Tidligere m\u00e5tte folk g\u00e5 til bestemte websteder for at m\u00f8de andre. Men i dag har mobilapps til tilslutning gjort det nemt for folk at holde forbindelsen og indhente de seneste nyheder og begivenheder. Du kan ogs\u00e5 chatte med andre medlemmer, stille sp\u00f8rgsm\u00e5l og dele dine oplevelser. Vigtigst af alt kan du opdage nye steder at h\u00e6nge ud og m\u00f8de mennesker.<\/p>\n<p>Hvis du leder efter et forhold, s\u00e5 er der datingsider som Missys til handel med n\u00f8genbilleder med lokale kvinder, og som im\u00f8dekommer dine behov. Nogle af dem giver dig endda mulighed for at filtrere resultaterne i henhold til dine pr\u00e6ferencer.<\/p>\n<p>For eksempel kan du v\u00e6lge, om du er interesseret i afslappet sex, langsigtede forhold osv. Hvis du \u00f8nsker at date nogen, kan du tjekke de bedste tilg\u00e6ngelige datingapps. Disse apps giver dig mulighed for at s\u00f8ge efter potentielle datoer ved hj\u00e6lp af forskellige filtre, herunder alder, placering, interesser, seksuel orientering osv. En anden fordel ved at bruge datingapps er, at du kan f\u00e5 liderlig chat med fremmede, og du kan f\u00e5 opdateringer om, hvad der sker i omr\u00e5det. Alt du skal g\u00f8re er at downloade en app og begynde at chatte med folk i n\u00e6rheden.<\/p>\n<p><img loading=\"lazy\" class=\"size-large wp-image-76 aligncenter\" src=\"http:\/\/dontacceptrape.com\/wp-content\/uploads\/2022\/07\/free-dating-websites-1024x683.jpeg\" alt=\"\" width=\"640\" height=\"427\" srcset=\"https:\/\/dontacceptrape.com\/wp-content\/uploads\/2022\/07\/free-dating-websites-1024x683.jpeg 1024w, https:\/\/dontacceptrape.com\/wp-content\/uploads\/2022\/07\/free-dating-websites-300x200.jpeg 300w, https:\/\/dontacceptrape.com\/wp-content\/uploads\/2022\/07\/free-dating-websites-768x512.jpeg 768w, https:\/\/dontacceptrape.com\/wp-content\/uploads\/2022\/07\/free-dating-websites.jpeg 1125w\" sizes=\"(max-width: 640px) 100vw, 640px\" \/><\/p>\n<h2>Hvad er dine valg?<\/h2>\n<p>Der er mange forskellige typer lokale fuck-sider. Hver type henvender sig til et bestemt publikum. Nogle steder henvender sig til dem, der s\u00f8ger romantik eller \u00e6gteskab, mens andre er designet til afslappede m\u00f8der. Nogle websteder er fokuseret p\u00e5 bestemte aldersgrupper, som yngre singler eller \u00e6ldre singler. Nogle websteder er rettet mod et bestemt k\u00f8n, som m\u00e6nd eller kvinder.<\/p>\n<h3>Fuckbook<\/h3>\n<p>Fuckbook er ikke rigtig gratis. Mens du kan tilmelde dig en gratis konto p\u00e5 forskellige lokale fuck-websteder for dig, vil du ikke v\u00e6re i stand til at sende beskeder eller se nogen medlemsprofiler, f\u00f8r efter at pr\u00f8veperioden p\u00e5 72 timer udl\u00f8ber. Hvis du form\u00e5r at g\u00e5 ud over pr\u00f8veperioden, skal du dog betale for tjenesten. Priserne sp\u00e6nder fra $ 6.99 &#8211; $ 29.95 pr. M\u00e5ned afh\u00e6ngigt af hvilken slags medlemskab du v\u00e6lger. Nogle medlemskaber tilbyder rabatter i flere \u00e5r. Der er ogs\u00e5 forskellige niveauer af medlemskab, lige fra grundl\u00e6ggende til avanceret. Grundl\u00e6ggende medlemskaber leveres med f\u00e6rre funktioner og h\u00f8jere m\u00e5nedlige gebyrer. Premium-medlemskaber tilbyder yderligere fordele og lavere gebyrer.<\/p>\n<p><img loading=\"lazy\" class=\"size-medium wp-image-129 aligncenter\" src=\"http:\/\/dontacceptrape.com\/wp-content\/uploads\/2022\/07\/Premium-Fuckbook-300x264.png\" alt=\"\" width=\"300\" height=\"264\" srcset=\"https:\/\/dontacceptrape.com\/wp-content\/uploads\/2022\/07\/Premium-Fuckbook-300x264.png 300w, https:\/\/dontacceptrape.com\/wp-content\/uploads\/2022\/07\/Premium-Fuckbook.png 700w\" sizes=\"(max-width: 300px) 100vw, 300px\" \/><\/p>\n<h3>Fuckbook<\/h3>\n<p>Bumble er en app, der forbinder to personer, der ellers ikke ville m\u00f8de hinanden. Der er mange gratis lokale tilslutningsapps derude, men ingen er helt som Bumble. N\u00e5r du bruger Bumble, skal kvinder starte samtalen f\u00f8rst. M\u00e6nd kan sende en besked, hvis de \u00f8nsker det, men de kan ikke indlede kontakt. Hvis begge parter stryger til h\u00f8jre, matches de to, og de modtager en meddelelse. Hvis ingen af parterne stryger til h\u00f8jre, slutter samtalen. Du kan ogs\u00e5 bruge appen til at dele din lokalitet med andre, s\u00e5 du kan m\u00f8de dem et bestemt sted.<\/p>\n<h3>Facebook Dating<\/h3>\n<p>Facebook lancerede sin egen datingapp kaldet Facebook Dating. Du kan bruge dine Facebook-profiloplysninger til at oprette en datingprofil, som forbliver privat, medmindre du deler den med en anden. Dine venner og familie p\u00e5 Facebook kan ikke se, at din profil findes. Hvis du v\u00e6lger at dele din profil, kan alle se den. Facebook Dating er i \u00f8jeblikket kun tilg\u00e6ngelig p\u00e5 Facebook-mobilapplikationen.<\/p>\n<h3>Vores tid<\/h3>\n<p>OurTime er en online dating platform designet specielt til \u00e6ldre voksne. Ligesom andre websteder, du nemt kan m\u00f8de enlige piger i mit omr\u00e5de, skal du f\u00f8rst udfylde din profil, herunder hvilken slags person du leder efter. Du kan ogs\u00e5 uploade billeder og videoer for at hj\u00e6lpe andre med at l\u00e6re dig bedre at kende. N\u00e5r du har udfyldt din profil, kan du begynde at gennemse hundredvis af medlemmers profiler. Hvis du ser nogen, du gerne vil m\u00f8de, kan du chatte med dem direkte via sms eller videoopkald. N\u00e5r du har besluttet, om du vil g\u00e5 videre og tale med nogen, skal du betale et m\u00e5nedligt gebyr p\u00e5 omkring $ 30 pr. M\u00e5ned. N\u00e5r det er sagt, kan du til enhver tid annullere, og du vil ikke blive opkr\u00e6vet noget, hvis du g\u00f8r det.<\/p>\n<h3>eHarmony<\/h3>\n<p>Eharmony er en online dating site, der giver brugerne mulighed for at oprette profiler og oprette forbindelse til andre medlemmer baseret p\u00e5 f\u00e6lles interesser og pr\u00e6ferencer. Brugere kan s\u00f8ge gennem tusindvis af potentielle matches via avancerede matchningskriterier, herunder alder, placering, uddannelse, religion, erhverv og h\u00f8jde. N\u00e5r de er matchet, kan brugerne kommunikere med hinanden ved hj\u00e6lp af tekstbeskeder, instant chat, taleopkald, videochats og sociale medieforbindelser. eHarmony tilbyder ogs\u00e5 sine medlemmer adgang til eksklusive begivenheder, rabatter og s\u00e6rlige kampagner.<\/p>\n<h2>Hvad skal jeg g\u00f8re n\u00e6ste?<\/h2>\n<p>Online datingsider forsvinder ikke n\u00e5r som helst snart, du kan endda pr\u00f8ve voksne spil som og m\u00f8de ligesindede singler, der \u00f8nsker at tilslutte sig. Mens mange mennesker m\u00e5ske f\u00f8ler, at de har brug for at komme ud og begynde at m\u00f8de folk ansigt til ansigt igen, er det vigtigt at huske, at online dating stadig er en effektiv m\u00e5de at m\u00f8de mennesker p\u00e5.<\/p>\n<p>Selv under Covid-19 var datingapps mere popul\u00e6re end nogensinde! Du b\u00f8r overveje at komme i gang med dem, hvis du ikke allerede har gjort det!<\/p>\n","protected":false},"excerpt":{"rendered":"<p>Tidligere m\u00e5tte folk g\u00e5 til bestemte websteder for at m\u00f8de andre. Men i dag har mobilapps til tilslutning gjort det nemt for folk at holde forbindelsen og indhente de seneste nyheder og begivenheder. Du kan ogs\u00e5 chatte med andre medlemmer,&#8230;<\/p>\n","protected":false},"author":1,"featured_media":0,"parent":0,"menu_order":0,"comment_status":"closed","ping_status":"closed","template":"","meta":[],"yoast_head":"<!-- This site is optimized with the Yoast SEO plugin v19.2 - https:\/\/yoast.com\/wordpress\/plugins\/seo\/ -->\n<title>Lokale datingapps - Hvad er dine valg? - Accepter ikke<\/title>\n<meta name=\"robots\" content=\"index, follow, max-snippet:-1, max-image-preview:large, max-video-preview:-1\" \/>\n<link rel=\"canonical\" href=\"https:\/\/dontacceptrape.com\/da\/\" \/>\n<meta property=\"og:locale\" content=\"da_DK\" \/>\n<meta property=\"og:type\" content=\"article\" \/>\n<meta property=\"og:title\" content=\"Lokale datingapps - Hvad er dine valg? - Accepter ikke\" \/>\n<meta property=\"og:description\" content=\"Tidligere m\u00e5tte folk g\u00e5 til bestemte websteder for at m\u00f8de andre. Men i dag har mobilapps til tilslutning gjort det nemt for folk at holde forbindelsen og indhente de seneste nyheder og begivenheder. Du kan ogs\u00e5 chatte med andre medlemmer,...\" \/>\n<meta property=\"og:url\" content=\"https:\/\/dontacceptrape.com\/da\/\" \/>\n<meta property=\"og:site_name\" content=\"Accepter ikke\" \/>\n<meta property=\"article:modified_time\" content=\"2022-07-12T11:17:06+00:00\" \/>\n<meta property=\"og:image\" content=\"http:\/\/dontacceptrape.com\/wp-content\/uploads\/2022\/07\/free-dating-websites-1024x683.jpeg\" \/>\n<meta name=\"author\" content=\"Don&#039;t Accept Rape\" \/>\n<meta name=\"twitter:card\" content=\"summary_large_image\" \/>\n<meta name=\"twitter:label1\" content=\"Estimeret l\u00e6setid\" \/>\n\t<meta name=\"twitter:data1\" content=\"5 minutter\" \/>\n<script type=\"application\/ld+json\" class=\"yoast-schema-graph\">{\"@context\":\"https:\/\/schema.org\",\"@graph\":[{\"@type\":\"WebSite\",\"@id\":\"https:\/\/dontacceptrape.com\/#website\",\"url\":\"https:\/\/dontacceptrape.com\/\",\"name\":\"Accepter ikke\",\"description\":\"Rigtig tilslutningschat\",\"potentialAction\":[{\"@type\":\"SearchAction\",\"target\":{\"@type\":\"EntryPoint\",\"urlTemplate\":\"https:\/\/dontacceptrape.com\/?s={search_term_string}\"},\"query-input\":\"required name=search_term_string\"}],\"inLanguage\":\"da-DK\"},{\"@type\":\"ImageObject\",\"inLanguage\":\"da-DK\",\"@id\":\"https:\/\/dontacceptrape.com\/da\/#primaryimage\",\"url\":\"https:\/\/dontacceptrape.com\/wp-content\/uploads\/2022\/07\/free-dating-websites.jpeg\",\"contentUrl\":\"https:\/\/dontacceptrape.com\/wp-content\/uploads\/2022\/07\/free-dating-websites.jpeg\",\"width\":1125,\"height\":750},{\"@type\":\"WebPage\",\"@id\":\"https:\/\/dontacceptrape.com\/da\/#webpage\",\"url\":\"https:\/\/dontacceptrape.com\/da\/\",\"name\":\"Lokale datingapps - Hvad er dine valg? - Accepter ikke\",\"isPartOf\":{\"@id\":\"https:\/\/dontacceptrape.com\/#website\"},\"primaryImageOfPage\":{\"@id\":\"https:\/\/dontacceptrape.com\/da\/#primaryimage\"},\"datePublished\":\"2022-07-04T10:22:57+00:00\",\"dateModified\":\"2022-07-12T11:17:06+00:00\",\"breadcrumb\":{\"@id\":\"https:\/\/dontacceptrape.com\/da\/#breadcrumb\"},\"inLanguage\":\"da-DK\",\"potentialAction\":[{\"@type\":\"ReadAction\",\"target\":[\"https:\/\/dontacceptrape.com\/da\/\"]}]},{\"@type\":\"BreadcrumbList\",\"@id\":\"https:\/\/dontacceptrape.com\/da\/#breadcrumb\",\"itemListElement\":[{\"@type\":\"ListItem\",\"position\":1,\"name\":\"Hjem\",\"item\":\"http:\/\/dontacceptrape.com\/da\/\"},{\"@type\":\"ListItem\",\"position\":2,\"name\":\"Lokale datingapps &#8211; Hvad er dine valg?\"}]}]}<\/script>\n<!-- \/ Yoast SEO plugin. -->","yoast_head_json":{"title":"Lokale datingapps - Hvad er dine valg? - Accepter ikke","robots":{"index":"index","follow":"follow","max-snippet":"max-snippet:-1","max-image-preview":"max-image-preview:large","max-video-preview":"max-video-preview:-1"},"canonical":"https:\/\/dontacceptrape.com\/da\/","og_locale":"da_DK","og_type":"article","og_title":"Lokale datingapps - Hvad er dine valg? - Accepter ikke","og_description":"Tidligere m\u00e5tte folk g\u00e5 til bestemte websteder for at m\u00f8de andre. Men i dag har mobilapps til tilslutning gjort det nemt for folk at holde forbindelsen og indhente de seneste nyheder og begivenheder. Du kan ogs\u00e5 chatte med andre medlemmer,...","og_url":"https:\/\/dontacceptrape.com\/da\/","og_site_name":"Accepter ikke","article_modified_time":"2022-07-12T11:17:06+00:00","og_image":[{"url":"http:\/\/dontacceptrape.com\/wp-content\/uploads\/2022\/07\/free-dating-websites-1024x683.jpeg"}],"author":"Don't Accept Rape","twitter_card":"summary_large_image","twitter_misc":{"Estimeret l\u00e6setid":"5 minutter"},"schema":{"@context":"https:\/\/schema.org","@graph":[{"@type":"WebSite","@id":"https:\/\/dontacceptrape.com\/#website","url":"https:\/\/dontacceptrape.com\/","name":"Accepter ikke","description":"Rigtig tilslutningschat","potentialAction":[{"@type":"SearchAction","target":{"@type":"EntryPoint","urlTemplate":"https:\/\/dontacceptrape.com\/?s={search_term_string}"},"query-input":"required name=search_term_string"}],"inLanguage":"da-DK"},{"@type":"ImageObject","inLanguage":"da-DK","@id":"https:\/\/dontacceptrape.com\/da\/#primaryimage","url":"https:\/\/dontacceptrape.com\/wp-content\/uploads\/2022\/07\/free-dating-websites.jpeg","contentUrl":"https:\/\/dontacceptrape.com\/wp-content\/uploads\/2022\/07\/free-dating-websites.jpeg","width":1125,"height":750},{"@type":"WebPage","@id":"https:\/\/dontacceptrape.com\/da\/#webpage","url":"https:\/\/dontacceptrape.com\/da\/","name":"Lokale datingapps - Hvad er dine valg? - Accepter ikke","isPartOf":{"@id":"https:\/\/dontacceptrape.com\/#website"},"primaryImageOfPage":{"@id":"https:\/\/dontacceptrape.com\/da\/#primaryimage"},"datePublished":"2022-07-04T10:22:57+00:00","dateModified":"2022-07-12T11:17:06+00:00","breadcrumb":{"@id":"https:\/\/dontacceptrape.com\/da\/#breadcrumb"},"inLanguage":"da-DK","potentialAction":[{"@type":"ReadAction","target":["https:\/\/dontacceptrape.com\/da\/"]}]},{"@type":"BreadcrumbList","@id":"https:\/\/dontacceptrape.com\/da\/#breadcrumb","itemListElement":[{"@type":"ListItem","position":1,"name":"Hjem","item":"http:\/\/dontacceptrape.com\/da\/"},{"@type":"ListItem","position":2,"name":"Lokale datingapps &#8211; Hvad er dine valg?"}]}]}},"_links":{"self":[{"href":"https:\/\/dontacceptrape.com\/da\/wp-json\/wp\/v2\/pages\/212"}],"collection":[{"href":"https:\/\/dontacceptrape.com\/da\/wp-json\/wp\/v2\/pages"}],"about":[{"href":"https:\/\/dontacceptrape.com\/da\/wp-json\/wp\/v2\/types\/page"}],"author":[{"embeddable":true,"href":"https:\/\/dontacceptrape.com\/da\/wp-json\/wp\/v2\/users\/1"}],"replies":[{"embeddable":true,"href":"https:\/\/dontacceptrape.com\/da\/wp-json\/wp\/v2\/comments?post=212"}],"version-history":[{"count":3,"href":"https:\/\/dontacceptrape.com\/da\/wp-json\/wp\/v2\/pages\/212\/revisions"}],"predecessor-version":[{"id":242,"href":"https:\/\/dontacceptrape.com\/da\/wp-json\/wp\/v2\/pages\/212\/revisions\/242"}],"wp:attachment":[{"href":"https:\/\/dontacceptrape.com\/da\/wp-json\/wp\/v2\/media?parent=212"}],"curies":[{"name":"wp","href":"https:\/\/api.w.org\/{rel}","templated":true}]}}