{"id":203,"date":"2022-07-04T11:30:26","date_gmt":"2022-07-04T10:30:26","guid":{"rendered":"http:\/\/dontacceptrape.com\/gratis-sexting-websteder-til-singler\/"},"modified":"2022-07-04T11:30:26","modified_gmt":"2022-07-04T10:30:26","slug":"gratis-sexting-websteder-til-singler","status":"publish","type":"page","link":"https:\/\/dontacceptrape.com\/da\/gratis-sexting-websteder-til-singler\/","title":{"rendered":"Gratis sexting-websteder til singler"},"content":{"rendered":"<p>De bedste gratis sexing-sider er her for at give lidt lindring, n\u00e5r du \u00f8nsker at blive fr\u00e6k med nogen online, der \u00f8nsker at f\u00e5 det p\u00e5 med din krop. Disse websteder og apps giver dig mulighed for at have nogle sexede sexede, sextchats med andre, der s\u00f8ger noget sjovt med dig. Vores top 4-liste har alt for at hj\u00e6lpe dig med at f\u00e5 dig freaky med ord!<\/p>\n<h2>Voksen Ven Finder<\/h2>\n<p>AFF blev designet til at v\u00e6re et sjovt sted at m\u00f8de ligesindede <a href=\"https:\/\/dontacceptrape.com\/da\/lokale-datingklubber-for-voksne\/\">voksne p\u00e5 udkig efter k\u00e6rlighed<\/a>. Du kan ogs\u00e5 chatte med andre brugere om alt under solen, herunder politik, religion, sex, sport eller bare generelle livsemner. Hvis du er interesseret i at m\u00f8de nogen speciel, kan du arrangere at g\u00e5 ud for kaffe eller drikkevarer.<\/p>\n<h2>Jerkmate<\/h2>\n<p>Jerkmate er et webcam-websted for voksne, der giver dig mulighed for at se erotiske videoer med rigtige amat\u00f8rpiger og drenge. Du kan ogs\u00e5 interagere med dem via tekstbeskeder, lydopkald og videochat. Hvis du vil se n\u00f8gne kroppe, s\u00e5 er dette stedet S\u00f8ger at g\u00e5! a Der hjemmeside er, at tusinder forbinder af rige sexede m\u00e6nd modeller, der ser fra for alle unge omkring piger til verden, leje og dem der ud er for noget sex. for det er alle. a Uanset om meget du popul\u00e6re foretr\u00e6kker valg solo blandt shows dem eller hvem hardcore vil have action, at du g\u00e5r ud over at finde bare det afslappet alle flings. lige Hvis her. du chatter ikke er i meget s\u00e5 enkel slags og hurtig. ting, Du der kan v\u00e6lge masser at se andre profiler, muligheder send tilg\u00e6ngelige. meddelelser, Nogle og websteder stiller, er sp\u00f8rgsm\u00e5l gratis om, mens alt andet relateret kr\u00e6ver at registrere gebyrerne.<\/p>\n<h2>Ashley Madison<\/h2>\n<p>Ashley Madison (AM) er en af de bedste gratis datingapps, der er tilg\u00e6ngelige online i dag. Hvis du leder efter en diskret aff\u00e6re med en gift kvinde eller mand, er AM sandsynligvis stedet for dig. Som en app designet specielt til at snyde \u00e6gtef\u00e6ller tilbyder den mange fordele i forhold til sine konkurrenter. I mods\u00e6tning til andre datingapps kr\u00e6ver AM ikke, at brugerne deler personlige oplysninger, hvilket g\u00f8r det til en af de sikrere muligheder derude. Du kan flirte med andre brugere uden at dele din rigtige identitet og placering, mens du stadig er i stand til at oprette forbindelse til andre via webcam. Der er endda et afsnit p\u00e5 hjemmesiden dedikeret til at hj\u00e6lpe dig med at snyde sikkert.<\/p>\n<h2>S\u00f8ger<\/h2>\n<p>S\u00f8gning er et datingwebsted, der giver brugerne mulighed for at oprette forbindelse til andre personer, der leder efter diskrete forhold. Du kan v\u00e6lge, om du vil oprette en konto gratis, eller om du foretr\u00e6kker at betale med kryptokurrency for at f\u00e5 adgang til premium-funktioner. Hvis du er seri\u00f8s med at finde k\u00e6rlighed online, s\u00e5 kan Seeking v\u00e6re lige det, du har brug for.<\/p>\n<h2>Skal du komme i gang med sexting?<\/h2>\n<p>Du beh\u00f8ver aldrig bekymre dig om, at din partner finder ud af, hvad du laver bag lukkede d\u00f8re. Din partner vil v\u00e6re helt sikker, fordi de bliver n\u00f8gne for dig i realtid lige foran dine \u00f8jne! Du vil ogs\u00e5 v\u00e6re i stand til at se alt, hvad din partner g\u00f8r med deres krop, herunder at lege med deres bryster, fingre sig selv, onanere og endda cumming.<\/p>\n","protected":false},"excerpt":{"rendered":"<p>De bedste gratis sexing-sider er her for at give lidt lindring, n\u00e5r du \u00f8nsker at blive fr\u00e6k med nogen online, der \u00f8nsker at f\u00e5 det p\u00e5 med din krop. Disse websteder og apps giver dig mulighed for at have nogle&#8230;<\/p>\n","protected":false},"author":1,"featured_media":87,"parent":0,"menu_order":0,"comment_status":"closed","ping_status":"closed","template":"","meta":[],"yoast_head":"<!-- This site is optimized with the Yoast SEO plugin v19.2 - https:\/\/yoast.com\/wordpress\/plugins\/seo\/ -->\n<title>Gratis sexting-websteder til singler - Accepter ikke<\/title>\n<meta name=\"robots\" content=\"index, follow, max-snippet:-1, max-image-preview:large, max-video-preview:-1\" \/>\n<link rel=\"canonical\" href=\"https:\/\/dontacceptrape.com\/da\/gratis-sexting-websteder-til-singler\/\" \/>\n<meta property=\"og:locale\" content=\"da_DK\" \/>\n<meta property=\"og:type\" content=\"article\" \/>\n<meta property=\"og:title\" content=\"Gratis sexting-websteder til singler - Accepter ikke\" \/>\n<meta property=\"og:description\" content=\"De bedste gratis sexing-sider er her for at give lidt lindring, n\u00e5r du \u00f8nsker at blive fr\u00e6k med nogen online, der \u00f8nsker at f\u00e5 det p\u00e5 med din krop. Disse websteder og apps giver dig mulighed for at have nogle...\" \/>\n<meta property=\"og:url\" content=\"https:\/\/dontacceptrape.com\/da\/gratis-sexting-websteder-til-singler\/\" \/>\n<meta property=\"og:site_name\" content=\"Accepter ikke\" \/>\n<meta property=\"og:image\" content=\"http:\/\/dontacceptrape.com\/wp-content\/uploads\/2022\/07\/local-dating.jpeg\" \/>\n\t<meta property=\"og:image:width\" content=\"500\" \/>\n\t<meta property=\"og:image:height\" content=\"750\" \/>\n\t<meta property=\"og:image:type\" content=\"image\/jpeg\" \/>\n<meta name=\"author\" content=\"Don&#039;t Accept Rape\" \/>\n<meta name=\"twitter:card\" content=\"summary_large_image\" \/>\n<meta name=\"twitter:label1\" content=\"Estimeret l\u00e6setid\" \/>\n\t<meta name=\"twitter:data1\" content=\"3 minutter\" \/>\n<script type=\"application\/ld+json\" class=\"yoast-schema-graph\">{\"@context\":\"https:\/\/schema.org\",\"@graph\":[{\"@type\":\"WebSite\",\"@id\":\"https:\/\/dontacceptrape.com\/#website\",\"url\":\"https:\/\/dontacceptrape.com\/\",\"name\":\"Accepter ikke\",\"description\":\"Rigtig tilslutningschat\",\"potentialAction\":[{\"@type\":\"SearchAction\",\"target\":{\"@type\":\"EntryPoint\",\"urlTemplate\":\"https:\/\/dontacceptrape.com\/?s={search_term_string}\"},\"query-input\":\"required name=search_term_string\"}],\"inLanguage\":\"da-DK\"},{\"@type\":\"ImageObject\",\"inLanguage\":\"da-DK\",\"@id\":\"https:\/\/dontacceptrape.com\/da\/gratis-sexting-websteder-til-singler\/#primaryimage\",\"url\":\"https:\/\/dontacceptrape.com\/wp-content\/uploads\/2022\/07\/local-dating.jpeg\",\"contentUrl\":\"https:\/\/dontacceptrape.com\/wp-content\/uploads\/2022\/07\/local-dating.jpeg\",\"width\":500,\"height\":750},{\"@type\":\"WebPage\",\"@id\":\"https:\/\/dontacceptrape.com\/da\/gratis-sexting-websteder-til-singler\/#webpage\",\"url\":\"https:\/\/dontacceptrape.com\/da\/gratis-sexting-websteder-til-singler\/\",\"name\":\"Gratis sexting-websteder til singler - Accepter ikke\",\"isPartOf\":{\"@id\":\"https:\/\/dontacceptrape.com\/#website\"},\"primaryImageOfPage\":{\"@id\":\"https:\/\/dontacceptrape.com\/da\/gratis-sexting-websteder-til-singler\/#primaryimage\"},\"datePublished\":\"2022-07-04T10:30:26+00:00\",\"dateModified\":\"2022-07-04T10:30:26+00:00\",\"breadcrumb\":{\"@id\":\"https:\/\/dontacceptrape.com\/da\/gratis-sexting-websteder-til-singler\/#breadcrumb\"},\"inLanguage\":\"da-DK\",\"potentialAction\":[{\"@type\":\"ReadAction\",\"target\":[\"https:\/\/dontacceptrape.com\/da\/gratis-sexting-websteder-til-singler\/\"]}]},{\"@type\":\"BreadcrumbList\",\"@id\":\"https:\/\/dontacceptrape.com\/da\/gratis-sexting-websteder-til-singler\/#breadcrumb\",\"itemListElement\":[{\"@type\":\"ListItem\",\"position\":1,\"name\":\"Hjem\",\"item\":\"http:\/\/dontacceptrape.com\/da\/\"},{\"@type\":\"ListItem\",\"position\":2,\"name\":\"Gratis sexting-websteder til singler\"}]}]}<\/script>\n<!-- \/ Yoast SEO plugin. -->","yoast_head_json":{"title":"Gratis sexting-websteder til singler - Accepter ikke","robots":{"index":"index","follow":"follow","max-snippet":"max-snippet:-1","max-image-preview":"max-image-preview:large","max-video-preview":"max-video-preview:-1"},"canonical":"https:\/\/dontacceptrape.com\/da\/gratis-sexting-websteder-til-singler\/","og_locale":"da_DK","og_type":"article","og_title":"Gratis sexting-websteder til singler - Accepter ikke","og_description":"De bedste gratis sexing-sider er her for at give lidt lindring, n\u00e5r du \u00f8nsker at blive fr\u00e6k med nogen online, der \u00f8nsker at f\u00e5 det p\u00e5 med din krop. Disse websteder og apps giver dig mulighed for at have nogle...","og_url":"https:\/\/dontacceptrape.com\/da\/gratis-sexting-websteder-til-singler\/","og_site_name":"Accepter ikke","og_image":[{"width":500,"height":750,"url":"http:\/\/dontacceptrape.com\/wp-content\/uploads\/2022\/07\/local-dating.jpeg","type":"image\/jpeg"}],"author":"Don't Accept Rape","twitter_card":"summary_large_image","twitter_misc":{"Estimeret l\u00e6setid":"3 minutter"},"schema":{"@context":"https:\/\/schema.org","@graph":[{"@type":"WebSite","@id":"https:\/\/dontacceptrape.com\/#website","url":"https:\/\/dontacceptrape.com\/","name":"Accepter ikke","description":"Rigtig tilslutningschat","potentialAction":[{"@type":"SearchAction","target":{"@type":"EntryPoint","urlTemplate":"https:\/\/dontacceptrape.com\/?s={search_term_string}"},"query-input":"required name=search_term_string"}],"inLanguage":"da-DK"},{"@type":"ImageObject","inLanguage":"da-DK","@id":"https:\/\/dontacceptrape.com\/da\/gratis-sexting-websteder-til-singler\/#primaryimage","url":"https:\/\/dontacceptrape.com\/wp-content\/uploads\/2022\/07\/local-dating.jpeg","contentUrl":"https:\/\/dontacceptrape.com\/wp-content\/uploads\/2022\/07\/local-dating.jpeg","width":500,"height":750},{"@type":"WebPage","@id":"https:\/\/dontacceptrape.com\/da\/gratis-sexting-websteder-til-singler\/#webpage","url":"https:\/\/dontacceptrape.com\/da\/gratis-sexting-websteder-til-singler\/","name":"Gratis sexting-websteder til singler - Accepter ikke","isPartOf":{"@id":"https:\/\/dontacceptrape.com\/#website"},"primaryImageOfPage":{"@id":"https:\/\/dontacceptrape.com\/da\/gratis-sexting-websteder-til-singler\/#primaryimage"},"datePublished":"2022-07-04T10:30:26+00:00","dateModified":"2022-07-04T10:30:26+00:00","breadcrumb":{"@id":"https:\/\/dontacceptrape.com\/da\/gratis-sexting-websteder-til-singler\/#breadcrumb"},"inLanguage":"da-DK","potentialAction":[{"@type":"ReadAction","target":["https:\/\/dontacceptrape.com\/da\/gratis-sexting-websteder-til-singler\/"]}]},{"@type":"BreadcrumbList","@id":"https:\/\/dontacceptrape.com\/da\/gratis-sexting-websteder-til-singler\/#breadcrumb","itemListElement":[{"@type":"ListItem","position":1,"name":"Hjem","item":"http:\/\/dontacceptrape.com\/da\/"},{"@type":"ListItem","position":2,"name":"Gratis sexting-websteder til singler"}]}]}},"_links":{"self":[{"href":"https:\/\/dontacceptrape.com\/da\/wp-json\/wp\/v2\/pages\/203"}],"collection":[{"href":"https:\/\/dontacceptrape.com\/da\/wp-json\/wp\/v2\/pages"}],"about":[{"href":"https:\/\/dontacceptrape.com\/da\/wp-json\/wp\/v2\/types\/page"}],"author":[{"embeddable":true,"href":"https:\/\/dontacceptrape.com\/da\/wp-json\/wp\/v2\/users\/1"}],"replies":[{"embeddable":true,"href":"https:\/\/dontacceptrape.com\/da\/wp-json\/wp\/v2\/comments?post=203"}],"version-history":[{"count":0,"href":"https:\/\/dontacceptrape.com\/da\/wp-json\/wp\/v2\/pages\/203\/revisions"}],"wp:featuredmedia":[{"embeddable":true,"href":"https:\/\/dontacceptrape.com\/da\/wp-json\/wp\/v2\/media\/87"}],"wp:attachment":[{"href":"https:\/\/dontacceptrape.com\/da\/wp-json\/wp\/v2\/media?parent=203"}],"curies":[{"name":"wp","href":"https:\/\/api.w.org\/{rel}","templated":true}]}}