{"id":194,"date":"2022-07-04T11:33:15","date_gmt":"2022-07-04T10:33:15","guid":{"rendered":"http:\/\/dontacceptrape.com\/find-no-strings-attached-sex-i-aften\/"},"modified":"2022-07-04T11:33:15","modified_gmt":"2022-07-04T10:33:15","slug":"find-no-strings-attached-sex-i-aften","status":"publish","type":"page","link":"https:\/\/dontacceptrape.com\/da\/find-no-strings-attached-sex-i-aften\/","title":{"rendered":"Find no strings attached sex i aften?"},"content":{"rendered":"<p>NSA er en voksen dating hjemmeside, der tilbyder en masse <a href=\"http:\/\/dontacceptrape.com\/da\/gratis-sexting-websteder-til-singler\/\">forskellige m\u00e5der at forbinde<\/a> med andre og dele intime \u00f8jeblikke med dem. Du kan chatte, udveksle fotos og videoer og endda se hinanden, mens du onanerer. Der er ogs\u00e5 live cam-sessioner tilg\u00e6ngelige for dem, der leder efter noget ekstra specielt.<\/p>\n<h2>Fordele\/ulemper ved NSA-tilslutninger<\/h2>\n<p>Der er mange fordele ved at bruge NSA&#8217;ernes websted. En fordel er, at der er mange forskellige mennesker at m\u00f8de. Du vil aldrig l\u00f8be t\u00f8r for folk at tale med, fordi der altid er nye mennesker, der kommer til hvert minut. En anden fordel er, at webstedet er meget let at navigere. Du har ingen problemer med at finde det, du har brug for.<\/p>\n<p>Der er ogs\u00e5 ulemper ved at bruge NSAs hjemmeside. En ulempe er, at det ikke er gratis. Hvis du vil bruge webstedet, skal du betale et m\u00e5nedligt abonnementsgebyr. En anden ulempe er, at webstedet ikke er tilg\u00e6ngeligt i alle lande. S\u00e5 hvis du bor i et land, der ikke tillader voksne websteder, kan du ikke f\u00e5 adgang til NSAs websted. Og endelig er en ulempe, at webstedet ikke er helt anonymt. Selvom dine oplysninger holdes private, kan andre brugere stadig se dit profilbillede.<\/p>\n<p>For eksempel, i stedet for at sige &#8220;du b\u00f8r l\u00e6re om afslappet dating&#8221;, skal du sige &#8220;denne person skal l\u00e6re om afslappet dating&#8221;. P\u00e5 denne m\u00e5de henviser du til en bestemt person. Hvis du leder efter gratis datingapps, er du kommet til det rette sted. Her er nogle af de mest popul\u00e6re:<\/p>\n<ul>\n<li>Tinder &#8211; Denne app er fantastisk til at m\u00f8de mennesker, der deler lignende interesser. Ideen er enkel: Stryg til venstre for at passere, stryg til h\u00f8jre for at synes godt om.<\/li>\n<li>Bumble &#8211; Denne app er designet specielt til kvinder. Kvinder indleder samtaler, m\u00e6nd reagerer.<\/li>\n<li>Happn &#8211; I lighed med Tinder giver denne app brugerne mulighed for at finde folk baseret p\u00e5 f\u00e6lles venner.<\/li>\n<li>OkCupid &#8211; Dette websted er rettet mod langsigtede forhold. Brugere opretter profiler og s\u00f8ger efter matches baseret p\u00e5 delte interesser, placering, alder og andre kriterier.<\/li>\n<li>PlentyOfFish &#8211; Denne app er rettet mod afslappede tilslutninger. Brugere kan gennemse tusindvis af medlemmers fotos og sende beskeder til alle, der er interesserede i at chatte.<\/li>\n<li>Zoosk &#8211; Denne app er rettet mod seri\u00f8se forhold. Brugere opretter profiler, uploader billeder og s\u00f8ger efter kompatible partnere.<\/li>\n<li>Match &#8211; Denne app er rettet mod dem, der s\u00f8ger langsigtede relationer. Medlemmer opretter profiler, uploader billeder og s\u00f8ger efter kompatible partnere baseret p\u00e5 f\u00e6lles interesser, alder, religion og andre kriterier.<\/li>\n<\/ul>\n<p>Tilslutninger er gode, fordi de er gratis, hurtige og anonyme. De er ogs\u00e5 meget popul\u00e6re blandt universitetsstuderende og unge voksne.<\/p>\n<p>Der er dog nogle ulemper ved online tilslutninger. For det f\u00f8rste kr\u00e6ver de fleste tilslutningswebsteder, at brugerne opretter konti og deler personlige oplysninger. Det betyder, at du skal v\u00e6re forsigtig med, hvem du m\u00f8der p\u00e5 disse websteder.<\/p>\n","protected":false},"excerpt":{"rendered":"<p>NSA er en voksen dating hjemmeside, der tilbyder en masse forskellige m\u00e5der at forbinde med andre og dele intime \u00f8jeblikke med dem. Du kan chatte, udveksle fotos og videoer og endda se hinanden, mens du onanerer. Der er ogs\u00e5 live&#8230;<\/p>\n","protected":false},"author":1,"featured_media":67,"parent":0,"menu_order":0,"comment_status":"closed","ping_status":"closed","template":"","meta":[],"yoast_head":"<!-- This site is optimized with the Yoast SEO plugin v19.2 - https:\/\/yoast.com\/wordpress\/plugins\/seo\/ -->\n<title>Find no strings attached sex i aften? - Accepter ikke<\/title>\n<meta name=\"robots\" content=\"index, follow, max-snippet:-1, max-image-preview:large, max-video-preview:-1\" \/>\n<link rel=\"canonical\" href=\"https:\/\/dontacceptrape.com\/da\/find-no-strings-attached-sex-i-aften\/\" \/>\n<meta property=\"og:locale\" content=\"da_DK\" \/>\n<meta property=\"og:type\" content=\"article\" \/>\n<meta property=\"og:title\" content=\"Find no strings attached sex i aften? - Accepter ikke\" \/>\n<meta property=\"og:description\" content=\"NSA er en voksen dating hjemmeside, der tilbyder en masse forskellige m\u00e5der at forbinde med andre og dele intime \u00f8jeblikke med dem. Du kan chatte, udveksle fotos og videoer og endda se hinanden, mens du onanerer. Der er ogs\u00e5 live...\" \/>\n<meta property=\"og:url\" content=\"https:\/\/dontacceptrape.com\/da\/find-no-strings-attached-sex-i-aften\/\" \/>\n<meta property=\"og:site_name\" content=\"Accepter ikke\" \/>\n<meta property=\"og:image\" content=\"https:\/\/dontacceptrape.com\/wp-content\/uploads\/2022\/07\/datng-websites.jpeg\" \/>\n\t<meta property=\"og:image:width\" content=\"1125\" \/>\n\t<meta property=\"og:image:height\" content=\"750\" \/>\n\t<meta property=\"og:image:type\" content=\"image\/jpeg\" \/>\n<meta name=\"author\" content=\"Don&#039;t Accept Rape\" \/>\n<meta name=\"twitter:card\" content=\"summary_large_image\" \/>\n<meta name=\"twitter:label1\" content=\"Estimeret l\u00e6setid\" \/>\n\t<meta name=\"twitter:data1\" content=\"3 minutter\" \/>\n<script type=\"application\/ld+json\" class=\"yoast-schema-graph\">{\"@context\":\"https:\/\/schema.org\",\"@graph\":[{\"@type\":\"WebSite\",\"@id\":\"http:\/\/dontacceptrape.com\/es\/#website\",\"url\":\"http:\/\/dontacceptrape.com\/es\/\",\"name\":\"Accepter ikke\",\"description\":\"Rigtig tilslutningschat\",\"potentialAction\":[{\"@type\":\"SearchAction\",\"target\":{\"@type\":\"EntryPoint\",\"urlTemplate\":\"http:\/\/dontacceptrape.com\/es\/?s={search_term_string}\"},\"query-input\":\"required name=search_term_string\"}],\"inLanguage\":\"da-DK\"},{\"@type\":\"ImageObject\",\"inLanguage\":\"da-DK\",\"@id\":\"https:\/\/dontacceptrape.com\/da\/find-no-strings-attached-sex-i-aften\/#primaryimage\",\"url\":\"https:\/\/dontacceptrape.com\/wp-content\/uploads\/2022\/07\/datng-websites.jpeg\",\"contentUrl\":\"https:\/\/dontacceptrape.com\/wp-content\/uploads\/2022\/07\/datng-websites.jpeg\",\"width\":1125,\"height\":750},{\"@type\":\"WebPage\",\"@id\":\"https:\/\/dontacceptrape.com\/da\/find-no-strings-attached-sex-i-aften\/#webpage\",\"url\":\"https:\/\/dontacceptrape.com\/da\/find-no-strings-attached-sex-i-aften\/\",\"name\":\"Find no strings attached sex i aften? - Accepter ikke\",\"isPartOf\":{\"@id\":\"http:\/\/dontacceptrape.com\/es\/#website\"},\"primaryImageOfPage\":{\"@id\":\"https:\/\/dontacceptrape.com\/da\/find-no-strings-attached-sex-i-aften\/#primaryimage\"},\"datePublished\":\"2022-07-04T10:33:15+00:00\",\"dateModified\":\"2022-07-04T10:33:15+00:00\",\"breadcrumb\":{\"@id\":\"https:\/\/dontacceptrape.com\/da\/find-no-strings-attached-sex-i-aften\/#breadcrumb\"},\"inLanguage\":\"da-DK\",\"potentialAction\":[{\"@type\":\"ReadAction\",\"target\":[\"https:\/\/dontacceptrape.com\/da\/find-no-strings-attached-sex-i-aften\/\"]}]},{\"@type\":\"BreadcrumbList\",\"@id\":\"https:\/\/dontacceptrape.com\/da\/find-no-strings-attached-sex-i-aften\/#breadcrumb\",\"itemListElement\":[{\"@type\":\"ListItem\",\"position\":1,\"name\":\"Hjem\",\"item\":\"https:\/\/dontacceptrape.com\/da\/\"},{\"@type\":\"ListItem\",\"position\":2,\"name\":\"Find no strings attached sex i aften?\"}]}]}<\/script>\n<!-- \/ Yoast SEO plugin. -->","yoast_head_json":{"title":"Find no strings attached sex i aften? - Accepter ikke","robots":{"index":"index","follow":"follow","max-snippet":"max-snippet:-1","max-image-preview":"max-image-preview:large","max-video-preview":"max-video-preview:-1"},"canonical":"https:\/\/dontacceptrape.com\/da\/find-no-strings-attached-sex-i-aften\/","og_locale":"da_DK","og_type":"article","og_title":"Find no strings attached sex i aften? - Accepter ikke","og_description":"NSA er en voksen dating hjemmeside, der tilbyder en masse forskellige m\u00e5der at forbinde med andre og dele intime \u00f8jeblikke med dem. Du kan chatte, udveksle fotos og videoer og endda se hinanden, mens du onanerer. Der er ogs\u00e5 live...","og_url":"https:\/\/dontacceptrape.com\/da\/find-no-strings-attached-sex-i-aften\/","og_site_name":"Accepter ikke","og_image":[{"width":1125,"height":750,"url":"https:\/\/dontacceptrape.com\/wp-content\/uploads\/2022\/07\/datng-websites.jpeg","type":"image\/jpeg"}],"author":"Don't Accept Rape","twitter_card":"summary_large_image","twitter_misc":{"Estimeret l\u00e6setid":"3 minutter"},"schema":{"@context":"https:\/\/schema.org","@graph":[{"@type":"WebSite","@id":"http:\/\/dontacceptrape.com\/es\/#website","url":"http:\/\/dontacceptrape.com\/es\/","name":"Accepter ikke","description":"Rigtig tilslutningschat","potentialAction":[{"@type":"SearchAction","target":{"@type":"EntryPoint","urlTemplate":"http:\/\/dontacceptrape.com\/es\/?s={search_term_string}"},"query-input":"required name=search_term_string"}],"inLanguage":"da-DK"},{"@type":"ImageObject","inLanguage":"da-DK","@id":"https:\/\/dontacceptrape.com\/da\/find-no-strings-attached-sex-i-aften\/#primaryimage","url":"https:\/\/dontacceptrape.com\/wp-content\/uploads\/2022\/07\/datng-websites.jpeg","contentUrl":"https:\/\/dontacceptrape.com\/wp-content\/uploads\/2022\/07\/datng-websites.jpeg","width":1125,"height":750},{"@type":"WebPage","@id":"https:\/\/dontacceptrape.com\/da\/find-no-strings-attached-sex-i-aften\/#webpage","url":"https:\/\/dontacceptrape.com\/da\/find-no-strings-attached-sex-i-aften\/","name":"Find no strings attached sex i aften? - Accepter ikke","isPartOf":{"@id":"http:\/\/dontacceptrape.com\/es\/#website"},"primaryImageOfPage":{"@id":"https:\/\/dontacceptrape.com\/da\/find-no-strings-attached-sex-i-aften\/#primaryimage"},"datePublished":"2022-07-04T10:33:15+00:00","dateModified":"2022-07-04T10:33:15+00:00","breadcrumb":{"@id":"https:\/\/dontacceptrape.com\/da\/find-no-strings-attached-sex-i-aften\/#breadcrumb"},"inLanguage":"da-DK","potentialAction":[{"@type":"ReadAction","target":["https:\/\/dontacceptrape.com\/da\/find-no-strings-attached-sex-i-aften\/"]}]},{"@type":"BreadcrumbList","@id":"https:\/\/dontacceptrape.com\/da\/find-no-strings-attached-sex-i-aften\/#breadcrumb","itemListElement":[{"@type":"ListItem","position":1,"name":"Hjem","item":"https:\/\/dontacceptrape.com\/da\/"},{"@type":"ListItem","position":2,"name":"Find no strings attached sex i aften?"}]}]}},"_links":{"self":[{"href":"https:\/\/dontacceptrape.com\/da\/wp-json\/wp\/v2\/pages\/194"}],"collection":[{"href":"https:\/\/dontacceptrape.com\/da\/wp-json\/wp\/v2\/pages"}],"about":[{"href":"https:\/\/dontacceptrape.com\/da\/wp-json\/wp\/v2\/types\/page"}],"author":[{"embeddable":true,"href":"https:\/\/dontacceptrape.com\/da\/wp-json\/wp\/v2\/users\/1"}],"replies":[{"embeddable":true,"href":"https:\/\/dontacceptrape.com\/da\/wp-json\/wp\/v2\/comments?post=194"}],"version-history":[{"count":0,"href":"https:\/\/dontacceptrape.com\/da\/wp-json\/wp\/v2\/pages\/194\/revisions"}],"wp:featuredmedia":[{"embeddable":true,"href":"https:\/\/dontacceptrape.com\/da\/wp-json\/wp\/v2\/media\/67"}],"wp:attachment":[{"href":"https:\/\/dontacceptrape.com\/da\/wp-json\/wp\/v2\/media?parent=194"}],"curies":[{"name":"wp","href":"https:\/\/api.w.org\/{rel}","templated":true}]}}