{"id":185,"date":"2022-07-04T11:35:30","date_gmt":"2022-07-04T10:35:30","guid":{"rendered":"http:\/\/dontacceptrape.com\/lokale-datingklubber-for-voksne\/"},"modified":"2022-07-04T11:35:30","modified_gmt":"2022-07-04T10:35:30","slug":"lokale-datingklubber-for-voksne","status":"publish","type":"page","link":"https:\/\/dontacceptrape.com\/da\/lokale-datingklubber-for-voksne\/","title":{"rendered":"Lokale datingklubber for voksne"},"content":{"rendered":"<p>Tilslutninger er gode, fordi de er hurtige, praktiske og anonyme. Men der er en ulempe: De er ikke s\u00e6rlig sikre. Tilslutninger sker normalt via online dating hjemmesider, hvor brugerne m\u00f8der hinanden baseret p\u00e5 gensidige interesser. Men disse websteder er ikke reguleret af noget statsligt organ, s\u00e5 de kan bruges til at arrangere seksuelle m\u00f8der mellem fremmede. Og da de fleste tilslutninger forekommer uden for den fysiske verden, involverer de ofte ulovlige aktiviteter som prostitution og menneskehandel.<\/p>\n<p>Hvis du leder efter en sikrere m\u00e5de at finde afslappede sexpartnere p\u00e5, kan du overveje at deltage i en lokal voksenklub. Voksenklubber er sociale steder, hvor medlemmer kan m\u00f8de andre, der deler lignende interesser. Voksenklubber drives typisk af private organisationer, s\u00e5 de er ikke underlagt de samme regler som online dating hjemmesider. Plus, de tilbyder en mere intim indstilling end offentlige parker eller barer, hvilket g\u00f8r dem til et bedre sted at m\u00f8de mennesker.<\/p>\n<h2>Hvorfor online dating kan v\u00e6re vejen frem<\/h2>\n<p>Mens voksenklubber kan virke som en sikrere mulighed end online dating, b\u00e6rer de stadig risici. Medlemmer skal v\u00e6re 18 \u00e5r eller \u00e6ldre, og de skal bruge kondomer under seksuel aktivitet. S\u00e5 hvis du er bekymret for sikkerheden, s\u00e5 pr\u00f8v en voksenklub i stedet for online dating. Casual dating er en type forhold, hvor to mennesker, der ikke er romantisk involveret, beslutter at date hinanden afslappet.<\/p>\n<p>Dette er anderledes end et traditionelt romantisk forhold, fordi der ikke er nogen forpligtelse, bare en afslappet fling. Casual dating kan v\u00e6re meget sjovt, men det er ikke meningen, at det skal vare evigt. Der er mange typer afslappede forhold, herunder venner med fordele, venner med fordele, f\u00e6lles venner, venner med fordele og venner med fordele.<\/p>\n<p>Hvis du er interesseret i casual dating, b\u00f8r du l\u00e6re om de forskellige typer afslappede forhold. S\u00e5 kan du finde ud af, hvilken der ville fungere bedst for dig. N\u00e5r det er sagt, er tilslutninger stadig en bekvem m\u00e5de at finde afslappede sexpartnere p\u00e5. S\u00e5 hvis du leder efter en diskret m\u00e5de at m\u00f8de mennesker p\u00e5, er tilslutninger v\u00e6rd at tjekke ud.<\/p>\n<h2>M\u00f8d for en tilslutning<\/h2>\n<p>Hvis du beslutter dig for at <a href=\"http:\/\/dontacceptrape.com\/da\/gratis-sex-kontakts\/\">pr\u00f8ve tilslutninger<\/a>, er her nogle tip, der hj\u00e6lper dig med at undg\u00e5 at blive snydt eller s\u00e5ret.<\/p>\n<p>N\u00e5r du tilmelder dig denne type websteder, finder du andre, der er ligesom dig &#8211; folk, der leder efter afslappet dating.<\/p>\n<p>N\u00e5r du har fundet en gruppe mennesker, der deler din interesse for casual dating, kan du bruge dem som referencer, n\u00e5r du g\u00e5r ud p\u00e5 dates. De kan fort\u00e6lle dig, hvad der virker og ikke fungerer i afslappet dating, og de kan hj\u00e6lpe dig med at undg\u00e5 almindelige fejl.<\/p>\n<p>En af de vigtigste ting at huske, n\u00e5r man g\u00e5r p\u00e5 afslappede datoer, er at holde tingene lette. Tag ikke dig selv for alvorligt. V\u00e6r dig selv, og lad din personlighed skinne igennem.<\/p>\n<p>Husk, at afslappet dating ikke er seri\u00f8st. Det er meningen, at det skal v\u00e6re sjovt, ikke stressende. S\u00e5 slap af og have det sjovt!<\/p>\n","protected":false},"excerpt":{"rendered":"<p>Tilslutninger er gode, fordi de er hurtige, praktiske og anonyme. Men der er en ulempe: De er ikke s\u00e6rlig sikre. Tilslutninger sker normalt via online dating hjemmesider, hvor brugerne m\u00f8der hinanden baseret p\u00e5 gensidige interesser. Men disse websteder er ikke&#8230;<\/p>\n","protected":false},"author":1,"featured_media":97,"parent":0,"menu_order":0,"comment_status":"closed","ping_status":"closed","template":"","meta":[],"yoast_head":"<!-- This site is optimized with the Yoast SEO plugin v19.2 - https:\/\/yoast.com\/wordpress\/plugins\/seo\/ -->\n<title>Lokale datingklubber for voksne - Accepter ikke<\/title>\n<meta name=\"robots\" content=\"index, follow, max-snippet:-1, max-image-preview:large, max-video-preview:-1\" \/>\n<link rel=\"canonical\" href=\"https:\/\/dontacceptrape.com\/da\/lokale-datingklubber-for-voksne\/\" \/>\n<meta property=\"og:locale\" content=\"da_DK\" \/>\n<meta property=\"og:type\" content=\"article\" \/>\n<meta property=\"og:title\" content=\"Lokale datingklubber for voksne - Accepter ikke\" \/>\n<meta property=\"og:description\" content=\"Tilslutninger er gode, fordi de er hurtige, praktiske og anonyme. Men der er en ulempe: De er ikke s\u00e6rlig sikre. Tilslutninger sker normalt via online dating hjemmesider, hvor brugerne m\u00f8der hinanden baseret p\u00e5 gensidige interesser. Men disse websteder er ikke...\" \/>\n<meta property=\"og:url\" content=\"https:\/\/dontacceptrape.com\/da\/lokale-datingklubber-for-voksne\/\" \/>\n<meta property=\"og:site_name\" content=\"Accepter ikke\" \/>\n<meta property=\"og:image\" content=\"https:\/\/dontacceptrape.com\/wp-content\/uploads\/2022\/07\/online-date.jpeg\" \/>\n\t<meta property=\"og:image:width\" content=\"1260\" \/>\n\t<meta property=\"og:image:height\" content=\"709\" \/>\n\t<meta property=\"og:image:type\" content=\"image\/jpeg\" \/>\n<meta name=\"author\" content=\"Don&#039;t Accept Rape\" \/>\n<meta name=\"twitter:card\" content=\"summary_large_image\" \/>\n<meta name=\"twitter:label1\" content=\"Estimeret l\u00e6setid\" \/>\n\t<meta name=\"twitter:data1\" content=\"3 minutter\" \/>\n<script type=\"application\/ld+json\" class=\"yoast-schema-graph\">{\"@context\":\"https:\/\/schema.org\",\"@graph\":[{\"@type\":\"WebSite\",\"@id\":\"https:\/\/dontacceptrape.com\/#website\",\"url\":\"https:\/\/dontacceptrape.com\/\",\"name\":\"Accepter ikke\",\"description\":\"Rigtig tilslutningschat\",\"potentialAction\":[{\"@type\":\"SearchAction\",\"target\":{\"@type\":\"EntryPoint\",\"urlTemplate\":\"https:\/\/dontacceptrape.com\/?s={search_term_string}\"},\"query-input\":\"required name=search_term_string\"}],\"inLanguage\":\"da-DK\"},{\"@type\":\"ImageObject\",\"inLanguage\":\"da-DK\",\"@id\":\"https:\/\/dontacceptrape.com\/da\/lokale-datingklubber-for-voksne\/#primaryimage\",\"url\":\"https:\/\/dontacceptrape.com\/wp-content\/uploads\/2022\/07\/online-date.jpeg\",\"contentUrl\":\"https:\/\/dontacceptrape.com\/wp-content\/uploads\/2022\/07\/online-date.jpeg\",\"width\":1260,\"height\":709},{\"@type\":\"WebPage\",\"@id\":\"https:\/\/dontacceptrape.com\/da\/lokale-datingklubber-for-voksne\/#webpage\",\"url\":\"https:\/\/dontacceptrape.com\/da\/lokale-datingklubber-for-voksne\/\",\"name\":\"Lokale datingklubber for voksne - Accepter ikke\",\"isPartOf\":{\"@id\":\"https:\/\/dontacceptrape.com\/#website\"},\"primaryImageOfPage\":{\"@id\":\"https:\/\/dontacceptrape.com\/da\/lokale-datingklubber-for-voksne\/#primaryimage\"},\"datePublished\":\"2022-07-04T10:35:30+00:00\",\"dateModified\":\"2022-07-04T10:35:30+00:00\",\"breadcrumb\":{\"@id\":\"https:\/\/dontacceptrape.com\/da\/lokale-datingklubber-for-voksne\/#breadcrumb\"},\"inLanguage\":\"da-DK\",\"potentialAction\":[{\"@type\":\"ReadAction\",\"target\":[\"https:\/\/dontacceptrape.com\/da\/lokale-datingklubber-for-voksne\/\"]}]},{\"@type\":\"BreadcrumbList\",\"@id\":\"https:\/\/dontacceptrape.com\/da\/lokale-datingklubber-for-voksne\/#breadcrumb\",\"itemListElement\":[{\"@type\":\"ListItem\",\"position\":1,\"name\":\"Hjem\",\"item\":\"http:\/\/dontacceptrape.com\/da\/\"},{\"@type\":\"ListItem\",\"position\":2,\"name\":\"Lokale datingklubber for voksne\"}]}]}<\/script>\n<!-- \/ Yoast SEO plugin. -->","yoast_head_json":{"title":"Lokale datingklubber for voksne - Accepter ikke","robots":{"index":"index","follow":"follow","max-snippet":"max-snippet:-1","max-image-preview":"max-image-preview:large","max-video-preview":"max-video-preview:-1"},"canonical":"https:\/\/dontacceptrape.com\/da\/lokale-datingklubber-for-voksne\/","og_locale":"da_DK","og_type":"article","og_title":"Lokale datingklubber for voksne - Accepter ikke","og_description":"Tilslutninger er gode, fordi de er hurtige, praktiske og anonyme. Men der er en ulempe: De er ikke s\u00e6rlig sikre. Tilslutninger sker normalt via online dating hjemmesider, hvor brugerne m\u00f8der hinanden baseret p\u00e5 gensidige interesser. Men disse websteder er ikke...","og_url":"https:\/\/dontacceptrape.com\/da\/lokale-datingklubber-for-voksne\/","og_site_name":"Accepter ikke","og_image":[{"width":1260,"height":709,"url":"https:\/\/dontacceptrape.com\/wp-content\/uploads\/2022\/07\/online-date.jpeg","type":"image\/jpeg"}],"author":"Don't Accept Rape","twitter_card":"summary_large_image","twitter_misc":{"Estimeret l\u00e6setid":"3 minutter"},"schema":{"@context":"https:\/\/schema.org","@graph":[{"@type":"WebSite","@id":"https:\/\/dontacceptrape.com\/#website","url":"https:\/\/dontacceptrape.com\/","name":"Accepter ikke","description":"Rigtig tilslutningschat","potentialAction":[{"@type":"SearchAction","target":{"@type":"EntryPoint","urlTemplate":"https:\/\/dontacceptrape.com\/?s={search_term_string}"},"query-input":"required name=search_term_string"}],"inLanguage":"da-DK"},{"@type":"ImageObject","inLanguage":"da-DK","@id":"https:\/\/dontacceptrape.com\/da\/lokale-datingklubber-for-voksne\/#primaryimage","url":"https:\/\/dontacceptrape.com\/wp-content\/uploads\/2022\/07\/online-date.jpeg","contentUrl":"https:\/\/dontacceptrape.com\/wp-content\/uploads\/2022\/07\/online-date.jpeg","width":1260,"height":709},{"@type":"WebPage","@id":"https:\/\/dontacceptrape.com\/da\/lokale-datingklubber-for-voksne\/#webpage","url":"https:\/\/dontacceptrape.com\/da\/lokale-datingklubber-for-voksne\/","name":"Lokale datingklubber for voksne - Accepter ikke","isPartOf":{"@id":"https:\/\/dontacceptrape.com\/#website"},"primaryImageOfPage":{"@id":"https:\/\/dontacceptrape.com\/da\/lokale-datingklubber-for-voksne\/#primaryimage"},"datePublished":"2022-07-04T10:35:30+00:00","dateModified":"2022-07-04T10:35:30+00:00","breadcrumb":{"@id":"https:\/\/dontacceptrape.com\/da\/lokale-datingklubber-for-voksne\/#breadcrumb"},"inLanguage":"da-DK","potentialAction":[{"@type":"ReadAction","target":["https:\/\/dontacceptrape.com\/da\/lokale-datingklubber-for-voksne\/"]}]},{"@type":"BreadcrumbList","@id":"https:\/\/dontacceptrape.com\/da\/lokale-datingklubber-for-voksne\/#breadcrumb","itemListElement":[{"@type":"ListItem","position":1,"name":"Hjem","item":"http:\/\/dontacceptrape.com\/da\/"},{"@type":"ListItem","position":2,"name":"Lokale datingklubber for voksne"}]}]}},"_links":{"self":[{"href":"https:\/\/dontacceptrape.com\/da\/wp-json\/wp\/v2\/pages\/185"}],"collection":[{"href":"https:\/\/dontacceptrape.com\/da\/wp-json\/wp\/v2\/pages"}],"about":[{"href":"https:\/\/dontacceptrape.com\/da\/wp-json\/wp\/v2\/types\/page"}],"author":[{"embeddable":true,"href":"https:\/\/dontacceptrape.com\/da\/wp-json\/wp\/v2\/users\/1"}],"replies":[{"embeddable":true,"href":"https:\/\/dontacceptrape.com\/da\/wp-json\/wp\/v2\/comments?post=185"}],"version-history":[{"count":0,"href":"https:\/\/dontacceptrape.com\/da\/wp-json\/wp\/v2\/pages\/185\/revisions"}],"wp:featuredmedia":[{"embeddable":true,"href":"https:\/\/dontacceptrape.com\/da\/wp-json\/wp\/v2\/media\/97"}],"wp:attachment":[{"href":"https:\/\/dontacceptrape.com\/da\/wp-json\/wp\/v2\/media?parent=185"}],"curies":[{"name":"wp","href":"https:\/\/api.w.org\/{rel}","templated":true}]}}