{"id":175,"date":"2022-07-04T11:38:48","date_gmt":"2022-07-04T10:38:48","guid":{"rendered":"http:\/\/dontacceptrape.com\/gratis-sex-kontakts\/"},"modified":"2022-07-04T11:38:48","modified_gmt":"2022-07-04T10:38:48","slug":"gratis-sex-kontakts","status":"publish","type":"page","link":"https:\/\/dontacceptrape.com\/da\/gratis-sex-kontakts\/","title":{"rendered":"Gratis Sex Kontakts"},"content":{"rendered":"<p>Tilslutninger er en fantastisk m\u00e5de at m\u00f8de kvinder online p\u00e5, men de er ikke for alle. S\u00e5 hvis du leder efter et langsigtet forhold, kan det v\u00e6re bedre for dig at m\u00f8de kvinder offline.<\/p>\n<p>Men hvis du bare vil pr\u00f8ve noget casual dating, er der <a href=\"http:\/\/dontacceptrape.com\/da\/hvad-man-skal-passe-paa-med-tilslutningsapps\/\">masser af hjemmesider<\/a> , hvor du kan finde kvinder, der leder efter m\u00e6nd. Disse sider inkluderer OkCupid, Match.com, PlentyOfFish og Tinder.<\/p>\n<p>OkCupid er gratis, men du skal betale for at sende beskeder. Match.com opkr\u00e6ver m\u00e5nedlige gebyrer, men du kan bruge det gratis, indtil du finder et match. PlentyofFish er gratis, men du kan kun s\u00f8ge efter lokale kampe. Tinder er gratis, men du skal betale for at sende beskeder og se profiler.<\/p>\n<p><img loading=\"lazy\" class=\"aligncenter size-large wp-image-106\" src=\"http:\/\/dontacceptrape.com\/wp-content\/uploads\/2022\/07\/online-dating-1024x683.jpeg\" alt=\"\" width=\"640\" height=\"427\" srcset=\"https:\/\/dontacceptrape.com\/wp-content\/uploads\/2022\/07\/online-dating-1024x683.jpeg 1024w, https:\/\/dontacceptrape.com\/wp-content\/uploads\/2022\/07\/online-dating-300x200.jpeg 300w, https:\/\/dontacceptrape.com\/wp-content\/uploads\/2022\/07\/online-dating-768x512.jpeg 768w, https:\/\/dontacceptrape.com\/wp-content\/uploads\/2022\/07\/online-dating.jpeg 1125w\" sizes=\"(max-width: 640px) 100vw, 640px\" \/><\/p>\n<h2>Top 3 apps at pr\u00f8ve i stedet for kontakts<\/h2>\n<p>Hvis du leder efter et seri\u00f8st forhold, er disse websteder ikke noget for dig. Men hvis du bare leder efter nogle afslappede datoer, er de pr\u00e6cis, hvad du har brug for &#8230;<\/p>\n<h3>Fyrsvamp<\/h3>\n<p>Tinder er ikke et <a href=\"http:\/\/dontacceptrape.com\/da\/find-no-strings-attached-sex-i-aften\/\">godt alternativ til kontakt kontakterne<\/a>. Det er der mange grunde til. En af dem er, at de tilbyder meget f\u00e5 aktiviteter. Dating handler mest om at finde nogen til dato, hvilket betyder, at du bliver n\u00f8dt til at s\u00f8ge gennem profiler og beskeder efter nogen, der er interesseret i dig. Hvis du leder efter en aktivitet, b\u00f8r du pr\u00f8ve Adult Friend Finder eller m\u00e5ske endda Ashley Madison. Disse to websteder er specielt designet til voksne, der s\u00f8ger seksuelle m\u00f8der. Du vil ogs\u00e5 bem\u00e6rke, at du vil se mange flere annoncer p\u00e5 Ashley Madison-webstedet, end du vil p\u00e5 Craigslist Personals. Hvis du \u00f8nsker at m\u00f8de nogen til et afslappet m\u00f8de, b\u00f8r du helt sikkert tjekke disse to websteder.<\/p>\n<h3>Kasual<\/h3>\n<p>Kasual er en mobilapp, der giver brugerne mulighed for at s\u00f8ge efter ligesindede personer i deres omr\u00e5de.<\/p>\n<p>Dette er ikke den bedste app til dem, der leder efter et seri\u00f8st forhold. I stedet henvender appen sig til tilslutningsm\u00e6ngden, afslappede datere, der bare har brug for noget \u00e6gte p\u00e5 ethvert givet tidspunkt. Hvis du er i den fase af dit liv, hvor du ikke har tid til at forpligte dig, er Kasual en perfekt l\u00f8sning til dine datingbehov. Du f\u00e5r adgang til en enorm pulje af brugere, hvilket g\u00f8r det lettere at m\u00f8de nye mennesker. Og hvis du ikke er klar til et seri\u00f8st forhold, kan du stadig nyde fordelene ved at m\u00f8de en ny.<\/p>\n<h3>Voksen Ven Finder<\/h3>\n<p>AFF er et godt sted at m\u00f8de kvinder, der leder efter afslappet sex. Du kan s\u00f8ge efter bestemte typer partnere som cougars, MILF&#8217;er, BBF&#8217;er osv. Der er ogs\u00e5 grupper, du kan deltage i for at oprette forbindelse til andre medlemmer. Hvis du ikke er interesseret i at m\u00f8de nogen med det samme, kan du gennemse profiler og sende beskeder til potentielle datoer. N\u00e5r du har fundet et match, kan du chatte med dem via videoopkald. Du kan endda sp\u00f8rge din date ud p\u00e5 en f\u00f8rste date, hvis du vil!<\/p>\n","protected":false},"excerpt":{"rendered":"<p>Tilslutninger er en fantastisk m\u00e5de at m\u00f8de kvinder online p\u00e5, men de er ikke for alle. S\u00e5 hvis du leder efter et langsigtet forhold, kan det v\u00e6re bedre for dig at m\u00f8de kvinder offline. Men hvis du bare vil pr\u00f8ve&#8230;<\/p>\n","protected":false},"author":1,"featured_media":0,"parent":0,"menu_order":0,"comment_status":"closed","ping_status":"closed","template":"","meta":[],"yoast_head":"<!-- This site is optimized with the Yoast SEO plugin v19.2 - https:\/\/yoast.com\/wordpress\/plugins\/seo\/ -->\n<title>Gratis Sex Kontakts - Accepter ikke<\/title>\n<meta name=\"robots\" content=\"index, follow, max-snippet:-1, max-image-preview:large, max-video-preview:-1\" \/>\n<link rel=\"canonical\" href=\"https:\/\/dontacceptrape.com\/da\/gratis-sex-kontakts\/\" \/>\n<meta property=\"og:locale\" content=\"da_DK\" \/>\n<meta property=\"og:type\" content=\"article\" \/>\n<meta property=\"og:title\" content=\"Gratis Sex Kontakts - Accepter ikke\" \/>\n<meta property=\"og:description\" content=\"Tilslutninger er en fantastisk m\u00e5de at m\u00f8de kvinder online p\u00e5, men de er ikke for alle. S\u00e5 hvis du leder efter et langsigtet forhold, kan det v\u00e6re bedre for dig at m\u00f8de kvinder offline. Men hvis du bare vil pr\u00f8ve...\" \/>\n<meta property=\"og:url\" content=\"https:\/\/dontacceptrape.com\/da\/gratis-sex-kontakts\/\" \/>\n<meta property=\"og:site_name\" content=\"Accepter ikke\" \/>\n<meta property=\"og:image\" content=\"http:\/\/dontacceptrape.com\/wp-content\/uploads\/2022\/07\/online-dating-1024x683.jpeg\" \/>\n<meta name=\"author\" content=\"Don&#039;t Accept Rape\" \/>\n<meta name=\"twitter:card\" content=\"summary_large_image\" \/>\n<meta name=\"twitter:label1\" content=\"Estimeret l\u00e6setid\" \/>\n\t<meta name=\"twitter:data1\" content=\"3 minutter\" \/>\n<script type=\"application\/ld+json\" class=\"yoast-schema-graph\">{\"@context\":\"https:\/\/schema.org\",\"@graph\":[{\"@type\":\"WebSite\",\"@id\":\"https:\/\/dontacceptrape.com\/#website\",\"url\":\"https:\/\/dontacceptrape.com\/\",\"name\":\"Accepter ikke\",\"description\":\"Rigtig tilslutningschat\",\"potentialAction\":[{\"@type\":\"SearchAction\",\"target\":{\"@type\":\"EntryPoint\",\"urlTemplate\":\"https:\/\/dontacceptrape.com\/?s={search_term_string}\"},\"query-input\":\"required name=search_term_string\"}],\"inLanguage\":\"da-DK\"},{\"@type\":\"ImageObject\",\"inLanguage\":\"da-DK\",\"@id\":\"https:\/\/dontacceptrape.com\/da\/gratis-sex-kontakts\/#primaryimage\",\"url\":\"https:\/\/dontacceptrape.com\/wp-content\/uploads\/2022\/07\/online-dating.jpeg\",\"contentUrl\":\"https:\/\/dontacceptrape.com\/wp-content\/uploads\/2022\/07\/online-dating.jpeg\",\"width\":1125,\"height\":750},{\"@type\":\"WebPage\",\"@id\":\"https:\/\/dontacceptrape.com\/da\/gratis-sex-kontakts\/#webpage\",\"url\":\"https:\/\/dontacceptrape.com\/da\/gratis-sex-kontakts\/\",\"name\":\"Gratis Sex Kontakts - Accepter ikke\",\"isPartOf\":{\"@id\":\"https:\/\/dontacceptrape.com\/#website\"},\"primaryImageOfPage\":{\"@id\":\"https:\/\/dontacceptrape.com\/da\/gratis-sex-kontakts\/#primaryimage\"},\"datePublished\":\"2022-07-04T10:38:48+00:00\",\"dateModified\":\"2022-07-04T10:38:48+00:00\",\"breadcrumb\":{\"@id\":\"https:\/\/dontacceptrape.com\/da\/gratis-sex-kontakts\/#breadcrumb\"},\"inLanguage\":\"da-DK\",\"potentialAction\":[{\"@type\":\"ReadAction\",\"target\":[\"https:\/\/dontacceptrape.com\/da\/gratis-sex-kontakts\/\"]}]},{\"@type\":\"BreadcrumbList\",\"@id\":\"https:\/\/dontacceptrape.com\/da\/gratis-sex-kontakts\/#breadcrumb\",\"itemListElement\":[{\"@type\":\"ListItem\",\"position\":1,\"name\":\"Hjem\",\"item\":\"http:\/\/dontacceptrape.com\/da\/\"},{\"@type\":\"ListItem\",\"position\":2,\"name\":\"Gratis Sex Kontakts\"}]}]}<\/script>\n<!-- \/ Yoast SEO plugin. -->","yoast_head_json":{"title":"Gratis Sex Kontakts - Accepter ikke","robots":{"index":"index","follow":"follow","max-snippet":"max-snippet:-1","max-image-preview":"max-image-preview:large","max-video-preview":"max-video-preview:-1"},"canonical":"https:\/\/dontacceptrape.com\/da\/gratis-sex-kontakts\/","og_locale":"da_DK","og_type":"article","og_title":"Gratis Sex Kontakts - Accepter ikke","og_description":"Tilslutninger er en fantastisk m\u00e5de at m\u00f8de kvinder online p\u00e5, men de er ikke for alle. S\u00e5 hvis du leder efter et langsigtet forhold, kan det v\u00e6re bedre for dig at m\u00f8de kvinder offline. Men hvis du bare vil pr\u00f8ve...","og_url":"https:\/\/dontacceptrape.com\/da\/gratis-sex-kontakts\/","og_site_name":"Accepter ikke","og_image":[{"url":"http:\/\/dontacceptrape.com\/wp-content\/uploads\/2022\/07\/online-dating-1024x683.jpeg"}],"author":"Don't Accept Rape","twitter_card":"summary_large_image","twitter_misc":{"Estimeret l\u00e6setid":"3 minutter"},"schema":{"@context":"https:\/\/schema.org","@graph":[{"@type":"WebSite","@id":"https:\/\/dontacceptrape.com\/#website","url":"https:\/\/dontacceptrape.com\/","name":"Accepter ikke","description":"Rigtig tilslutningschat","potentialAction":[{"@type":"SearchAction","target":{"@type":"EntryPoint","urlTemplate":"https:\/\/dontacceptrape.com\/?s={search_term_string}"},"query-input":"required name=search_term_string"}],"inLanguage":"da-DK"},{"@type":"ImageObject","inLanguage":"da-DK","@id":"https:\/\/dontacceptrape.com\/da\/gratis-sex-kontakts\/#primaryimage","url":"https:\/\/dontacceptrape.com\/wp-content\/uploads\/2022\/07\/online-dating.jpeg","contentUrl":"https:\/\/dontacceptrape.com\/wp-content\/uploads\/2022\/07\/online-dating.jpeg","width":1125,"height":750},{"@type":"WebPage","@id":"https:\/\/dontacceptrape.com\/da\/gratis-sex-kontakts\/#webpage","url":"https:\/\/dontacceptrape.com\/da\/gratis-sex-kontakts\/","name":"Gratis Sex Kontakts - Accepter ikke","isPartOf":{"@id":"https:\/\/dontacceptrape.com\/#website"},"primaryImageOfPage":{"@id":"https:\/\/dontacceptrape.com\/da\/gratis-sex-kontakts\/#primaryimage"},"datePublished":"2022-07-04T10:38:48+00:00","dateModified":"2022-07-04T10:38:48+00:00","breadcrumb":{"@id":"https:\/\/dontacceptrape.com\/da\/gratis-sex-kontakts\/#breadcrumb"},"inLanguage":"da-DK","potentialAction":[{"@type":"ReadAction","target":["https:\/\/dontacceptrape.com\/da\/gratis-sex-kontakts\/"]}]},{"@type":"BreadcrumbList","@id":"https:\/\/dontacceptrape.com\/da\/gratis-sex-kontakts\/#breadcrumb","itemListElement":[{"@type":"ListItem","position":1,"name":"Hjem","item":"http:\/\/dontacceptrape.com\/da\/"},{"@type":"ListItem","position":2,"name":"Gratis Sex Kontakts"}]}]}},"_links":{"self":[{"href":"https:\/\/dontacceptrape.com\/da\/wp-json\/wp\/v2\/pages\/175"}],"collection":[{"href":"https:\/\/dontacceptrape.com\/da\/wp-json\/wp\/v2\/pages"}],"about":[{"href":"https:\/\/dontacceptrape.com\/da\/wp-json\/wp\/v2\/types\/page"}],"author":[{"embeddable":true,"href":"https:\/\/dontacceptrape.com\/da\/wp-json\/wp\/v2\/users\/1"}],"replies":[{"embeddable":true,"href":"https:\/\/dontacceptrape.com\/da\/wp-json\/wp\/v2\/comments?post=175"}],"version-history":[{"count":0,"href":"https:\/\/dontacceptrape.com\/da\/wp-json\/wp\/v2\/pages\/175\/revisions"}],"wp:attachment":[{"href":"https:\/\/dontacceptrape.com\/da\/wp-json\/wp\/v2\/media?parent=175"}],"curies":[{"name":"wp","href":"https:\/\/api.w.org\/{rel}","templated":true}]}}