{"id":166,"date":"2022-07-04T11:47:29","date_gmt":"2022-07-04T10:47:29","guid":{"rendered":"http:\/\/dontacceptrape.com\/hvad-man-skal-passe-paa-med-tilslutningsapps\/"},"modified":"2022-07-04T11:47:29","modified_gmt":"2022-07-04T10:47:29","slug":"hvad-man-skal-passe-paa-med-tilslutningsapps","status":"publish","type":"page","link":"https:\/\/dontacceptrape.com\/da\/hvad-man-skal-passe-paa-med-tilslutningsapps\/","title":{"rendered":"Hvad man skal passe p\u00e5 med tilslutningsapps"},"content":{"rendered":"<p>N\u00e5r du tilmelder dig denne type websteder, finder du andre, der er ligesom dig &#8211; folk, der leder efter afslappet dating.<\/p>\n<p>N\u00e5r du har fundet en gruppe mennesker, der deler din interesse for <a href=\"http:\/\/dontacceptrape.com\/da\/find-no-strings-attached-sex-i-aften\/\">casual dating<\/a>, kan du bruge dem som referencer, n\u00e5r du g\u00e5r ud p\u00e5 dates. De kan fort\u00e6lle dig, hvad der virker og ikke fungerer i afslappet dating, og de kan hj\u00e6lpe dig med at undg\u00e5 almindelige fejl. En af de vigtigste ting at huske, n\u00e5r man g\u00e5r p\u00e5 afslappede datoer, er at holde tingene lette. Tag ikke dig selv for alvorligt. V\u00e6r dig selv, og lad din personlighed skinne igennem.<\/p>\n<p>Husk, at afslappet dating ikke er seri\u00f8st. Det er meningen, at det skal v\u00e6re sjovt, ikke stressende. S\u00e5 slap af og have det sjovt! Hvis du leder efter gratis datingapps, er der masser af muligheder tilg\u00e6ngelige. Men ikke alle er skabt ens. Nogle er bare gimmicks, mens andre er legitime v\u00e6rkt\u00f8jer til at finde datoer.<\/p>\n<p><img loading=\"lazy\" class=\"size-large wp-image-56 aligncenter\" src=\"http:\/\/dontacceptrape.com\/wp-content\/uploads\/2022\/07\/casual-hookup-1024x683.jpeg\" alt=\"\" width=\"640\" height=\"427\" srcset=\"https:\/\/dontacceptrape.com\/wp-content\/uploads\/2022\/07\/casual-hookup-1024x683.jpeg 1024w, https:\/\/dontacceptrape.com\/wp-content\/uploads\/2022\/07\/casual-hookup-300x200.jpeg 300w, https:\/\/dontacceptrape.com\/wp-content\/uploads\/2022\/07\/casual-hookup-768x512.jpeg 768w, https:\/\/dontacceptrape.com\/wp-content\/uploads\/2022\/07\/casual-hookup.jpeg 1125w\" sizes=\"(max-width: 640px) 100vw, 640px\" \/><\/p>\n<h2>Hvad skal man passe p\u00e5?<\/h2>\n<p>For at hj\u00e6lpe dig med at beslutte, hvilke der er din tid v\u00e6rd, er her nogle tips til evaluering af gratis datingapps:<\/p>\n<h3>Se p\u00e5 appens bed\u00f8mmelse.<\/h3>\n<p>Gratis datingapps leveres normalt med et stjerneklassificeringssystem, hvor brugerne bed\u00f8mmer appen baseret p\u00e5 dens funktioner og funktionalitet. Jo h\u00f8jere bed\u00f8mmelse, jo bedre er appen.<\/p>\n<h3>Tjek anmeldelser<\/h3>\n<p>Anmeldelser sendes ofte online, enten af udvikleren eller af brugere, der allerede har brugt appen. Anmeldelser giver dig indsigt i, om appen fungerer godt og giver v\u00e6rdi til sine brugere.<\/p>\n<h3>L\u00e6s brugerkommentarer<\/h3>\n<p>Brugerkommentarer er en anden m\u00e5de at l\u00e6re om appen p\u00e5. De kan indeholde nyttige oplysninger, f.eks. tips til brug af appen, forslag til forbedringer eller klager over fejl.<\/p>\n<h3>Overvej omkostningerne<\/h3>\n<p>Nogle gratis datingapps er helt gratis, mens andre kr\u00e6ver betaling. Gratis datingapps har en tendens til at v\u00e6re enklere end betalte apps, s\u00e5 de er perfekte til dem, der ikke er klar til at forpligte sig endnu. Betalte apps tilbyder typisk flere funktioner og funktioner, hvilket g\u00f8r dem ideelle til folk, der \u00f8nsker at finde k\u00e6rligheden hurtigt.<\/p>\n<h2>Finder du din fling?<\/h2>\n<p>De fleste tilslutningssider tilbyder medlemskaber, der inkluderer adgang til specielle funktioner, s\u00e5som live webkameraer, private beskeder og videochatrum.<\/p>\n<p>Hvis du leder efter en hurtig fling, kan tilslutningssider v\u00e6re perfekte til dig. Men hvis du leder efter et langvarigt forhold, er tilslutningssider ikke stedet at finde det.<\/p>\n<p>Pr\u00f8v i stedet datingsider eller apps, der er designet specielt til at finde langsigtede forhold.<\/p>\n<p>Tilslutning online er en fantastisk m\u00e5de at finde afslappede sexpartnere p\u00e5. Men der er mange forskellige typer websteder derude, der hver is\u00e6r henvender sig til en bestemt type person. Der er ogs\u00e5 websteder, der im\u00f8dekommer folk, der leder efter venner med fordele eller bare venner med fordele. Disse websteder er normalt rettet mod \u00e6ldre voksne, men yngre mennesker vender sig i stigende grad ogs\u00e5 til dem.<\/p>\n","protected":false},"excerpt":{"rendered":"<p>N\u00e5r du tilmelder dig denne type websteder, finder du andre, der er ligesom dig &#8211; folk, der leder efter afslappet dating. N\u00e5r du har fundet en gruppe mennesker, der deler din interesse for casual dating, kan du bruge dem som&#8230;<\/p>\n","protected":false},"author":1,"featured_media":0,"parent":0,"menu_order":0,"comment_status":"closed","ping_status":"closed","template":"","meta":[],"yoast_head":"<!-- This site is optimized with the Yoast SEO plugin v19.2 - https:\/\/yoast.com\/wordpress\/plugins\/seo\/ -->\n<title>Hvad man skal passe p\u00e5 med tilslutningsapps - Accepter ikke<\/title>\n<meta name=\"robots\" content=\"index, follow, max-snippet:-1, max-image-preview:large, max-video-preview:-1\" \/>\n<link rel=\"canonical\" href=\"https:\/\/dontacceptrape.com\/da\/hvad-man-skal-passe-paa-med-tilslutningsapps\/\" \/>\n<meta property=\"og:locale\" content=\"da_DK\" \/>\n<meta property=\"og:type\" content=\"article\" \/>\n<meta property=\"og:title\" content=\"Hvad man skal passe p\u00e5 med tilslutningsapps - Accepter ikke\" \/>\n<meta property=\"og:description\" content=\"N\u00e5r du tilmelder dig denne type websteder, finder du andre, der er ligesom dig &#8211; folk, der leder efter afslappet dating. N\u00e5r du har fundet en gruppe mennesker, der deler din interesse for casual dating, kan du bruge dem som...\" \/>\n<meta property=\"og:url\" content=\"https:\/\/dontacceptrape.com\/da\/hvad-man-skal-passe-paa-med-tilslutningsapps\/\" \/>\n<meta property=\"og:site_name\" content=\"Accepter ikke\" \/>\n<meta property=\"og:image\" content=\"http:\/\/dontacceptrape.com\/wp-content\/uploads\/2022\/07\/casual-hookup-1024x683.jpeg\" \/>\n<meta name=\"author\" content=\"Don&#039;t Accept Rape\" \/>\n<meta name=\"twitter:card\" content=\"summary_large_image\" \/>\n<meta name=\"twitter:label1\" content=\"Estimeret l\u00e6setid\" \/>\n\t<meta name=\"twitter:data1\" content=\"3 minutter\" \/>\n<script type=\"application\/ld+json\" class=\"yoast-schema-graph\">{\"@context\":\"https:\/\/schema.org\",\"@graph\":[{\"@type\":\"WebSite\",\"@id\":\"https:\/\/dontacceptrape.com\/#website\",\"url\":\"https:\/\/dontacceptrape.com\/\",\"name\":\"Accepter ikke\",\"description\":\"Rigtig tilslutningschat\",\"potentialAction\":[{\"@type\":\"SearchAction\",\"target\":{\"@type\":\"EntryPoint\",\"urlTemplate\":\"https:\/\/dontacceptrape.com\/?s={search_term_string}\"},\"query-input\":\"required name=search_term_string\"}],\"inLanguage\":\"da-DK\"},{\"@type\":\"ImageObject\",\"inLanguage\":\"da-DK\",\"@id\":\"https:\/\/dontacceptrape.com\/da\/hvad-man-skal-passe-paa-med-tilslutningsapps\/#primaryimage\",\"url\":\"https:\/\/dontacceptrape.com\/wp-content\/uploads\/2022\/07\/casual-hookup.jpeg\",\"contentUrl\":\"https:\/\/dontacceptrape.com\/wp-content\/uploads\/2022\/07\/casual-hookup.jpeg\",\"width\":1125,\"height\":750},{\"@type\":\"WebPage\",\"@id\":\"https:\/\/dontacceptrape.com\/da\/hvad-man-skal-passe-paa-med-tilslutningsapps\/#webpage\",\"url\":\"https:\/\/dontacceptrape.com\/da\/hvad-man-skal-passe-paa-med-tilslutningsapps\/\",\"name\":\"Hvad man skal passe p\u00e5 med tilslutningsapps - Accepter ikke\",\"isPartOf\":{\"@id\":\"https:\/\/dontacceptrape.com\/#website\"},\"primaryImageOfPage\":{\"@id\":\"https:\/\/dontacceptrape.com\/da\/hvad-man-skal-passe-paa-med-tilslutningsapps\/#primaryimage\"},\"datePublished\":\"2022-07-04T10:47:29+00:00\",\"dateModified\":\"2022-07-04T10:47:29+00:00\",\"breadcrumb\":{\"@id\":\"https:\/\/dontacceptrape.com\/da\/hvad-man-skal-passe-paa-med-tilslutningsapps\/#breadcrumb\"},\"inLanguage\":\"da-DK\",\"potentialAction\":[{\"@type\":\"ReadAction\",\"target\":[\"https:\/\/dontacceptrape.com\/da\/hvad-man-skal-passe-paa-med-tilslutningsapps\/\"]}]},{\"@type\":\"BreadcrumbList\",\"@id\":\"https:\/\/dontacceptrape.com\/da\/hvad-man-skal-passe-paa-med-tilslutningsapps\/#breadcrumb\",\"itemListElement\":[{\"@type\":\"ListItem\",\"position\":1,\"name\":\"Hjem\",\"item\":\"http:\/\/dontacceptrape.com\/da\/\"},{\"@type\":\"ListItem\",\"position\":2,\"name\":\"Hvad man skal passe p\u00e5 med tilslutningsapps\"}]}]}<\/script>\n<!-- \/ Yoast SEO plugin. -->","yoast_head_json":{"title":"Hvad man skal passe p\u00e5 med tilslutningsapps - Accepter ikke","robots":{"index":"index","follow":"follow","max-snippet":"max-snippet:-1","max-image-preview":"max-image-preview:large","max-video-preview":"max-video-preview:-1"},"canonical":"https:\/\/dontacceptrape.com\/da\/hvad-man-skal-passe-paa-med-tilslutningsapps\/","og_locale":"da_DK","og_type":"article","og_title":"Hvad man skal passe p\u00e5 med tilslutningsapps - Accepter ikke","og_description":"N\u00e5r du tilmelder dig denne type websteder, finder du andre, der er ligesom dig &#8211; folk, der leder efter afslappet dating. N\u00e5r du har fundet en gruppe mennesker, der deler din interesse for casual dating, kan du bruge dem som...","og_url":"https:\/\/dontacceptrape.com\/da\/hvad-man-skal-passe-paa-med-tilslutningsapps\/","og_site_name":"Accepter ikke","og_image":[{"url":"http:\/\/dontacceptrape.com\/wp-content\/uploads\/2022\/07\/casual-hookup-1024x683.jpeg"}],"author":"Don't Accept Rape","twitter_card":"summary_large_image","twitter_misc":{"Estimeret l\u00e6setid":"3 minutter"},"schema":{"@context":"https:\/\/schema.org","@graph":[{"@type":"WebSite","@id":"https:\/\/dontacceptrape.com\/#website","url":"https:\/\/dontacceptrape.com\/","name":"Accepter ikke","description":"Rigtig tilslutningschat","potentialAction":[{"@type":"SearchAction","target":{"@type":"EntryPoint","urlTemplate":"https:\/\/dontacceptrape.com\/?s={search_term_string}"},"query-input":"required name=search_term_string"}],"inLanguage":"da-DK"},{"@type":"ImageObject","inLanguage":"da-DK","@id":"https:\/\/dontacceptrape.com\/da\/hvad-man-skal-passe-paa-med-tilslutningsapps\/#primaryimage","url":"https:\/\/dontacceptrape.com\/wp-content\/uploads\/2022\/07\/casual-hookup.jpeg","contentUrl":"https:\/\/dontacceptrape.com\/wp-content\/uploads\/2022\/07\/casual-hookup.jpeg","width":1125,"height":750},{"@type":"WebPage","@id":"https:\/\/dontacceptrape.com\/da\/hvad-man-skal-passe-paa-med-tilslutningsapps\/#webpage","url":"https:\/\/dontacceptrape.com\/da\/hvad-man-skal-passe-paa-med-tilslutningsapps\/","name":"Hvad man skal passe p\u00e5 med tilslutningsapps - Accepter ikke","isPartOf":{"@id":"https:\/\/dontacceptrape.com\/#website"},"primaryImageOfPage":{"@id":"https:\/\/dontacceptrape.com\/da\/hvad-man-skal-passe-paa-med-tilslutningsapps\/#primaryimage"},"datePublished":"2022-07-04T10:47:29+00:00","dateModified":"2022-07-04T10:47:29+00:00","breadcrumb":{"@id":"https:\/\/dontacceptrape.com\/da\/hvad-man-skal-passe-paa-med-tilslutningsapps\/#breadcrumb"},"inLanguage":"da-DK","potentialAction":[{"@type":"ReadAction","target":["https:\/\/dontacceptrape.com\/da\/hvad-man-skal-passe-paa-med-tilslutningsapps\/"]}]},{"@type":"BreadcrumbList","@id":"https:\/\/dontacceptrape.com\/da\/hvad-man-skal-passe-paa-med-tilslutningsapps\/#breadcrumb","itemListElement":[{"@type":"ListItem","position":1,"name":"Hjem","item":"http:\/\/dontacceptrape.com\/da\/"},{"@type":"ListItem","position":2,"name":"Hvad man skal passe p\u00e5 med tilslutningsapps"}]}]}},"_links":{"self":[{"href":"https:\/\/dontacceptrape.com\/da\/wp-json\/wp\/v2\/pages\/166"}],"collection":[{"href":"https:\/\/dontacceptrape.com\/da\/wp-json\/wp\/v2\/pages"}],"about":[{"href":"https:\/\/dontacceptrape.com\/da\/wp-json\/wp\/v2\/types\/page"}],"author":[{"embeddable":true,"href":"https:\/\/dontacceptrape.com\/da\/wp-json\/wp\/v2\/users\/1"}],"replies":[{"embeddable":true,"href":"https:\/\/dontacceptrape.com\/da\/wp-json\/wp\/v2\/comments?post=166"}],"version-history":[{"count":0,"href":"https:\/\/dontacceptrape.com\/da\/wp-json\/wp\/v2\/pages\/166\/revisions"}],"wp:attachment":[{"href":"https:\/\/dontacceptrape.com\/da\/wp-json\/wp\/v2\/media?parent=166"}],"curies":[{"name":"wp","href":"https:\/\/api.w.org\/{rel}","templated":true}]}}