{"id":220,"date":"2022-07-04T11:22:57","date_gmt":"2022-07-04T10:22:57","guid":{"rendered":"http:\/\/dontacceptrape.com\/lokala-dejtingappar-vilka-ar-dina-val\/"},"modified":"2022-07-12T13:51:36","modified_gmt":"2022-07-12T12:51:36","slug":"lokala-dejtingappar-vilka-ar-dina-val","status":"publish","type":"page","link":"http:\/\/dontacceptrape.com\/sv\/","title":{"rendered":"Lokala dejtingappar &#8211; Vilka \u00e4r dina val?"},"content":{"rendered":"<p>Tidigare var m\u00e4nniskor tvungna att g\u00e5 till vissa webbplatser f\u00f6r att tr\u00e4ffa andra. Men nuf\u00f6rtiden har mobilappar f\u00f6r anslutning gjort det enkelt f\u00f6r m\u00e4nniskor att h\u00e5lla kontakten och komma ikapp med de senaste nyheterna och h\u00e4ndelserna. Du kan ocks\u00e5 chatta med andra medlemmar, st\u00e4lla fr\u00e5gor och dela dina erfarenheter. Viktigast av allt kan du uppt\u00e4cka nya platser att umg\u00e5s och tr\u00e4ffa m\u00e4nniskor.<\/p>\n<p>Om du letar efter ett f\u00f6rh\u00e5llande finns det dejtingsajter som f\u00f6r att handla nakenbilder med lokala kvinnor och som tillgodoser dina behov. Vissa av dem l\u00e5ter dig till och med filtrera resultaten enligt dina \u00f6nskem\u00e5l.<\/p>\n<p>Du kan till exempel v\u00e4lja om du \u00e4r intresserad av tillf\u00e4lligt sex, l\u00e5ngsiktiga relationer etc. Om du vill tr\u00e4ffa n\u00e5gon kan du kolla in de b\u00e4sta dejtingsapparna som finns tillg\u00e4ngliga. Dessa appar l\u00e5ter dig s\u00f6ka efter potentiella datum med olika filter, inklusive \u00e5lder, plats, intressen, sexuell l\u00e4ggning etc. En annan f\u00f6rdel med att anv\u00e4nda dejtingappar \u00e4r att du kan f\u00e5 k\u00e5t chatt med fr\u00e4mlingar och du kan f\u00e5 uppdateringar om vad som h\u00e4nder i omr\u00e5det. Allt du beh\u00f6ver g\u00f6ra \u00e4r att ladda ner en app och b\u00f6rja chatta med m\u00e4nniskor i n\u00e4rheten.<\/p>\n<p><img loading=\"lazy\" class=\"size-large wp-image-76 aligncenter\" src=\"http:\/\/dontacceptrape.com\/wp-content\/uploads\/2022\/07\/free-dating-websites-1024x683.jpeg\" alt=\"\" width=\"640\" height=\"427\" srcset=\"http:\/\/dontacceptrape.com\/wp-content\/uploads\/2022\/07\/free-dating-websites-1024x683.jpeg 1024w, http:\/\/dontacceptrape.com\/wp-content\/uploads\/2022\/07\/free-dating-websites-300x200.jpeg 300w, http:\/\/dontacceptrape.com\/wp-content\/uploads\/2022\/07\/free-dating-websites-768x512.jpeg 768w, http:\/\/dontacceptrape.com\/wp-content\/uploads\/2022\/07\/free-dating-websites.jpeg 1125w\" sizes=\"(max-width: 640px) 100vw, 640px\" \/><\/p>\n<h2>Vilka \u00e4r dina val?<\/h2>\n<p>Det finns m\u00e5nga olika typer av lokala knullsajter. Varje typ v\u00e4nder sig till en specifik publik. Vissa webbplatser tillgodoser dem som s\u00f6ker romantik eller \u00e4ktenskap, medan andra \u00e4r utformade f\u00f6r avslappnade m\u00f6ten. Vissa webbplatser \u00e4r inriktade p\u00e5 vissa \u00e5ldersgrupper, som yngre singlar eller \u00e4ldre singlar. Vissa webbplatser \u00e4r inriktade p\u00e5 ett visst k\u00f6n, som m\u00e4n eller kvinnor.<\/p>\n<h3>Fuckbook<\/h3>\n<p>Fuckbook \u00e4r inte riktigt gratis. Medan du kan registrera dig f\u00f6r ett gratis konto p\u00e5 olika lokala knullsidor \u00e5t dig, kommer du inte att kunna skicka meddelanden eller se n\u00e5gra medlemsprofiler f\u00f6rr\u00e4n efter att provperioden p\u00e5 72 timmar l\u00f6per ut. Om du lyckas g\u00e5 l\u00e4ngre \u00e4n provperioden m\u00e5ste du dock betala f\u00f6r tj\u00e4nsten. Priserna varierar fr\u00e5n $ 6.99- $ 29.95 per m\u00e5nad beroende p\u00e5 vilken typ av medlemskap du v\u00e4ljer. Vissa medlemskap erbjuder rabatter i flera \u00e5r. Det finns ocks\u00e5 olika niv\u00e5er av medlemskap, allt fr\u00e5n grundl\u00e4ggande till avancerade. Grundl\u00e4ggande medlemskap har f\u00e4rre funktioner och h\u00f6gre m\u00e5nadsavgifter. Premiummedlemskap erbjuder ytterligare f\u00f6rdelar och l\u00e4gre avgifter.<\/p>\n<p><img loading=\"lazy\" class=\"size-medium wp-image-129 aligncenter\" src=\"http:\/\/dontacceptrape.com\/wp-content\/uploads\/2022\/07\/Premium-Fuckbook-300x264.png\" alt=\"\" width=\"300\" height=\"264\" srcset=\"http:\/\/dontacceptrape.com\/wp-content\/uploads\/2022\/07\/Premium-Fuckbook-300x264.png 300w, http:\/\/dontacceptrape.com\/wp-content\/uploads\/2022\/07\/Premium-Fuckbook.png 700w\" sizes=\"(max-width: 300px) 100vw, 300px\" \/><\/p>\n<h3>Fuckbook<\/h3>\n<p>Bumble \u00e4r en app som kopplar samman tv\u00e5 personer som annars kanske inte skulle tr\u00e4ffa varandra. Det finns m\u00e5nga gratis lokala anslutningsappar d\u00e4r ute, men ingen \u00e4r riktigt som Bumble. N\u00e4r du anv\u00e4nder Bumble m\u00e5ste kvinnor starta konversationen f\u00f6rst. M\u00e4n kan skicka ett meddelande om de vill, men de kan inte initiera kontakt. Om b\u00e5da parter sveper \u00e5t h\u00f6ger matchas de tv\u00e5 och de f\u00e5r ett meddelande. Om ingen av parterna sveper \u00e5t h\u00f6ger avslutas konversationen. Du kan ocks\u00e5 anv\u00e4nda appen f\u00f6r att dela din plats med andra, s\u00e5 att du kan tr\u00e4ffa dem n\u00e5gonstans specifikt.<\/p>\n<h3>Facebook Dejting<\/h3>\n<p>Facebook lanserade sin egen dejtingapp som heter Facebook Dating. Du kan anv\u00e4nda din Facebook-profilinformation f\u00f6r att skapa en dejtingprofil, som f\u00f6rblir privat om du inte delar den med n\u00e5gon annan. Dina v\u00e4nner och familj p\u00e5 Facebook kommer inte att kunna se att din profil finns. Om du v\u00e4ljer att dela din profil kommer alla att kunna se den. Facebook Dating \u00e4r f\u00f6r n\u00e4rvarande endast tillg\u00e4ngligt p\u00e5 Facebook-mobilapplikationen.<\/p>\n<h3>V\u00e5r tid<\/h3>\n<p>OurTime \u00e4r en online dating plattform utformad speciellt f\u00f6r \u00e4ldre vuxna. Precis som andra webbplatser kan du enkelt tr\u00e4ffa ensamst\u00e5ende tjejer i mitt omr\u00e5de, du m\u00e5ste fylla i din profil f\u00f6rst, inklusive vilken typ av person du letar efter. Du kan ocks\u00e5 ladda upp foton och videor f\u00f6r att hj\u00e4lpa andra att l\u00e4ra k\u00e4nna dig b\u00e4ttre. N\u00e4r du har fyllt i din profil kan du b\u00f6rja bl\u00e4ddra igenom hundratals medlemmars profiler. Om du ser n\u00e5gon du vill tr\u00e4ffa kan du chatta med dem direkt via sms eller videosamtal. N\u00e4r du v\u00e4l har best\u00e4mt dig f\u00f6r om du vill g\u00e5 vidare och prata med n\u00e5gon eller inte m\u00e5ste du betala en m\u00e5nadsavgift p\u00e5 cirka $ 30 per m\u00e5nad. Som sagt, du kommer att kunna avbryta n\u00e4r som helst, och du kommer inte att debiteras n\u00e5gonting om du g\u00f6r det.<\/p>\n<h3>eHarmony<\/h3>\n<p>Eharmony \u00e4r en online dejtingsajt som till\u00e5ter anv\u00e4ndare att skapa profiler och ansluta till andra medlemmar baserat p\u00e5 gemensamma intressen och preferenser. Anv\u00e4ndare kan s\u00f6ka igenom tusentals potentiella matchningar via avancerade matchningskriterier, inklusive \u00e5lder, plats, utbildning, religion, yrke och l\u00e4ngd. N\u00e4r de har matchats kan anv\u00e4ndare kommunicera med varandra med textmeddelanden, snabbchatt, r\u00f6stsamtal, videochattar och sociala medieanslutningar. eHarmony erbjuder ocks\u00e5 sina medlemmar tillg\u00e5ng till exklusiva evenemang, rabatter och specialkampanjer.<\/p>\n<h2>Vad ska jag g\u00f6ra h\u00e4rn\u00e4st?<\/h2>\n<p>Online dejtingsajter f\u00f6rsvinner inte n\u00e4r som helst snart, du kan \u00e4ven prova vuxna spel och tr\u00e4ffa likasinnade singlar som vill ansluta. Medan m\u00e5nga m\u00e4nniskor kan k\u00e4nna att de beh\u00f6ver komma ut och b\u00f6rja tr\u00e4ffa m\u00e4nniskor ansikte mot ansikte igen, \u00e4r det viktigt att komma ih\u00e5g att online-dating fortfarande \u00e4r ett effektivt s\u00e4tt att tr\u00e4ffa m\u00e4nniskor.<\/p>\n<p>\u00c4ven under Covid-19 var dejtingappar mer popul\u00e4ra \u00e4n n\u00e5gonsin! Du b\u00f6r \u00f6verv\u00e4ga att komma ig\u00e5ng med dem om du inte redan har gjort det!<\/p>\n","protected":false},"excerpt":{"rendered":"<p>Tidigare var m\u00e4nniskor tvungna att g\u00e5 till vissa webbplatser f\u00f6r att tr\u00e4ffa andra. Men nuf\u00f6rtiden har mobilappar f\u00f6r anslutning gjort det enkelt f\u00f6r m\u00e4nniskor att h\u00e5lla kontakten och komma ikapp med de senaste nyheterna och h\u00e4ndelserna. Du kan ocks\u00e5 chatta&#8230;<\/p>\n","protected":false},"author":1,"featured_media":0,"parent":0,"menu_order":0,"comment_status":"closed","ping_status":"closed","template":"","meta":[],"yoast_head":"<!-- This site is optimized with the Yoast SEO plugin v19.2 - https:\/\/yoast.com\/wordpress\/plugins\/seo\/ -->\n<title>Lokala dejtingappar - Vilka \u00e4r dina val? - Acceptera inte<\/title>\n<meta name=\"robots\" content=\"index, follow, max-snippet:-1, max-image-preview:large, max-video-preview:-1\" \/>\n<link rel=\"canonical\" href=\"http:\/\/dontacceptrape.com\/sv\/\" \/>\n<meta property=\"og:locale\" content=\"sv_SE\" \/>\n<meta property=\"og:type\" content=\"article\" \/>\n<meta property=\"og:title\" content=\"Lokala dejtingappar - Vilka \u00e4r dina val? - Acceptera inte\" \/>\n<meta property=\"og:description\" content=\"Tidigare var m\u00e4nniskor tvungna att g\u00e5 till vissa webbplatser f\u00f6r att tr\u00e4ffa andra. Men nuf\u00f6rtiden har mobilappar f\u00f6r anslutning gjort det enkelt f\u00f6r m\u00e4nniskor att h\u00e5lla kontakten och komma ikapp med de senaste nyheterna och h\u00e4ndelserna. Du kan ocks\u00e5 chatta...\" \/>\n<meta property=\"og:url\" content=\"http:\/\/dontacceptrape.com\/sv\/\" \/>\n<meta property=\"og:site_name\" content=\"Acceptera inte\" \/>\n<meta property=\"article:modified_time\" content=\"2022-07-12T12:51:36+00:00\" \/>\n<meta property=\"og:image\" content=\"http:\/\/dontacceptrape.com\/wp-content\/uploads\/2022\/07\/free-dating-websites-1024x683.jpeg\" \/>\n<meta name=\"author\" content=\"Don&#039;t Accept Rape\" \/>\n<meta name=\"twitter:card\" content=\"summary_large_image\" \/>\n<meta name=\"twitter:label1\" content=\"Ber\u00e4knad l\u00e4stid\" \/>\n\t<meta name=\"twitter:data1\" content=\"5 minuter\" \/>\n<script type=\"application\/ld+json\" class=\"yoast-schema-graph\">{\"@context\":\"https:\/\/schema.org\",\"@graph\":[{\"@type\":\"WebSite\",\"@id\":\"http:\/\/dontacceptrape.com\/es\/#website\",\"url\":\"http:\/\/dontacceptrape.com\/es\/\",\"name\":\"Acceptera inte\",\"description\":\"Riktig anslutningschatt\",\"potentialAction\":[{\"@type\":\"SearchAction\",\"target\":{\"@type\":\"EntryPoint\",\"urlTemplate\":\"http:\/\/dontacceptrape.com\/es\/?s={search_term_string}\"},\"query-input\":\"required name=search_term_string\"}],\"inLanguage\":\"sv-SE\"},{\"@type\":\"ImageObject\",\"inLanguage\":\"sv-SE\",\"@id\":\"http:\/\/dontacceptrape.com\/sv\/#primaryimage\",\"url\":\"http:\/\/dontacceptrape.com\/wp-content\/uploads\/2022\/07\/free-dating-websites.jpeg\",\"contentUrl\":\"http:\/\/dontacceptrape.com\/wp-content\/uploads\/2022\/07\/free-dating-websites.jpeg\",\"width\":1125,\"height\":750},{\"@type\":\"WebPage\",\"@id\":\"http:\/\/dontacceptrape.com\/sv\/#webpage\",\"url\":\"http:\/\/dontacceptrape.com\/sv\/\",\"name\":\"Lokala dejtingappar - Vilka \u00e4r dina val? - Acceptera inte\",\"isPartOf\":{\"@id\":\"http:\/\/dontacceptrape.com\/es\/#website\"},\"primaryImageOfPage\":{\"@id\":\"http:\/\/dontacceptrape.com\/sv\/#primaryimage\"},\"datePublished\":\"2022-07-04T10:22:57+00:00\",\"dateModified\":\"2022-07-12T12:51:36+00:00\",\"breadcrumb\":{\"@id\":\"http:\/\/dontacceptrape.com\/sv\/#breadcrumb\"},\"inLanguage\":\"sv-SE\",\"potentialAction\":[{\"@type\":\"ReadAction\",\"target\":[\"http:\/\/dontacceptrape.com\/sv\/\"]}]},{\"@type\":\"BreadcrumbList\",\"@id\":\"http:\/\/dontacceptrape.com\/sv\/#breadcrumb\",\"itemListElement\":[{\"@type\":\"ListItem\",\"position\":1,\"name\":\"Hem\",\"item\":\"https:\/\/dontacceptrape.com\/sv\/\"},{\"@type\":\"ListItem\",\"position\":2,\"name\":\"Lokala dejtingappar &#8211; Vilka \u00e4r dina val?\"}]}]}<\/script>\n<!-- \/ Yoast SEO plugin. -->","yoast_head_json":{"title":"Lokala dejtingappar - Vilka \u00e4r dina val? - Acceptera inte","robots":{"index":"index","follow":"follow","max-snippet":"max-snippet:-1","max-image-preview":"max-image-preview:large","max-video-preview":"max-video-preview:-1"},"canonical":"http:\/\/dontacceptrape.com\/sv\/","og_locale":"sv_SE","og_type":"article","og_title":"Lokala dejtingappar - Vilka \u00e4r dina val? - Acceptera inte","og_description":"Tidigare var m\u00e4nniskor tvungna att g\u00e5 till vissa webbplatser f\u00f6r att tr\u00e4ffa andra. Men nuf\u00f6rtiden har mobilappar f\u00f6r anslutning gjort det enkelt f\u00f6r m\u00e4nniskor att h\u00e5lla kontakten och komma ikapp med de senaste nyheterna och h\u00e4ndelserna. Du kan ocks\u00e5 chatta...","og_url":"http:\/\/dontacceptrape.com\/sv\/","og_site_name":"Acceptera inte","article_modified_time":"2022-07-12T12:51:36+00:00","og_image":[{"url":"http:\/\/dontacceptrape.com\/wp-content\/uploads\/2022\/07\/free-dating-websites-1024x683.jpeg"}],"author":"Don't Accept Rape","twitter_card":"summary_large_image","twitter_misc":{"Ber\u00e4knad l\u00e4stid":"5 minuter"},"schema":{"@context":"https:\/\/schema.org","@graph":[{"@type":"WebSite","@id":"http:\/\/dontacceptrape.com\/es\/#website","url":"http:\/\/dontacceptrape.com\/es\/","name":"Acceptera inte","description":"Riktig anslutningschatt","potentialAction":[{"@type":"SearchAction","target":{"@type":"EntryPoint","urlTemplate":"http:\/\/dontacceptrape.com\/es\/?s={search_term_string}"},"query-input":"required name=search_term_string"}],"inLanguage":"sv-SE"},{"@type":"ImageObject","inLanguage":"sv-SE","@id":"http:\/\/dontacceptrape.com\/sv\/#primaryimage","url":"http:\/\/dontacceptrape.com\/wp-content\/uploads\/2022\/07\/free-dating-websites.jpeg","contentUrl":"http:\/\/dontacceptrape.com\/wp-content\/uploads\/2022\/07\/free-dating-websites.jpeg","width":1125,"height":750},{"@type":"WebPage","@id":"http:\/\/dontacceptrape.com\/sv\/#webpage","url":"http:\/\/dontacceptrape.com\/sv\/","name":"Lokala dejtingappar - Vilka \u00e4r dina val? - Acceptera inte","isPartOf":{"@id":"http:\/\/dontacceptrape.com\/es\/#website"},"primaryImageOfPage":{"@id":"http:\/\/dontacceptrape.com\/sv\/#primaryimage"},"datePublished":"2022-07-04T10:22:57+00:00","dateModified":"2022-07-12T12:51:36+00:00","breadcrumb":{"@id":"http:\/\/dontacceptrape.com\/sv\/#breadcrumb"},"inLanguage":"sv-SE","potentialAction":[{"@type":"ReadAction","target":["http:\/\/dontacceptrape.com\/sv\/"]}]},{"@type":"BreadcrumbList","@id":"http:\/\/dontacceptrape.com\/sv\/#breadcrumb","itemListElement":[{"@type":"ListItem","position":1,"name":"Hem","item":"https:\/\/dontacceptrape.com\/sv\/"},{"@type":"ListItem","position":2,"name":"Lokala dejtingappar &#8211; Vilka \u00e4r dina val?"}]}]}},"_links":{"self":[{"href":"http:\/\/dontacceptrape.com\/sv\/wp-json\/wp\/v2\/pages\/220"}],"collection":[{"href":"http:\/\/dontacceptrape.com\/sv\/wp-json\/wp\/v2\/pages"}],"about":[{"href":"http:\/\/dontacceptrape.com\/sv\/wp-json\/wp\/v2\/types\/page"}],"author":[{"embeddable":true,"href":"http:\/\/dontacceptrape.com\/sv\/wp-json\/wp\/v2\/users\/1"}],"replies":[{"embeddable":true,"href":"http:\/\/dontacceptrape.com\/sv\/wp-json\/wp\/v2\/comments?post=220"}],"version-history":[{"count":3,"href":"http:\/\/dontacceptrape.com\/sv\/wp-json\/wp\/v2\/pages\/220\/revisions"}],"predecessor-version":[{"id":255,"href":"http:\/\/dontacceptrape.com\/sv\/wp-json\/wp\/v2\/pages\/220\/revisions\/255"}],"wp:attachment":[{"href":"http:\/\/dontacceptrape.com\/sv\/wp-json\/wp\/v2\/media?parent=220"}],"curies":[{"name":"wp","href":"https:\/\/api.w.org\/{rel}","templated":true}]}}