{"id":219,"date":"2022-07-04T11:22:57","date_gmt":"2022-07-04T10:22:57","guid":{"rendered":"http:\/\/dontacceptrape.com\/aplicativos-locais-de-encontros-quais-sao-as-suas-escolhas\/"},"modified":"2022-07-12T12:22:48","modified_gmt":"2022-07-12T11:22:48","slug":"aplicativos-locais-de-encontros-quais-sao-as-suas-escolhas","status":"publish","type":"page","link":"http:\/\/dontacceptrape.com\/pt-pt\/","title":{"rendered":"Aplicativos locais de encontros &#8211; Quais s\u00e3o as suas escolhas?"},"content":{"rendered":"<p>No passado, as pessoas tinham de ir a certos sites para conhecer outros. No entanto, hoje em dia, as aplica\u00e7\u00f5es m\u00f3veis para a liga\u00e7\u00e3o t\u00eam facilitado que as pessoas se mantenham conectadas e acompanhem as \u00faltimas novidades e eventos. Tamb\u00e9m pode conversar com outros membros, fazer perguntas e partilhar as suas experi\u00eancias. O mais importante, voc\u00ea pode descobrir novos lugares para sair e conhecer pessoas.<\/p>\n<p>Se procura uma rela\u00e7\u00e3o, ent\u00e3o h\u00e1 sites de encontros como para trocar nus com mulheres locais e que atendem \u00e0s suas necessidades. Alguns deles permitem-lhe at\u00e9 filtrar os resultados de acordo com as suas prefer\u00eancias.<\/p>\n<p>Por exemplo, voc\u00ea pode selecionar se voc\u00ea est\u00e1 interessado em sexo casual, relacionamentos de longo prazo, etc. Se voc\u00ea est\u00e1 procurando namorar algu\u00e9m, ent\u00e3o voc\u00ea pode verificar as melhores aplica\u00e7\u00f5es de namoro dispon\u00edveis. Estas aplica\u00e7\u00f5es permitem pesquisar datas potenciais usando v\u00e1rios filtros, incluindo idade, localiza\u00e7\u00e3o, interesses, orienta\u00e7\u00e3o sexual, etc. Outra vantagem de usar aplicativos de namoro \u00e9 que voc\u00ea pode obter conversa excitada com estranhos e voc\u00ea pode obter atualiza\u00e7\u00f5es sobre o que est\u00e1 acontecendo na \u00e1rea. Tudo o que precisa fazer \u00e9 descarregar uma aplica\u00e7\u00e3o e come\u00e7ar a conversar com pessoas pr\u00f3ximas.<\/p>\n<p><img loading=\"lazy\" class=\"size-large wp-image-76 aligncenter\" src=\"http:\/\/dontacceptrape.com\/wp-content\/uploads\/2022\/07\/free-dating-websites-1024x683.jpeg\" alt=\"\" width=\"640\" height=\"427\" srcset=\"http:\/\/dontacceptrape.com\/wp-content\/uploads\/2022\/07\/free-dating-websites-1024x683.jpeg 1024w, http:\/\/dontacceptrape.com\/wp-content\/uploads\/2022\/07\/free-dating-websites-300x200.jpeg 300w, http:\/\/dontacceptrape.com\/wp-content\/uploads\/2022\/07\/free-dating-websites-768x512.jpeg 768w, http:\/\/dontacceptrape.com\/wp-content\/uploads\/2022\/07\/free-dating-websites.jpeg 1125w\" sizes=\"(max-width: 640px) 100vw, 640px\" \/><\/p>\n<h2>Quais s\u00e3o as suas escolhas?<\/h2>\n<p>H\u00e1 muitos tipos diferentes de sites locais de foda. Cada tipo atende a um p\u00fablico espec\u00edfico. Alguns sites atendem a quem procura romance ou casamento, enquanto outros s\u00e3o projetados para encontros casuais. Alguns sites est\u00e3o focados em certas faixas et\u00e1rias, como solteiros mais jovens ou solteiros mais velhos. Alguns sites s\u00e3o direcionados para um determinado sexo, como homens ou mulheres.<\/p>\n<h3>Livro de<\/h3>\n<p>O livro de n\u00e3o \u00e9 de gra\u00e7a. Embora possa inscrever-se numa conta gratuita em diferentes sites locais para si, n\u00e3o poder\u00e1 enviar mensagens ou ver perfis de membros at\u00e9 que o per\u00edodo experimental de 72 horas expire. No entanto, se conseguir ir al\u00e9m do per\u00edodo experimental, ter\u00e1 de pagar pelo servi\u00e7o. Os pre\u00e7os variam entre $6.99 e $29.95 por m\u00eas, dependendo do tipo de ades\u00e3o que escolher. Alguns membros oferecem descontos por v\u00e1rios anos. H\u00e1 tamb\u00e9m diferentes n\u00edveis de ades\u00e3o, que v\u00e3o do b\u00e1sico ao avan\u00e7ado. As ades\u00f5es b\u00e1sicas v\u00eam com menos funcionalidades e taxas mensais mais elevadas. Os membros premium oferecem benef\u00edcios adicionais e taxas mais baixas.<\/p>\n<p><img loading=\"lazy\" class=\"size-medium wp-image-129 aligncenter\" src=\"http:\/\/dontacceptrape.com\/wp-content\/uploads\/2022\/07\/Premium-Fuckbook-300x264.png\" alt=\"\" width=\"300\" height=\"264\" srcset=\"http:\/\/dontacceptrape.com\/wp-content\/uploads\/2022\/07\/Premium-Fuckbook-300x264.png 300w, http:\/\/dontacceptrape.com\/wp-content\/uploads\/2022\/07\/Premium-Fuckbook.png 700w\" sizes=\"(max-width: 300px) 100vw, 300px\" \/><\/p>\n<h3>Livro de<\/h3>\n<p>Bumble \u00e9 uma aplica\u00e7\u00e3o que liga duas pessoas que podem n\u00e3o se encontrar de outra forma. Existem muitas aplica\u00e7\u00f5es locais gratuitas l\u00e1 fora, mas nenhuma \u00e9 como o Bumble. Quando se usa o Bumble, as mulheres devem come\u00e7ar a conversa antes. Os homens podem enviar uma mensagem se quiserem, mas n\u00e3o podem iniciar contacto. Se ambas as partes atacarem bem, as duas ser\u00e3o correspondidas e receber\u00e3o uma notifica\u00e7\u00e3o. Se nenhuma das partes passar bem, ent\u00e3o a conversa terminar\u00e1. Tamb\u00e9m pode usar a app para partilhar a sua localiza\u00e7\u00e3o com outros, para que possa encontr\u00e1-la em algum lugar espec\u00edfico.<\/p>\n<h3>Namoro no Facebook<\/h3>\n<p>O Facebook lan\u00e7ou a sua pr\u00f3pria aplica\u00e7\u00e3o de encontros chamada Facebook Dating. Pode usar as informa\u00e7\u00f5es do seu perfil do Facebook para criar um perfil de namoro, que permanecer\u00e1 privado a menos que o partilhe com outra pessoa. Os seus amigos e familiares no Facebook n\u00e3o poder\u00e3o ver que o seu perfil existe. Se optar por partilhar o seu perfil, todos poder\u00e3o v\u00ea-lo. O Facebook Dating s\u00f3 est\u00e1 dispon\u00edvel na aplica\u00e7\u00e3o m\u00f3vel do Facebook.<\/p>\n<h3>OurTime<\/h3>\n<p>OurTime \u00e9 uma plataforma de encontros online projetada especificamente para idosos. Tal como noutros sites que podes conhecer raparigas solteiras na minha \u00e1rea facilmente, primeiro tens de preencher o teu perfil, incluindo que tipo de pessoa procuras. Tamb\u00e9m pode fazer upload de fotos e v\u00eddeos para ajudar os outros a conhec\u00ea-lo melhor. Depois de preencher o seu perfil, pode come\u00e7ar a navegar atrav\u00e9s de centenas de perfis de membros. Se vir algu\u00e9m que gostaria de conhecer, pode conversar diretamente com eles atrav\u00e9s de sms ou video-call. Uma vez que voc\u00ea decidiu se voc\u00ea quer ou n\u00e3o ir em frente e falar com algu\u00e9m, voc\u00ea precisa pagar uma taxa mensal de cerca de $30 por m\u00eas. Dito isto, poder\u00e1 cancelar a qualquer momento, e n\u00e3o ser\u00e1 cobrado nada se o fizer.<\/p>\n<h3>eHarmony<\/h3>\n<p>Eharmony \u00e9 um site de encontros online que permite aos utilizadores criar perfis e conectar-se com outros membros com base em interesses e prefer\u00eancias partilhadas. Os utilizadores podem pesquisar atrav\u00e9s de milhares de potenciais correspond\u00eancias atrav\u00e9s de crit\u00e9rios avan\u00e7ados de correspond\u00eancia, incluindo idade, localiza\u00e7\u00e3o, educa\u00e7\u00e3o, religi\u00e3o, ocupa\u00e7\u00e3o e altura. Uma vez combinados, os utilizadores podem comunicar uns com os outros usando mensagens de texto, conversas instant\u00e2neas, chamadas de voz, chats de v\u00eddeo e liga\u00e7\u00f5es de redes sociais. O eHarmony tamb\u00e9m oferece aos seus membros acesso a eventos exclusivos, descontos e promo\u00e7\u00f5es especiais.<\/p>\n<h2>O que devo fazer a seguir?<\/h2>\n<p>Sites de encontros online n\u00e3o v\u00e3o desaparecer t\u00e3o cedo, voc\u00ea pode at\u00e9 experimentar jogos para adultos como e conhecer solteiros semelhantes que queiram se juntar. Embora muitas pessoas possam sentir que precisam de ir l\u00e1 fora e come\u00e7ar a conhecer pessoas cara a cara novamente, \u00e9 importante lembrar que namorar online ainda \u00e9 uma maneira eficaz de conhecer pessoas.<\/p>\n<p>Mesmo durante o Covid-19, as aplica\u00e7\u00f5es de namoro eram mais populares do que nunca! Devias pensar em come\u00e7ar com eles se ainda n\u00e3o o fizeste!<\/p>\n","protected":false},"excerpt":{"rendered":"<p>No passado, as pessoas tinham de ir a certos sites para conhecer outros. No entanto, hoje em dia, as aplica\u00e7\u00f5es m\u00f3veis para a liga\u00e7\u00e3o t\u00eam facilitado que as pessoas se mantenham conectadas e acompanhem as \u00faltimas novidades e eventos. Tamb\u00e9m&#8230;<\/p>\n","protected":false},"author":1,"featured_media":0,"parent":0,"menu_order":0,"comment_status":"closed","ping_status":"closed","template":"","meta":[],"yoast_head":"<!-- This site is optimized with the Yoast SEO plugin v19.2 - https:\/\/yoast.com\/wordpress\/plugins\/seo\/ -->\n<title>Aplicativos locais de encontros - Quais s\u00e3o as suas escolhas? N\u00e3o aceite - t\u00edtulo<\/title>\n<meta name=\"robots\" content=\"index, follow, max-snippet:-1, max-image-preview:large, max-video-preview:-1\" \/>\n<link rel=\"canonical\" href=\"http:\/\/dontacceptrape.com\/pt-pt\/\" \/>\n<meta property=\"og:locale\" content=\"pt_PT\" \/>\n<meta property=\"og:type\" content=\"article\" \/>\n<meta property=\"og:title\" content=\"Aplicativos locais de encontros - Quais s\u00e3o as suas escolhas? N\u00e3o aceite - t\u00edtulo\" \/>\n<meta property=\"og:description\" content=\"No passado, as pessoas tinham de ir a certos sites para conhecer outros. No entanto, hoje em dia, as aplica\u00e7\u00f5es m\u00f3veis para a liga\u00e7\u00e3o t\u00eam facilitado que as pessoas se mantenham conectadas e acompanhem as \u00faltimas novidades e eventos. Tamb\u00e9m...\" \/>\n<meta property=\"og:url\" content=\"http:\/\/dontacceptrape.com\/pt-pt\/\" \/>\n<meta property=\"og:site_name\" content=\"N\u00e3o aceite\" \/>\n<meta property=\"article:modified_time\" content=\"2022-07-12T11:22:48+00:00\" \/>\n<meta property=\"og:image\" content=\"http:\/\/dontacceptrape.com\/wp-content\/uploads\/2022\/07\/free-dating-websites-1024x683.jpeg\" \/>\n<meta name=\"author\" content=\"Don&#039;t Accept Rape\" \/>\n<meta name=\"twitter:card\" content=\"summary_large_image\" \/>\n<meta name=\"twitter:label1\" content=\"Tempo estimado de leitura\" \/>\n\t<meta name=\"twitter:data1\" content=\"5 minutos\" \/>\n<script type=\"application\/ld+json\" class=\"yoast-schema-graph\">{\"@context\":\"https:\/\/schema.org\",\"@graph\":[{\"@type\":\"WebSite\",\"@id\":\"http:\/\/dontacceptrape.com\/es\/#website\",\"url\":\"http:\/\/dontacceptrape.com\/es\/\",\"name\":\"N\u00e3o aceite\",\"description\":\"Real Hookup Chat\",\"potentialAction\":[{\"@type\":\"SearchAction\",\"target\":{\"@type\":\"EntryPoint\",\"urlTemplate\":\"http:\/\/dontacceptrape.com\/es\/?s={search_term_string}\"},\"query-input\":\"required name=search_term_string\"}],\"inLanguage\":\"pt-PT\"},{\"@type\":\"ImageObject\",\"inLanguage\":\"pt-PT\",\"@id\":\"http:\/\/dontacceptrape.com\/pt-pt\/#primaryimage\",\"url\":\"http:\/\/dontacceptrape.com\/wp-content\/uploads\/2022\/07\/free-dating-websites.jpeg\",\"contentUrl\":\"http:\/\/dontacceptrape.com\/wp-content\/uploads\/2022\/07\/free-dating-websites.jpeg\",\"width\":1125,\"height\":750},{\"@type\":\"WebPage\",\"@id\":\"http:\/\/dontacceptrape.com\/pt-pt\/#webpage\",\"url\":\"http:\/\/dontacceptrape.com\/pt-pt\/\",\"name\":\"Aplicativos locais de encontros - Quais s\u00e3o as suas escolhas? N\u00e3o aceite - t\u00edtulo\",\"isPartOf\":{\"@id\":\"http:\/\/dontacceptrape.com\/es\/#website\"},\"primaryImageOfPage\":{\"@id\":\"http:\/\/dontacceptrape.com\/pt-pt\/#primaryimage\"},\"datePublished\":\"2022-07-04T10:22:57+00:00\",\"dateModified\":\"2022-07-12T11:22:48+00:00\",\"breadcrumb\":{\"@id\":\"http:\/\/dontacceptrape.com\/pt-pt\/#breadcrumb\"},\"inLanguage\":\"pt-PT\",\"potentialAction\":[{\"@type\":\"ReadAction\",\"target\":[\"http:\/\/dontacceptrape.com\/pt-pt\/\"]}]},{\"@type\":\"BreadcrumbList\",\"@id\":\"http:\/\/dontacceptrape.com\/pt-pt\/#breadcrumb\",\"itemListElement\":[{\"@type\":\"ListItem\",\"position\":1,\"name\":\"Casa\",\"item\":\"https:\/\/dontacceptrape.com\/pt-pt\/\"},{\"@type\":\"ListItem\",\"position\":2,\"name\":\"Aplicativos locais de encontros &#8211; Quais s\u00e3o as suas escolhas?\"}]}]}<\/script>\n<!-- \/ Yoast SEO plugin. -->","yoast_head_json":{"title":"Aplicativos locais de encontros - Quais s\u00e3o as suas escolhas? N\u00e3o aceite - t\u00edtulo","robots":{"index":"index","follow":"follow","max-snippet":"max-snippet:-1","max-image-preview":"max-image-preview:large","max-video-preview":"max-video-preview:-1"},"canonical":"http:\/\/dontacceptrape.com\/pt-pt\/","og_locale":"pt_PT","og_type":"article","og_title":"Aplicativos locais de encontros - Quais s\u00e3o as suas escolhas? N\u00e3o aceite - t\u00edtulo","og_description":"No passado, as pessoas tinham de ir a certos sites para conhecer outros. No entanto, hoje em dia, as aplica\u00e7\u00f5es m\u00f3veis para a liga\u00e7\u00e3o t\u00eam facilitado que as pessoas se mantenham conectadas e acompanhem as \u00faltimas novidades e eventos. Tamb\u00e9m...","og_url":"http:\/\/dontacceptrape.com\/pt-pt\/","og_site_name":"N\u00e3o aceite","article_modified_time":"2022-07-12T11:22:48+00:00","og_image":[{"url":"http:\/\/dontacceptrape.com\/wp-content\/uploads\/2022\/07\/free-dating-websites-1024x683.jpeg"}],"author":"Don't Accept Rape","twitter_card":"summary_large_image","twitter_misc":{"Tempo estimado de leitura":"5 minutos"},"schema":{"@context":"https:\/\/schema.org","@graph":[{"@type":"WebSite","@id":"http:\/\/dontacceptrape.com\/es\/#website","url":"http:\/\/dontacceptrape.com\/es\/","name":"N\u00e3o aceite","description":"Real Hookup Chat","potentialAction":[{"@type":"SearchAction","target":{"@type":"EntryPoint","urlTemplate":"http:\/\/dontacceptrape.com\/es\/?s={search_term_string}"},"query-input":"required name=search_term_string"}],"inLanguage":"pt-PT"},{"@type":"ImageObject","inLanguage":"pt-PT","@id":"http:\/\/dontacceptrape.com\/pt-pt\/#primaryimage","url":"http:\/\/dontacceptrape.com\/wp-content\/uploads\/2022\/07\/free-dating-websites.jpeg","contentUrl":"http:\/\/dontacceptrape.com\/wp-content\/uploads\/2022\/07\/free-dating-websites.jpeg","width":1125,"height":750},{"@type":"WebPage","@id":"http:\/\/dontacceptrape.com\/pt-pt\/#webpage","url":"http:\/\/dontacceptrape.com\/pt-pt\/","name":"Aplicativos locais de encontros - Quais s\u00e3o as suas escolhas? N\u00e3o aceite - t\u00edtulo","isPartOf":{"@id":"http:\/\/dontacceptrape.com\/es\/#website"},"primaryImageOfPage":{"@id":"http:\/\/dontacceptrape.com\/pt-pt\/#primaryimage"},"datePublished":"2022-07-04T10:22:57+00:00","dateModified":"2022-07-12T11:22:48+00:00","breadcrumb":{"@id":"http:\/\/dontacceptrape.com\/pt-pt\/#breadcrumb"},"inLanguage":"pt-PT","potentialAction":[{"@type":"ReadAction","target":["http:\/\/dontacceptrape.com\/pt-pt\/"]}]},{"@type":"BreadcrumbList","@id":"http:\/\/dontacceptrape.com\/pt-pt\/#breadcrumb","itemListElement":[{"@type":"ListItem","position":1,"name":"Casa","item":"https:\/\/dontacceptrape.com\/pt-pt\/"},{"@type":"ListItem","position":2,"name":"Aplicativos locais de encontros &#8211; Quais s\u00e3o as suas escolhas?"}]}]}},"_links":{"self":[{"href":"http:\/\/dontacceptrape.com\/pt-pt\/wp-json\/wp\/v2\/pages\/219"}],"collection":[{"href":"http:\/\/dontacceptrape.com\/pt-pt\/wp-json\/wp\/v2\/pages"}],"about":[{"href":"http:\/\/dontacceptrape.com\/pt-pt\/wp-json\/wp\/v2\/types\/page"}],"author":[{"embeddable":true,"href":"http:\/\/dontacceptrape.com\/pt-pt\/wp-json\/wp\/v2\/users\/1"}],"replies":[{"embeddable":true,"href":"http:\/\/dontacceptrape.com\/pt-pt\/wp-json\/wp\/v2\/comments?post=219"}],"version-history":[{"count":3,"href":"http:\/\/dontacceptrape.com\/pt-pt\/wp-json\/wp\/v2\/pages\/219\/revisions"}],"predecessor-version":[{"id":251,"href":"http:\/\/dontacceptrape.com\/pt-pt\/wp-json\/wp\/v2\/pages\/219\/revisions\/251"}],"wp:attachment":[{"href":"http:\/\/dontacceptrape.com\/pt-pt\/wp-json\/wp\/v2\/media?parent=219"}],"curies":[{"name":"wp","href":"https:\/\/api.w.org\/{rel}","templated":true}]}}