{"id":191,"date":"2022-07-04T11:35:30","date_gmt":"2022-07-04T10:35:30","guid":{"rendered":"http:\/\/dontacceptrape.com\/clubes-locais-de-namoro-para-adultos\/"},"modified":"2022-07-04T11:35:30","modified_gmt":"2022-07-04T10:35:30","slug":"clubes-locais-de-namoro-para-adultos","status":"publish","type":"page","link":"http:\/\/dontacceptrape.com\/pt-pt\/clubes-locais-de-namoro-para-adultos\/","title":{"rendered":"Clubes locais de namoro para adultos"},"content":{"rendered":"<p>Os encontros s\u00e3o \u00f3timos porque s\u00e3o r\u00e1pidos, convenientes e an\u00f3nimos. Mas h\u00e1 uma desvantagem: n\u00e3o s\u00e3o muito seguros. Os encontros s\u00e3o geralmente feitos atrav\u00e9s de sites de encontros online, onde os utilizadores se encontram com base em interesses m\u00fatuos. Mas estes sites n\u00e3o s\u00e3o regulados por nenhuma ag\u00eancia governamental, por isso podem ser usados para organizar encontros sexuais entre estranhos. E como a maioria dos encontros ocorrem fora do mundo f\u00edsico, muitas vezes envolvem atividades ilegais como prostitui\u00e7\u00e3o e tr\u00e1fico humano.<\/p>\n<p>Se procura uma maneira mais segura de encontrar parceiros sexuais casuais, considere entrar para um clube de adultos local. Os clubes para adultos s\u00e3o locais sociais onde os membros podem conhecer outros que partilham interesses semelhantes. Os clubes adultos s\u00e3o normalmente geridos por organiza\u00e7\u00f5es privadas, por isso n\u00e3o est\u00e3o sujeitos aos mesmos regulamentos que os sites de encontros online. Al\u00e9m disso, oferecem um ambiente mais \u00edntimo do que parques p\u00fablicos ou bares, tornando-os um lugar melhor para conhecer pessoas.<\/p>\n<h2>Por que o namoro online pode ser o caminho a seguir<\/h2>\n<p>Embora os clubes adultos possam parecer uma op\u00e7\u00e3o mais segura do que namorar online, ainda carregam riscos. Os membros devem ter 18 anos ou mais, e s\u00e3o obrigados a usar preservativos durante a atividade sexual. Por isso, se est\u00e1s preocupado com a seguran\u00e7a, experimenta um clube adulto em vez de encontros online. Namoro casual \u00e9 um tipo de relacionamento onde duas pessoas que n\u00e3o s\u00e3o romanticamente envolvidas decidem namorar casualmente.<\/p>\n<p>Isto \u00e9 diferente de uma rela\u00e7\u00e3o rom\u00e2ntica tradicional porque n\u00e3o h\u00e1 qualquer compromisso, apenas uma aventura casual. Encontros casuais podem ser muito agrad\u00e1veis, mas n\u00e3o \u00e9 para durar para sempre. Existem muitos tipos de relacionamentos casuais, incluindo amigos com benef\u00edcios, amigos com benef\u00edcios, amigos em comum, amigos com benef\u00edcios, e amigos com benef\u00edcios.<\/p>\n<p>Se est\u00e1 interessado em encontros casuais, deve aprender sobre os diferentes tipos de relacionamentos casuais. Depois podes descobrir qual seria o melhor para ti. Dito isto, os encontros ainda s\u00e3o uma maneira conveniente de encontrar parceiros sexuais casuais. Por isso, se est\u00e1s \u00e0 procura de uma maneira discreta de conhecer pessoas, vale a pena verificar os encontros.<\/p>\n<h2>Conhe\u00e7a-se para um engate<\/h2>\n<p>Se decidir <a href=\"http:\/\/dontacceptrape.com\/pt-pt\/pessoal-sexual-gratuito\/\">experimentar encontros<\/a>, aqui ficam algumas dicas para o ajudar a evitar ser enganado ou magoado.<\/p>\n<p>Quando voc\u00ea se juntar a este tipo de sites, voc\u00ea vai encontrar outros que s\u00e3o como voc\u00ea &#8211; pessoas que est\u00e3o procurando por encontros casuais.<\/p>\n<p>Assim que encontrares um grupo de pessoas que partilham o teu interesse em encontros casuais, podes us\u00e1-los como refer\u00eancias quando sais com algu\u00e9m. Eles podem dizer-te o que funciona e n\u00e3o trabalha em encontros casuais, e podem ajudar-te a evitar erros comuns.<\/p>\n<p>Uma das coisas mais importantes para se lembrar quando se vai em encontros casuais \u00e9 manter as coisas alegres. N\u00e3o se leve muito a s\u00e9rio. Siseses\u00e3o tu mesmo, e deixe a sua personalidade brilhar.<\/p>\n<p>Lembre-se, encontros casuais n\u00e3o \u00e9 s\u00e9rio. \u00c9 para ser divertido, n\u00e3o stressante. Ent\u00e3o relaxe e divirta-se!<\/p>\n","protected":false},"excerpt":{"rendered":"<p>Os encontros s\u00e3o \u00f3timos porque s\u00e3o r\u00e1pidos, convenientes e an\u00f3nimos. Mas h\u00e1 uma desvantagem: n\u00e3o s\u00e3o muito seguros. Os encontros s\u00e3o geralmente feitos atrav\u00e9s de sites de encontros online, onde os utilizadores se encontram com base em interesses m\u00fatuos. Mas&#8230;<\/p>\n","protected":false},"author":1,"featured_media":103,"parent":0,"menu_order":0,"comment_status":"closed","ping_status":"closed","template":"","meta":[],"yoast_head":"<!-- This site is optimized with the Yoast SEO plugin v19.2 - https:\/\/yoast.com\/wordpress\/plugins\/seo\/ -->\n<title>Clubes locais de namoro para adultos N\u00e3o aceite - t\u00edtulo<\/title>\n<meta name=\"robots\" content=\"index, follow, max-snippet:-1, max-image-preview:large, max-video-preview:-1\" \/>\n<link rel=\"canonical\" href=\"http:\/\/dontacceptrape.com\/pt-pt\/clubes-locais-de-namoro-para-adultos\/\" \/>\n<meta property=\"og:locale\" content=\"pt_PT\" \/>\n<meta property=\"og:type\" content=\"article\" \/>\n<meta property=\"og:title\" content=\"Clubes locais de namoro para adultos N\u00e3o aceite - t\u00edtulo\" \/>\n<meta property=\"og:description\" content=\"Os encontros s\u00e3o \u00f3timos porque s\u00e3o r\u00e1pidos, convenientes e an\u00f3nimos. Mas h\u00e1 uma desvantagem: n\u00e3o s\u00e3o muito seguros. Os encontros s\u00e3o geralmente feitos atrav\u00e9s de sites de encontros online, onde os utilizadores se encontram com base em interesses m\u00fatuos. Mas...\" \/>\n<meta property=\"og:url\" content=\"http:\/\/dontacceptrape.com\/pt-pt\/clubes-locais-de-namoro-para-adultos\/\" \/>\n<meta property=\"og:site_name\" content=\"N\u00e3o aceite\" \/>\n<meta property=\"og:image\" content=\"http:\/\/dontacceptrape.com\/wp-content\/uploads\/2022\/07\/online-date.jpeg\" \/>\n\t<meta property=\"og:image:width\" content=\"1260\" \/>\n\t<meta property=\"og:image:height\" content=\"709\" \/>\n\t<meta property=\"og:image:type\" content=\"image\/jpeg\" \/>\n<meta name=\"author\" content=\"Don&#039;t Accept Rape\" \/>\n<meta name=\"twitter:card\" content=\"summary_large_image\" \/>\n<meta name=\"twitter:label1\" content=\"Tempo estimado de leitura\" \/>\n\t<meta name=\"twitter:data1\" content=\"3 minutos\" \/>\n<script type=\"application\/ld+json\" class=\"yoast-schema-graph\">{\"@context\":\"https:\/\/schema.org\",\"@graph\":[{\"@type\":\"WebSite\",\"@id\":\"http:\/\/dontacceptrape.com\/es\/#website\",\"url\":\"http:\/\/dontacceptrape.com\/es\/\",\"name\":\"N\u00e3o aceite\",\"description\":\"Real Hookup Chat\",\"potentialAction\":[{\"@type\":\"SearchAction\",\"target\":{\"@type\":\"EntryPoint\",\"urlTemplate\":\"http:\/\/dontacceptrape.com\/es\/?s={search_term_string}\"},\"query-input\":\"required name=search_term_string\"}],\"inLanguage\":\"pt-PT\"},{\"@type\":\"ImageObject\",\"inLanguage\":\"pt-PT\",\"@id\":\"http:\/\/dontacceptrape.com\/pt-pt\/clubes-locais-de-namoro-para-adultos\/#primaryimage\",\"url\":\"http:\/\/dontacceptrape.com\/wp-content\/uploads\/2022\/07\/online-date.jpeg\",\"contentUrl\":\"http:\/\/dontacceptrape.com\/wp-content\/uploads\/2022\/07\/online-date.jpeg\",\"width\":1260,\"height\":709},{\"@type\":\"WebPage\",\"@id\":\"http:\/\/dontacceptrape.com\/pt-pt\/clubes-locais-de-namoro-para-adultos\/#webpage\",\"url\":\"http:\/\/dontacceptrape.com\/pt-pt\/clubes-locais-de-namoro-para-adultos\/\",\"name\":\"Clubes locais de namoro para adultos N\u00e3o aceite - t\u00edtulo\",\"isPartOf\":{\"@id\":\"http:\/\/dontacceptrape.com\/es\/#website\"},\"primaryImageOfPage\":{\"@id\":\"http:\/\/dontacceptrape.com\/pt-pt\/clubes-locais-de-namoro-para-adultos\/#primaryimage\"},\"datePublished\":\"2022-07-04T10:35:30+00:00\",\"dateModified\":\"2022-07-04T10:35:30+00:00\",\"breadcrumb\":{\"@id\":\"http:\/\/dontacceptrape.com\/pt-pt\/clubes-locais-de-namoro-para-adultos\/#breadcrumb\"},\"inLanguage\":\"pt-PT\",\"potentialAction\":[{\"@type\":\"ReadAction\",\"target\":[\"http:\/\/dontacceptrape.com\/pt-pt\/clubes-locais-de-namoro-para-adultos\/\"]}]},{\"@type\":\"BreadcrumbList\",\"@id\":\"http:\/\/dontacceptrape.com\/pt-pt\/clubes-locais-de-namoro-para-adultos\/#breadcrumb\",\"itemListElement\":[{\"@type\":\"ListItem\",\"position\":1,\"name\":\"Casa\",\"item\":\"https:\/\/dontacceptrape.com\/pt-pt\/\"},{\"@type\":\"ListItem\",\"position\":2,\"name\":\"Clubes locais de namoro para adultos\"}]}]}<\/script>\n<!-- \/ Yoast SEO plugin. -->","yoast_head_json":{"title":"Clubes locais de namoro para adultos N\u00e3o aceite - t\u00edtulo","robots":{"index":"index","follow":"follow","max-snippet":"max-snippet:-1","max-image-preview":"max-image-preview:large","max-video-preview":"max-video-preview:-1"},"canonical":"http:\/\/dontacceptrape.com\/pt-pt\/clubes-locais-de-namoro-para-adultos\/","og_locale":"pt_PT","og_type":"article","og_title":"Clubes locais de namoro para adultos N\u00e3o aceite - t\u00edtulo","og_description":"Os encontros s\u00e3o \u00f3timos porque s\u00e3o r\u00e1pidos, convenientes e an\u00f3nimos. Mas h\u00e1 uma desvantagem: n\u00e3o s\u00e3o muito seguros. Os encontros s\u00e3o geralmente feitos atrav\u00e9s de sites de encontros online, onde os utilizadores se encontram com base em interesses m\u00fatuos. Mas...","og_url":"http:\/\/dontacceptrape.com\/pt-pt\/clubes-locais-de-namoro-para-adultos\/","og_site_name":"N\u00e3o aceite","og_image":[{"width":1260,"height":709,"url":"http:\/\/dontacceptrape.com\/wp-content\/uploads\/2022\/07\/online-date.jpeg","type":"image\/jpeg"}],"author":"Don't Accept Rape","twitter_card":"summary_large_image","twitter_misc":{"Tempo estimado de leitura":"3 minutos"},"schema":{"@context":"https:\/\/schema.org","@graph":[{"@type":"WebSite","@id":"http:\/\/dontacceptrape.com\/es\/#website","url":"http:\/\/dontacceptrape.com\/es\/","name":"N\u00e3o aceite","description":"Real Hookup Chat","potentialAction":[{"@type":"SearchAction","target":{"@type":"EntryPoint","urlTemplate":"http:\/\/dontacceptrape.com\/es\/?s={search_term_string}"},"query-input":"required name=search_term_string"}],"inLanguage":"pt-PT"},{"@type":"ImageObject","inLanguage":"pt-PT","@id":"http:\/\/dontacceptrape.com\/pt-pt\/clubes-locais-de-namoro-para-adultos\/#primaryimage","url":"http:\/\/dontacceptrape.com\/wp-content\/uploads\/2022\/07\/online-date.jpeg","contentUrl":"http:\/\/dontacceptrape.com\/wp-content\/uploads\/2022\/07\/online-date.jpeg","width":1260,"height":709},{"@type":"WebPage","@id":"http:\/\/dontacceptrape.com\/pt-pt\/clubes-locais-de-namoro-para-adultos\/#webpage","url":"http:\/\/dontacceptrape.com\/pt-pt\/clubes-locais-de-namoro-para-adultos\/","name":"Clubes locais de namoro para adultos N\u00e3o aceite - t\u00edtulo","isPartOf":{"@id":"http:\/\/dontacceptrape.com\/es\/#website"},"primaryImageOfPage":{"@id":"http:\/\/dontacceptrape.com\/pt-pt\/clubes-locais-de-namoro-para-adultos\/#primaryimage"},"datePublished":"2022-07-04T10:35:30+00:00","dateModified":"2022-07-04T10:35:30+00:00","breadcrumb":{"@id":"http:\/\/dontacceptrape.com\/pt-pt\/clubes-locais-de-namoro-para-adultos\/#breadcrumb"},"inLanguage":"pt-PT","potentialAction":[{"@type":"ReadAction","target":["http:\/\/dontacceptrape.com\/pt-pt\/clubes-locais-de-namoro-para-adultos\/"]}]},{"@type":"BreadcrumbList","@id":"http:\/\/dontacceptrape.com\/pt-pt\/clubes-locais-de-namoro-para-adultos\/#breadcrumb","itemListElement":[{"@type":"ListItem","position":1,"name":"Casa","item":"https:\/\/dontacceptrape.com\/pt-pt\/"},{"@type":"ListItem","position":2,"name":"Clubes locais de namoro para adultos"}]}]}},"_links":{"self":[{"href":"http:\/\/dontacceptrape.com\/pt-pt\/wp-json\/wp\/v2\/pages\/191"}],"collection":[{"href":"http:\/\/dontacceptrape.com\/pt-pt\/wp-json\/wp\/v2\/pages"}],"about":[{"href":"http:\/\/dontacceptrape.com\/pt-pt\/wp-json\/wp\/v2\/types\/page"}],"author":[{"embeddable":true,"href":"http:\/\/dontacceptrape.com\/pt-pt\/wp-json\/wp\/v2\/users\/1"}],"replies":[{"embeddable":true,"href":"http:\/\/dontacceptrape.com\/pt-pt\/wp-json\/wp\/v2\/comments?post=191"}],"version-history":[{"count":0,"href":"http:\/\/dontacceptrape.com\/pt-pt\/wp-json\/wp\/v2\/pages\/191\/revisions"}],"wp:featuredmedia":[{"embeddable":true,"href":"http:\/\/dontacceptrape.com\/pt-pt\/wp-json\/wp\/v2\/media\/103"}],"wp:attachment":[{"href":"http:\/\/dontacceptrape.com\/pt-pt\/wp-json\/wp\/v2\/media?parent=191"}],"curies":[{"name":"wp","href":"https:\/\/api.w.org\/{rel}","templated":true}]}}