{"id":182,"date":"2022-07-04T11:38:48","date_gmt":"2022-07-04T10:38:48","guid":{"rendered":"http:\/\/dontacceptrape.com\/pessoal-sexual-gratuito\/"},"modified":"2022-07-04T11:38:48","modified_gmt":"2022-07-04T10:38:48","slug":"pessoal-sexual-gratuito","status":"publish","type":"page","link":"http:\/\/dontacceptrape.com\/pt-pt\/pessoal-sexual-gratuito\/","title":{"rendered":"Pessoal sexual gratuito"},"content":{"rendered":"<p>Encontros s\u00e3o uma \u00f3tima maneira de conhecer mulheres on-line, mas n\u00e3o s\u00e3o para todos. Por isso, se est\u00e1s \u00e0 procura de uma rela\u00e7\u00e3o a longo prazo, talvez seja melhor conheceres mulheres offline.<\/p>\n<p>Mas se quiser experimentar encontros casuais, h\u00e1 <a href=\"https:\/\/dontacceptrape.com\/pt-pt\/o-que-olhar-para-fora-com-aplicativos-de-hookup\/\">muitos sites<\/a> onde pode encontrar mulheres que procuram homens. Estes sites incluem OkCupid, Match.com, PlentyOfFish e Tinder.<\/p>\n<p>OkCupid \u00e9 gr\u00e1tis, mas precisa pagar para enviar mensagens. Match.com cobra taxas mensais, mas pode us\u00e1-la gratuitamente at\u00e9 encontrar uma correspond\u00eancia. A PlentyofFish \u00e9 gratuita, mas s\u00f3 pode procurar f\u00f3sforos locais. O Tinder \u00e9 gratuito, mas tens de pagar para enviar mensagens e visualizar perfis.<\/p>\n<p><img loading=\"lazy\" class=\"aligncenter size-large wp-image-106\" src=\"http:\/\/dontacceptrape.com\/wp-content\/uploads\/2022\/07\/online-dating-1024x683.jpeg\" alt=\"\" width=\"640\" height=\"427\" srcset=\"http:\/\/dontacceptrape.com\/wp-content\/uploads\/2022\/07\/online-dating-1024x683.jpeg 1024w, http:\/\/dontacceptrape.com\/wp-content\/uploads\/2022\/07\/online-dating-300x200.jpeg 300w, http:\/\/dontacceptrape.com\/wp-content\/uploads\/2022\/07\/online-dating-768x512.jpeg 768w, http:\/\/dontacceptrape.com\/wp-content\/uploads\/2022\/07\/online-dating.jpeg 1125w\" sizes=\"(max-width: 640px) 100vw, 640px\" \/><\/p>\n<h2>Top 3 aplicativos para experimentar em vez de pessoas<\/h2>\n<p>Se procura uma rela\u00e7\u00e3o s\u00e9ria, estes sites n\u00e3o s\u00e3o para si. Mas se est\u00e1s \u00e0 procura de encontros casuais, eles s\u00e3o exatamente o que precisas&#8230;<\/p>\n<h3>Rio Tinder<\/h3>\n<p>Tinder n\u00e3o \u00e9 uma <a href=\"https:\/\/dontacceptrape.com\/pt-pt\/nao-encontrar-cordas-em-anexo-sexo-esta-noite\/\">boa alternativa para os Pessoais<\/a>. H\u00e1 muitas raz\u00f5es para isso. Um deles \u00e9 o facto de oferecerem muito poucas atividades. Namorar \u00e9 principalmente sobre encontrar algu\u00e9m at\u00e9 \u00e0 data, o que significa que voc\u00ea precisar\u00e1 pesquisar atrav\u00e9s de perfis e mensagens para algu\u00e9m que est\u00e1 interessado em voc\u00ea. Se voc\u00ea est\u00e1 procurando uma atividade, voc\u00ea deve experimentar Adult Friend Finder ou talvez at\u00e9 Ashley Madison. Estes dois sites s\u00e3o especificamente concebidos para adultos que procuram encontros sexuais. Voc\u00ea tamb\u00e9m vai notar que voc\u00ea ver\u00e1 muito mais an\u00fancios no site da Ashley Madison do que voc\u00ea vai em Craigslist Personals. Se procura encontrar algu\u00e9m para um encontro casual, ent\u00e3o deve definitivamente consultar estes dois sites.<\/p>\n<h3>Rio Kasual<\/h3>\n<p>O Kasual \u00e9 uma aplica\u00e7\u00e3o m\u00f3vel que permite que os utilizadores procurem indiv\u00edduos semelhantes na sua \u00e1rea.<\/p>\n<p>Esta n\u00e3o \u00e9 a melhor aplica\u00e7\u00e3o para quem procura uma rela\u00e7\u00e3o s\u00e9ria. Em vez disso, a aplica\u00e7\u00e3o atende \u00e0 multid\u00e3o de encontros, daters casuais que s\u00f3 precisam de algo real a qualquer momento. Se est\u00e1s numa fase da tua vida quando n\u00e3o tens tempo para te comprometeres, o Kasual \u00e9 a solu\u00e7\u00e3o perfeita para as tuas necessidades de namoro. Voc\u00ea ter\u00e1 acesso a um enorme grupo de utilizadores, tornando mais f\u00e1cil conhecer novas pessoas. E se n\u00e3o estiveres preparado para uma rela\u00e7\u00e3o s\u00e9ria, ainda podes desfrutar dos benef\u00edcios de conhecer algu\u00e9m novo.<\/p>\n<h3>Descobridor de amigo adulto<\/h3>\n<p>AFF \u00e9 um \u00f3timo lugar para conhecer mulheres que procuram sexo casual. Voc\u00ea pode procurar por tipos espec\u00edficos de parceiros como cougars, MILFs, BBWs, etc. H\u00e1 tamb\u00e9m grupos a que pode participar para se conectar com outros membros. Se n\u00e3o estiver interessado em conhecer algu\u00e9m imediatamente, pode navegar nos perfis e enviar mensagens para datas potenciais. Assim que encontrares uma correspond\u00eancia, podes falar com eles atrav\u00e9s de chamadas de v\u00eddeo. Pode at\u00e9 convidar o seu encontro para um primeiro encontro, se quiser!<\/p>\n","protected":false},"excerpt":{"rendered":"<p>Encontros s\u00e3o uma \u00f3tima maneira de conhecer mulheres on-line, mas n\u00e3o s\u00e3o para todos. Por isso, se est\u00e1s \u00e0 procura de uma rela\u00e7\u00e3o a longo prazo, talvez seja melhor conheceres mulheres offline. Mas se quiser experimentar encontros casuais, h\u00e1 muitos&#8230;<\/p>\n","protected":false},"author":1,"featured_media":0,"parent":0,"menu_order":0,"comment_status":"closed","ping_status":"closed","template":"","meta":[],"yoast_head":"<!-- This site is optimized with the Yoast SEO plugin v19.2 - https:\/\/yoast.com\/wordpress\/plugins\/seo\/ -->\n<title>Pessoal sexual gratuito N\u00e3o aceite - t\u00edtulo<\/title>\n<meta name=\"robots\" content=\"index, follow, max-snippet:-1, max-image-preview:large, max-video-preview:-1\" \/>\n<link rel=\"canonical\" href=\"http:\/\/dontacceptrape.com\/pt-pt\/pessoal-sexual-gratuito\/\" \/>\n<meta property=\"og:locale\" content=\"pt_PT\" \/>\n<meta property=\"og:type\" content=\"article\" \/>\n<meta property=\"og:title\" content=\"Pessoal sexual gratuito N\u00e3o aceite - t\u00edtulo\" \/>\n<meta property=\"og:description\" content=\"Encontros s\u00e3o uma \u00f3tima maneira de conhecer mulheres on-line, mas n\u00e3o s\u00e3o para todos. Por isso, se est\u00e1s \u00e0 procura de uma rela\u00e7\u00e3o a longo prazo, talvez seja melhor conheceres mulheres offline. Mas se quiser experimentar encontros casuais, h\u00e1 muitos...\" \/>\n<meta property=\"og:url\" content=\"http:\/\/dontacceptrape.com\/pt-pt\/pessoal-sexual-gratuito\/\" \/>\n<meta property=\"og:site_name\" content=\"N\u00e3o aceite\" \/>\n<meta property=\"og:image\" content=\"http:\/\/dontacceptrape.com\/wp-content\/uploads\/2022\/07\/online-dating-1024x683.jpeg\" \/>\n<meta name=\"author\" content=\"Don&#039;t Accept Rape\" \/>\n<meta name=\"twitter:card\" content=\"summary_large_image\" \/>\n<meta name=\"twitter:label1\" content=\"Tempo estimado de leitura\" \/>\n\t<meta name=\"twitter:data1\" content=\"2 minutos\" \/>\n<script type=\"application\/ld+json\" class=\"yoast-schema-graph\">{\"@context\":\"https:\/\/schema.org\",\"@graph\":[{\"@type\":\"WebSite\",\"@id\":\"http:\/\/dontacceptrape.com\/es\/#website\",\"url\":\"http:\/\/dontacceptrape.com\/es\/\",\"name\":\"N\u00e3o aceite\",\"description\":\"Real Hookup Chat\",\"potentialAction\":[{\"@type\":\"SearchAction\",\"target\":{\"@type\":\"EntryPoint\",\"urlTemplate\":\"http:\/\/dontacceptrape.com\/es\/?s={search_term_string}\"},\"query-input\":\"required name=search_term_string\"}],\"inLanguage\":\"pt-PT\"},{\"@type\":\"ImageObject\",\"inLanguage\":\"pt-PT\",\"@id\":\"http:\/\/dontacceptrape.com\/pt-pt\/pessoal-sexual-gratuito\/#primaryimage\",\"url\":\"http:\/\/dontacceptrape.com\/wp-content\/uploads\/2022\/07\/online-dating.jpeg\",\"contentUrl\":\"http:\/\/dontacceptrape.com\/wp-content\/uploads\/2022\/07\/online-dating.jpeg\",\"width\":1125,\"height\":750},{\"@type\":\"WebPage\",\"@id\":\"http:\/\/dontacceptrape.com\/pt-pt\/pessoal-sexual-gratuito\/#webpage\",\"url\":\"http:\/\/dontacceptrape.com\/pt-pt\/pessoal-sexual-gratuito\/\",\"name\":\"Pessoal sexual gratuito N\u00e3o aceite - t\u00edtulo\",\"isPartOf\":{\"@id\":\"http:\/\/dontacceptrape.com\/es\/#website\"},\"primaryImageOfPage\":{\"@id\":\"http:\/\/dontacceptrape.com\/pt-pt\/pessoal-sexual-gratuito\/#primaryimage\"},\"datePublished\":\"2022-07-04T10:38:48+00:00\",\"dateModified\":\"2022-07-04T10:38:48+00:00\",\"breadcrumb\":{\"@id\":\"http:\/\/dontacceptrape.com\/pt-pt\/pessoal-sexual-gratuito\/#breadcrumb\"},\"inLanguage\":\"pt-PT\",\"potentialAction\":[{\"@type\":\"ReadAction\",\"target\":[\"http:\/\/dontacceptrape.com\/pt-pt\/pessoal-sexual-gratuito\/\"]}]},{\"@type\":\"BreadcrumbList\",\"@id\":\"http:\/\/dontacceptrape.com\/pt-pt\/pessoal-sexual-gratuito\/#breadcrumb\",\"itemListElement\":[{\"@type\":\"ListItem\",\"position\":1,\"name\":\"Casa\",\"item\":\"https:\/\/dontacceptrape.com\/pt-pt\/\"},{\"@type\":\"ListItem\",\"position\":2,\"name\":\"Pessoal sexual gratuito\"}]}]}<\/script>\n<!-- \/ Yoast SEO plugin. -->","yoast_head_json":{"title":"Pessoal sexual gratuito N\u00e3o aceite - t\u00edtulo","robots":{"index":"index","follow":"follow","max-snippet":"max-snippet:-1","max-image-preview":"max-image-preview:large","max-video-preview":"max-video-preview:-1"},"canonical":"http:\/\/dontacceptrape.com\/pt-pt\/pessoal-sexual-gratuito\/","og_locale":"pt_PT","og_type":"article","og_title":"Pessoal sexual gratuito N\u00e3o aceite - t\u00edtulo","og_description":"Encontros s\u00e3o uma \u00f3tima maneira de conhecer mulheres on-line, mas n\u00e3o s\u00e3o para todos. Por isso, se est\u00e1s \u00e0 procura de uma rela\u00e7\u00e3o a longo prazo, talvez seja melhor conheceres mulheres offline. Mas se quiser experimentar encontros casuais, h\u00e1 muitos...","og_url":"http:\/\/dontacceptrape.com\/pt-pt\/pessoal-sexual-gratuito\/","og_site_name":"N\u00e3o aceite","og_image":[{"url":"http:\/\/dontacceptrape.com\/wp-content\/uploads\/2022\/07\/online-dating-1024x683.jpeg"}],"author":"Don't Accept Rape","twitter_card":"summary_large_image","twitter_misc":{"Tempo estimado de leitura":"2 minutos"},"schema":{"@context":"https:\/\/schema.org","@graph":[{"@type":"WebSite","@id":"http:\/\/dontacceptrape.com\/es\/#website","url":"http:\/\/dontacceptrape.com\/es\/","name":"N\u00e3o aceite","description":"Real Hookup Chat","potentialAction":[{"@type":"SearchAction","target":{"@type":"EntryPoint","urlTemplate":"http:\/\/dontacceptrape.com\/es\/?s={search_term_string}"},"query-input":"required name=search_term_string"}],"inLanguage":"pt-PT"},{"@type":"ImageObject","inLanguage":"pt-PT","@id":"http:\/\/dontacceptrape.com\/pt-pt\/pessoal-sexual-gratuito\/#primaryimage","url":"http:\/\/dontacceptrape.com\/wp-content\/uploads\/2022\/07\/online-dating.jpeg","contentUrl":"http:\/\/dontacceptrape.com\/wp-content\/uploads\/2022\/07\/online-dating.jpeg","width":1125,"height":750},{"@type":"WebPage","@id":"http:\/\/dontacceptrape.com\/pt-pt\/pessoal-sexual-gratuito\/#webpage","url":"http:\/\/dontacceptrape.com\/pt-pt\/pessoal-sexual-gratuito\/","name":"Pessoal sexual gratuito N\u00e3o aceite - t\u00edtulo","isPartOf":{"@id":"http:\/\/dontacceptrape.com\/es\/#website"},"primaryImageOfPage":{"@id":"http:\/\/dontacceptrape.com\/pt-pt\/pessoal-sexual-gratuito\/#primaryimage"},"datePublished":"2022-07-04T10:38:48+00:00","dateModified":"2022-07-04T10:38:48+00:00","breadcrumb":{"@id":"http:\/\/dontacceptrape.com\/pt-pt\/pessoal-sexual-gratuito\/#breadcrumb"},"inLanguage":"pt-PT","potentialAction":[{"@type":"ReadAction","target":["http:\/\/dontacceptrape.com\/pt-pt\/pessoal-sexual-gratuito\/"]}]},{"@type":"BreadcrumbList","@id":"http:\/\/dontacceptrape.com\/pt-pt\/pessoal-sexual-gratuito\/#breadcrumb","itemListElement":[{"@type":"ListItem","position":1,"name":"Casa","item":"https:\/\/dontacceptrape.com\/pt-pt\/"},{"@type":"ListItem","position":2,"name":"Pessoal sexual gratuito"}]}]}},"_links":{"self":[{"href":"http:\/\/dontacceptrape.com\/pt-pt\/wp-json\/wp\/v2\/pages\/182"}],"collection":[{"href":"http:\/\/dontacceptrape.com\/pt-pt\/wp-json\/wp\/v2\/pages"}],"about":[{"href":"http:\/\/dontacceptrape.com\/pt-pt\/wp-json\/wp\/v2\/types\/page"}],"author":[{"embeddable":true,"href":"http:\/\/dontacceptrape.com\/pt-pt\/wp-json\/wp\/v2\/users\/1"}],"replies":[{"embeddable":true,"href":"http:\/\/dontacceptrape.com\/pt-pt\/wp-json\/wp\/v2\/comments?post=182"}],"version-history":[{"count":0,"href":"http:\/\/dontacceptrape.com\/pt-pt\/wp-json\/wp\/v2\/pages\/182\/revisions"}],"wp:attachment":[{"href":"http:\/\/dontacceptrape.com\/pt-pt\/wp-json\/wp\/v2\/media?parent=182"}],"curies":[{"name":"wp","href":"https:\/\/api.w.org\/{rel}","templated":true}]}}