{"id":218,"date":"2022-07-04T11:22:57","date_gmt":"2022-07-04T10:22:57","guid":{"rendered":"http:\/\/dontacceptrape.com\/aplicaciones-de-citas-locales-cuales-son-sus-opciones\/"},"modified":"2022-07-12T13:53:58","modified_gmt":"2022-07-12T12:53:58","slug":"aplicaciones-de-citas-locales-cuales-son-sus-opciones","status":"publish","type":"page","link":"http:\/\/dontacceptrape.com\/es\/","title":{"rendered":"Aplicaciones de citas locales: \u00bfcu\u00e1les son sus opciones?"},"content":{"rendered":"<p>En el pasado, las personas ten\u00edan que ir a ciertos sitios web para conocer a otros. Sin embargo, hoy en d\u00eda, las aplicaciones m\u00f3viles para la conexi\u00f3n han facilitado que las personas se mantengan conectadas y se pongan al d\u00eda con las \u00faltimas noticias y eventos. Tambi\u00e9n puede chatear con otros miembros, hacer preguntas y compartir sus experiencias. Lo m\u00e1s importante es que puedes descubrir nuevos lugares para pasar el rato y conocer gente.<\/p>\n<p>Si est\u00e1 buscando una relaci\u00f3n, entonces hay sitios de citas como para intercambiar desnudos con mujeres locales <a href=\"http:\/\/www.sites-de-sexo.com\">Sites-de-Sexo.com<\/a> y que satisfacen sus necesidades. Algunos de ellos incluso le permiten filtrar los resultados de acuerdo con sus preferencias.<\/p>\n<p>Por ejemplo, puede seleccionar si est\u00e1 interesado en el sexo casual, las relaciones a largo plazo, etc. Si est\u00e1 buscando salir con alguien, puede consultar las mejores aplicaciones de citas disponibles. Estas aplicaciones le permiten buscar posibles citas utilizando varios filtros, que incluyen edad, ubicaci\u00f3n, intereses, orientaci\u00f3n sexual, etc. Otra ventaja de usar aplicaciones de citas es que puede chatear cachondamente con extra\u00f1os y puede obtener actualizaciones sobre lo que est\u00e1 sucediendo en el \u00e1rea. Todo lo que necesita hacer es descargar una aplicaci\u00f3n y comenzar a chatear con personas cercanas.<\/p>\n<p><img loading=\"lazy\" class=\"size-large wp-image-76 aligncenter\" src=\"http:\/\/dontacceptrape.com\/wp-content\/uploads\/2022\/07\/free-dating-websites-1024x683.jpeg\" alt=\"\" width=\"640\" height=\"427\" srcset=\"http:\/\/dontacceptrape.com\/wp-content\/uploads\/2022\/07\/free-dating-websites-1024x683.jpeg 1024w, http:\/\/dontacceptrape.com\/wp-content\/uploads\/2022\/07\/free-dating-websites-300x200.jpeg 300w, http:\/\/dontacceptrape.com\/wp-content\/uploads\/2022\/07\/free-dating-websites-768x512.jpeg 768w, http:\/\/dontacceptrape.com\/wp-content\/uploads\/2022\/07\/free-dating-websites.jpeg 1125w\" sizes=\"(max-width: 640px) 100vw, 640px\" \/><\/p>\n<h2>\u00bfCu\u00e1les son sus opciones?<\/h2>\n<p>Hay muchos tipos diferentes de sitios de mierda locales. Cada tipo atiende a un p\u00fablico espec\u00edfico. Algunos sitios atienden a aquellos que buscan romance o matrimonio, mientras que otros est\u00e1n dise\u00f1ados para encuentros casuales. Algunos sitios se centran en ciertos grupos de edad, como solteros m\u00e1s j\u00f3venes o solteros mayores. Algunos sitios est\u00e1n orientados a un g\u00e9nero en particular, como hombres o mujeres.<\/p>\n<h3>Fuckbook<\/h3>\n<p>Fuckbook no es realmente gratis. Si bien puede registrarse para obtener una cuenta gratuita en diferentes sitios de mierda locales para usted, no podr\u00e1 enviar mensajes ni ver ning\u00fan perfil de miembro hasta despu\u00e9s de que expire el per\u00edodo de prueba de 72 horas. Sin embargo, si logra ir m\u00e1s all\u00e1 del per\u00edodo de prueba, deber\u00e1 pagar por el servicio. Los precios oscilan entre $ 6.99 y $ 29.95 por mes, dependiendo del tipo de membres\u00eda que elija. Algunas membres\u00edas ofrecen descuentos por varios a\u00f1os. Tambi\u00e9n hay diferentes niveles de membres\u00eda, que van desde b\u00e1sico hasta avanzado. Las membres\u00edas b\u00e1sicas vienen con menos funciones y tarifas mensuales m\u00e1s altas. Las membres\u00edas premium ofrecen beneficios adicionales y tarifas m\u00e1s bajas.<\/p>\n<p><img loading=\"lazy\" class=\"size-medium wp-image-129 aligncenter\" src=\"http:\/\/dontacceptrape.com\/wp-content\/uploads\/2022\/07\/Premium-Fuckbook-300x264.png\" alt=\"\" width=\"300\" height=\"264\" srcset=\"http:\/\/dontacceptrape.com\/wp-content\/uploads\/2022\/07\/Premium-Fuckbook-300x264.png 300w, http:\/\/dontacceptrape.com\/wp-content\/uploads\/2022\/07\/Premium-Fuckbook.png 700w\" sizes=\"(max-width: 300px) 100vw, 300px\" \/><\/p>\n<h3>Fuckbook<\/h3>\n<p>Bumble es una aplicaci\u00f3n que conecta a dos personas que de otra manera no se conocer\u00edan. Hay muchas aplicaciones de conexiones locales gratuitas por ah\u00ed, pero ninguna es como Bumble. Al usar Bumble, las mujeres deben comenzar la conversaci\u00f3n primero. Los hombres pueden enviar un mensaje si lo desean, pero no pueden iniciar el contacto. Si ambas partes deslizan el dedo hacia la derecha, las dos se emparejar\u00e1n y recibir\u00e1n una notificaci\u00f3n. Si ninguna de las partes desliza el dedo hacia la derecha, la conversaci\u00f3n terminar\u00e1. Tambi\u00e9n puede usar la aplicaci\u00f3n para compartir su ubicaci\u00f3n con otros, de modo que pueda conocerlos en un lugar espec\u00edfico.<\/p>\n<h3>Citas en Facebook<\/h3>\n<p>Facebook lanz\u00f3 su propia aplicaci\u00f3n de citas llamada Facebook Dating. Puede usar la informaci\u00f3n de su perfil de Facebook para crear un perfil de citas, que permanecer\u00e1 privado a menos que lo comparta con otra persona. Tus amigos y familiares en Facebook no podr\u00e1n ver que tu perfil existe. Si eliges compartir tu perfil, todos podr\u00e1n verlo. Facebook Dating actualmente solo est\u00e1 disponible en la aplicaci\u00f3n m\u00f3vil de Facebook.<\/p>\n<h3>Nuestro Tiempo<\/h3>\n<p>OurTime es una plataforma de citas en l\u00ednea dise\u00f1ada espec\u00edficamente para adultos mayores. Al igual que otros sitios, puede conocer chicas solteras en mi \u00e1rea f\u00e1cilmente, primero debe completar su perfil, incluido el tipo de persona que est\u00e1 buscando. Tambi\u00e9n puedes subir fotos y videos para ayudar a otros a conocerte mejor. Una vez que haya completado su perfil, puede comenzar a navegar a trav\u00e9s de los perfiles de cientos de miembros. Si ves a alguien que te gustar\u00eda conocer, puedes chatear con \u00e9l directamente a trav\u00e9s de mensajes de texto o videollamadas. Una vez que haya decidido si desea o no seguir adelante y hablar con alguien, deber\u00e1 pagar una tarifa mensual de alrededor de $ 30 por mes. Dicho esto, podr\u00e1 cancelar en cualquier momento y no se le cobrar\u00e1 nada si lo hace.<\/p>\n<h3>eHarmony<\/h3>\n<p>Eharmony es un sitio de citas en l\u00ednea que permite a los usuarios crear perfiles y conectarse con otros miembros en funci\u00f3n de intereses y preferencias compartidos. Los usuarios pueden buscar a trav\u00e9s de miles de coincidencias potenciales a trav\u00e9s de criterios de coincidencia avanzados, que incluyen edad, ubicaci\u00f3n, educaci\u00f3n, religi\u00f3n, ocupaci\u00f3n y altura. Una vez emparejados, los usuarios pueden comunicarse entre s\u00ed mediante mensajes de texto, chat instant\u00e1neo, llamadas de voz, chats de video y conexiones de redes sociales. eHarmony tambi\u00e9n ofrece a sus miembros acceso a eventos exclusivos, descuentos y promociones especiales.<\/p>\n<h2>\u00bfQu\u00e9 debo hacer a continuaci\u00f3n?<\/h2>\n<p>Los sitios de citas en l\u00ednea no desaparecer\u00e1n pronto, incluso puedes probar juegos para adultos como y conocer solteros de ideas afines que quieran conectarse. Si bien muchas personas pueden sentir que necesitan salir y comenzar a conocer gente cara a cara nuevamente, es importante recordar que las citas en l\u00ednea siguen siendo una forma efectiva de conocer gente.<\/p>\n<p>\u00a1Incluso durante Covid-19, las aplicaciones de citas fueron m\u00e1s populares que nunca! \u00a1Deber\u00edas considerar comenzar con ellos si a\u00fan no lo has hecho!<\/p>\n","protected":false},"excerpt":{"rendered":"<p>En el pasado, las personas ten\u00edan que ir a ciertos sitios web para conocer a otros. Sin embargo, hoy en d\u00eda, las aplicaciones m\u00f3viles para la conexi\u00f3n han facilitado que las personas se mantengan conectadas y se pongan al d\u00eda&#8230;<\/p>\n","protected":false},"author":1,"featured_media":0,"parent":0,"menu_order":0,"comment_status":"closed","ping_status":"closed","template":"","meta":[],"yoast_head":"<!-- This site is optimized with the Yoast SEO plugin v19.2 - https:\/\/yoast.com\/wordpress\/plugins\/seo\/ -->\n<title>Aplicaciones de citas locales: \u00bfcu\u00e1les son sus opciones? - No aceptar<\/title>\n<meta name=\"robots\" content=\"index, follow, max-snippet:-1, max-image-preview:large, max-video-preview:-1\" \/>\n<link rel=\"canonical\" href=\"http:\/\/dontacceptrape.com\/es\/\" \/>\n<meta property=\"og:locale\" content=\"es_ES\" \/>\n<meta property=\"og:type\" content=\"article\" \/>\n<meta property=\"og:title\" content=\"Aplicaciones de citas locales: \u00bfcu\u00e1les son sus opciones? - No aceptar\" \/>\n<meta property=\"og:description\" content=\"En el pasado, las personas ten\u00edan que ir a ciertos sitios web para conocer a otros. Sin embargo, hoy en d\u00eda, las aplicaciones m\u00f3viles para la conexi\u00f3n han facilitado que las personas se mantengan conectadas y se pongan al d\u00eda...\" \/>\n<meta property=\"og:url\" content=\"http:\/\/dontacceptrape.com\/es\/\" \/>\n<meta property=\"og:site_name\" content=\"No aceptar\" \/>\n<meta property=\"article:modified_time\" content=\"2022-07-12T12:53:58+00:00\" \/>\n<meta property=\"og:image\" content=\"http:\/\/dontacceptrape.com\/wp-content\/uploads\/2022\/07\/free-dating-websites-1024x683.jpeg\" \/>\n<meta name=\"author\" content=\"Don&#039;t Accept Rape\" \/>\n<meta name=\"twitter:card\" content=\"summary_large_image\" \/>\n<meta name=\"twitter:label1\" content=\"Tiempo de lectura\" \/>\n\t<meta name=\"twitter:data1\" content=\"5 minutos\" \/>\n<script type=\"application\/ld+json\" class=\"yoast-schema-graph\">{\"@context\":\"https:\/\/schema.org\",\"@graph\":[{\"@type\":\"WebSite\",\"@id\":\"http:\/\/dontacceptrape.com\/es\/#website\",\"url\":\"http:\/\/dontacceptrape.com\/es\/\",\"name\":\"No aceptar\",\"description\":\"Chat de conexi\u00f3n real\",\"potentialAction\":[{\"@type\":\"SearchAction\",\"target\":{\"@type\":\"EntryPoint\",\"urlTemplate\":\"http:\/\/dontacceptrape.com\/es\/?s={search_term_string}\"},\"query-input\":\"required name=search_term_string\"}],\"inLanguage\":\"es\"},{\"@type\":\"ImageObject\",\"inLanguage\":\"es\",\"@id\":\"http:\/\/dontacceptrape.com\/es\/#primaryimage\",\"url\":\"http:\/\/dontacceptrape.com\/wp-content\/uploads\/2022\/07\/free-dating-websites.jpeg\",\"contentUrl\":\"http:\/\/dontacceptrape.com\/wp-content\/uploads\/2022\/07\/free-dating-websites.jpeg\",\"width\":1125,\"height\":750},{\"@type\":\"WebPage\",\"@id\":\"http:\/\/dontacceptrape.com\/es\/#webpage\",\"url\":\"http:\/\/dontacceptrape.com\/es\/\",\"name\":\"Aplicaciones de citas locales: \u00bfcu\u00e1les son sus opciones? - No aceptar\",\"isPartOf\":{\"@id\":\"http:\/\/dontacceptrape.com\/es\/#website\"},\"primaryImageOfPage\":{\"@id\":\"http:\/\/dontacceptrape.com\/es\/#primaryimage\"},\"datePublished\":\"2022-07-04T10:22:57+00:00\",\"dateModified\":\"2022-07-12T12:53:58+00:00\",\"breadcrumb\":{\"@id\":\"http:\/\/dontacceptrape.com\/es\/#breadcrumb\"},\"inLanguage\":\"es\",\"potentialAction\":[{\"@type\":\"ReadAction\",\"target\":[\"http:\/\/dontacceptrape.com\/es\/\"]}]},{\"@type\":\"BreadcrumbList\",\"@id\":\"http:\/\/dontacceptrape.com\/es\/#breadcrumb\",\"itemListElement\":[{\"@type\":\"ListItem\",\"position\":1,\"name\":\"Hogar\",\"item\":\"http:\/\/dontacceptrape.com\/es\/\"},{\"@type\":\"ListItem\",\"position\":2,\"name\":\"Aplicaciones de citas locales: \u00bfcu\u00e1les son sus opciones?\"}]}]}<\/script>\n<!-- \/ Yoast SEO plugin. -->","yoast_head_json":{"title":"Aplicaciones de citas locales: \u00bfcu\u00e1les son sus opciones? - No aceptar","robots":{"index":"index","follow":"follow","max-snippet":"max-snippet:-1","max-image-preview":"max-image-preview:large","max-video-preview":"max-video-preview:-1"},"canonical":"http:\/\/dontacceptrape.com\/es\/","og_locale":"es_ES","og_type":"article","og_title":"Aplicaciones de citas locales: \u00bfcu\u00e1les son sus opciones? - No aceptar","og_description":"En el pasado, las personas ten\u00edan que ir a ciertos sitios web para conocer a otros. Sin embargo, hoy en d\u00eda, las aplicaciones m\u00f3viles para la conexi\u00f3n han facilitado que las personas se mantengan conectadas y se pongan al d\u00eda...","og_url":"http:\/\/dontacceptrape.com\/es\/","og_site_name":"No aceptar","article_modified_time":"2022-07-12T12:53:58+00:00","og_image":[{"url":"http:\/\/dontacceptrape.com\/wp-content\/uploads\/2022\/07\/free-dating-websites-1024x683.jpeg"}],"author":"Don't Accept Rape","twitter_card":"summary_large_image","twitter_misc":{"Tiempo de lectura":"5 minutos"},"schema":{"@context":"https:\/\/schema.org","@graph":[{"@type":"WebSite","@id":"http:\/\/dontacceptrape.com\/es\/#website","url":"http:\/\/dontacceptrape.com\/es\/","name":"No aceptar","description":"Chat de conexi\u00f3n real","potentialAction":[{"@type":"SearchAction","target":{"@type":"EntryPoint","urlTemplate":"http:\/\/dontacceptrape.com\/es\/?s={search_term_string}"},"query-input":"required name=search_term_string"}],"inLanguage":"es"},{"@type":"ImageObject","inLanguage":"es","@id":"http:\/\/dontacceptrape.com\/es\/#primaryimage","url":"http:\/\/dontacceptrape.com\/wp-content\/uploads\/2022\/07\/free-dating-websites.jpeg","contentUrl":"http:\/\/dontacceptrape.com\/wp-content\/uploads\/2022\/07\/free-dating-websites.jpeg","width":1125,"height":750},{"@type":"WebPage","@id":"http:\/\/dontacceptrape.com\/es\/#webpage","url":"http:\/\/dontacceptrape.com\/es\/","name":"Aplicaciones de citas locales: \u00bfcu\u00e1les son sus opciones? - No aceptar","isPartOf":{"@id":"http:\/\/dontacceptrape.com\/es\/#website"},"primaryImageOfPage":{"@id":"http:\/\/dontacceptrape.com\/es\/#primaryimage"},"datePublished":"2022-07-04T10:22:57+00:00","dateModified":"2022-07-12T12:53:58+00:00","breadcrumb":{"@id":"http:\/\/dontacceptrape.com\/es\/#breadcrumb"},"inLanguage":"es","potentialAction":[{"@type":"ReadAction","target":["http:\/\/dontacceptrape.com\/es\/"]}]},{"@type":"BreadcrumbList","@id":"http:\/\/dontacceptrape.com\/es\/#breadcrumb","itemListElement":[{"@type":"ListItem","position":1,"name":"Hogar","item":"http:\/\/dontacceptrape.com\/es\/"},{"@type":"ListItem","position":2,"name":"Aplicaciones de citas locales: \u00bfcu\u00e1les son sus opciones?"}]}]}},"_links":{"self":[{"href":"http:\/\/dontacceptrape.com\/es\/wp-json\/wp\/v2\/pages\/218"}],"collection":[{"href":"http:\/\/dontacceptrape.com\/es\/wp-json\/wp\/v2\/pages"}],"about":[{"href":"http:\/\/dontacceptrape.com\/es\/wp-json\/wp\/v2\/types\/page"}],"author":[{"embeddable":true,"href":"http:\/\/dontacceptrape.com\/es\/wp-json\/wp\/v2\/users\/1"}],"replies":[{"embeddable":true,"href":"http:\/\/dontacceptrape.com\/es\/wp-json\/wp\/v2\/comments?post=218"}],"version-history":[{"count":4,"href":"http:\/\/dontacceptrape.com\/es\/wp-json\/wp\/v2\/pages\/218\/revisions"}],"predecessor-version":[{"id":256,"href":"http:\/\/dontacceptrape.com\/es\/wp-json\/wp\/v2\/pages\/218\/revisions\/256"}],"wp:attachment":[{"href":"http:\/\/dontacceptrape.com\/es\/wp-json\/wp\/v2\/media?parent=218"}],"curies":[{"name":"wp","href":"https:\/\/api.w.org\/{rel}","templated":true}]}}