{"id":209,"date":"2022-07-04T11:30:26","date_gmt":"2022-07-04T10:30:26","guid":{"rendered":"http:\/\/dontacceptrape.com\/sitios-web-de-sexting-gratuitos-para-solteros\/"},"modified":"2022-07-07T15:43:29","modified_gmt":"2022-07-07T14:43:29","slug":"sitios-web-de-sexting-gratuitos-para-solteros","status":"publish","type":"page","link":"http:\/\/dontacceptrape.com\/es\/sitios-web-de-sexting-gratuitos-para-solteros\/","title":{"rendered":"Sitios web de sexting gratuitos para solteros"},"content":{"rendered":"<p>Los mejores sitios de sexo gratuitos est\u00e1n aqu\u00ed para proporcionar un poco de alivio cuando buscas ser travieso con alguien en l\u00ednea que quiere seguir adelante con tu cuerpo. Estos sitios y aplicaciones le permitir\u00e1n tener algunos chats sexys y sext con otras personas que buscan algo de diversi\u00f3n con usted. \u00a1Nuestra lista de los 4 mejores tiene todo para ayudarte a volverte loco con las palabras!<\/p>\n<h2>Buscador de amigos adultos<\/h2>\n<p>AFF fue dise\u00f1ado para ser un lugar divertido para conocer a adultos de ideas afines <a href=\"https:\/\/dontacceptrape.com\/es\/clubes-locales-de-citas-para-adultos\/\">que buscan amor<\/a>. Tambi\u00e9n puede chatear con otros usuarios sobre cualquier cosa bajo el sol, incluida la pol\u00edtica, la religi\u00f3n, el sexo, los deportes o simplemente temas generales de la vida. Si est\u00e1 interesado en conocer a alguien especial, puede hacer arreglos para salir a tomar un caf\u00e9 o tomar una copa.<\/p>\n<h2>Jerkmate<\/h2>\n<p>Jerkmate es un sitio de c\u00e1mara web para adultos que le permite ver videos er\u00f3ticos con ni\u00f1as y ni\u00f1os aficionados reales. Tambi\u00e9n puede interactuar con ellos a trav\u00e9s de mensajes de texto, llamadas de audio y chat de video. Si quieres ver cuerpos desnudos, \u00a1entonces este es el lugar al que buscas ir! a Hay sitio web son que miles de conexiones de hombres <a href=\"http:\/\/www.solteros-locales.com\/paginas-de-citas-casuales\/\">citas casuales<\/a> sexys ricos modelos que buscan de todas las chicas j\u00f3venes alrededor del mundo, alquiler y ellos all\u00ed fuera es para algo sexo. porque es todo el mundo. a Ya sea que prefieras la elecci\u00f3n en solitario entre los espect\u00e1culos que quieren acci\u00f3n, para que vayas m\u00e1s all\u00e1 de encontrarlo casual todas las aventuras. justo si aqu\u00ed. est\u00e1s Chateando no es muy simple y r\u00e1pido. cosa, se puede elegir mucho para ver otros perfiles, opciones de env\u00edo disponibles. Los mensajes, algunos y los sitios que hacen son preguntas gratuitas, mientras que cualquier cosa relacionada con otros requieren registrar las tarifas.<\/p>\n<h2>Ashley Madison<\/h2>\n<p>Ashley Madison (AM) es una de las mejores aplicaciones de <a href=\"http:\/\/www.citas-con-mujeres.com\/chats-de-sexo\/\">sexochat<\/a> gratuitas disponibles en l\u00ednea hoy en d\u00eda. Si est\u00e1 buscando una aventura discreta con una mujer u hombre casado, AM es probablemente el lugar para usted. Como una aplicaci\u00f3n dise\u00f1ada espec\u00edficamente para c\u00f3nyuges infieles, ofrece muchos beneficios sobre sus competidores. A diferencia de otras aplicaciones de citas, AM no requiere que los usuarios compartan informaci\u00f3n personal, por lo que es una de las opciones m\u00e1s seguras que existen. Puede coquetear con otros usuarios sin compartir su identidad y ubicaci\u00f3n reales, al tiempo que puede conectarse con otros a trav\u00e9s de la c\u00e1mara web. Incluso hay una secci\u00f3n en el sitio web dedicada a ayudarlo a hacer trampa de manera segura.<\/p>\n<h2>Buscando<\/h2>\n<p>Seeking es un sitio web de citas que permite a los usuarios conectarse con otras personas que buscan relaciones discretas. Puede elegir si desea crear una cuenta de forma gratuita o si prefiere pagar con criptomonedas para acceder a funciones premium. Si te tomas en serio encontrar el amor en l\u00ednea, entonces buscar podr\u00eda ser justo lo que necesitas.<\/p>\n<h2>\u00bfDeber\u00edas comenzar con el sexting?<\/h2>\n<p>Nunca tendr\u00e1s que preocuparte de que tu pareja descubra lo que <a href=\"http:\/\/www.sites-de-sexo.com\/sites-para-encontros-sexuais\/\">sites de transar<\/a> est\u00e1s haciendo a puerta cerrada. Tu pareja estar\u00e1 completamente segura porque se desnudar\u00e1 para ti en tiempo real, \u00a1justo ante tus ojos! Tambi\u00e9n podr\u00e1s ver todo lo que tu pareja hace con su cuerpo, incluyendo jugar con sus senos, digitarse, masturbarse e incluso cumming.<\/p>\n","protected":false},"excerpt":{"rendered":"<p>Los mejores sitios de sexo gratuitos est\u00e1n aqu\u00ed para proporcionar un poco de alivio cuando buscas ser travieso con alguien en l\u00ednea que quiere seguir adelante con tu cuerpo. Estos sitios y aplicaciones le permitir\u00e1n tener algunos chats sexys y&#8230;<\/p>\n","protected":false},"author":1,"featured_media":94,"parent":0,"menu_order":0,"comment_status":"closed","ping_status":"closed","template":"","meta":[],"yoast_head":"<!-- This site is optimized with the Yoast SEO plugin v19.2 - https:\/\/yoast.com\/wordpress\/plugins\/seo\/ -->\n<title>Sitios web de sexting gratuitos para solteros - No aceptar<\/title>\n<meta name=\"robots\" content=\"index, follow, max-snippet:-1, max-image-preview:large, max-video-preview:-1\" \/>\n<link rel=\"canonical\" href=\"http:\/\/dontacceptrape.com\/es\/sitios-web-de-sexting-gratuitos-para-solteros\/\" \/>\n<meta property=\"og:locale\" content=\"es_ES\" \/>\n<meta property=\"og:type\" content=\"article\" \/>\n<meta property=\"og:title\" content=\"Sitios web de sexting gratuitos para solteros - No aceptar\" \/>\n<meta property=\"og:description\" content=\"Los mejores sitios de sexo gratuitos est\u00e1n aqu\u00ed para proporcionar un poco de alivio cuando buscas ser travieso con alguien en l\u00ednea que quiere seguir adelante con tu cuerpo. Estos sitios y aplicaciones le permitir\u00e1n tener algunos chats sexys y...\" \/>\n<meta property=\"og:url\" content=\"http:\/\/dontacceptrape.com\/es\/sitios-web-de-sexting-gratuitos-para-solteros\/\" \/>\n<meta property=\"og:site_name\" content=\"No aceptar\" \/>\n<meta property=\"article:modified_time\" content=\"2022-07-07T14:43:29+00:00\" \/>\n<meta property=\"og:image\" content=\"http:\/\/dontacceptrape.com\/wp-content\/uploads\/2022\/07\/local-dating.jpeg\" \/>\n\t<meta property=\"og:image:width\" content=\"500\" \/>\n\t<meta property=\"og:image:height\" content=\"750\" \/>\n\t<meta property=\"og:image:type\" content=\"image\/jpeg\" \/>\n<meta name=\"author\" content=\"Don&#039;t Accept Rape\" \/>\n<meta name=\"twitter:card\" content=\"summary_large_image\" \/>\n<meta name=\"twitter:label1\" content=\"Tiempo de lectura\" \/>\n\t<meta name=\"twitter:data1\" content=\"3 minutos\" \/>\n<script type=\"application\/ld+json\" class=\"yoast-schema-graph\">{\"@context\":\"https:\/\/schema.org\",\"@graph\":[{\"@type\":\"WebSite\",\"@id\":\"https:\/\/dontacceptrape.com\/nl\/#website\",\"url\":\"https:\/\/dontacceptrape.com\/nl\/\",\"name\":\"No aceptar\",\"description\":\"Chat de conexi\u00f3n real\",\"potentialAction\":[{\"@type\":\"SearchAction\",\"target\":{\"@type\":\"EntryPoint\",\"urlTemplate\":\"https:\/\/dontacceptrape.com\/nl\/?s={search_term_string}\"},\"query-input\":\"required name=search_term_string\"}],\"inLanguage\":\"es\"},{\"@type\":\"ImageObject\",\"inLanguage\":\"es\",\"@id\":\"http:\/\/dontacceptrape.com\/es\/sitios-web-de-sexting-gratuitos-para-solteros\/#primaryimage\",\"url\":\"http:\/\/dontacceptrape.com\/wp-content\/uploads\/2022\/07\/local-dating.jpeg\",\"contentUrl\":\"http:\/\/dontacceptrape.com\/wp-content\/uploads\/2022\/07\/local-dating.jpeg\",\"width\":500,\"height\":750},{\"@type\":\"WebPage\",\"@id\":\"http:\/\/dontacceptrape.com\/es\/sitios-web-de-sexting-gratuitos-para-solteros\/#webpage\",\"url\":\"http:\/\/dontacceptrape.com\/es\/sitios-web-de-sexting-gratuitos-para-solteros\/\",\"name\":\"Sitios web de sexting gratuitos para solteros - No aceptar\",\"isPartOf\":{\"@id\":\"https:\/\/dontacceptrape.com\/nl\/#website\"},\"primaryImageOfPage\":{\"@id\":\"http:\/\/dontacceptrape.com\/es\/sitios-web-de-sexting-gratuitos-para-solteros\/#primaryimage\"},\"datePublished\":\"2022-07-04T10:30:26+00:00\",\"dateModified\":\"2022-07-07T14:43:29+00:00\",\"breadcrumb\":{\"@id\":\"http:\/\/dontacceptrape.com\/es\/sitios-web-de-sexting-gratuitos-para-solteros\/#breadcrumb\"},\"inLanguage\":\"es\",\"potentialAction\":[{\"@type\":\"ReadAction\",\"target\":[\"http:\/\/dontacceptrape.com\/es\/sitios-web-de-sexting-gratuitos-para-solteros\/\"]}]},{\"@type\":\"BreadcrumbList\",\"@id\":\"http:\/\/dontacceptrape.com\/es\/sitios-web-de-sexting-gratuitos-para-solteros\/#breadcrumb\",\"itemListElement\":[{\"@type\":\"ListItem\",\"position\":1,\"name\":\"Hogar\",\"item\":\"https:\/\/dontacceptrape.com\/es\/\"},{\"@type\":\"ListItem\",\"position\":2,\"name\":\"Sitios web de sexting gratuitos para solteros\"}]}]}<\/script>\n<!-- \/ Yoast SEO plugin. -->","yoast_head_json":{"title":"Sitios web de sexting gratuitos para solteros - No aceptar","robots":{"index":"index","follow":"follow","max-snippet":"max-snippet:-1","max-image-preview":"max-image-preview:large","max-video-preview":"max-video-preview:-1"},"canonical":"http:\/\/dontacceptrape.com\/es\/sitios-web-de-sexting-gratuitos-para-solteros\/","og_locale":"es_ES","og_type":"article","og_title":"Sitios web de sexting gratuitos para solteros - No aceptar","og_description":"Los mejores sitios de sexo gratuitos est\u00e1n aqu\u00ed para proporcionar un poco de alivio cuando buscas ser travieso con alguien en l\u00ednea que quiere seguir adelante con tu cuerpo. Estos sitios y aplicaciones le permitir\u00e1n tener algunos chats sexys y...","og_url":"http:\/\/dontacceptrape.com\/es\/sitios-web-de-sexting-gratuitos-para-solteros\/","og_site_name":"No aceptar","article_modified_time":"2022-07-07T14:43:29+00:00","og_image":[{"width":500,"height":750,"url":"http:\/\/dontacceptrape.com\/wp-content\/uploads\/2022\/07\/local-dating.jpeg","type":"image\/jpeg"}],"author":"Don't Accept Rape","twitter_card":"summary_large_image","twitter_misc":{"Tiempo de lectura":"3 minutos"},"schema":{"@context":"https:\/\/schema.org","@graph":[{"@type":"WebSite","@id":"https:\/\/dontacceptrape.com\/nl\/#website","url":"https:\/\/dontacceptrape.com\/nl\/","name":"No aceptar","description":"Chat de conexi\u00f3n real","potentialAction":[{"@type":"SearchAction","target":{"@type":"EntryPoint","urlTemplate":"https:\/\/dontacceptrape.com\/nl\/?s={search_term_string}"},"query-input":"required name=search_term_string"}],"inLanguage":"es"},{"@type":"ImageObject","inLanguage":"es","@id":"http:\/\/dontacceptrape.com\/es\/sitios-web-de-sexting-gratuitos-para-solteros\/#primaryimage","url":"http:\/\/dontacceptrape.com\/wp-content\/uploads\/2022\/07\/local-dating.jpeg","contentUrl":"http:\/\/dontacceptrape.com\/wp-content\/uploads\/2022\/07\/local-dating.jpeg","width":500,"height":750},{"@type":"WebPage","@id":"http:\/\/dontacceptrape.com\/es\/sitios-web-de-sexting-gratuitos-para-solteros\/#webpage","url":"http:\/\/dontacceptrape.com\/es\/sitios-web-de-sexting-gratuitos-para-solteros\/","name":"Sitios web de sexting gratuitos para solteros - No aceptar","isPartOf":{"@id":"https:\/\/dontacceptrape.com\/nl\/#website"},"primaryImageOfPage":{"@id":"http:\/\/dontacceptrape.com\/es\/sitios-web-de-sexting-gratuitos-para-solteros\/#primaryimage"},"datePublished":"2022-07-04T10:30:26+00:00","dateModified":"2022-07-07T14:43:29+00:00","breadcrumb":{"@id":"http:\/\/dontacceptrape.com\/es\/sitios-web-de-sexting-gratuitos-para-solteros\/#breadcrumb"},"inLanguage":"es","potentialAction":[{"@type":"ReadAction","target":["http:\/\/dontacceptrape.com\/es\/sitios-web-de-sexting-gratuitos-para-solteros\/"]}]},{"@type":"BreadcrumbList","@id":"http:\/\/dontacceptrape.com\/es\/sitios-web-de-sexting-gratuitos-para-solteros\/#breadcrumb","itemListElement":[{"@type":"ListItem","position":1,"name":"Hogar","item":"https:\/\/dontacceptrape.com\/es\/"},{"@type":"ListItem","position":2,"name":"Sitios web de sexting gratuitos para solteros"}]}]}},"_links":{"self":[{"href":"http:\/\/dontacceptrape.com\/es\/wp-json\/wp\/v2\/pages\/209"}],"collection":[{"href":"http:\/\/dontacceptrape.com\/es\/wp-json\/wp\/v2\/pages"}],"about":[{"href":"http:\/\/dontacceptrape.com\/es\/wp-json\/wp\/v2\/types\/page"}],"author":[{"embeddable":true,"href":"http:\/\/dontacceptrape.com\/es\/wp-json\/wp\/v2\/users\/1"}],"replies":[{"embeddable":true,"href":"http:\/\/dontacceptrape.com\/es\/wp-json\/wp\/v2\/comments?post=209"}],"version-history":[{"count":1,"href":"http:\/\/dontacceptrape.com\/es\/wp-json\/wp\/v2\/pages\/209\/revisions"}],"predecessor-version":[{"id":239,"href":"http:\/\/dontacceptrape.com\/es\/wp-json\/wp\/v2\/pages\/209\/revisions\/239"}],"wp:featuredmedia":[{"embeddable":true,"href":"http:\/\/dontacceptrape.com\/es\/wp-json\/wp\/v2\/media\/94"}],"wp:attachment":[{"href":"http:\/\/dontacceptrape.com\/es\/wp-json\/wp\/v2\/media?parent=209"}],"curies":[{"name":"wp","href":"https:\/\/api.w.org\/{rel}","templated":true}]}}