{"id":192,"date":"2022-07-04T11:35:30","date_gmt":"2022-07-04T10:35:30","guid":{"rendered":"http:\/\/dontacceptrape.com\/clubes-locales-de-citas-para-adultos\/"},"modified":"2022-09-08T17:21:44","modified_gmt":"2022-09-08T16:21:44","slug":"clubes-locales-de-citas-para-adultos","status":"publish","type":"page","link":"http:\/\/dontacceptrape.com\/es\/clubes-locales-de-citas-para-adultos\/","title":{"rendered":"Clubes locales de citas para adultos"},"content":{"rendered":"<p>Las conexiones son excelentes porque son r\u00e1pidas, convenientes y an\u00f3nimas. Pero hay un inconveniente: no son muy seguros. Las conexiones generalmente se realizan a trav\u00e9s de sitios web de citas en l\u00ednea, donde los usuarios se conocen entre s\u00ed en funci\u00f3n de intereses mutuos. Pero estos sitios web no est\u00e1n regulados por ninguna agencia gubernamental, por lo que pueden usarse para organizar encuentros sexuales entre extra\u00f1os. Y dado que la mayor\u00eda de las conexiones ocurren fuera del mundo f\u00edsico, a menudo involucran actividades ilegales como la prostituci\u00f3n y la trata de personas.<\/p>\n<p>Si est\u00e1 buscando una forma m\u00e1s segura de encontrar parejas sexuales casuales <a href=\"https:\/\/www.meet-n-fuck.org\/es\/dating\/jerkmate\/\">Jerkmate anuncios<\/a>, considere unirse a un club local de adultos. Los clubes para adultos son lugares sociales donde los miembros pueden conocer a otras personas que comparten intereses similares. Los clubes para adultos suelen estar dirigidos por organizaciones privadas, por lo que no est\u00e1n sujetos a las mismas regulaciones que los sitios web de citas en l\u00ednea. Adem\u00e1s, ofrecen un ambiente m\u00e1s \u00edntimo que los parques p\u00fablicos o bares, lo que los convierte en un mejor lugar para conocer gente.<\/p>\n<h2>Por qu\u00e9 las citas en l\u00ednea podr\u00edan ser el camino a seguir<\/h2>\n<p>Si bien los clubes para adultos pueden parecer una opci\u00f3n m\u00e1s segura que las citas en l\u00ednea, todav\u00eda conllevan riesgos. Los miembros deben tener 18 a\u00f1os o m\u00e1s, y deben usar condones durante la actividad sexual. Entonces, si le preocupa la seguridad, pruebe un club para adultos en lugar de citas en l\u00ednea. Las citas casuales son un tipo de relaci\u00f3n en la que dos personas que no est\u00e1n involucradas rom\u00e1nticamente deciden salir casualmente.<\/p>\n<p>Esto es diferente a una relaci\u00f3n rom\u00e1ntica tradicional porque no hay ning\u00fan compromiso, solo una aventura casual. Las citas casuales pueden ser muy agradables, pero no est\u00e1n destinadas a durar para siempre. Hay muchos tipos de relaciones casuales, incluyendo amigos con beneficios, amigos con beneficios, amigos en com\u00fan, amigos con beneficios <a href=\"https:\/\/www.fuck-app.net\/es\/las-mejores-maquinas-sexuales\/\">maquinas sexuales<\/a> y amigos con beneficios.<\/p>\n<p>Si est\u00e1 interesado en las citas casuales, debe aprender sobre los diferentes tipos de relaciones casuales. Entonces puede averiguar cu\u00e1l funcionar\u00eda mejor para usted. Dicho esto, las conexiones siguen siendo una forma conveniente de encontrar parejas sexuales casuales. Entonces, si est\u00e1 buscando una forma discreta de conocer gente, vale la pena echarle un vistazo a las conexiones.<\/p>\n<h2>Re\u00fanase para una conexi\u00f3n<\/h2>\n<p>Si decide <a href=\"http:\/\/dontacceptrape.com\/es\/personales-sexuales-gratis\/\">probar las conexiones<\/a>, aqu\u00ed hay algunos consejos para ayudarlo a evitar ser estafado o lastimado.<\/p>\n<p>Cuando te unes a este tipo de sitios, encontrar\u00e1s a otros que son como t\u00fa, personas que buscan citas casuales.<\/p>\n<p>Una vez que haya encontrado un grupo de personas que compartan su inter\u00e9s en las citas casuales, puede usarlas como referencias <a href=\"https:\/\/wank.io\/es\/juegos-porno-gratis-no-te-registras\/\">juegos porno sin registro<\/a> cuando salga en citas. Pueden decirte lo que funciona y lo que no funciona en las citas casuales, y pueden ayudarte a evitar errores comunes.<\/p>\n<p>Una de las cosas m\u00e1s importantes que debe recordar al ir a citas casuales es mantener las cosas alegres. No te tomes demasiado en serio. S\u00e9 t\u00fa mismo y deja que tu personalidad brille.<\/p>\n<p>Recuerda, las citas casuales no son serias. Est\u00e1 destinado a ser divertido, no estresante. \u00a1As\u00ed que rel\u00e1jate y divi\u00e9rtete!<\/p>\n","protected":false},"excerpt":{"rendered":"<p>Las conexiones son excelentes porque son r\u00e1pidas, convenientes y an\u00f3nimas. Pero hay un inconveniente: no son muy seguros. Las conexiones generalmente se realizan a trav\u00e9s de sitios web de citas en l\u00ednea, donde los usuarios se conocen entre s\u00ed en&#8230;<\/p>\n","protected":false},"author":1,"featured_media":104,"parent":0,"menu_order":0,"comment_status":"closed","ping_status":"closed","template":"","meta":[],"yoast_head":"<!-- This site is optimized with the Yoast SEO plugin v19.2 - https:\/\/yoast.com\/wordpress\/plugins\/seo\/ -->\n<title>Clubes locales de citas para adultos - No aceptar<\/title>\n<meta name=\"robots\" content=\"index, follow, max-snippet:-1, max-image-preview:large, max-video-preview:-1\" \/>\n<link rel=\"canonical\" href=\"http:\/\/dontacceptrape.com\/es\/clubes-locales-de-citas-para-adultos\/\" \/>\n<meta property=\"og:locale\" content=\"es_ES\" \/>\n<meta property=\"og:type\" content=\"article\" \/>\n<meta property=\"og:title\" content=\"Clubes locales de citas para adultos - No aceptar\" \/>\n<meta property=\"og:description\" content=\"Las conexiones son excelentes porque son r\u00e1pidas, convenientes y an\u00f3nimas. Pero hay un inconveniente: no son muy seguros. Las conexiones generalmente se realizan a trav\u00e9s de sitios web de citas en l\u00ednea, donde los usuarios se conocen entre s\u00ed en...\" \/>\n<meta property=\"og:url\" content=\"http:\/\/dontacceptrape.com\/es\/clubes-locales-de-citas-para-adultos\/\" \/>\n<meta property=\"og:site_name\" content=\"No aceptar\" \/>\n<meta property=\"article:modified_time\" content=\"2022-09-08T16:21:44+00:00\" \/>\n<meta property=\"og:image\" content=\"https:\/\/dontacceptrape.com\/wp-content\/uploads\/2022\/07\/online-date.jpeg\" \/>\n\t<meta property=\"og:image:width\" content=\"1260\" \/>\n\t<meta property=\"og:image:height\" content=\"709\" \/>\n\t<meta property=\"og:image:type\" content=\"image\/jpeg\" \/>\n<meta name=\"author\" content=\"Don&#039;t Accept Rape\" \/>\n<meta name=\"twitter:card\" content=\"summary_large_image\" \/>\n<meta name=\"twitter:label1\" content=\"Tiempo de lectura\" \/>\n\t<meta name=\"twitter:data1\" content=\"3 minutos\" \/>\n<script type=\"application\/ld+json\" class=\"yoast-schema-graph\">{\"@context\":\"https:\/\/schema.org\",\"@graph\":[{\"@type\":\"WebSite\",\"@id\":\"http:\/\/dontacceptrape.com\/es\/#website\",\"url\":\"http:\/\/dontacceptrape.com\/es\/\",\"name\":\"No aceptar\",\"description\":\"Chat de conexi\u00f3n real\",\"potentialAction\":[{\"@type\":\"SearchAction\",\"target\":{\"@type\":\"EntryPoint\",\"urlTemplate\":\"http:\/\/dontacceptrape.com\/es\/?s={search_term_string}\"},\"query-input\":\"required name=search_term_string\"}],\"inLanguage\":\"es\"},{\"@type\":\"ImageObject\",\"inLanguage\":\"es\",\"@id\":\"http:\/\/dontacceptrape.com\/es\/clubes-locales-de-citas-para-adultos\/#primaryimage\",\"url\":\"http:\/\/dontacceptrape.com\/wp-content\/uploads\/2022\/07\/online-date.jpeg\",\"contentUrl\":\"http:\/\/dontacceptrape.com\/wp-content\/uploads\/2022\/07\/online-date.jpeg\",\"width\":1260,\"height\":709},{\"@type\":\"WebPage\",\"@id\":\"http:\/\/dontacceptrape.com\/es\/clubes-locales-de-citas-para-adultos\/#webpage\",\"url\":\"http:\/\/dontacceptrape.com\/es\/clubes-locales-de-citas-para-adultos\/\",\"name\":\"Clubes locales de citas para adultos - No aceptar\",\"isPartOf\":{\"@id\":\"http:\/\/dontacceptrape.com\/es\/#website\"},\"primaryImageOfPage\":{\"@id\":\"http:\/\/dontacceptrape.com\/es\/clubes-locales-de-citas-para-adultos\/#primaryimage\"},\"datePublished\":\"2022-07-04T10:35:30+00:00\",\"dateModified\":\"2022-09-08T16:21:44+00:00\",\"breadcrumb\":{\"@id\":\"http:\/\/dontacceptrape.com\/es\/clubes-locales-de-citas-para-adultos\/#breadcrumb\"},\"inLanguage\":\"es\",\"potentialAction\":[{\"@type\":\"ReadAction\",\"target\":[\"http:\/\/dontacceptrape.com\/es\/clubes-locales-de-citas-para-adultos\/\"]}]},{\"@type\":\"BreadcrumbList\",\"@id\":\"http:\/\/dontacceptrape.com\/es\/clubes-locales-de-citas-para-adultos\/#breadcrumb\",\"itemListElement\":[{\"@type\":\"ListItem\",\"position\":1,\"name\":\"Hogar\",\"item\":\"http:\/\/dontacceptrape.com\/es\/\"},{\"@type\":\"ListItem\",\"position\":2,\"name\":\"Clubes locales de citas para adultos\"}]}]}<\/script>\n<!-- \/ Yoast SEO plugin. -->","yoast_head_json":{"title":"Clubes locales de citas para adultos - No aceptar","robots":{"index":"index","follow":"follow","max-snippet":"max-snippet:-1","max-image-preview":"max-image-preview:large","max-video-preview":"max-video-preview:-1"},"canonical":"http:\/\/dontacceptrape.com\/es\/clubes-locales-de-citas-para-adultos\/","og_locale":"es_ES","og_type":"article","og_title":"Clubes locales de citas para adultos - No aceptar","og_description":"Las conexiones son excelentes porque son r\u00e1pidas, convenientes y an\u00f3nimas. Pero hay un inconveniente: no son muy seguros. Las conexiones generalmente se realizan a trav\u00e9s de sitios web de citas en l\u00ednea, donde los usuarios se conocen entre s\u00ed en...","og_url":"http:\/\/dontacceptrape.com\/es\/clubes-locales-de-citas-para-adultos\/","og_site_name":"No aceptar","article_modified_time":"2022-09-08T16:21:44+00:00","og_image":[{"width":1260,"height":709,"url":"https:\/\/dontacceptrape.com\/wp-content\/uploads\/2022\/07\/online-date.jpeg","type":"image\/jpeg"}],"author":"Don't Accept Rape","twitter_card":"summary_large_image","twitter_misc":{"Tiempo de lectura":"3 minutos"},"schema":{"@context":"https:\/\/schema.org","@graph":[{"@type":"WebSite","@id":"http:\/\/dontacceptrape.com\/es\/#website","url":"http:\/\/dontacceptrape.com\/es\/","name":"No aceptar","description":"Chat de conexi\u00f3n real","potentialAction":[{"@type":"SearchAction","target":{"@type":"EntryPoint","urlTemplate":"http:\/\/dontacceptrape.com\/es\/?s={search_term_string}"},"query-input":"required name=search_term_string"}],"inLanguage":"es"},{"@type":"ImageObject","inLanguage":"es","@id":"http:\/\/dontacceptrape.com\/es\/clubes-locales-de-citas-para-adultos\/#primaryimage","url":"http:\/\/dontacceptrape.com\/wp-content\/uploads\/2022\/07\/online-date.jpeg","contentUrl":"http:\/\/dontacceptrape.com\/wp-content\/uploads\/2022\/07\/online-date.jpeg","width":1260,"height":709},{"@type":"WebPage","@id":"http:\/\/dontacceptrape.com\/es\/clubes-locales-de-citas-para-adultos\/#webpage","url":"http:\/\/dontacceptrape.com\/es\/clubes-locales-de-citas-para-adultos\/","name":"Clubes locales de citas para adultos - No aceptar","isPartOf":{"@id":"http:\/\/dontacceptrape.com\/es\/#website"},"primaryImageOfPage":{"@id":"http:\/\/dontacceptrape.com\/es\/clubes-locales-de-citas-para-adultos\/#primaryimage"},"datePublished":"2022-07-04T10:35:30+00:00","dateModified":"2022-09-08T16:21:44+00:00","breadcrumb":{"@id":"http:\/\/dontacceptrape.com\/es\/clubes-locales-de-citas-para-adultos\/#breadcrumb"},"inLanguage":"es","potentialAction":[{"@type":"ReadAction","target":["http:\/\/dontacceptrape.com\/es\/clubes-locales-de-citas-para-adultos\/"]}]},{"@type":"BreadcrumbList","@id":"http:\/\/dontacceptrape.com\/es\/clubes-locales-de-citas-para-adultos\/#breadcrumb","itemListElement":[{"@type":"ListItem","position":1,"name":"Hogar","item":"http:\/\/dontacceptrape.com\/es\/"},{"@type":"ListItem","position":2,"name":"Clubes locales de citas para adultos"}]}]}},"_links":{"self":[{"href":"http:\/\/dontacceptrape.com\/es\/wp-json\/wp\/v2\/pages\/192"}],"collection":[{"href":"http:\/\/dontacceptrape.com\/es\/wp-json\/wp\/v2\/pages"}],"about":[{"href":"http:\/\/dontacceptrape.com\/es\/wp-json\/wp\/v2\/types\/page"}],"author":[{"embeddable":true,"href":"http:\/\/dontacceptrape.com\/es\/wp-json\/wp\/v2\/users\/1"}],"replies":[{"embeddable":true,"href":"http:\/\/dontacceptrape.com\/es\/wp-json\/wp\/v2\/comments?post=192"}],"version-history":[{"count":1,"href":"http:\/\/dontacceptrape.com\/es\/wp-json\/wp\/v2\/pages\/192\/revisions"}],"predecessor-version":[{"id":283,"href":"http:\/\/dontacceptrape.com\/es\/wp-json\/wp\/v2\/pages\/192\/revisions\/283"}],"wp:featuredmedia":[{"embeddable":true,"href":"http:\/\/dontacceptrape.com\/es\/wp-json\/wp\/v2\/media\/104"}],"wp:attachment":[{"href":"http:\/\/dontacceptrape.com\/es\/wp-json\/wp\/v2\/media?parent=192"}],"curies":[{"name":"wp","href":"https:\/\/api.w.org\/{rel}","templated":true}]}}