{"id":183,"date":"2022-07-04T11:38:48","date_gmt":"2022-07-04T10:38:48","guid":{"rendered":"http:\/\/dontacceptrape.com\/personales-sexuales-gratis\/"},"modified":"2022-09-08T17:22:35","modified_gmt":"2022-09-08T16:22:35","slug":"personales-sexuales-gratis","status":"publish","type":"page","link":"http:\/\/dontacceptrape.com\/es\/personales-sexuales-gratis\/","title":{"rendered":"Personales sexuales gratis"},"content":{"rendered":"<p>Las conexiones son una excelente manera de conocer mujeres en l\u00ednea, pero no son para todos. Por lo tanto, si est\u00e1 buscando una relaci\u00f3n a largo plazo, es mejor que conozca a mujeres fuera de l\u00ednea.<\/p>\n<p>Pero si solo quieres probar algunas citas casuales, hay <a href=\"https:\/\/dontacceptrape.com\/es\/que-buscar-con-las-aplicaciones-de-conexion\/\">muchos sitios web<\/a> donde puedes encontrar mujeres que buscan hombres. Estos sitios incluyen OkCupid, Match.com, PlentyOfFish y Tinder.<\/p>\n<p>OkCupid es gratis, pero debe pagar para enviar mensajes. Match.com cobra tarifas mensuales, pero puede usarlo de forma <a href=\"https:\/\/www.desirestonight.com\/es\/mujeres-mayores-que-buscan-hombres\/\">mujeres mayores que buscan sexo<\/a> gratuita hasta que encuentre una coincidencia. PlentyofFish es gratis, pero solo puedes buscar coincidencias locales. Tinder es gratis, pero tienes que pagar para enviar mensajes y ver perfiles.<\/p>\n<p><img loading=\"lazy\" class=\"aligncenter size-large wp-image-106\" src=\"http:\/\/dontacceptrape.com\/wp-content\/uploads\/2022\/07\/online-dating-1024x683.jpeg\" alt=\"\" width=\"640\" height=\"427\" srcset=\"http:\/\/dontacceptrape.com\/wp-content\/uploads\/2022\/07\/online-dating-1024x683.jpeg 1024w, http:\/\/dontacceptrape.com\/wp-content\/uploads\/2022\/07\/online-dating-300x200.jpeg 300w, http:\/\/dontacceptrape.com\/wp-content\/uploads\/2022\/07\/online-dating-768x512.jpeg 768w, http:\/\/dontacceptrape.com\/wp-content\/uploads\/2022\/07\/online-dating.jpeg 1125w\" sizes=\"(max-width: 640px) 100vw, 640px\" \/><\/p>\n<h2>Las 3 mejores aplicaciones para probar en lugar de personales<\/h2>\n<p>Si est\u00e1 buscando una relaci\u00f3n seria, estos sitios web no son para usted. Pero si solo est\u00e1s buscando algunas citas casuales, son exactamente lo que necesitas &#8230;<\/p>\n<h3>Yesca<\/h3>\n<p>Tinder no es una <a href=\"https:\/\/dontacceptrape.com\/es\/no-encuentras-sexo-con-condiciones-esta-noche\/\">buena alternativa para los Personales<\/a>. Hay muchas razones por las cuales. Una de ellas es el hecho de que ofrecen muy pocas actividades. Las citas se tratan principalmente de encontrar a alguien con quien salir, lo que significa que deber\u00e1 buscar en los perfiles y mensajes a alguien que est\u00e9 interesado en usted. Si est\u00e1 buscando una actividad, debe probar Adult Friend Finder o tal vez incluso Ashley Madison. Estos dos sitios web est\u00e1n dise\u00f1ados espec\u00edficamente para adultos que buscan encuentros sexuales. Tambi\u00e9n notar\u00e1 que ver\u00e1 muchos <a href=\"http:\/\/www.free-sex-games-no-credit-card.com\/es\/\">juegos de sexo gratis<\/a> m\u00e1s anuncios en el sitio web de Ashley Madison que en Craigslist Personals. Si est\u00e1 buscando conocer a alguien para un encuentro casual, entonces definitivamente debe consultar estos dos sitios web.<\/p>\n<h3>Kasual<\/h3>\n<p>Kasual es una aplicaci\u00f3n m\u00f3vil que permite a los usuarios buscar personas de ideas afines en su \u00e1rea.<\/p>\n<p>Esta no es la mejor aplicaci\u00f3n para aquellos que buscan una relaci\u00f3n seria. En cambio <a href=\"http:\/\/www.nosignupporngames.net\/es\/\">juegos pornos gratis<\/a>, la aplicaci\u00f3n atiende a la multitud de conexiones, citas casuales que solo necesitan algo real en un momento dado. Si est\u00e1s en la etapa de tu vida en la que no tienes tiempo para comprometerte, Kasual es una soluci\u00f3n perfecta para tus necesidades de citas. Tendr\u00e1s acceso a un gran grupo de usuarios, lo que facilita conocer gente nueva. Y si no est\u00e1s listo para una relaci\u00f3n seria, a\u00fan puedes disfrutar de los beneficios de conocer a alguien nuevo.<\/p>\n<h3>Buscador de amigos adultos<\/h3>\n<p>AFF es un gran lugar para conocer a mujeres que buscan sexo casual. Puede buscar tipos espec\u00edficos de socios como pumas, MILF, BBW, etc. Tambi\u00e9n hay grupos a los que puede unirse para conectarse con otros miembros. Si no est\u00e1 interesado en conocer a alguien de inmediato, puede navegar por los perfiles y enviar mensajes a posibles fechas. Una vez que haya encontrado una coincidencia, puede chatear con ellos a trav\u00e9s de videollamadas. \u00a1Incluso puedes pedir a tu cita en una primera cita si lo deseas!<\/p>\n","protected":false},"excerpt":{"rendered":"<p>Las conexiones son una excelente manera de conocer mujeres en l\u00ednea, pero no son para todos. Por lo tanto, si est\u00e1 buscando una relaci\u00f3n a largo plazo, es mejor que conozca a mujeres fuera de l\u00ednea. Pero si solo quieres&#8230;<\/p>\n","protected":false},"author":1,"featured_media":0,"parent":0,"menu_order":0,"comment_status":"closed","ping_status":"closed","template":"","meta":[],"yoast_head":"<!-- This site is optimized with the Yoast SEO plugin v19.2 - https:\/\/yoast.com\/wordpress\/plugins\/seo\/ -->\n<title>Personales sexuales gratis - No aceptar<\/title>\n<meta name=\"robots\" content=\"index, follow, max-snippet:-1, max-image-preview:large, max-video-preview:-1\" \/>\n<link rel=\"canonical\" href=\"http:\/\/dontacceptrape.com\/es\/personales-sexuales-gratis\/\" \/>\n<meta property=\"og:locale\" content=\"es_ES\" \/>\n<meta property=\"og:type\" content=\"article\" \/>\n<meta property=\"og:title\" content=\"Personales sexuales gratis - No aceptar\" \/>\n<meta property=\"og:description\" content=\"Las conexiones son una excelente manera de conocer mujeres en l\u00ednea, pero no son para todos. Por lo tanto, si est\u00e1 buscando una relaci\u00f3n a largo plazo, es mejor que conozca a mujeres fuera de l\u00ednea. Pero si solo quieres...\" \/>\n<meta property=\"og:url\" content=\"http:\/\/dontacceptrape.com\/es\/personales-sexuales-gratis\/\" \/>\n<meta property=\"og:site_name\" content=\"No aceptar\" \/>\n<meta property=\"article:modified_time\" content=\"2022-09-08T16:22:35+00:00\" \/>\n<meta property=\"og:image\" content=\"http:\/\/dontacceptrape.com\/wp-content\/uploads\/2022\/07\/online-dating-1024x683.jpeg\" \/>\n<meta name=\"author\" content=\"Don&#039;t Accept Rape\" \/>\n<meta name=\"twitter:card\" content=\"summary_large_image\" \/>\n<meta name=\"twitter:label1\" content=\"Tiempo de lectura\" \/>\n\t<meta name=\"twitter:data1\" content=\"3 minutos\" \/>\n<script type=\"application\/ld+json\" class=\"yoast-schema-graph\">{\"@context\":\"https:\/\/schema.org\",\"@graph\":[{\"@type\":\"WebSite\",\"@id\":\"https:\/\/dontacceptrape.com\/nl\/#website\",\"url\":\"https:\/\/dontacceptrape.com\/nl\/\",\"name\":\"No aceptar\",\"description\":\"Chat de conexi\u00f3n real\",\"potentialAction\":[{\"@type\":\"SearchAction\",\"target\":{\"@type\":\"EntryPoint\",\"urlTemplate\":\"https:\/\/dontacceptrape.com\/nl\/?s={search_term_string}\"},\"query-input\":\"required name=search_term_string\"}],\"inLanguage\":\"es\"},{\"@type\":\"ImageObject\",\"inLanguage\":\"es\",\"@id\":\"http:\/\/dontacceptrape.com\/es\/personales-sexuales-gratis\/#primaryimage\",\"url\":\"http:\/\/dontacceptrape.com\/wp-content\/uploads\/2022\/07\/online-dating.jpeg\",\"contentUrl\":\"http:\/\/dontacceptrape.com\/wp-content\/uploads\/2022\/07\/online-dating.jpeg\",\"width\":1125,\"height\":750},{\"@type\":\"WebPage\",\"@id\":\"http:\/\/dontacceptrape.com\/es\/personales-sexuales-gratis\/#webpage\",\"url\":\"http:\/\/dontacceptrape.com\/es\/personales-sexuales-gratis\/\",\"name\":\"Personales sexuales gratis - No aceptar\",\"isPartOf\":{\"@id\":\"https:\/\/dontacceptrape.com\/nl\/#website\"},\"primaryImageOfPage\":{\"@id\":\"http:\/\/dontacceptrape.com\/es\/personales-sexuales-gratis\/#primaryimage\"},\"datePublished\":\"2022-07-04T10:38:48+00:00\",\"dateModified\":\"2022-09-08T16:22:35+00:00\",\"breadcrumb\":{\"@id\":\"http:\/\/dontacceptrape.com\/es\/personales-sexuales-gratis\/#breadcrumb\"},\"inLanguage\":\"es\",\"potentialAction\":[{\"@type\":\"ReadAction\",\"target\":[\"http:\/\/dontacceptrape.com\/es\/personales-sexuales-gratis\/\"]}]},{\"@type\":\"BreadcrumbList\",\"@id\":\"http:\/\/dontacceptrape.com\/es\/personales-sexuales-gratis\/#breadcrumb\",\"itemListElement\":[{\"@type\":\"ListItem\",\"position\":1,\"name\":\"Hogar\",\"item\":\"https:\/\/dontacceptrape.com\/es\/\"},{\"@type\":\"ListItem\",\"position\":2,\"name\":\"Personales sexuales gratis\"}]}]}<\/script>\n<!-- \/ Yoast SEO plugin. -->","yoast_head_json":{"title":"Personales sexuales gratis - No aceptar","robots":{"index":"index","follow":"follow","max-snippet":"max-snippet:-1","max-image-preview":"max-image-preview:large","max-video-preview":"max-video-preview:-1"},"canonical":"http:\/\/dontacceptrape.com\/es\/personales-sexuales-gratis\/","og_locale":"es_ES","og_type":"article","og_title":"Personales sexuales gratis - No aceptar","og_description":"Las conexiones son una excelente manera de conocer mujeres en l\u00ednea, pero no son para todos. Por lo tanto, si est\u00e1 buscando una relaci\u00f3n a largo plazo, es mejor que conozca a mujeres fuera de l\u00ednea. Pero si solo quieres...","og_url":"http:\/\/dontacceptrape.com\/es\/personales-sexuales-gratis\/","og_site_name":"No aceptar","article_modified_time":"2022-09-08T16:22:35+00:00","og_image":[{"url":"http:\/\/dontacceptrape.com\/wp-content\/uploads\/2022\/07\/online-dating-1024x683.jpeg"}],"author":"Don't Accept Rape","twitter_card":"summary_large_image","twitter_misc":{"Tiempo de lectura":"3 minutos"},"schema":{"@context":"https:\/\/schema.org","@graph":[{"@type":"WebSite","@id":"https:\/\/dontacceptrape.com\/nl\/#website","url":"https:\/\/dontacceptrape.com\/nl\/","name":"No aceptar","description":"Chat de conexi\u00f3n real","potentialAction":[{"@type":"SearchAction","target":{"@type":"EntryPoint","urlTemplate":"https:\/\/dontacceptrape.com\/nl\/?s={search_term_string}"},"query-input":"required name=search_term_string"}],"inLanguage":"es"},{"@type":"ImageObject","inLanguage":"es","@id":"http:\/\/dontacceptrape.com\/es\/personales-sexuales-gratis\/#primaryimage","url":"http:\/\/dontacceptrape.com\/wp-content\/uploads\/2022\/07\/online-dating.jpeg","contentUrl":"http:\/\/dontacceptrape.com\/wp-content\/uploads\/2022\/07\/online-dating.jpeg","width":1125,"height":750},{"@type":"WebPage","@id":"http:\/\/dontacceptrape.com\/es\/personales-sexuales-gratis\/#webpage","url":"http:\/\/dontacceptrape.com\/es\/personales-sexuales-gratis\/","name":"Personales sexuales gratis - No aceptar","isPartOf":{"@id":"https:\/\/dontacceptrape.com\/nl\/#website"},"primaryImageOfPage":{"@id":"http:\/\/dontacceptrape.com\/es\/personales-sexuales-gratis\/#primaryimage"},"datePublished":"2022-07-04T10:38:48+00:00","dateModified":"2022-09-08T16:22:35+00:00","breadcrumb":{"@id":"http:\/\/dontacceptrape.com\/es\/personales-sexuales-gratis\/#breadcrumb"},"inLanguage":"es","potentialAction":[{"@type":"ReadAction","target":["http:\/\/dontacceptrape.com\/es\/personales-sexuales-gratis\/"]}]},{"@type":"BreadcrumbList","@id":"http:\/\/dontacceptrape.com\/es\/personales-sexuales-gratis\/#breadcrumb","itemListElement":[{"@type":"ListItem","position":1,"name":"Hogar","item":"https:\/\/dontacceptrape.com\/es\/"},{"@type":"ListItem","position":2,"name":"Personales sexuales gratis"}]}]}},"_links":{"self":[{"href":"http:\/\/dontacceptrape.com\/es\/wp-json\/wp\/v2\/pages\/183"}],"collection":[{"href":"http:\/\/dontacceptrape.com\/es\/wp-json\/wp\/v2\/pages"}],"about":[{"href":"http:\/\/dontacceptrape.com\/es\/wp-json\/wp\/v2\/types\/page"}],"author":[{"embeddable":true,"href":"http:\/\/dontacceptrape.com\/es\/wp-json\/wp\/v2\/users\/1"}],"replies":[{"embeddable":true,"href":"http:\/\/dontacceptrape.com\/es\/wp-json\/wp\/v2\/comments?post=183"}],"version-history":[{"count":1,"href":"http:\/\/dontacceptrape.com\/es\/wp-json\/wp\/v2\/pages\/183\/revisions"}],"predecessor-version":[{"id":284,"href":"http:\/\/dontacceptrape.com\/es\/wp-json\/wp\/v2\/pages\/183\/revisions\/284"}],"wp:attachment":[{"href":"http:\/\/dontacceptrape.com\/es\/wp-json\/wp\/v2\/media?parent=183"}],"curies":[{"name":"wp","href":"https:\/\/api.w.org\/{rel}","templated":true}]}}