{"id":171,"date":"2022-07-04T11:47:29","date_gmt":"2022-07-04T10:47:29","guid":{"rendered":"http:\/\/dontacceptrape.com\/que-buscar-con-las-aplicaciones-de-conexion\/"},"modified":"2022-07-04T11:47:29","modified_gmt":"2022-07-04T10:47:29","slug":"que-buscar-con-las-aplicaciones-de-conexion","status":"publish","type":"page","link":"http:\/\/dontacceptrape.com\/es\/que-buscar-con-las-aplicaciones-de-conexion\/","title":{"rendered":"Qu\u00e9 buscar con las aplicaciones de conexi\u00f3n"},"content":{"rendered":"<p>Cuando te unes a este tipo de sitios, encontrar\u00e1s a otros que son como t\u00fa, personas que buscan citas casuales.<\/p>\n<p>Una vez que haya encontrado un grupo de personas que compartan su inter\u00e9s en <a href=\"http:\/\/dontacceptrape.com\/es\/no-encuentras-sexo-con-condiciones-esta-noche\/\">las citas casuales<\/a>, puede usarlas como referencias cuando salga en citas. Pueden decirte lo que funciona y lo que no funciona en las citas casuales, y pueden ayudarte a evitar errores comunes. Una de las cosas m\u00e1s importantes que debe recordar al ir a citas casuales es mantener las cosas alegres. No te tomes demasiado en serio. S\u00e9 t\u00fa mismo y deja que tu personalidad brille.<\/p>\n<p>Recuerda, las citas casuales no son serias. Est\u00e1 destinado a ser divertido, no estresante. \u00a1As\u00ed que rel\u00e1jate y divi\u00e9rtete! Si est\u00e1 buscando aplicaciones de citas gratuitas, hay muchas opciones disponibles. Sin embargo, no todos ellos son creados iguales. Algunos son solo trucos, mientras que otros son herramientas leg\u00edtimas para encontrar fechas.<\/p>\n<p><img loading=\"lazy\" class=\"size-large wp-image-56 aligncenter\" src=\"http:\/\/dontacceptrape.com\/wp-content\/uploads\/2022\/07\/casual-hookup-1024x683.jpeg\" alt=\"\" width=\"640\" height=\"427\" srcset=\"http:\/\/dontacceptrape.com\/wp-content\/uploads\/2022\/07\/casual-hookup-1024x683.jpeg 1024w, http:\/\/dontacceptrape.com\/wp-content\/uploads\/2022\/07\/casual-hookup-300x200.jpeg 300w, http:\/\/dontacceptrape.com\/wp-content\/uploads\/2022\/07\/casual-hookup-768x512.jpeg 768w, http:\/\/dontacceptrape.com\/wp-content\/uploads\/2022\/07\/casual-hookup.jpeg 1125w\" sizes=\"(max-width: 640px) 100vw, 640px\" \/><\/p>\n<h2>\u00bfQu\u00e9 hay que tener en cuenta?<\/h2>\n<p>Para ayudarlo a decidir cu\u00e1les valen la pena su tiempo, aqu\u00ed hay algunos consejos para evaluar las aplicaciones de citas gratuitas:<\/p>\n<h3>Mira la calificaci\u00f3n de la aplicaci\u00f3n.<\/h3>\n<p>Las aplicaciones de citas gratuitas generalmente vienen con un sistema de calificaci\u00f3n de estrellas, donde los usuarios califican la aplicaci\u00f3n en funci\u00f3n de sus caracter\u00edsticas y funcionalidad. Cuanto mayor sea la calificaci\u00f3n, mejor ser\u00e1 la aplicaci\u00f3n.<\/p>\n<h3>Echa un vistazo a las rese\u00f1as<\/h3>\n<p>Las rese\u00f1as a menudo se publican en l\u00ednea, ya sea por el desarrollador o por usuarios que ya han utilizado la aplicaci\u00f3n. Las revisiones le dan una idea de si la aplicaci\u00f3n funciona bien y proporciona valor a sus usuarios.<\/p>\n<h3>Leer los comentarios de los usuarios<\/h3>\n<p>Los comentarios de los usuarios son otra forma de aprender sobre la aplicaci\u00f3n. Pueden contener informaci\u00f3n \u00fatil, como consejos para usar la aplicaci\u00f3n, sugerencias de mejoras o quejas sobre errores.<\/p>\n<h3>Considere el costo<\/h3>\n<p>Algunas aplicaciones de citas gratuitas son completamente gratuitas, mientras que otras requieren pago. Las aplicaciones de citas gratuitas tienden a ser m\u00e1s simples que las aplicaciones de pago, por lo que son perfectas para aquellos que a\u00fan no est\u00e1n listos para comprometerse. Las aplicaciones de pago suelen ofrecer m\u00e1s caracter\u00edsticas y funciones, lo que las hace ideales para las personas que desean encontrar el amor r\u00e1pidamente.<\/p>\n<h2>\u00bfEncuentras tu aventura?<\/h2>\n<p>La mayor\u00eda de los sitios de conexi\u00f3n ofrecen membres\u00edas que incluyen acceso a funciones especiales, como c\u00e1maras web en vivo, mensajes privados y salas de chat de video.<\/p>\n<p>Si est\u00e1 buscando una aventura r\u00e1pida, los sitios de conexi\u00f3n pueden ser perfectos para usted. Pero si est\u00e1 buscando una relaci\u00f3n duradera, los sitios de conexi\u00f3n no son el lugar para encontrarla.<\/p>\n<p>En su lugar, pruebe los sitios de citas o las aplicaciones dise\u00f1adas espec\u00edficamente para encontrar relaciones a largo plazo.<\/p>\n<p>Conectarse en l\u00ednea es una excelente manera de encontrar parejas sexuales casuales. Pero hay muchos tipos diferentes de sitios web por ah\u00ed, cada uno atendiendo a un tipo espec\u00edfico de persona. Tambi\u00e9n hay sitios que atienden a personas que buscan amigos con beneficios, o simplemente amigos con beneficios. Estos sitios generalmente est\u00e1n orientados a adultos mayores, pero las personas m\u00e1s j\u00f3venes tambi\u00e9n recurren cada vez m\u00e1s a ellos.<\/p>\n","protected":false},"excerpt":{"rendered":"<p>Cuando te unes a este tipo de sitios, encontrar\u00e1s a otros que son como t\u00fa, personas que buscan citas casuales. Una vez que haya encontrado un grupo de personas que compartan su inter\u00e9s en las citas casuales, puede usarlas como&#8230;<\/p>\n","protected":false},"author":1,"featured_media":0,"parent":0,"menu_order":0,"comment_status":"closed","ping_status":"closed","template":"","meta":[],"yoast_head":"<!-- This site is optimized with the Yoast SEO plugin v19.2 - https:\/\/yoast.com\/wordpress\/plugins\/seo\/ -->\n<title>Qu\u00e9 buscar con las aplicaciones de conexi\u00f3n - No aceptar<\/title>\n<meta name=\"robots\" content=\"index, follow, max-snippet:-1, max-image-preview:large, max-video-preview:-1\" \/>\n<link rel=\"canonical\" href=\"http:\/\/dontacceptrape.com\/es\/que-buscar-con-las-aplicaciones-de-conexion\/\" \/>\n<meta property=\"og:locale\" content=\"es_ES\" \/>\n<meta property=\"og:type\" content=\"article\" \/>\n<meta property=\"og:title\" content=\"Qu\u00e9 buscar con las aplicaciones de conexi\u00f3n - No aceptar\" \/>\n<meta property=\"og:description\" content=\"Cuando te unes a este tipo de sitios, encontrar\u00e1s a otros que son como t\u00fa, personas que buscan citas casuales. Una vez que haya encontrado un grupo de personas que compartan su inter\u00e9s en las citas casuales, puede usarlas como...\" \/>\n<meta property=\"og:url\" content=\"http:\/\/dontacceptrape.com\/es\/que-buscar-con-las-aplicaciones-de-conexion\/\" \/>\n<meta property=\"og:site_name\" content=\"No aceptar\" \/>\n<meta property=\"og:image\" content=\"http:\/\/dontacceptrape.com\/wp-content\/uploads\/2022\/07\/casual-hookup-1024x683.jpeg\" \/>\n<meta name=\"author\" content=\"Don&#039;t Accept Rape\" \/>\n<meta name=\"twitter:card\" content=\"summary_large_image\" \/>\n<meta name=\"twitter:label1\" content=\"Tiempo de lectura\" \/>\n\t<meta name=\"twitter:data1\" content=\"3 minutos\" \/>\n<script type=\"application\/ld+json\" class=\"yoast-schema-graph\">{\"@context\":\"https:\/\/schema.org\",\"@graph\":[{\"@type\":\"WebSite\",\"@id\":\"http:\/\/dontacceptrape.com\/es\/#website\",\"url\":\"http:\/\/dontacceptrape.com\/es\/\",\"name\":\"No aceptar\",\"description\":\"Chat de conexi\u00f3n real\",\"potentialAction\":[{\"@type\":\"SearchAction\",\"target\":{\"@type\":\"EntryPoint\",\"urlTemplate\":\"http:\/\/dontacceptrape.com\/es\/?s={search_term_string}\"},\"query-input\":\"required name=search_term_string\"}],\"inLanguage\":\"es\"},{\"@type\":\"ImageObject\",\"inLanguage\":\"es\",\"@id\":\"http:\/\/dontacceptrape.com\/es\/que-buscar-con-las-aplicaciones-de-conexion\/#primaryimage\",\"url\":\"http:\/\/dontacceptrape.com\/wp-content\/uploads\/2022\/07\/casual-hookup.jpeg\",\"contentUrl\":\"http:\/\/dontacceptrape.com\/wp-content\/uploads\/2022\/07\/casual-hookup.jpeg\",\"width\":1125,\"height\":750},{\"@type\":\"WebPage\",\"@id\":\"http:\/\/dontacceptrape.com\/es\/que-buscar-con-las-aplicaciones-de-conexion\/#webpage\",\"url\":\"http:\/\/dontacceptrape.com\/es\/que-buscar-con-las-aplicaciones-de-conexion\/\",\"name\":\"Qu\u00e9 buscar con las aplicaciones de conexi\u00f3n - No aceptar\",\"isPartOf\":{\"@id\":\"http:\/\/dontacceptrape.com\/es\/#website\"},\"primaryImageOfPage\":{\"@id\":\"http:\/\/dontacceptrape.com\/es\/que-buscar-con-las-aplicaciones-de-conexion\/#primaryimage\"},\"datePublished\":\"2022-07-04T10:47:29+00:00\",\"dateModified\":\"2022-07-04T10:47:29+00:00\",\"breadcrumb\":{\"@id\":\"http:\/\/dontacceptrape.com\/es\/que-buscar-con-las-aplicaciones-de-conexion\/#breadcrumb\"},\"inLanguage\":\"es\",\"potentialAction\":[{\"@type\":\"ReadAction\",\"target\":[\"http:\/\/dontacceptrape.com\/es\/que-buscar-con-las-aplicaciones-de-conexion\/\"]}]},{\"@type\":\"BreadcrumbList\",\"@id\":\"http:\/\/dontacceptrape.com\/es\/que-buscar-con-las-aplicaciones-de-conexion\/#breadcrumb\",\"itemListElement\":[{\"@type\":\"ListItem\",\"position\":1,\"name\":\"Hogar\",\"item\":\"http:\/\/dontacceptrape.com\/es\/\"},{\"@type\":\"ListItem\",\"position\":2,\"name\":\"Qu\u00e9 buscar con las aplicaciones de conexi\u00f3n\"}]}]}<\/script>\n<!-- \/ Yoast SEO plugin. -->","yoast_head_json":{"title":"Qu\u00e9 buscar con las aplicaciones de conexi\u00f3n - No aceptar","robots":{"index":"index","follow":"follow","max-snippet":"max-snippet:-1","max-image-preview":"max-image-preview:large","max-video-preview":"max-video-preview:-1"},"canonical":"http:\/\/dontacceptrape.com\/es\/que-buscar-con-las-aplicaciones-de-conexion\/","og_locale":"es_ES","og_type":"article","og_title":"Qu\u00e9 buscar con las aplicaciones de conexi\u00f3n - No aceptar","og_description":"Cuando te unes a este tipo de sitios, encontrar\u00e1s a otros que son como t\u00fa, personas que buscan citas casuales. Una vez que haya encontrado un grupo de personas que compartan su inter\u00e9s en las citas casuales, puede usarlas como...","og_url":"http:\/\/dontacceptrape.com\/es\/que-buscar-con-las-aplicaciones-de-conexion\/","og_site_name":"No aceptar","og_image":[{"url":"http:\/\/dontacceptrape.com\/wp-content\/uploads\/2022\/07\/casual-hookup-1024x683.jpeg"}],"author":"Don't Accept Rape","twitter_card":"summary_large_image","twitter_misc":{"Tiempo de lectura":"3 minutos"},"schema":{"@context":"https:\/\/schema.org","@graph":[{"@type":"WebSite","@id":"http:\/\/dontacceptrape.com\/es\/#website","url":"http:\/\/dontacceptrape.com\/es\/","name":"No aceptar","description":"Chat de conexi\u00f3n real","potentialAction":[{"@type":"SearchAction","target":{"@type":"EntryPoint","urlTemplate":"http:\/\/dontacceptrape.com\/es\/?s={search_term_string}"},"query-input":"required name=search_term_string"}],"inLanguage":"es"},{"@type":"ImageObject","inLanguage":"es","@id":"http:\/\/dontacceptrape.com\/es\/que-buscar-con-las-aplicaciones-de-conexion\/#primaryimage","url":"http:\/\/dontacceptrape.com\/wp-content\/uploads\/2022\/07\/casual-hookup.jpeg","contentUrl":"http:\/\/dontacceptrape.com\/wp-content\/uploads\/2022\/07\/casual-hookup.jpeg","width":1125,"height":750},{"@type":"WebPage","@id":"http:\/\/dontacceptrape.com\/es\/que-buscar-con-las-aplicaciones-de-conexion\/#webpage","url":"http:\/\/dontacceptrape.com\/es\/que-buscar-con-las-aplicaciones-de-conexion\/","name":"Qu\u00e9 buscar con las aplicaciones de conexi\u00f3n - No aceptar","isPartOf":{"@id":"http:\/\/dontacceptrape.com\/es\/#website"},"primaryImageOfPage":{"@id":"http:\/\/dontacceptrape.com\/es\/que-buscar-con-las-aplicaciones-de-conexion\/#primaryimage"},"datePublished":"2022-07-04T10:47:29+00:00","dateModified":"2022-07-04T10:47:29+00:00","breadcrumb":{"@id":"http:\/\/dontacceptrape.com\/es\/que-buscar-con-las-aplicaciones-de-conexion\/#breadcrumb"},"inLanguage":"es","potentialAction":[{"@type":"ReadAction","target":["http:\/\/dontacceptrape.com\/es\/que-buscar-con-las-aplicaciones-de-conexion\/"]}]},{"@type":"BreadcrumbList","@id":"http:\/\/dontacceptrape.com\/es\/que-buscar-con-las-aplicaciones-de-conexion\/#breadcrumb","itemListElement":[{"@type":"ListItem","position":1,"name":"Hogar","item":"http:\/\/dontacceptrape.com\/es\/"},{"@type":"ListItem","position":2,"name":"Qu\u00e9 buscar con las aplicaciones de conexi\u00f3n"}]}]}},"_links":{"self":[{"href":"http:\/\/dontacceptrape.com\/es\/wp-json\/wp\/v2\/pages\/171"}],"collection":[{"href":"http:\/\/dontacceptrape.com\/es\/wp-json\/wp\/v2\/pages"}],"about":[{"href":"http:\/\/dontacceptrape.com\/es\/wp-json\/wp\/v2\/types\/page"}],"author":[{"embeddable":true,"href":"http:\/\/dontacceptrape.com\/es\/wp-json\/wp\/v2\/users\/1"}],"replies":[{"embeddable":true,"href":"http:\/\/dontacceptrape.com\/es\/wp-json\/wp\/v2\/comments?post=171"}],"version-history":[{"count":0,"href":"http:\/\/dontacceptrape.com\/es\/wp-json\/wp\/v2\/pages\/171\/revisions"}],"wp:attachment":[{"href":"http:\/\/dontacceptrape.com\/es\/wp-json\/wp\/v2\/media?parent=171"}],"curies":[{"name":"wp","href":"https:\/\/api.w.org\/{rel}","templated":true}]}}